{"id":1197,"date":"2025-05-30T02:04:08","date_gmt":"2025-05-30T02:04:08","guid":{"rendered":"https:\/\/bstextract.com\/?post_type=product&#038;p=1197"},"modified":"2025-05-30T02:14:50","modified_gmt":"2025-05-30T02:14:50","slug":"vitamina-b3","status":"publish","type":"product","link":"https:\/\/bstextract.com\/it\/prodotto\/vitamina-b3\/","title":{"rendered":"Vitamina B3 Nicotinamide (Niacinamide in polvere)"},"content":{"rendered":"<p><!-- Keyword Section (Outside Article) --><\/p>\n<h2>Che cos'\u00e8 la nicotinamide (vitamina B3)?<\/h2>\n<p><strong>Vitamina B3 Nicotinamide<\/strong>, noto anche come <strong>Niacinamide in polvere<\/strong>\u00e8 la forma ammidica della vitamina B3 (niacina) ed \u00e8 largamente riconosciuta per le sue propriet\u00e0 di <strong>benefici dermatologici e nutrizionali<\/strong>. Con il numero CAS. <strong>98-92-0<\/strong> e formula molecolare <strong>C<sub>6<\/sub>H<sub>6<\/sub>N<sub>2<\/sub>O<\/strong>, si presenta come un fine <strong>polvere bianca<\/strong> ed \u00e8 standardizzato a <strong>99% purezza<\/strong>.<\/p>\n<p>Come ingrediente chiave di entrambi i <strong>formulazioni cosmetiche e farmaceutiche<\/strong>La nicotinammide \u00e8 solubile in acqua, stabile al calore e ideale per applicazioni incentrate su <strong>tono della pelle, ritenzione dell'idratazione, antinvecchiamento e riparazione della barriera<\/strong>. Viene anche ampiamente utilizzato negli integratori alimentari per <strong>supporto metabolico e produzione di energia cellulare<\/strong>.<\/p>\n<h2>Applicazioni della vitamina B3 nicotinamide<\/h2>\n<p>In qualit\u00e0 di fiduciario <strong>Produttore di vitamina B3 e fabbrica di niacinamide alla rinfusa<\/strong>forniamo nicotinamide di elevata purezza da utilizzare in <strong>sieri sbiancanti, prodotti anti-acne, creme idratanti, trattamenti solari e formulazioni anti-invecchiamento.<\/strong>. \u00c8 particolarmente apprezzata per la sua capacit\u00e0 di <strong>riducono l'iperpigmentazione, affinano la grana della pelle e ne migliorano l'elasticit\u00e0<\/strong>.<\/p>\n<p>Nel settore della nutraceutica, si trova comunemente in <strong>capsule, compresse, polveri e miscele energetiche<\/strong> per sostenere <strong>salute del metabolismo, funzione del sistema nervoso e nutrimento della pelle.<\/strong> dall'interno. Il suo profilo non dilavante lo rende un'alternativa favorevole alla niacina nelle applicazioni dietetiche.<\/p>\n<h2>Domande frequenti<\/h2>\n<p><strong>Qual \u00e8 la purezza della vostra Vitamina B3 Nicotinamide?<\/strong><br \/>\nLa nostra niacinamide in polvere \u00e8 standardizzata per <strong>99% purezza<\/strong> e adatto all'uso cosmetico e alimentare.<\/p>\n<p><strong>Che aspetto ha il prodotto?<\/strong><br \/>\nSi tratta di un <strong>polvere bianca e inodore<\/strong> con eccellente solubilit\u00e0 in acqua ed elevata compatibilit\u00e0 formulativa.<\/p>\n<p><strong>Quali sono i principali impieghi della nicotinamide?<\/strong><br \/>\nUtilizzato in <strong>prodotti per la cura della pelle, formule anti-invecchiamento, trattamenti per l'acne, integratori orali e supporto al metabolismo energetico.<\/strong>.<\/p>\n<p><strong>Potete fornire forniture all'ingrosso o servizio OEM?<\/strong><br \/>\nS\u00ec, come professionista <strong>Fabbrica di vitamina B3<\/strong>, offriamo <strong>imballaggi sfusi, servizi OEM\/ODM e soluzioni personalizzate a marchio privato.<\/strong>.<\/p>\n<p><strong>Qual \u00e8 la durata di conservazione e come deve essere conservato?<\/strong><br \/>\nLa durata di conservazione \u00e8 <strong>24 mesi<\/strong> quando \u00e8 memorizzato in <strong>contenitori freschi, asciutti e sigillati<\/strong> lontano dalla luce solare diretta e dall'umidit\u00e0.<\/p>\n<p><strong>\u00c8 disponibile un campione?<\/strong><br \/>\nS\u00ec, forniamo <strong>campioni gratuiti<\/strong> per i test sui prodotti e per la ricerca e lo sviluppo.<\/p>","protected":false},"excerpt":{"rendered":"<table>\n<tbody>\n<tr>\n<td colspan=\"1\" rowspan=\"1\">\n<div>\n<div><b>Altro nome<\/b><\/div>\n<\/div>\n<\/td>\n<td colspan=\"1\" rowspan=\"1\">\n<div>\n<div>Niacinamide in polvere<\/div>\n<\/div>\n<\/td>\n<\/tr>\n<tr>\n<td colspan=\"1\" rowspan=\"1\">\n<div>\n<div><b>CAS NO<\/b><\/div>\n<\/div>\n<\/td>\n<td colspan=\"1\" rowspan=\"1\">\n<div>\n<div>98-92-0<\/div>\n<\/div>\n<\/td>\n<\/tr>\n<tr>\n<td colspan=\"1\" rowspan=\"1\">\n<div>\n<div><b>Formula molecolare<\/b><\/div>\n<\/div>\n<\/td>\n<td colspan=\"1\" rowspan=\"1\">\n<div>\n<div>C6H6N2O<\/div>\n<\/div>\n<\/td>\n<\/tr>\n<tr>\n<td colspan=\"1\" rowspan=\"1\">\n<div>\n<div><b>Aspetto<\/b><\/div>\n<\/div>\n<\/td>\n<td colspan=\"1\" rowspan=\"1\">\n<div>\n<div>Polvere bianca<\/div>\n<\/div>\n<\/td>\n<\/tr>\n<tr>\n<td colspan=\"1\" rowspan=\"1\">\n<div>\n<div><b>Specifiche del prodotto<\/b><\/div>\n<\/div>\n<\/td>\n<td colspan=\"1\" rowspan=\"1\">\n<div>\n<div>99%<\/div>\n<\/div>\n<\/td>\n<\/tr>\n<\/tbody>\n<\/table>","protected":false},"featured_media":1198,"comment_status":"open","ping_status":"closed","template":"","meta":{"_acf_changed":false},"product_brand":[],"product_cat":[22],"product_tag":[],"class_list":{"0":"post-1197","1":"product","2":"type-product","3":"status-publish","4":"has-post-thumbnail","6":"product_cat-cosmetic-personal-care-ingredients","8":"first","9":"instock","10":"shipping-taxable","11":"product-type-simple"},"acf":[],"_links":{"self":[{"href":"https:\/\/bstextract.com\/it\/wp-json\/wp\/v2\/product\/1197","targetHints":{"allow":["GET"]}}],"collection":[{"href":"https:\/\/bstextract.com\/it\/wp-json\/wp\/v2\/product"}],"about":[{"href":"https:\/\/bstextract.com\/it\/wp-json\/wp\/v2\/types\/product"}],"replies":[{"embeddable":true,"href":"https:\/\/bstextract.com\/it\/wp-json\/wp\/v2\/comments?post=1197"}],"wp:featuredmedia":[{"embeddable":true,"href":"https:\/\/bstextract.com\/it\/wp-json\/wp\/v2\/media\/1198"}],"wp:attachment":[{"href":"https:\/\/bstextract.com\/it\/wp-json\/wp\/v2\/media?parent=1197"}],"wp:term":[{"taxonomy":"product_brand","embeddable":true,"href":"https:\/\/bstextract.com\/it\/wp-json\/wp\/v2\/product_brand?post=1197"},{"taxonomy":"product_cat","embeddable":true,"href":"https:\/\/bstextract.com\/it\/wp-json\/wp\/v2\/product_cat?post=1197"},{"taxonomy":"product_tag","embeddable":true,"href":"https:\/\/bstextract.com\/it\/wp-json\/wp\/v2\/product_tag?post=1197"}],"curies":[{"name":"wp","href":"https:\/\/api.w.org\/{rel}","templated":true}]}}