{"id":1216,"date":"2025-06-03T02:31:32","date_gmt":"2025-06-03T02:31:32","guid":{"rendered":"https:\/\/bstextract.com\/?post_type=product&#038;p=1216"},"modified":"2025-06-03T03:02:04","modified_gmt":"2025-06-03T03:02:04","slug":"acido-cogico-dipalmitato-in-polvere","status":"publish","type":"product","link":"https:\/\/bstextract.com\/it\/prodotto\/acido-cogico-dipalmitato-in-polvere\/","title":{"rendered":"Acido kojico dipalmitato in polvere"},"content":{"rendered":"<p><!-- Keyword Section (Outside Article) --><\/p>\n<h2>Che cos'\u00e8 l'acido kojico dipalmitato?<\/h2>\n<p><strong>Acido kojico dipalmitato<\/strong> \u00e8 un derivato stabile e solubile in olio dell'acido cogico, progettato per migliorare l'efficacia e la stabilit\u00e0 della formulazione nelle applicazioni cosmetiche. Identificato dal numero CAS. <strong>79725-98-7<\/strong> e formula molecolare <strong>C<sub>38<\/sub>H<sub>66<\/sub>O<sub>6<\/sub><\/strong>Questo composto di elevata purezza si presenta come un fine <strong>polvere bianca<\/strong> ed \u00e8 standardizzato a <strong>99% purezza<\/strong>.<\/p>\n<p>Rispetto allo standard <a href=\"https:\/\/bstextract.com\/it\/prodotto\/acido-cogico-in-polvere\/\">acido cogico<\/a>L'Acido Kojico Dipalmitato offre una migliore <strong>resistenza al calore, alla luce e all'ossidazione<\/strong>pur mantenendo potenti effetti schiarenti sulla pelle. \u00c8 ampiamente utilizzato in formulazioni avanzate per il trattamento della pelle che mirano a <strong>iperpigmentazione, melasma, macchie dell'et\u00e0 e tono della pelle non uniforme<\/strong>.<\/p>\n<h2>Applicazioni dell'acido kojico dipalmitato<\/h2>\n<p>In qualit\u00e0 di leader <strong>Produttore di dipalmitato di acido kojico e fabbrica di ingredienti cosmetici<\/strong>Forniamo questo ingrediente di qualit\u00e0 superiore per l'uso in <strong>creme sbiancanti, sieri schiarenti, lozioni, saponi e formulazioni anti-invecchiamento<\/strong>. La sua solubilit\u00e0 lipidica lo rende particolarmente efficace in <strong>emulsioni e creme a base di olio<\/strong>.<\/p>\n<p>L'acido kojico dipalmitato agisce inibendo <strong>tirosinasi<\/strong> l'attivit\u00e0 dell'enzima chiave responsabile della produzione di melanina, senza causare irritazioni. \u00c8 molto apprezzata nei mercati asiatici e mondiali della cura della pelle per la sua sicurezza, stabilit\u00e0 e risultati visibili. <strong>prodotti per lo schiarimento e la luminosit\u00e0 della pelle<\/strong>.<\/p>\n<h2>Domande frequenti<\/h2>\n<p><strong>Qual \u00e8 la purezza del vostro Acido Kojico Dipalmitato?<\/strong><br \/>\nIl nostro prodotto \u00e8 standardizzato per <strong>99% purezza<\/strong> ed \u00e8 adatto a formulazioni di tipo cosmetico.<\/p>\n<p><strong>Qual \u00e8 l'aspetto del prodotto?<\/strong><br \/>\n\u00c8 una bella <strong>polvere bianca<\/strong>inodore e stabile in condizioni standard di conservazione e formulazione.<\/p>\n<p><strong>Quali sono i suoi usi principali?<\/strong><br \/>\nUtilizzato in <strong>trattamenti sbiancanti per la pelle, correzione del pigmento, cosmetici anti-invecchiamento e formulazioni schiarenti<\/strong>.<\/p>\n<p><strong>Qual \u00e8 il vantaggio rispetto al normale acido cogico?<\/strong><br \/>\n\u00c8 pi\u00f9 stabile, solubile in olio e <strong>meno probabilit\u00e0 di ossidarsi o degradarsi<\/strong> durante la conservazione o il trattamento della formulazione.<\/p>","protected":false},"excerpt":{"rendered":"<table class=\"has-title all magic-13\">\n<tbody>\n<tr>\n<td colspan=\"1\" rowspan=\"1\">\n<div class=\"magic-17\" data-spm-anchor-id=\"a2700.details-description.0.i0.3b4aOlPCOlPCfT\">\n<div class=\"magic-4\" data-spm-anchor-id=\"a2700.details-description.0.i4.3b4aOlPCOlPCfT\"><span style=\"font-family: Verdana;\"><b data-spm-anchor-id=\"a2700.pc-decorate.0.i14.2a723333YPnhvL\">CAS NO<\/b><\/span><\/div>\n<\/div>\n<\/td>\n<td colspan=\"1\" rowspan=\"1\">\n<div class=\"magic-18\">\n<div class=\"magic-4\" data-spm-anchor-id=\"a2700.pc-decorate.0.i18.6a9333331GeDax\"><span style=\"font-family: Verdana;\">79725-98-7<\/span><\/div>\n<\/div>\n<\/td>\n<\/tr>\n<tr>\n<td colspan=\"1\" rowspan=\"1\">\n<div class=\"magic-17\">\n<div class=\"magic-4\" data-spm-anchor-id=\"a2700.pc-decorate.0.i17.6a9333331GeDax\"><span class=\"magic-12\" style=\"font-family: Verdana;\"><b data-spm-anchor-id=\"a2700.pc-decorate.0.i57.31b63333K2rRRx\">Formula molecolare<\/b><\/span><\/div>\n<\/div>\n<\/td>\n<td colspan=\"1\" rowspan=\"1\">\n<div class=\"magic-18\" data-spm-anchor-id=\"a2700.details-description.0.i1.3b4aOlPCOlPCfT\">\n<div class=\"magic-4\" data-spm-anchor-id=\"a2700.pc-decorate.0.i13.63af3333GJR6zY\"><span class=\"magic-12\" style=\"font-family: Verdana;\">C38H66O6<\/span><\/div>\n<\/div>\n<\/td>\n<\/tr>\n<tr>\n<td colspan=\"1\" rowspan=\"1\">\n<div class=\"magic-17\">\n<div class=\"magic-4\" data-spm-anchor-id=\"a2700.pc-decorate.0.i24.314e3333J7ECxY\"><span class=\"magic-12\" style=\"font-family: Verdana;\"><b data-spm-anchor-id=\"a2700.pc-decorate.0.i56.31b63333K2rRRx\">Aspetto<\/b><\/span><\/div>\n<\/div>\n<\/td>\n<td colspan=\"1\" rowspan=\"1\">\n<div class=\"magic-18\">\n<div class=\"magic-4\" data-spm-anchor-id=\"a2700.pc-decorate.0.i16.314e3333J7ECxY\"><span class=\"magic-12\" style=\"font-family: Verdana;\">Polvere bianca<\/span><\/div>\n<\/div>\n<\/td>\n<\/tr>\n<tr>\n<td colspan=\"1\" rowspan=\"1\">\n<div class=\"magic-14\">\n<div class=\"magic-4\" data-spm-anchor-id=\"a2700.pc-decorate.0.i104.48d23333C7xf0C\"><b class=\"magic-15\"><span class=\"magic-12\" style=\"font-family: Verdana;\">Specifiche del prodotto<\/span><\/b><\/div>\n<\/div>\n<\/td>\n<td colspan=\"1\" rowspan=\"1\">\n<div class=\"magic-16\" data-spm-anchor-id=\"a2700.details-description.0.i3.3b4aOlPCOlPCfT\">\n<div class=\"magic-4\" data-spm-anchor-id=\"a2700.pc-decorate.0.i37.48d23333C7xf0C\"><span class=\"magic-15\" data-spm-anchor-id=\"a2700.pc-decorate.0.i39.48d23333C7xf0C\"><span class=\"magic-12\" style=\"font-family: Verdana;\">99%<\/span><\/span><\/div>\n<\/div>\n<\/td>\n<\/tr>\n<\/tbody>\n<\/table>","protected":false},"featured_media":1217,"comment_status":"open","ping_status":"closed","template":"","meta":{"_acf_changed":false},"product_brand":[],"product_cat":[22],"product_tag":[],"class_list":{"0":"post-1216","1":"product","2":"type-product","3":"status-publish","4":"has-post-thumbnail","6":"product_cat-cosmetic-personal-care-ingredients","8":"first","9":"instock","10":"shipping-taxable","11":"product-type-simple"},"acf":[],"_links":{"self":[{"href":"https:\/\/bstextract.com\/it\/wp-json\/wp\/v2\/product\/1216","targetHints":{"allow":["GET"]}}],"collection":[{"href":"https:\/\/bstextract.com\/it\/wp-json\/wp\/v2\/product"}],"about":[{"href":"https:\/\/bstextract.com\/it\/wp-json\/wp\/v2\/types\/product"}],"replies":[{"embeddable":true,"href":"https:\/\/bstextract.com\/it\/wp-json\/wp\/v2\/comments?post=1216"}],"wp:featuredmedia":[{"embeddable":true,"href":"https:\/\/bstextract.com\/it\/wp-json\/wp\/v2\/media\/1217"}],"wp:attachment":[{"href":"https:\/\/bstextract.com\/it\/wp-json\/wp\/v2\/media?parent=1216"}],"wp:term":[{"taxonomy":"product_brand","embeddable":true,"href":"https:\/\/bstextract.com\/it\/wp-json\/wp\/v2\/product_brand?post=1216"},{"taxonomy":"product_cat","embeddable":true,"href":"https:\/\/bstextract.com\/it\/wp-json\/wp\/v2\/product_cat?post=1216"},{"taxonomy":"product_tag","embeddable":true,"href":"https:\/\/bstextract.com\/it\/wp-json\/wp\/v2\/product_tag?post=1216"}],"curies":[{"name":"wp","href":"https:\/\/api.w.org\/{rel}","templated":true}]}}