{"id":1253,"date":"2025-06-04T02:36:13","date_gmt":"2025-06-04T02:36:13","guid":{"rendered":"https:\/\/bstextract.com\/?post_type=product&#038;p=1253"},"modified":"2025-06-26T07:25:34","modified_gmt":"2025-06-26T07:25:34","slug":"produttori-di-polvere-di-glabridina","status":"publish","type":"product","link":"https:\/\/bstextract.com\/it\/prodotto\/produttori-di-polvere-di-glabridina\/","title":{"rendered":"Glabridina"},"content":{"rendered":"<p><strong>Glabridina<\/strong> (CAS 59870-68-7) \u00e8 un composto bioattivo presente nella radice di liquirizia, noto soprattutto per i suoi forti effetti antiossidanti e antinfiammatori, nonch\u00e9 per la sua capacit\u00e0 di schiarire la pelle inibendo la tirosinasi. Mostra anche una leggera attivit\u00e0 estrogeno-simile e ha propriet\u00e0 antimicrobiche, motivo per cui viene spesso utilizzato nei prodotti per la cura della pelle e studiato per il suo potenziale nel trattamento di malattie metaboliche e neurodegenerative.<\/p>\n<p><img fetchpriority=\"high\" decoding=\"async\" class=\"aligncenter size-full wp-image-1266\" src=\"https:\/\/bstextract.com\/wp-content\/uploads\/2025\/06\/Glabridin-source-1.webp\" alt=\"\" width=\"1000\" height=\"368\" title=\"\" srcset=\"https:\/\/bstextract.com\/wp-content\/uploads\/2025\/06\/Glabridin-source-1.webp 1000w, https:\/\/bstextract.com\/wp-content\/uploads\/2025\/06\/Glabridin-source-1-300x110.webp 300w, https:\/\/bstextract.com\/wp-content\/uploads\/2025\/06\/Glabridin-source-1-768x283.webp 768w, https:\/\/bstextract.com\/wp-content\/uploads\/2025\/06\/Glabridin-source-1-18x7.webp 18w, https:\/\/bstextract.com\/wp-content\/uploads\/2025\/06\/Glabridin-source-1-600x221.webp 600w\" sizes=\"(max-width: 1000px) 100vw, 1000px\" \/><\/p>\n<ul>\n<li><strong>Nome del prodotto<\/strong>: Glabridina<\/li>\n<li><strong>Altro nome<\/strong>: DGL (liquirizia deglicirrizzata)<\/li>\n<li><strong>Numero CAS<\/strong>: 59870-68-7<\/li>\n<li><strong>Formula molecolare<\/strong>: C\u2082\u2080H\u2082\u2080O\u2084<\/li>\n<li><strong>Fonte<\/strong>: Estratto di radice di liquirizia<\/li>\n<li><strong>Aspetto<\/strong>: Polvere bianca<\/li>\n<li><strong>Opzioni di purezza<\/strong>: 40%-98%<\/li>\n<\/ul>\n<p>Come <strong>non irritante<\/strong>, <strong>alternativa naturale all'idrochinone<\/strong>La glabridina \u00e8 un ingrediente attivo di alto valore, preferito dai marchi di alta qualit\u00e0 per la cura della pelle e della persona in tutto il mondo.<\/p>\n<h2>Specifiche tecniche<\/h2>\n<div>\n<div tabindex=\"-1\">\n<table>\n<thead>\n<tr>\n<th><strong>Parametro<\/strong><\/th>\n<th><strong>Specifiche<\/strong><\/th>\n<\/tr>\n<\/thead>\n<tbody>\n<tr>\n<td>Nome del prodotto<\/td>\n<td>Glabridina<\/td>\n<\/tr>\n<tr>\n<td>Altro nome<\/td>\n<td>DGL<\/td>\n<\/tr>\n<tr>\n<td>Numero CAS<\/td>\n<td>59870-68-7<\/td>\n<\/tr>\n<tr>\n<td>Formula molecolare<\/td>\n<td>C\u2082\u2080H\u2082\u2080O\u2084<\/td>\n<\/tr>\n<tr>\n<td>Fonte<\/td>\n<td>Estratto di radice di liquirizia<\/td>\n<\/tr>\n<tr>\n<td>Aspetto<\/td>\n<td>Polvere bianca<\/td>\n<\/tr>\n<tr>\n<td>Specifiche del prodotto<\/td>\n<td>40%, 60%, 90%, 98% Glabridina<\/td>\n<\/tr>\n<tr>\n<td>Imballaggio<\/td>\n<td>1kg\/sacco\/cartone o 25kg\/drum\/cartone, personalizzabile<\/td>\n<\/tr>\n<tr>\n<td>Campione<\/td>\n<td>Campioni gratuiti disponibili<\/td>\n<\/tr>\n<tr>\n<td>Durata di conservazione<\/td>\n<td>24 mesi se conservato correttamente<\/td>\n<\/tr>\n<tr>\n<td>Immagazzinamento<\/td>\n<td>Conservare in contenitori stretti e resistenti alla luce; evitare la luce solare, l'umidit\u00e0 e il calore.<\/td>\n<\/tr>\n<tr>\n<td>Certificazioni<\/td>\n<td>KOSHER, HACCP, ISO22000, HALAL, Biologico UE, Biologico USDA<\/td>\n<\/tr>\n<\/tbody>\n<\/table>\n<div>\n<div><\/div>\n<\/div>\n<\/div>\n<\/div>\n<h2>Caratteristiche principali<\/h2>\n<ul>\n<li>Alta purezza <strong>agente sbiancante naturale della pelle<\/strong><\/li>\n<li>Potente <strong>antinfiammatorio<\/strong> e <strong>antiossidante<\/strong> effetti<\/li>\n<li>Non tossico e <strong>non irritante<\/strong> per pelli sensibili<\/li>\n<li>Altamente stabile nelle formulazioni di creme, lozioni e sieri<\/li>\n<li>Efficace a basse concentrazioni (0,1%-0,5%)<\/li>\n<li>Certificato biologico e adatto per <strong>etichetta pulita<\/strong> prodotti<\/li>\n<\/ul>\n<h2>Qualit\u00e0 e conformit\u00e0<\/h2>\n<p>Prodotto sotto <strong>rigorosi protocolli di controllo della qualit\u00e0<\/strong>:<\/p>\n<ul>\n<li><strong>Impianto di produzione certificato GMP<\/strong><\/li>\n<li>Test HPLC di alta precisione per il contenuto di Glabridina<\/li>\n<li>Sono disponibili COA, schede di sicurezza e rapporti di laboratorio di terzi.<\/li>\n<li>Test rigorosi per:\n<ul>\n<li>Purezza e livelli di principio attivo<\/li>\n<li>Metalli pesanti, solventi e contaminanti microbici<\/li>\n<\/ul>\n<\/li>\n<li>Certificato: <strong>KOSHER<\/strong>, <strong>HALAL<\/strong>, <strong>HACCP<\/strong>, <strong>ISO22000<\/strong>, <strong>Biologico UE e USDA<\/strong><\/li>\n<\/ul>\n<h2>Applicazioni<\/h2>\n<h3>Industrie primarie<\/h3>\n<ul>\n<li><strong>Cosmetici e trattamenti per la pelle (sbiancamento, anti-invecchiamento)<\/strong><\/li>\n<li><strong>Prodotti farmaceutici e dermaceutici<\/strong><\/li>\n<li><strong>Cura della persona funzionale<\/strong><\/li>\n<li><strong>Cosmetici naturali e bellezza pulita<\/strong><\/li>\n<\/ul>\n<p><img decoding=\"async\" class=\"aligncenter size-full wp-image-1257\" src=\"https:\/\/bstextract.com\/wp-content\/uploads\/2025\/06\/function-3.jpg\" alt=\"\" width=\"1000\" height=\"412\" title=\"\" srcset=\"https:\/\/bstextract.com\/wp-content\/uploads\/2025\/06\/function-3.jpg 1000w, https:\/\/bstextract.com\/wp-content\/uploads\/2025\/06\/function-3-300x124.jpg 300w, https:\/\/bstextract.com\/wp-content\/uploads\/2025\/06\/function-3-768x316.jpg 768w, https:\/\/bstextract.com\/wp-content\/uploads\/2025\/06\/function-3-18x7.jpg 18w, https:\/\/bstextract.com\/wp-content\/uploads\/2025\/06\/function-3-600x247.jpg 600w\" sizes=\"(max-width: 1000px) 100vw, 1000px\" \/><\/p>\n<h3>Formulazioni comuni<\/h3>\n<ul>\n<li>Sieri illuminanti e correttori di macchie<\/li>\n<li>Creme sbiancanti giorno\/notte<\/li>\n<li>BB cream e CC cream<\/li>\n<li>Lozioni lenitive per arrossamenti e irritazioni<\/li>\n<li>Trattamento post-trattamento (ad es. dopo peeling o laser)<\/li>\n<\/ul>\n<h3>Uso consigliato<\/h3>\n<ul>\n<li>Dosaggio tipico: <strong>0,1%-0,5%<\/strong>, a seconda della formulazione<\/li>\n<li>Solubile in etanolo, glicole propilenico ed emulsionanti<\/li>\n<\/ul>\n<h3>Ingredienti compatibili<\/h3>\n<ul>\n<li><a href=\"https:\/\/bstextract.com\/it\/prodotto\/vitamina-b3\/\">Niacinamide<\/a><\/li>\n<li>Vitamina C (acido ascorbico)<\/li>\n<li>Acido ialuronico<\/li>\n<li><a href=\"https:\/\/bstextract.com\/it\/prodotto\/deossiarbutina-d-arbutina\/\">Alfa-arbutina<\/a><\/li>\n<li>Estratto di acqua di liquirizia<\/li>\n<\/ul>\n<h2>Fornitura e servizi<\/h2>\n<ul>\n<li><strong>MOQ<\/strong>: 1 kg<\/li>\n<li><strong>Confezione disponibile<\/strong>:\n<ul>\n<li>1kg\/sacco\/cartone<\/li>\n<li>25 kg\/tamburo\/cartone<\/li>\n<li>Confezione personalizzabile su richiesta<\/li>\n<\/ul>\n<\/li>\n<li><strong>Tempi di consegna<\/strong>: 5-7 giorni lavorativi per gli articoli in stock<\/li>\n<li><strong>Spedizione<\/strong>: Supporto logistico globale via mare, aria o espresso<\/li>\n<li><strong>Supporto OEM\/ODM<\/strong>:\n<ul>\n<li>Formulazioni personalizzate<\/li>\n<li>Etichettatura privata<\/li>\n<li>Supporto normativo<\/li>\n<\/ul>\n<\/li>\n<\/ul>\n<h2>Credenziali aziendali<\/h2>\n<p><strong>Xi'an Best Bio-Tech Co., Ltd.<\/strong> \u00e8 un produttore leader di <strong>principi attivi di origine vegetale<\/strong>che offre materie prime di alta qualit\u00e0 a clienti in oltre <strong>60 paesi<\/strong>. Con sede a <strong>Yangling, Cina<\/strong>La nostra fabbrica \u00e8 dotata di <strong>linee di produzione GMP automatizzate<\/strong> e <strong>laboratori analitici avanzati<\/strong>.<\/p>\n<ul>\n<li>Oltre 15 anni di esperienza nell'esportazione<\/li>\n<li>Focus su principi attivi cosmetici, adattogeni ed estratti di grado alimentare<\/li>\n<li>Certificato da <strong>ISO9001<\/strong>, <strong>HACCP<\/strong>, <strong>USFDA<\/strong>, <strong>HALAL<\/strong>, <strong>KOSHER<\/strong>, <strong>Biologico UE e USDA<\/strong><\/li>\n<li>Forte <strong>Team di R&amp;S e supporto alla formulazione<\/strong><\/li>\n<\/ul>\n<h2>Domande frequenti (FAQ)<\/h2>\n<h3>1. A cosa serve la Glabridina?<\/h3>\n<p>La glabridina \u00e8 utilizzata principalmente in <strong>prodotti cosmetici schiarenti e antinfiammatori per la pelle<\/strong> per le sue naturali propriet\u00e0 sbiancanti e antiossidanti.<\/p>\n<h3>2. \u00c8 sicuro per la pelle sensibile?<\/h3>\n<p>S\u00ec, la Glabridina \u00e8 <strong>non irritante<\/strong> e adatto a <strong>pelle sensibile e infiammata<\/strong>soprattutto a basse concentrazioni.<\/p>\n<h3>3. Quali sono le opzioni di purezza disponibili?<\/h3>\n<p>Offriamo Glabridina in <strong>40%, 60%, 90% e 98% gradi di purezza<\/strong> per soddisfare le diverse esigenze di formulazione.<\/p>\n<h3>4. Potete supportare lo sviluppo di formulazioni personalizzate?<\/h3>\n<p>S\u00ec, forniamo <strong>Servizi OEM\/ODM<\/strong>documentazione tecnica e <strong>consulenza sulla formulazione<\/strong>.<\/p>\n<h3>5. Come deve essere conservata la Glabridina?<\/h3>\n<p>Tenere in <strong>contenitori sigillati e opachi<\/strong> lontano dalla luce solare diretta e dal calore, in condizioni di asciutto e fresco.<\/p>","protected":false},"excerpt":{"rendered":"<ul>\n<li><strong>Nome del prodotto<\/strong>: Glabridina<\/li>\n<li><strong>Altro nome<\/strong>: DGL (liquirizia deglicirrizzata)<\/li>\n<li><strong>Numero CAS<\/strong>: 59870-68-7<\/li>\n<li><strong>Formula molecolare<\/strong>: C\u2082\u2080H\u2082\u2080O\u2084<\/li>\n<li><strong>Fonte<\/strong>: Estratto di radice di liquirizia<\/li>\n<li><strong>Aspetto<\/strong>: Polvere bianca<\/li>\n<li><strong>Opzioni di purezza<\/strong>: 40%-98%<\/li>\n<\/ul>","protected":false},"featured_media":1254,"comment_status":"open","ping_status":"closed","template":"","meta":{"_acf_changed":false},"product_brand":[],"product_cat":[22],"product_tag":[],"class_list":{"0":"post-1253","1":"product","2":"type-product","3":"status-publish","4":"has-post-thumbnail","6":"product_cat-cosmetic-personal-care-ingredients","8":"first","9":"instock","10":"shipping-taxable","11":"product-type-simple"},"acf":[],"_links":{"self":[{"href":"https:\/\/bstextract.com\/it\/wp-json\/wp\/v2\/product\/1253","targetHints":{"allow":["GET"]}}],"collection":[{"href":"https:\/\/bstextract.com\/it\/wp-json\/wp\/v2\/product"}],"about":[{"href":"https:\/\/bstextract.com\/it\/wp-json\/wp\/v2\/types\/product"}],"replies":[{"embeddable":true,"href":"https:\/\/bstextract.com\/it\/wp-json\/wp\/v2\/comments?post=1253"}],"wp:featuredmedia":[{"embeddable":true,"href":"https:\/\/bstextract.com\/it\/wp-json\/wp\/v2\/media\/1254"}],"wp:attachment":[{"href":"https:\/\/bstextract.com\/it\/wp-json\/wp\/v2\/media?parent=1253"}],"wp:term":[{"taxonomy":"product_brand","embeddable":true,"href":"https:\/\/bstextract.com\/it\/wp-json\/wp\/v2\/product_brand?post=1253"},{"taxonomy":"product_cat","embeddable":true,"href":"https:\/\/bstextract.com\/it\/wp-json\/wp\/v2\/product_cat?post=1253"},{"taxonomy":"product_tag","embeddable":true,"href":"https:\/\/bstextract.com\/it\/wp-json\/wp\/v2\/product_tag?post=1253"}],"curies":[{"name":"wp","href":"https:\/\/api.w.org\/{rel}","templated":true}]}}