{"id":1353,"date":"2025-06-09T02:21:54","date_gmt":"2025-06-09T02:21:54","guid":{"rendered":"https:\/\/bstextract.com\/?post_type=product&#038;p=1353"},"modified":"2025-06-09T02:22:15","modified_gmt":"2025-06-09T02:22:15","slug":"astaxantina-in-polvere","status":"publish","type":"product","link":"https:\/\/bstextract.com\/it\/prodotto\/astaxantina-in-polvere\/","title":{"rendered":"Astaxantina in polvere (estratto di Haematococcus Pluvialis)"},"content":{"rendered":"<p><!-- Keyword Section (Outside Article) --><\/p>\n<h2>Che cos'\u00e8 l'astaxantina in polvere?<\/h2>\n<p><strong>Astaxantina in polvere<\/strong> \u00e8 un potente antiossidante naturale derivato dalla microalga <strong>Haematococcus pluvialis<\/strong>. Conosciuto come uno dei pi\u00f9 potenti carotenoidi liposolubili presenti in natura, fornisce un supporto eccezionale per <strong>salute della pelle, protezione degli occhi, funzione cerebrale e prestazioni atletiche<\/strong>.<\/p>\n<p><img fetchpriority=\"high\" decoding=\"async\" class=\"aligncenter wp-image-1359\" src=\"https:\/\/bstextract.com\/wp-content\/uploads\/2025\/06\/10001-1.webp\" alt=\"\" width=\"1024\" height=\"451\" title=\"\" srcset=\"https:\/\/bstextract.com\/wp-content\/uploads\/2025\/06\/10001-1.webp 1600w, https:\/\/bstextract.com\/wp-content\/uploads\/2025\/06\/10001-1-300x132.webp 300w, https:\/\/bstextract.com\/wp-content\/uploads\/2025\/06\/10001-1-1024x451.webp 1024w, https:\/\/bstextract.com\/wp-content\/uploads\/2025\/06\/10001-1-768x338.webp 768w, https:\/\/bstextract.com\/wp-content\/uploads\/2025\/06\/10001-1-1536x677.webp 1536w, https:\/\/bstextract.com\/wp-content\/uploads\/2025\/06\/10001-1-18x8.webp 18w, https:\/\/bstextract.com\/wp-content\/uploads\/2025\/06\/10001-1-600x264.webp 600w\" sizes=\"(max-width: 1024px) 100vw, 1024px\" \/><\/p>\n<p>La nostra astaxantina \u00e8 disponibile in forma concentrata. <strong>polvere rosso scuro<\/strong> con contenuto attivo standardizzato a <strong>1%, 2%, 3%, 4% e 5%<\/strong>. Identificato dal numero CAS. <strong>472-61-7<\/strong>Questo estratto di qualit\u00e0 superiore \u00e8 ampiamente utilizzato in <strong>applicazioni nutraceutiche, cosmetiche, alimentari e mangimistiche<\/strong>.<\/p>\n<h2>Perch\u00e9 scegliere il nostro estratto di Haematococcus Pluvialis?<\/h2>\n<p>Come specialista <strong>Astaxantina in polvere produttore e fabbrica di estratto di Haematococcus Pluvialis<\/strong>assicuriamo una qualit\u00e0 superiore del prodotto, una biodisponibilit\u00e0 e una flessibilit\u00e0 di formulazione.<\/p>\n<ul>\n<li>\ud83d\udee1\ufe0f <strong>Elevata potenza antiossidante<\/strong>-6.000 volte pi\u00f9 forte della vitamina C e 800 volte pi\u00f9 forte della vitamina C. <a href=\"https:\/\/bstextract.com\/it\/prodotto\/coenzima-q10-in-polvere\/\">CoQ10<\/a><\/li>\n<li>\ud83d\udcaa <strong>Favorisce la resistenza e il recupero<\/strong>-Ideale per gli atleti e gli stili di vita attivi<\/li>\n<li>\ud83d\udc41\ufe0f <strong>Protegge gli occhi e la pelle dal danno ossidativo<\/strong> e l'esposizione ai raggi UV<\/li>\n<li>\ud83d\udc8a <strong>Adatto per softgel, capsule, gummies, polveri e bevande funzionali<\/strong><\/li>\n<\/ul>\n<h2>Applicazioni dell'astaxantina in polvere<\/h2>\n<p><strong>Astaxantina in polvere<\/strong> \u00e8 ampiamente utilizzato in:<\/p>\n<ul>\n<li>\ud83d\udc8a <strong>Integratori alimentari<\/strong> per l'immunit\u00e0, la cognizione, il supporto cardiovascolare e la pelle<\/li>\n<li>\ud83e\uddf4 <strong>Prodotti cosmeceutici<\/strong> come le creme anti-invecchiamento, le creme solari e i trattamenti per gli occhi<\/li>\n<li>\ud83c\udf7d\ufe0f <strong>Alimenti e bevande funzionali<\/strong> che mira a ottenere benefici antinfiammatori ed energetici.<\/li>\n<li>\ud83d\udc1f <strong>Acquacoltura e alimentazione degli animali domestici<\/strong> per migliorare il colore e l'equilibrio ossidativo<\/li>\n<\/ul>\n<p>Essendo un antiossidante di origine naturale, \u00e8 perfetto per <strong>marchi premium per il benessere e linee di nutrizione sportiva<\/strong>.<\/p>\n<h2>Specifiche tecniche<\/h2>\n<table>\n<tbody>\n<tr>\n<th>Nome del prodotto<\/th>\n<td>Astaxantina in polvere<\/td>\n<\/tr>\n<tr>\n<th>Fonte<\/th>\n<td>Estratto di Haematococcus Pluvialis<\/td>\n<\/tr>\n<tr>\n<th>Numero CAS<\/th>\n<td>472-61-7<\/td>\n<\/tr>\n<tr>\n<th>Aspetto<\/th>\n<td>Polvere rosso scuro<\/td>\n<\/tr>\n<tr>\n<th>Specifiche disponibili<\/th>\n<td>1%, 2%, 3%, 4%, 5% Astaxantina<\/td>\n<\/tr>\n<\/tbody>\n<\/table>\n<h2>Domande frequenti<\/h2>\n<p><strong>Qual \u00e8 la fonte principale dell'astaxantina in polvere?<\/strong><br \/>\nLa nostra astaxantina \u00e8 estratta da microalghe **Haematococcus pluvialis** di alta qualit\u00e0, la pi\u00f9 ricca fonte naturale di astaxantina bioattiva.<\/p>\n<p><strong>Quali sono le applicazioni tipiche?<\/strong><br \/>\nUtilizzato in **integratori alimentari, prodotti per la cura della pelle, bevande funzionali, alimenti per animali domestici e mangimi per animali acquatici**.<\/p>\n<p><strong>Che colore e che consistenza ha?<\/strong><br \/>\nSi tratta di una polvere fine di colore rosso intenso** con un'eccellente disperdibilit\u00e0 e stabilit\u00e0 antiossidante.<\/p>\n<p><strong>L'astaxantina \u00e8 naturale?<\/strong><br \/>\nS\u00ec, si tratta di un estratto **naturale, non OGM e privo di solventi** derivato da un processo di estrazione pulito.<\/p>\n<p><strong>Supportate ordini all'ingrosso e OEM?<\/strong><br \/>\nS\u00ec, offriamo **fornitura in grandi quantit\u00e0, opzioni a marchio privato e servizi OEM\/ODM** dalla nostra fabbrica certificata.<\/p>\n<p><strong>Quali sono le vostre linee guida per lo stoccaggio e l'imballaggio?<\/strong><br \/>\nConservare in un **contenitore fresco, asciutto e protetto dalla luce**. La confezione standard comprende **1 kg\/sacco o 25 kg\/fusto**. Durata di conservazione: **24 mesi**.<\/p>","protected":false},"excerpt":{"rendered":"<table>\n<tbody>\n<tr>\n<th>Numero CAS<\/th>\n<td>472-61-7<\/td>\n<\/tr>\n<tr>\n<th>Aspetto<\/th>\n<td>Polvere rosso scuro<\/td>\n<\/tr>\n<tr>\n<th>Specifiche disponibili<\/th>\n<td>1%, 2%, 3%, 4%, 5% Astaxantina<\/td>\n<\/tr>\n<\/tbody>\n<\/table>","protected":false},"featured_media":1356,"comment_status":"open","ping_status":"closed","template":"","meta":{"_acf_changed":false},"product_brand":[],"product_cat":[22],"product_tag":[],"class_list":{"0":"post-1353","1":"product","2":"type-product","3":"status-publish","4":"has-post-thumbnail","6":"product_cat-cosmetic-personal-care-ingredients","8":"first","9":"instock","10":"shipping-taxable","11":"product-type-simple"},"acf":[],"_links":{"self":[{"href":"https:\/\/bstextract.com\/it\/wp-json\/wp\/v2\/product\/1353","targetHints":{"allow":["GET"]}}],"collection":[{"href":"https:\/\/bstextract.com\/it\/wp-json\/wp\/v2\/product"}],"about":[{"href":"https:\/\/bstextract.com\/it\/wp-json\/wp\/v2\/types\/product"}],"replies":[{"embeddable":true,"href":"https:\/\/bstextract.com\/it\/wp-json\/wp\/v2\/comments?post=1353"}],"wp:featuredmedia":[{"embeddable":true,"href":"https:\/\/bstextract.com\/it\/wp-json\/wp\/v2\/media\/1356"}],"wp:attachment":[{"href":"https:\/\/bstextract.com\/it\/wp-json\/wp\/v2\/media?parent=1353"}],"wp:term":[{"taxonomy":"product_brand","embeddable":true,"href":"https:\/\/bstextract.com\/it\/wp-json\/wp\/v2\/product_brand?post=1353"},{"taxonomy":"product_cat","embeddable":true,"href":"https:\/\/bstextract.com\/it\/wp-json\/wp\/v2\/product_cat?post=1353"},{"taxonomy":"product_tag","embeddable":true,"href":"https:\/\/bstextract.com\/it\/wp-json\/wp\/v2\/product_tag?post=1353"}],"curies":[{"name":"wp","href":"https:\/\/api.w.org\/{rel}","templated":true}]}}