{"id":1382,"date":"2025-06-10T02:18:14","date_gmt":"2025-06-10T02:18:14","guid":{"rendered":"https:\/\/bstextract.com\/?post_type=product&#038;p=1382"},"modified":"2025-06-23T01:25:39","modified_gmt":"2025-06-23T01:25:39","slug":"estratto-di-kava","status":"publish","type":"product","link":"https:\/\/bstextract.com\/it\/prodotto\/estratto-di-kava\/","title":{"rendered":"10%-70% Estratto di Kava"},"content":{"rendered":"<p><!-- Keyword Section (Outside Article) --><\/p>\n<h2>Che cos'\u00e8 l'estratto di Kava?<\/h2>\n<p><strong>Estratto di Kava<\/strong> \u00e8 un estratto botanico ricavato dalle radici del <em>Piper methysticum<\/em> pianta originaria del Pacifico meridionale. Conosciuta per i suoi composti naturali chiamati <strong>Cavalattoni<\/strong>La Kava \u00e8 tradizionalmente utilizzata come <strong>integratore erboristico calmante, stabilizzante dell'umore e ansiolitico<\/strong>.<\/p>\n<p><img fetchpriority=\"high\" decoding=\"async\" class=\"aligncenter wp-image-1389\" src=\"https:\/\/bstextract.com\/wp-content\/uploads\/2025\/06\/main-image-1-scaled-1.webp\" alt=\"\" width=\"1024\" height=\"683\" title=\"\" srcset=\"https:\/\/bstextract.com\/wp-content\/uploads\/2025\/06\/main-image-1-scaled-1.webp 1620w, https:\/\/bstextract.com\/wp-content\/uploads\/2025\/06\/main-image-1-scaled-1-300x200.webp 300w, https:\/\/bstextract.com\/wp-content\/uploads\/2025\/06\/main-image-1-scaled-1-1024x683.webp 1024w, https:\/\/bstextract.com\/wp-content\/uploads\/2025\/06\/main-image-1-scaled-1-768x512.webp 768w, https:\/\/bstextract.com\/wp-content\/uploads\/2025\/06\/main-image-1-scaled-1-1536x1024.webp 1536w, https:\/\/bstextract.com\/wp-content\/uploads\/2025\/06\/main-image-1-scaled-1-18x12.webp 18w, https:\/\/bstextract.com\/wp-content\/uploads\/2025\/06\/main-image-1-scaled-1-600x400.webp 600w\" sizes=\"(max-width: 1024px) 100vw, 1024px\" \/><\/p>\n<p>&nbsp;<\/p>\n<p>Il nostro estratto di Kava di qualit\u00e0 superiore \u00e8 disponibile in forma di <strong>polvere da marrone a gialla<\/strong> e standardizzato per contenere <strong>Da 10% a 70% Kavalactones<\/strong>che lo rende altamente adattabile alla formulazione in una variet\u00e0 di prodotti per la salute e il benessere. Identificato da <strong>N. CAS 9000-38-8<\/strong>\u00e8 ideale per l'utilizzo nella <strong>industria nutraceutica, delle bevande e degli integratori naturali<\/strong>.<\/p>\n<h2>Perch\u00e9 scegliere il nostro estratto di Kava?<\/h2>\n<p>Come affidabile <strong>Produttore di estratto di Kava e fornitore di prodotti botanici<\/strong>Forniamo un prodotto sicuro ed efficace che soddisfa i moderni standard di formulazione per il rilassamento naturale e il sollievo dallo stress.<\/p>\n<ul>\n<li>\ud83c\udf3f <strong>Ricco di kavalattoni<\/strong>-Studiato clinicamente per ridurre l'ansia e la tensione<\/li>\n<li>\ud83d\udca7 <strong>Non \u00e8 un sedativo, non d\u00e0 assuefazione e ha un'azione rapida<\/strong><\/li>\n<li>\ud83d\udc8a <strong>Perfetto per capsule, t\u00e8, tinture e rilassanti liquidi<\/strong><\/li>\n<li>\ud83e\uddd8\u200d\u2640\ufe0f <strong>Favorisce la calma dell'umore, la chiarezza mentale e il sonno ristoratore<\/strong><\/li>\n<\/ul>\n<h2>Applicazioni dell'estratto di Kava<\/h2>\n<p><strong>Estratto di Kava<\/strong> \u00e8 ampiamente utilizzato in:<\/p>\n<ul>\n<li>\ud83d\udc8a <strong>Integratori a base di erbe per ridurre l'ansia e lo stress<\/strong><\/li>\n<li>\ud83e\uddf4 <strong>Formule topiche e terapeutiche per il rilassamento muscolare<\/strong><\/li>\n<li>\ud83e\udd64 <strong>Bevande calmanti naturali e miscele di bevande alle erbe<\/strong><\/li>\n<li>\ud83c\udf3f <strong>Miscele di medicina tradizionale e fitoterapia moderna<\/strong><\/li>\n<\/ul>\n<p>Viene comunemente formulato con altri adattogeni come <strong>passiflora, radice di valeriana e ashwagandha<\/strong> per un maggiore effetto sinergico nei prodotti antistress.<\/p>\n<h2>Specifiche tecniche<\/h2>\n<table>\n<tbody>\n<tr>\n<th>Nome del prodotto<\/th>\n<td>Estratto di Kava<\/td>\n<\/tr>\n<tr>\n<th>Principio attivo<\/th>\n<td>Cavalattoni<\/td>\n<\/tr>\n<tr>\n<th>Numero CAS<\/th>\n<td>9000-38-8<\/td>\n<\/tr>\n<tr>\n<th>Aspetto<\/th>\n<td>Polvere da marrone a gialla<\/td>\n<\/tr>\n<tr>\n<th>Specifiche<\/th>\n<td>10%-70% Kavalactones<\/td>\n<\/tr>\n<\/tbody>\n<\/table>\n<h2>Domande frequenti<\/h2>\n<p><strong>Cosa sono i kavalattoni?<\/strong><br \/>\nI kavalattoni sono i composti attivi della Kava responsabili del suo <strong>effetti calmanti, ansiolitici e di rilassamento muscolare<\/strong>. Agiscono sulle vie GABA del cervello, favorendo il rilassamento senza sedare.<\/p>\n<p><strong>Come si usa l'estratto di Kava?<\/strong><br \/>\nComunemente utilizzato in <strong>capsule, tisane, bevande funzionali, tinture e soluzioni topiche.<\/strong>.<\/p>\n<p><strong>Questo prodotto \u00e8 sicuro per l'uso quotidiano?<\/strong><br \/>\nS\u00ec, se usato secondo le indicazioni di dosaggio raccomandate. Il nostro Estratto di Kava \u00e8 prodotto sotto severi controlli di qualit\u00e0 per garantire <strong>purezza e conformit\u00e0<\/strong>.<\/p>\n<p><strong>Posso richiedere un'etichettatura OEM o privata?<\/strong><br \/>\nAssolutamente s\u00ec. Forniamo <strong>Servizi OEM\/ODM, fornitura di prodotti sfusi e formulazioni personalizzate<\/strong>.<\/p>\n<p><strong>Qual \u00e8 la durata di conservazione?<\/strong><br \/>\nLa durata di conservazione \u00e8 <strong>24 mesi<\/strong> se conservato in un luogo fresco e asciutto in un contenitore sigillato.<\/p>\n<h2>Informazioni su Xi'an Best Bio-Tech Co., Ltd.<\/h2>\n<p><strong>Xi'an Best Bio-Tech Co., Ltd.<\/strong> \u00e8 un'azienda leader <strong>Estratto di Kava produttore e fornitore di estratti di erbe<\/strong> con sede a Yangling, in Cina. Siamo specializzati nella produzione di estratti botanici standardizzati di alta qualit\u00e0 per le industrie globali della salute e del benessere.<\/p>\n<p>Con linee di produzione certificate GMP e certificazioni che comprendono <strong>ISO9001, USFDA, Kosher, Halal e HACCP<\/strong>serviamo clienti in oltre <strong>60 paesi<\/strong>. Le nostre principali categorie di prodotti includono <strong>prodotti botanici antistress, adattogeni, nootropi e ingredienti alimentari funzionali<\/strong>.<\/p>\n<p>Collaborate con noi per <strong>materie prime sfuse, formulazione personalizzata, produzione a marchio privato<\/strong>e un supporto rapido e affidabile per la creazione della vostra prossima linea di prodotti calmanti o incentrati sul benessere.<\/p>","protected":false},"excerpt":{"rendered":"<table>\n<tbody>\n<tr>\n<th>Principio attivo<\/th>\n<td>Cavalattoni<\/td>\n<\/tr>\n<tr>\n<th>Numero CAS<\/th>\n<td>9000-38-8<\/td>\n<\/tr>\n<tr>\n<th>Aspetto<\/th>\n<td>Polvere da marrone a gialla<\/td>\n<\/tr>\n<tr>\n<th>Specifiche<\/th>\n<td>10%-70% Kavalactones<\/td>\n<\/tr>\n<\/tbody>\n<\/table>","protected":false},"featured_media":1383,"comment_status":"open","ping_status":"closed","template":"","meta":{"_acf_changed":false},"product_brand":[],"product_cat":[21],"product_tag":[],"class_list":{"0":"post-1382","1":"product","2":"type-product","3":"status-publish","4":"has-post-thumbnail","6":"product_cat-plant-extracts","8":"first","9":"instock","10":"shipping-taxable","11":"product-type-simple"},"acf":[],"_links":{"self":[{"href":"https:\/\/bstextract.com\/it\/wp-json\/wp\/v2\/product\/1382","targetHints":{"allow":["GET"]}}],"collection":[{"href":"https:\/\/bstextract.com\/it\/wp-json\/wp\/v2\/product"}],"about":[{"href":"https:\/\/bstextract.com\/it\/wp-json\/wp\/v2\/types\/product"}],"replies":[{"embeddable":true,"href":"https:\/\/bstextract.com\/it\/wp-json\/wp\/v2\/comments?post=1382"}],"wp:featuredmedia":[{"embeddable":true,"href":"https:\/\/bstextract.com\/it\/wp-json\/wp\/v2\/media\/1383"}],"wp:attachment":[{"href":"https:\/\/bstextract.com\/it\/wp-json\/wp\/v2\/media?parent=1382"}],"wp:term":[{"taxonomy":"product_brand","embeddable":true,"href":"https:\/\/bstextract.com\/it\/wp-json\/wp\/v2\/product_brand?post=1382"},{"taxonomy":"product_cat","embeddable":true,"href":"https:\/\/bstextract.com\/it\/wp-json\/wp\/v2\/product_cat?post=1382"},{"taxonomy":"product_tag","embeddable":true,"href":"https:\/\/bstextract.com\/it\/wp-json\/wp\/v2\/product_tag?post=1382"}],"curies":[{"name":"wp","href":"https:\/\/api.w.org\/{rel}","templated":true}]}}