{"id":1474,"date":"2025-06-23T01:19:10","date_gmt":"2025-06-23T01:19:10","guid":{"rendered":"https:\/\/bstextract.com\/?post_type=product&#038;p=1474"},"modified":"2025-06-23T01:20:24","modified_gmt":"2025-06-23T01:20:24","slug":"estratto-di-ginseng","status":"publish","type":"product","link":"https:\/\/bstextract.com\/it\/prodotto\/estratto-di-ginseng\/","title":{"rendered":"5%-80% Estratto di ginseng"},"content":{"rendered":"<p><!-- Keyword Section (Outside Article) --><\/p>\n<h2>Che cos'\u00e8 l'estratto di ginseng?<\/h2>\n<p><strong>Estratto di ginseng<\/strong> \u00e8 una polvere botanica derivata dalle radici di <em>Panax ginseng C.A. Meyer<\/em>, un'erba adattogena ben nota nella Medicina Tradizionale Cinese (MTC). L'estratto \u00e8 standardizzato per contenere principi attivi <strong>ginsenosidi<\/strong>che sono considerati i principali componenti farmacologicamente attivi. A seconda del processo di estrazione, l'estratto di Ginseng si presenta tipicamente come un <strong>polvere giallo chiaro<\/strong> ed \u00e8 disponibile in varie concentrazioni da <strong>Da 5% a 80% ginsenosidi<\/strong>.<\/p>\n<p><img fetchpriority=\"high\" decoding=\"async\" class=\"aligncenter wp-image-1476 size-full\" src=\"https:\/\/bstextract.com\/wp-content\/uploads\/2025\/06\/b2343f72-5025-4a9e-a8a6-59859e10cacb.webp\" alt=\" Ginseng\" width=\"1024\" height=\"575\" title=\"\" srcset=\"https:\/\/bstextract.com\/wp-content\/uploads\/2025\/06\/b2343f72-5025-4a9e-a8a6-59859e10cacb.webp 1024w, https:\/\/bstextract.com\/wp-content\/uploads\/2025\/06\/b2343f72-5025-4a9e-a8a6-59859e10cacb-300x168.webp 300w, https:\/\/bstextract.com\/wp-content\/uploads\/2025\/06\/b2343f72-5025-4a9e-a8a6-59859e10cacb-768x431.webp 768w, https:\/\/bstextract.com\/wp-content\/uploads\/2025\/06\/b2343f72-5025-4a9e-a8a6-59859e10cacb-18x10.webp 18w, https:\/\/bstextract.com\/wp-content\/uploads\/2025\/06\/b2343f72-5025-4a9e-a8a6-59859e10cacb-600x337.webp 600w\" sizes=\"(max-width: 1024px) 100vw, 1024px\" \/><\/p>\n<p>Riconosciuto per la sua capacit\u00e0 di sostenere il metabolismo energetico, la funzione immunitaria e l'adattamento allo stress, l'estratto di ginseng \u00e8 ampiamente utilizzato negli integratori alimentari e nei prodotti per il benessere. Come esperto <strong>Estratto di ginseng fornitore e produttore<\/strong>Forniamo una qualit\u00e0 costante e opzioni di qualit\u00e0 flessibili per soddisfare le diverse esigenze di formulazione.<\/p>\n<h2>Caratteristiche funzionali e tecniche<\/h2>\n<ul>\n<li><strong>Supporto adattogeno:<\/strong> Aumenta la resistenza allo stress fisico e mentale<\/li>\n<li><strong>Energia e vitalit\u00e0:<\/strong> Favorisce la resistenza e riduce la stanchezza<\/li>\n<li><strong>Funzione immunitaria:<\/strong> Modula le risposte immunitarie e favorisce il benessere generale<\/li>\n<li><strong>Ampia gamma di gradi:<\/strong> Standardizzato da 5% fino a 80% di ginsenosidi totali<\/li>\n<li><strong>Profilo botanico pulito:<\/strong> Estratto da radici di Panax ginseng di alta qualit\u00e0, senza additivi sintetici.<\/li>\n<\/ul>\n<h2>Specifiche tipiche del prodotto<\/h2>\n<table border=\"1\" cellspacing=\"0\" cellpadding=\"6\">\n<tbody>\n<tr>\n<th>Nome del prodotto<\/th>\n<td>Estratto di ginseng<\/td>\n<\/tr>\n<tr>\n<th>Principio attivo<\/th>\n<td>Ginsenosidi<\/td>\n<\/tr>\n<tr>\n<th>Aspetto<\/th>\n<td>Polvere giallo chiaro<\/td>\n<\/tr>\n<tr>\n<th>Specifiche<\/th>\n<td>5%, 20%, 50%, 60%, 80% Ginsenosidi<\/td>\n<\/tr>\n<tr>\n<th>Solubilit\u00e0<\/th>\n<td>Solubile in acqua (varia a seconda del grado)<\/td>\n<\/tr>\n<tr>\n<th>Metodo di prova<\/th>\n<td>HPLC<\/td>\n<\/tr>\n<tr>\n<th>Durata di conservazione<\/th>\n<td>24 mesi se conservato correttamente<\/td>\n<\/tr>\n<tr>\n<th>Immagazzinamento<\/th>\n<td>Conservare in contenitori sigillati, in un luogo fresco e asciutto, al riparo dalla luce solare.<\/td>\n<\/tr>\n<tr>\n<th>Certificati<\/th>\n<td>ISO22000, HACCP, KOSHER, HALAL, Biologico Disponibile<\/td>\n<\/tr>\n<\/tbody>\n<\/table>\n<h2>Campi di applicazione<\/h2>\n<ul>\n<li><strong>Integratori alimentari:<\/strong> Capsule, compresse e miscele in polvere per energia e vitalit\u00e0<\/li>\n<li><strong>Bevande funzionali:<\/strong> Bevande alle erbe e shot energetici con benefici adattogeni basati sul ginseng<\/li>\n<li><strong>Formule erboristiche tradizionali:<\/strong> Utilizzato nelle formulazioni ispirate alla MTC per l'equilibrio e la longevit\u00e0<\/li>\n<li><strong>Nutrizione sportiva:<\/strong> Incorporato nei prodotti pre-allenamento o di resistenza per combattere la fatica<\/li>\n<\/ul>\n<h2>Domande frequenti<\/h2>\n<p><strong>Cosa sono i ginsenosidi?<\/strong><br \/>\nI ginsenosidi sono i principali composti attivi del Panax ginseng e contribuiscono ai suoi effetti adattogeni e immunomodulanti.<\/p>\n<p><strong>Quali metodi di estrazione utilizza?<\/strong><br \/>\nImpieghiamo un'estrazione avanzata con acqua ed etanolo secondo i processi GMP per garantire la purezza e la coerenza del contenuto di ginsenoside.<\/p>\n<p><strong>Il vostro estratto di ginseng proviene da radici autentiche di Panax ginseng?<\/strong><br \/>\nS\u00ec. Le nostre materie prime provengono da radici di Panax ginseng accuratamente selezionate per garantire autenticit\u00e0 e tracciabilit\u00e0.<\/p>\n<p><strong>Quali sono le differenze tra i gradi 5%, 20%, 50% e 80%?<\/strong><br \/>\nI gradi a pi\u00f9 alta concentrazione forniscono maggiori quantit\u00e0 di ginsenosidi, adatti a formulazioni concentrate o a effetti mirati.<\/p>\n<p><strong>Fornite documentazione e opzioni di fornitura all'ingrosso?<\/strong><br \/>\nS\u00ec. In quanto affidabile <strong>Fornitore dell'estratto di ginseng<\/strong>Offriamo un imballaggio flessibile e una documentazione tecnica completa (COA, MSDS, TDS, rapporti di prova di terzi).<\/p>","protected":false},"excerpt":{"rendered":"<table>\n<tbody>\n<tr>\n<th>Nome del prodotto<\/th>\n<td>Estratto di ginseng<\/td>\n<\/tr>\n<tr>\n<th>Principio attivo<\/th>\n<td>Ginsenosidi<\/td>\n<\/tr>\n<tr>\n<th>Aspetto<\/th>\n<td>Polvere giallo chiaro<\/td>\n<\/tr>\n<tr>\n<th>Specifiche<\/th>\n<td>5%, 20%, 50%, 60%, 80% Ginsenosidi<\/td>\n<\/tr>\n<tr>\n<th>Solubilit\u00e0<\/th>\n<td>Solubile in acqua (varia a seconda del grado)<\/td>\n<\/tr>\n<\/tbody>\n<\/table>","protected":false},"featured_media":1478,"comment_status":"open","ping_status":"closed","template":"","meta":{"_acf_changed":false},"product_brand":[],"product_cat":[21],"product_tag":[],"class_list":{"0":"post-1474","1":"product","2":"type-product","3":"status-publish","4":"has-post-thumbnail","6":"product_cat-plant-extracts","8":"first","9":"instock","10":"shipping-taxable","11":"product-type-simple"},"acf":[],"_links":{"self":[{"href":"https:\/\/bstextract.com\/it\/wp-json\/wp\/v2\/product\/1474","targetHints":{"allow":["GET"]}}],"collection":[{"href":"https:\/\/bstextract.com\/it\/wp-json\/wp\/v2\/product"}],"about":[{"href":"https:\/\/bstextract.com\/it\/wp-json\/wp\/v2\/types\/product"}],"replies":[{"embeddable":true,"href":"https:\/\/bstextract.com\/it\/wp-json\/wp\/v2\/comments?post=1474"}],"wp:featuredmedia":[{"embeddable":true,"href":"https:\/\/bstextract.com\/it\/wp-json\/wp\/v2\/media\/1478"}],"wp:attachment":[{"href":"https:\/\/bstextract.com\/it\/wp-json\/wp\/v2\/media?parent=1474"}],"wp:term":[{"taxonomy":"product_brand","embeddable":true,"href":"https:\/\/bstextract.com\/it\/wp-json\/wp\/v2\/product_brand?post=1474"},{"taxonomy":"product_cat","embeddable":true,"href":"https:\/\/bstextract.com\/it\/wp-json\/wp\/v2\/product_cat?post=1474"},{"taxonomy":"product_tag","embeddable":true,"href":"https:\/\/bstextract.com\/it\/wp-json\/wp\/v2\/product_tag?post=1474"}],"curies":[{"name":"wp","href":"https:\/\/api.w.org\/{rel}","templated":true}]}}