{"id":2645,"date":"2025-08-20T07:15:56","date_gmt":"2025-08-20T07:15:56","guid":{"rendered":"https:\/\/bstextract.com\/?post_type=product&#038;p=2645"},"modified":"2025-08-20T07:15:56","modified_gmt":"2025-08-20T07:15:56","slug":"diidromiricetina-98-hplc-polvere","status":"publish","type":"product","link":"https:\/\/bstextract.com\/it\/prodotto\/diidromiricetina-98-hplc-polvere\/","title":{"rendered":"Diidromiricetina 98% polvere"},"content":{"rendered":"<h2><strong><span class=\"selected\">Panoramica del prodotto<\/span><\/strong><\/h2>\n<p><span class=\"selected\">La diidromiricetina (DHM), nota anche come ampelopsina, \u00e8 un potente flavonoide estratto dalle foglie e dai fusti della pianta di t\u00e8 della vite (<\/span><em><span class=\"selected\">Ampelopsis grossedentata<\/span><\/em><span class=\"selected\">). Come ingrediente chiave, \u00e8 molto apprezzato nello sviluppo di integratori alimentari e bevande funzionali di alta qualit\u00e0, in particolare quelli formulati per il supporto della salute del fegato e il recupero post-alcolico. Il nostro DHM \u00e8 purificato con un minimo garantito di 98% mediante HPLC, assicurando la massima potenza, la coerenza da lotto a lotto e prestazioni superiori nella vostra formulazione.<\/span><\/p>\n<p><strong><span class=\"selected\">Vantaggi principali:<\/span><\/strong><\/p>\n<ul>\n<li><strong><span class=\"selected\">Purezza garantita \u226598,0% mediante HPLC:<\/span><\/strong><span class=\"selected\"> Verificato da un metodo analitico altamente specifico e accurato per un dosaggio affidabile.<\/span><\/li>\n<li><strong><span class=\"selected\">Approvvigionamento diretto del produttore:<\/span><\/strong><span class=\"selected\"> Proveniente direttamente dalla <\/span><strong><span class=\"selected\">produttore originale<\/span><\/strong><span class=\"selected\"> per una tracciabilit\u00e0 completa e una catena di approvvigionamento trasparente.<\/span><\/li>\n<li><strong><span class=\"selected\">Propriet\u00e0 formulative superiori:<\/span><\/strong><span class=\"selected\"> Eccellente solubilit\u00e0 e fluidit\u00e0 per applicazioni diverse ed esigenti.<\/span><\/li>\n<li><strong><span class=\"selected\">Qualit\u00e0 costante dei lotti:<\/span><\/strong><span class=\"selected\"> Prodotto nel nostro laboratorio certificato GMP <\/span><strong><span class=\"selected\">fabbrica<\/span><\/strong><span class=\"selected\"> per garantire materiale affidabile e di alta qualit\u00e0 per ogni ordine.<\/span><\/li>\n<li><strong><span class=\"selected\">Fornitura globale affidabile:<\/span><\/strong><span class=\"selected\"> In qualit\u00e0 di esperto globale <\/span><strong><span class=\"selected\">fornitore<\/span><\/strong><span class=\"selected\">Manteniamo uno stock stabile per soddisfare le vostre richieste di produzione all'ingrosso.<\/span><\/li>\n<\/ul>\n<h2><strong><span class=\"selected\">Parametri tecnici chiave<\/span><\/strong><\/h2>\n<table>\n<tbody>\n<tr>\n<th><span class=\"selected\">Parametro<\/span><\/th>\n<th><span class=\"selected\">Specifiche<\/span><\/th>\n<\/tr>\n<tr>\n<td><strong><span class=\"selected\">Principio attivo<\/span><\/strong><\/td>\n<td><span class=\"selected\">Diidromiricetina (DHM, Ampelopsina)<\/span><\/td>\n<\/tr>\n<tr>\n<td><strong><span class=\"selected\">Specifiche<\/span><\/strong><\/td>\n<td><strong><span class=\"selected\">\u226598.0% (Metodo: HPLC)<\/span><\/strong><span class=\"selected\"> \/ Disponibile anche in 40%<\/span><\/td>\n<\/tr>\n<tr>\n<td><strong><span class=\"selected\">Numero CAS<\/span><\/strong><\/td>\n<td><span class=\"selected\">27200-12-0<\/span><\/td>\n<\/tr>\n<tr>\n<td><strong><span class=\"selected\">Fonte<\/span><\/strong><\/td>\n<td><em><span class=\"selected\">Ampelopsis grossedentata<\/span><\/em><span class=\"selected\"> (T\u00e8 di vite) Foglie e steli<\/span><\/td>\n<\/tr>\n<tr>\n<td><strong><span class=\"selected\">Aspetto<\/span><\/strong><\/td>\n<td><span class=\"selected\">Polvere fine di colore da bianco a giallo chiaro<\/span><\/td>\n<\/tr>\n<tr>\n<td><strong><span class=\"selected\">Dimensione delle particelle<\/span><\/strong><\/td>\n<td><span class=\"selected\">95% Pass 80 Maglia<\/span><\/td>\n<\/tr>\n<tr>\n<td><strong><span class=\"selected\">Solubilit\u00e0<\/span><\/strong><\/td>\n<td><span class=\"selected\">Solubile in etanolo, glicole propilenico; leggermente solubile in acqua calda<\/span><\/td>\n<\/tr>\n<tr>\n<td><strong><span class=\"selected\">Contenuto di cenere<\/span><\/strong><\/td>\n<td><span class=\"selected\">\u22641.0%<\/span><\/td>\n<\/tr>\n<tr>\n<td><strong><span class=\"selected\">Perdita all'essiccazione<\/span><\/strong><\/td>\n<td><strong><span class=\"selected\">\u22642.0%<\/span><\/strong><\/td>\n<\/tr>\n<tr>\n<td><strong><span class=\"selected\">Metalli pesanti<\/span><\/strong><\/td>\n<td><span class=\"selected\">\u226410 ppm<\/span><\/td>\n<\/tr>\n<tr>\n<td><strong><span class=\"selected\">Piombo (Pb)<\/span><\/strong><\/td>\n<td><span class=\"selected\">\u22641 ppm<\/span><\/td>\n<\/tr>\n<tr>\n<td><strong><span class=\"selected\">Arsenico (As)<\/span><\/strong><\/td>\n<td><span class=\"selected\">\u22641 ppm<\/span><\/td>\n<\/tr>\n<tr>\n<td><strong><span class=\"selected\">Mercurio (Hg)<\/span><\/strong><\/td>\n<td><span class=\"selected\">\u22640,5 ppm<\/span><\/td>\n<\/tr>\n<tr>\n<td><strong><span class=\"selected\">Cadmio (Cd)<\/span><\/strong><\/td>\n<td><span class=\"selected\">\u22641 ppm<\/span><\/td>\n<\/tr>\n<tr>\n<td><strong><span class=\"selected\">Microbiologia<\/span><\/strong><\/td>\n<td><\/td>\n<\/tr>\n<tr>\n<td><span class=\"selected\">- Conteggio totale delle piastre<\/span><\/td>\n<td><span class=\"selected\">\u22641000 ufc\/g<\/span><\/td>\n<\/tr>\n<tr>\n<td><span class=\"selected\">- Lievito e muffa<\/span><\/td>\n<td><span class=\"selected\">\u2264100 ufc\/g<\/span><\/td>\n<\/tr>\n<tr>\n<td><span class=\"selected\">- E. Coli<\/span><\/td>\n<td><span class=\"selected\">Negativo<\/span><\/td>\n<\/tr>\n<tr>\n<td><span class=\"selected\">- Salmonella<\/span><\/td>\n<td><span class=\"selected\">Negativo<\/span><\/td>\n<\/tr>\n<tr>\n<td><strong><span class=\"selected\">Residui di solvente<\/span><\/strong><\/td>\n<td><span class=\"selected\">Conforme alla norma USP .<\/span><\/td>\n<\/tr>\n<tr>\n<td><strong><span class=\"selected\">Imballaggio<\/span><\/strong><\/td>\n<td><span class=\"selected\">1 kg\/sacco, 25 kg\/tamburo. Sono disponibili confezioni personalizzate.<\/span><\/td>\n<\/tr>\n<tr>\n<td><strong><span class=\"selected\">Info sulla fornitura<\/span><\/strong><\/td>\n<td><span class=\"selected\">Quantit\u00e0 in blocco disponibili direttamente presso il nostro <\/span><strong><span class=\"selected\">fabbrica<\/span><\/strong><span class=\"selected\">.<\/span><\/td>\n<\/tr>\n<\/tbody>\n<\/table>\n<h2><strong><span class=\"selected\">Controllo qualit\u00e0 e documentazione<\/span><\/strong><\/h2>\n<p><span class=\"selected\">La qualit\u00e0 \u00e8 la pietra miliare del nostro processo di produzione. Il nostro metodo analitico \u00e8 una procedura di cromatografia liquida ad alta prestazione (HPLC) completamente convalidata, che garantisce una quantificazione accurata e specifica della diidromiricetina, priva di interferenze da parte di altri composti vegetali. Forniamo una serie completa di documenti per supportare i vostri team di garanzia della qualit\u00e0 e di regolamentazione.<\/span><\/p>\n<p><strong><span class=\"selected\">Documenti disponibili:<\/span><\/strong><\/p>\n<ul>\n<li><span class=\"selected\"><a href=\"https:\/\/bstextract.com\/wp-content\/uploads\/2025\/08\/Dihydromyricetin-COA.pdf\">Certificato di analisi (COA)<\/a> specifico per ogni lotto<\/span><\/li>\n<li><span class=\"selected\">Scheda di sicurezza (MSDS)<\/span><\/li>\n<li><span class=\"selected\">Dichiarazione sugli allergeni<\/span><\/li>\n<li><span class=\"selected\">Dichiarazione Non OGM<\/span><\/li>\n<li><span class=\"selected\">Diagramma di flusso della produzione<\/span><\/li>\n<\/ul>\n<h2><strong><span class=\"selected\">Applicazioni e guida alla formulazione<\/span><\/strong><\/h2>\n<p><span class=\"selected\">La nostra polvere di diidromiricetina 98% \u00e8 progettata per essere integrata senza problemi in una variet\u00e0 di sistemi di somministrazione.<\/span><\/p>\n<ul>\n<li><strong><span class=\"selected\">Integratori alimentari:<\/span><\/strong>\n<ul>\n<li><strong><span class=\"selected\">Capsule\/Tabsule:<\/span><\/strong><span class=\"selected\"> L'eccellente fluidit\u00e0 del materiale e la stabilit\u00e0 della distribuzione granulometrica lo rendono ideale per la compressione diretta e l'incapsulamento ad alta velocit\u00e0, garantendo un riempimento uniforme dello stampo e un dosaggio costante. <\/span><strong><span class=\"selected\">Si consiglia un dosaggio di 100-300 mg per porzione.<\/span><\/strong><\/li>\n<\/ul>\n<\/li>\n<li><strong><span class=\"selected\">Bevande funzionali:<\/span><\/strong>\n<ul>\n<li><strong><span class=\"selected\">Pronti da bere (RTD) e shot:<\/span><\/strong><span class=\"selected\"> Pur essendo leggermente solubile in acqua, la solubilit\u00e0 del DHM \u00e8 notevolmente migliorata in sistemi di co-solventi. Si consiglia di utilizzare solventi di grado alimentare come la glicerina o il glicole propilenico per ottenere chiarezza e stabilit\u00e0 nelle formulazioni liquide.<\/span><\/li>\n<\/ul>\n<\/li>\n<li><strong><span class=\"selected\">Suggerimenti per la formulazione:<\/span><\/strong>\n<ul>\n<li><strong><span class=\"selected\">Profilo gustativo:<\/span><\/strong><span class=\"selected\"> Il DHM pu\u00f2 conferire una leggera amarezza caratteristica a concentrazioni pi\u00f9 elevate. Gli agenti mascheranti standard possono essere utilizzati efficacemente per creare un prodotto finale gradevole.<\/span><\/li>\n<li><strong><span class=\"selected\">Stabilit\u00e0 del pH:<\/span><\/strong><span class=\"selected\"> Per una stabilit\u00e0 ottimale nei sistemi liquidi, si consiglia di mantenere un pH della formulazione compreso tra 4,0 e 6,5.<\/span><\/li>\n<\/ul>\n<\/li>\n<\/ul>\n<h2><strong><span class=\"selected\">Stabilit\u00e0 e conservazione<\/span><\/strong><\/h2>\n<ul>\n<li><strong><span class=\"selected\">Durata di conservazione:<\/span><\/strong><span class=\"selected\"> 24 mesi dalla data di produzione se conservato nelle condizioni raccomandate.<\/span><\/li>\n<li><strong><span class=\"selected\">Condizioni di conservazione:<\/span><\/strong><span class=\"selected\"> Conservare in un luogo fresco e asciutto (a meno di 25\u00b0C) nel contenitore originale ben chiuso. Proteggere dalla luce solare diretta, dal calore e dall'umidit\u00e0 per preservare la potenza e la qualit\u00e0.<\/span><\/li>\n<\/ul>\n<h2><strong><span class=\"selected\">Informazioni sulla sicurezza e sulle normative<\/span><\/strong><\/h2>\n<p><span class=\"selected\">Questo prodotto \u00e8 destinato all'uso come ingrediente di integratori alimentari e alimenti funzionali. Come leader <\/span><strong><span class=\"selected\">esportatore<\/span><\/strong><span class=\"selected\">forniamo la documentazione necessaria per l'autorizzazione all'importazione. \u00c8 responsabilit\u00e0 dei nostri clienti assicurarsi che l'uso di questo ingrediente e la commercializzazione del prodotto finale siano conformi a tutte le normative locali e regionali applicabili.<\/span><\/p>\n<h3><strong><span class=\"selected\">Domande frequenti (FAQ)<\/span><\/strong><\/h3>\n<p><strong><span class=\"selected\">D: Siete il produttore diretto di questo DHM?<\/span><\/strong><\/p>\n<p><span class=\"selected\">R: S\u00ec, siamo il <\/span><strong><span class=\"selected\">produttore ed esportatore originale<\/span><\/strong><span class=\"selected\">. Controlliamo l'intera catena di fornitura, dall'approvvigionamento e dall'estrazione delle materie prime fino alla purificazione finale, garantendo una tracciabilit\u00e0 completa e una qualit\u00e0 costante.<\/span><\/p>\n<p><strong><span class=\"selected\">D: Posso ottenere un campione da testare nella mia formulazione?<\/span><\/strong><\/p>\n<p><span class=\"selected\">R: Assolutamente s\u00ec. Incoraggiamo i test di ricerca e sviluppo per convalidare le prestazioni nella vostra matrice specifica. Utilizzate il pulsante \"Richiedi un campione\" o contattate il nostro team di vendita per organizzare una spedizione.<\/span><\/p>\n<p><strong><span class=\"selected\">D: Qual \u00e8 la quantit\u00e0 minima ordinabile (MOQ)?<\/span><\/strong><\/p>\n<p><span class=\"selected\">R: Il nostro MOQ standard \u00e8 di 25 kg per gli ordini all'ingrosso. Tuttavia, siamo flessibili e possiamo discutere ordini di prova pi\u00f9 piccoli per la valutazione della ricerca e sviluppo. Contattateci per un preventivo personalizzato.<\/span><\/p>\n<p><strong><span class=\"selected\">D: Fornite un rapporto di laboratorio di terzi?<\/span><\/strong><\/p>\n<p><span class=\"selected\">R: S\u00ec, su richiesta possiamo fornire rapporti analitici di terzi per verificare la purezza, il contenuto di metalli pesanti e la sicurezza microbiologica del nostro DHM.<\/span><\/p>\n<h3><strong><span class=\"selected\">Richiedi un preventivo o un campione<\/span><\/strong><\/h3>\n<p><span class=\"selected\">Siete pronti a migliorare la vostra formulazione con la diidromiricetina di elevata purezza? Contattateci oggi stesso per richiedere un campione, ricevere un preventivo non vincolante o scaricare la nostra scheda tecnica.<\/span><\/p>","protected":false},"excerpt":{"rendered":"<ul>\n<li><strong><span class=\"selected\">Diidromiricetina (DHM) in polvere \u2265 98% (HPLC)<\/span><\/strong><\/li>\n<li><span class=\"selected\">Estratto dal premio <\/span><em><span class=\"selected\">Ampelopsis grossedentata<\/span><\/em><span class=\"selected\"> (T\u00e8 alla vite).<\/span><\/li>\n<li><span class=\"selected\">Polvere fine, di colore da bianco a giallo chiaro.<\/span><\/li>\n<li><span class=\"selected\">Ideale per integratori alimentari, bevande funzionali e formulazioni per il recupero post-alcolico.<\/span><\/li>\n<li><span class=\"selected\">Presenta un'elevata purezza, una consistenza superiore dei lotti e propriet\u00e0 fisiche eccellenti per la produzione.<\/span><\/li>\n<\/ul>","protected":false},"featured_media":2648,"comment_status":"open","ping_status":"closed","template":"","meta":{"_acf_changed":false},"product_brand":[],"product_cat":[21],"product_tag":[],"class_list":{"0":"post-2645","1":"product","2":"type-product","3":"status-publish","4":"has-post-thumbnail","6":"product_cat-plant-extracts","8":"first","9":"instock","10":"shipping-taxable","11":"product-type-simple"},"acf":[],"_links":{"self":[{"href":"https:\/\/bstextract.com\/it\/wp-json\/wp\/v2\/product\/2645","targetHints":{"allow":["GET"]}}],"collection":[{"href":"https:\/\/bstextract.com\/it\/wp-json\/wp\/v2\/product"}],"about":[{"href":"https:\/\/bstextract.com\/it\/wp-json\/wp\/v2\/types\/product"}],"replies":[{"embeddable":true,"href":"https:\/\/bstextract.com\/it\/wp-json\/wp\/v2\/comments?post=2645"}],"wp:featuredmedia":[{"embeddable":true,"href":"https:\/\/bstextract.com\/it\/wp-json\/wp\/v2\/media\/2648"}],"wp:attachment":[{"href":"https:\/\/bstextract.com\/it\/wp-json\/wp\/v2\/media?parent=2645"}],"wp:term":[{"taxonomy":"product_brand","embeddable":true,"href":"https:\/\/bstextract.com\/it\/wp-json\/wp\/v2\/product_brand?post=2645"},{"taxonomy":"product_cat","embeddable":true,"href":"https:\/\/bstextract.com\/it\/wp-json\/wp\/v2\/product_cat?post=2645"},{"taxonomy":"product_tag","embeddable":true,"href":"https:\/\/bstextract.com\/it\/wp-json\/wp\/v2\/product_tag?post=2645"}],"curies":[{"name":"wp","href":"https:\/\/api.w.org\/{rel}","templated":true}]}}