{"id":2695,"date":"2025-08-22T07:07:54","date_gmt":"2025-08-22T07:07:54","guid":{"rendered":"https:\/\/bstextract.com\/?post_type=product&#038;p=2695"},"modified":"2025-08-22T07:07:54","modified_gmt":"2025-08-22T07:07:54","slug":"fornitore-di-polvere-di-gomma-konjac-glucomannano","status":"publish","type":"product","link":"https:\/\/bstextract.com\/it\/prodotto\/fornitore-di-polvere-di-gomma-konjac-glucomannano\/","title":{"rendered":"Glucomannano in polvere"},"content":{"rendered":"<p><span class=\"selected\">La polvere di glucomannano, derivata dalla radice della <\/span><strong><span class=\"selected\">Amorphophallus konjac<\/span><\/strong><span class=\"selected\"> \u00e8 una fibra alimentare idrosolubile di qualit\u00e0 superiore. Ampiamente riconosciuta per le sue eccezionali capacit\u00e0 gelificanti e addensanti, \u00e8 un idrocolloide versatile nelle formulazioni di alimenti, bevande e integratori alimentari. Il nostro impegno per un rigoroso controllo di qualit\u00e0 e per l'eccellenza tecnica garantisce un prodotto che offre prestazioni costanti e affidabili per le applicazioni pi\u00f9 esigenti.<\/span><\/p>\n<p><img fetchpriority=\"high\" decoding=\"async\" class=\"aligncenter size-large wp-image-2700\" src=\"https:\/\/bstextract.com\/wp-content\/uploads\/2025\/08\/konjac-glucomannan-powder-extract-1024x768.webp\" alt=\"\" width=\"800\" height=\"600\" title=\"\" srcset=\"https:\/\/bstextract.com\/wp-content\/uploads\/2025\/08\/konjac-glucomannan-powder-extract-1024x768.webp 1024w, https:\/\/bstextract.com\/wp-content\/uploads\/2025\/08\/konjac-glucomannan-powder-extract-300x225.webp 300w, https:\/\/bstextract.com\/wp-content\/uploads\/2025\/08\/konjac-glucomannan-powder-extract-768x576.webp 768w, https:\/\/bstextract.com\/wp-content\/uploads\/2025\/08\/konjac-glucomannan-powder-extract-16x12.webp 16w, https:\/\/bstextract.com\/wp-content\/uploads\/2025\/08\/konjac-glucomannan-powder-extract-600x450.webp 600w, https:\/\/bstextract.com\/wp-content\/uploads\/2025\/08\/konjac-glucomannan-powder-extract.webp 1200w\" sizes=\"(max-width: 800px) 100vw, 800px\" \/><\/p>\n<ul>\n<li><strong><span class=\"selected\">Viscosit\u00e0 eccezionale:<\/span><\/strong><span class=\"selected\"> Testato in laboratorio per ottenere una viscosit\u00e0 di <\/span><strong><span class=\"selected\">16.000 mPa.s<\/span><\/strong><span class=\"selected\"> in una soluzione 1%, che fornisce un addensamento e una consistenza superiori.<\/span><\/li>\n<li><strong><span class=\"selected\">Qualit\u00e0 e purezza rigorose:<\/span><\/strong><span class=\"selected\"> Garantisce un basso contenuto di solfiti (0,3 g\/kg testati), assicurando la conformit\u00e0 ai severi standard di sicurezza internazionali.<\/span><\/li>\n<li><strong><span class=\"selected\">Dispersibilit\u00e0 ottimale:<\/span><\/strong><span class=\"selected\"> Dimensioni coerenti delle particelle (<\/span><strong><span class=\"selected\">90% pass 40 mesh<\/span><\/strong><span class=\"selected\">) impedisce la formazione di grumi e consente una dispersione omogenea e uniforme.<\/span><\/li>\n<li><strong><span class=\"selected\">Direttamente dal produttore:<\/span><\/strong><span class=\"selected\"> Provenienti direttamente dalla nostra fabbrica, assicurano prezzi competitivi e piena tracciabilit\u00e0 dalla materia prima al prodotto finale.<\/span><\/li>\n<\/ul>\n<h2><strong><span class=\"selected\">Parametri tecnici chiave e qualit\u00e0 disponibili<\/span><\/strong><\/h2>\n<p><span class=\"selected\">Per la nostra polvere di glucomannano forniamo una scheda tecnica completa e trasparente, pensata per aiutarvi a integrarla perfettamente nelle vostre formulazioni. Tutte le specifiche sono confermate da rigorosi test di laboratorio interni e di terze parti.<\/span><\/p>\n<table>\n<tbody>\n<tr>\n<th><span class=\"selected\">Articoli<\/span><\/th>\n<th><span class=\"selected\">Standard<\/span><\/th>\n<th><span class=\"selected\">Metodo di test<\/span><\/th>\n<\/tr>\n<tr>\n<td><strong><span class=\"selected\">Aspetto<\/span><\/strong><\/td>\n<td><span class=\"selected\">Granuli bianchi con leggere macchie marroni<\/span><\/td>\n<td><span class=\"selected\">Ispezione visiva<\/span><\/td>\n<\/tr>\n<tr>\n<td><strong><span class=\"selected\">Contenuto di glucomannano<\/span><\/strong><\/td>\n<td><strong><span class=\"selected\">\u226570%<\/span><\/strong><span class=\"selected\"> (Testato a <\/span><strong><span class=\"selected\">70.3%<\/span><\/strong><span class=\"selected\">)<\/span><\/td>\n<td><span class=\"selected\">HPLC<\/span><\/td>\n<\/tr>\n<tr>\n<td><strong><span class=\"selected\">Viscosit\u00e0<\/span><\/strong><\/td>\n<td><strong><span class=\"selected\">16.000 mPa.s<\/span><\/strong><\/td>\n<td><span class=\"selected\">1% soluzione acquosa, 30\u00b0C, da 12 a 4 rotori<\/span><\/td>\n<\/tr>\n<tr>\n<td><strong><span class=\"selected\">Dimensione della maglia<\/span><\/strong><\/td>\n<td><strong><span class=\"selected\">90% pass 40 mesh<\/span><\/strong><\/td>\n<td><span class=\"selected\">Analisi al setaccio standard<\/span><\/td>\n<\/tr>\n<tr>\n<td><strong><span class=\"selected\">Perdita all'essiccazione<\/span><\/strong><\/td>\n<td><strong><span class=\"selected\">\u226410%<\/span><\/strong><span class=\"selected\"> (Testato a <\/span><strong><span class=\"selected\">9.1%<\/span><\/strong><span class=\"selected\">)<\/span><\/td>\n<td><span class=\"selected\">Gravimetrico<\/span><\/td>\n<\/tr>\n<tr>\n<td><strong><span class=\"selected\">Contenuto di cenere<\/span><\/strong><\/td>\n<td><strong><span class=\"selected\">\u22642%<\/span><\/strong><span class=\"selected\"> (Testato a <\/span><strong><span class=\"selected\">1.44%<\/span><\/strong><span class=\"selected\">)<\/span><\/td>\n<td><span class=\"selected\">Metodo del forno a muffola<\/span><\/td>\n<\/tr>\n<tr>\n<td><strong><span class=\"selected\">pH<\/span><\/strong><\/td>\n<td><strong><span class=\"selected\">6.0 &#8211; 7.0<\/span><\/strong><span class=\"selected\"> (Testato a <\/span><strong><span class=\"selected\">6.1<\/span><\/strong><span class=\"selected\">)<\/span><\/td>\n<td><span class=\"selected\">Misuratore di pH<\/span><\/td>\n<\/tr>\n<tr>\n<td><strong><span class=\"selected\">Solfito<\/span><\/strong><span class=\"selected\"> (come <\/span><code><span class=\"selected\">SO\u2082<\/span><\/code><span class=\"selected\">)<\/span><\/td>\n<td><strong><span class=\"selected\">\u22640,5 g\/kg<\/span><\/strong><span class=\"selected\"> (Testato a <\/span><strong><span class=\"selected\">0,3 g\/kg<\/span><\/strong><span class=\"selected\">)<\/span><\/td>\n<td><span class=\"selected\">Metodo titrimetrico<\/span><\/td>\n<\/tr>\n<\/tbody>\n<\/table>\n<h2><strong><span class=\"selected\">Garanzia di qualit\u00e0 e certificazioni<\/span><\/strong><\/h2>\n<p><span class=\"selected\">Come originale <\/span><strong><span class=\"selected\">produttore<\/span><\/strong><span class=\"selected\"> e affidabile a livello globale <\/span><strong><span class=\"selected\">fornitore<\/span><\/strong><span class=\"selected\">La qualit\u00e0 e la sicurezza sono al centro delle nostre attivit\u00e0. La nostra polvere di glucomannano viene prodotta in uno stabilimento conforme alle GMP, aderendo a rigorosi sistemi di gestione della qualit\u00e0 ISO per garantire l'integrit\u00e0, la sicurezza e la coerenza del prodotto da lotto a lotto.<\/span><\/p>\n<h3><strong><span class=\"selected\">Tracciabilit\u00e0 e metodi di test<\/span><\/strong><\/h3>\n<p><span class=\"selected\">Manteniamo la piena tracciabilit\u00e0 dalla fonte della radice di Konjac fino al prodotto finale confezionato. Ogni lotto \u00e8 sottoposto a un rigoroso protocollo di analisi che utilizza metodi analitici convalidati, tra cui la cromatografia liquida ad alte prestazioni (HPLC) per la valutazione della purezza e la spettrometria di massa al plasma ad accoppiamento induttivo (ICP-MS) per l'analisi dei metalli pesanti, garantendo la conformit\u00e0 e il superamento degli standard internazionali.<\/span><\/p>\n<h3><strong><span class=\"selected\">Documenti disponibili<\/span><\/strong><\/h3>\n<p><span class=\"selected\">Per supportare le vostre esigenze di garanzia della qualit\u00e0 e di regolamentazione, forniamo una serie completa di documenti per ogni spedizione:<\/span><\/p>\n<ul>\n<li><span class=\"selected\">Certificato di analisi (COA)<\/span><\/li>\n<li><span class=\"selected\">Scheda di sicurezza (MSDS)<\/span><\/li>\n<li><span class=\"selected\">Dichiarazione di assenza di allergeni<\/span><\/li>\n<li><span class=\"selected\">Dichiarazione Non OGM<\/span><\/li>\n<li><span class=\"selected\">Certificati Kosher e Halal<\/span><\/li>\n<\/ul>\n<h2><strong><span class=\"selected\">Guida alle applicazioni e alla formulazione<\/span><\/strong><\/h2>\n<p><span class=\"selected\">Il nostro glucomannano in polvere \u00e8 un ingrediente altamente funzionale adatto a un'ampia gamma di applicazioni in diversi settori. Le sue propriet\u00e0 uniche lo rendono una scelta eccellente per la creazione di prodotti innovativi e a marchio pulito.<\/span><\/p>\n<h3><strong><span class=\"selected\">Integratori alimentari<\/span><\/strong><\/h3>\n<ul>\n<li><strong><span class=\"selected\">Capsule e compresse:<\/span><\/strong><span class=\"selected\"> Ideale come fonte di fibra alimentare di elevata purezza. La sua eccellente fluidit\u00e0 lo rende adatto alla compressione diretta e al riempimento delle capsule. (Dosaggio consigliato: 500 mg - 1.500 mg per porzione).<\/span><\/li>\n<li><strong><span class=\"selected\">Gomme e capsule molli:<\/span><\/strong><span class=\"selected\"> Agisce come agente gelificante superiore per creare texture gommose desiderabili in formulazioni vegane e senza gelatina.<\/span><\/li>\n<\/ul>\n<h3><strong><span class=\"selected\">Alimenti e bevande funzionali<\/span><\/strong><\/h3>\n<ul>\n<li><strong><span class=\"selected\">Agente addensante:<\/span><\/strong><span class=\"selected\"> Perfetto per bevande, salse e zuppe a basso contenuto calorico, offre una sensazione di morbidezza e una viscosit\u00e0 stabile senza influire sul sapore.<\/span><\/li>\n<li><strong><span class=\"selected\">Fortificazione di fibre:<\/span><\/strong><span class=\"selected\"> Si incorpora facilmente nei frullati sostitutivi dei pasti, nei prodotti da forno e nella pasta per aumentare il contenuto di fibre alimentari.<\/span><\/li>\n<\/ul>\n<h2><strong><span class=\"selected\">Domande frequenti<\/span><\/strong><\/h2>\n<p><strong><span class=\"selected\">D: Qual \u00e8 la quantit\u00e0 minima ordinabile (MOQ)?<\/span><\/strong><\/p>\n<p><span class=\"selected\">R: Supportiamo aziende di tutte le dimensioni. Contattate il nostro team di vendita per comunicarci le vostre esigenze di volume e vi forniremo una soluzione su misura, dai campioni per la ricerca e sviluppo ai carichi completi in container.<\/span><\/p>\n<p><strong><span class=\"selected\">D: Fornite direttamente dalla vostra fabbrica?<\/span><\/strong><\/p>\n<p><span class=\"selected\">R: S\u00ec, siamo l'originale <\/span><strong><span class=\"selected\">produttore<\/span><\/strong><span class=\"selected\"> e <\/span><strong><span class=\"selected\">esportatore<\/span><\/strong><span class=\"selected\"> di gomma Konjac in polvere. Approvvigionamento diretto dalla nostra <\/span><strong><span class=\"selected\">fabbrica<\/span><\/strong><span class=\"selected\"> vi assicura di ricevere un prodotto di alta qualit\u00e0, completamente tracciabile, a un prezzo competitivo.<\/span><\/p>\n<p><strong><span class=\"selected\">D: Come si garantisce la coerenza tra i lotti?<\/span><\/strong><\/p>\n<p><span class=\"selected\">R: Il nostro processo produttivo \u00e8 regolato da rigorosi standard GMP e ISO. Monitoriamo parametri chiave come viscosit\u00e0, purezza e dimensione delle particelle per ogni lotto, per garantire prestazioni costanti nelle vostre formulazioni.<\/span><\/p>\n<p><strong><span class=\"selected\">D: Come devo idratare la polvere per evitare la formazione di grumi?<\/span><\/strong><\/p>\n<p><span class=\"selected\">R: Per ottenere risultati ottimali, si consiglia di disperdere la polvere nel vortice di acqua fredda agitata o di mescolarla con altri ingredienti secchi (come zucchero o maltodestrina) prima di aggiungere il liquido. Questo assicura un'idratazione rapida e senza grumi.<\/span><\/p>\n<h3><strong><span class=\"selected\">Siete pronti a migliorare la vostra formulazione?<\/span><\/strong><\/h3>\n<p><span class=\"selected\">Richiedete oggi stesso un campione gratuito o un preventivo dettagliato. Il nostro team tecnico \u00e8 pronto ad assistervi nella scelta del grado di glucomannano perfetto per la vostra applicazione specifica.<\/span><\/p>","protected":false},"excerpt":{"rendered":"<ul>\n<li><b>Nome e specifiche del prodotto:<\/b> Glucomannano in polvere, offerto in gradi di elevata purezza, tra cui 70%, 90% e 95%.<\/li>\n<li><b>Fonte e forma:<\/b> Polvere bianca fine estratta dalla radice di Konjac, che funziona come idrocolloide superiore.<\/li>\n<li><b>Caratteristiche tecniche principali:<\/b> Noto per il suo eccezionale profilo di viscosit\u00e0, con gradi testati per superare i 16.000 <code>mPa.s<\/code> in una soluzione 1%.<\/li>\n<li><b>Applicazioni primarie:<\/b> Ideale per integratori alimentari, alimenti funzionali e bevande come agente addensante e gelificante.<\/li>\n<li><b>Vantaggi unici:<\/b> Garantisce un basso contenuto di solfiti e un'eccellente consistenza da lotto a lotto.<\/li>\n<\/ul>","protected":false},"featured_media":2698,"comment_status":"open","ping_status":"closed","template":"","meta":{"_acf_changed":false},"product_brand":[],"product_cat":[21],"product_tag":[],"class_list":{"0":"post-2695","1":"product","2":"type-product","3":"status-publish","4":"has-post-thumbnail","6":"product_cat-plant-extracts","8":"first","9":"instock","10":"shipping-taxable","11":"product-type-simple"},"acf":[],"_links":{"self":[{"href":"https:\/\/bstextract.com\/it\/wp-json\/wp\/v2\/product\/2695","targetHints":{"allow":["GET"]}}],"collection":[{"href":"https:\/\/bstextract.com\/it\/wp-json\/wp\/v2\/product"}],"about":[{"href":"https:\/\/bstextract.com\/it\/wp-json\/wp\/v2\/types\/product"}],"replies":[{"embeddable":true,"href":"https:\/\/bstextract.com\/it\/wp-json\/wp\/v2\/comments?post=2695"}],"wp:featuredmedia":[{"embeddable":true,"href":"https:\/\/bstextract.com\/it\/wp-json\/wp\/v2\/media\/2698"}],"wp:attachment":[{"href":"https:\/\/bstextract.com\/it\/wp-json\/wp\/v2\/media?parent=2695"}],"wp:term":[{"taxonomy":"product_brand","embeddable":true,"href":"https:\/\/bstextract.com\/it\/wp-json\/wp\/v2\/product_brand?post=2695"},{"taxonomy":"product_cat","embeddable":true,"href":"https:\/\/bstextract.com\/it\/wp-json\/wp\/v2\/product_cat?post=2695"},{"taxonomy":"product_tag","embeddable":true,"href":"https:\/\/bstextract.com\/it\/wp-json\/wp\/v2\/product_tag?post=2695"}],"curies":[{"name":"wp","href":"https:\/\/api.w.org\/{rel}","templated":true}]}}