{"id":2757,"date":"2025-08-28T03:27:12","date_gmt":"2025-08-28T03:27:12","guid":{"rendered":"https:\/\/bstextract.com\/?post_type=product&#038;p=2757"},"modified":"2025-08-28T03:27:12","modified_gmt":"2025-08-28T03:27:12","slug":"polvere-di-ialuronato-di-sodio","status":"publish","type":"product","link":"https:\/\/bstextract.com\/it\/prodotto\/polvere-di-ialuronato-di-sodio\/","title":{"rendered":"Ialuronato in polvere"},"content":{"rendered":"<h2><strong><span class=\"selected\">Panoramica del prodotto<\/span><\/strong><\/h2>\n<p><span class=\"selected\">Il sodio ialuronato in polvere \u00e8 un polisaccaride anionico di elevata purezza derivato dalla fermentazione microbica. Come sale sodico dell'acido ialuronico, \u00e8 un polimero lineare composto da unit\u00e0 disaccaridiche ripetute di acido D-glucuronico e N-acetil-D-glucosamina. Rinomato per la sua eccezionale capacit\u00e0 di legare l'acqua, le sue propriet\u00e0 viscoelastiche e la sua biocompatibilit\u00e0, il nostro ialuronato di sodio \u00e8 un ingrediente funzionale di prima qualit\u00e0 per l'industria cosmetica, nutraceutica e alimentare.<\/span><\/p>\n<p><img fetchpriority=\"high\" decoding=\"async\" class=\"aligncenter size-large wp-image-2753\" src=\"https:\/\/bstextract.com\/wp-content\/uploads\/2025\/08\/Enhances-Skin-Texture-and-Smoothness-1024x681.webp\" alt=\"\" width=\"800\" height=\"532\" title=\"\" srcset=\"https:\/\/bstextract.com\/wp-content\/uploads\/2025\/08\/Enhances-Skin-Texture-and-Smoothness-1024x681.webp 1024w, https:\/\/bstextract.com\/wp-content\/uploads\/2025\/08\/Enhances-Skin-Texture-and-Smoothness-300x200.webp 300w, https:\/\/bstextract.com\/wp-content\/uploads\/2025\/08\/Enhances-Skin-Texture-and-Smoothness-768x511.webp 768w, https:\/\/bstextract.com\/wp-content\/uploads\/2025\/08\/Enhances-Skin-Texture-and-Smoothness-1536x1022.webp 1536w, https:\/\/bstextract.com\/wp-content\/uploads\/2025\/08\/Enhances-Skin-Texture-and-Smoothness-2048x1363.webp 2048w, https:\/\/bstextract.com\/wp-content\/uploads\/2025\/08\/Enhances-Skin-Texture-and-Smoothness-18x12.webp 18w, https:\/\/bstextract.com\/wp-content\/uploads\/2025\/08\/Enhances-Skin-Texture-and-Smoothness-600x399.webp 600w\" sizes=\"(max-width: 800px) 100vw, 800px\" \/><\/p>\n<p><span class=\"selected\">Disponibile in una gamma completa di pesi molecolari, svolge molteplici funzioni: da potente umettante nella cura della pelle ad agente lubrificante negli integratori alimentari. Forniamo un ingrediente coerente e di alta qualit\u00e0 che consente ai formulatori di creare prodotti efficaci, stabili e accattivanti.<\/span><\/p>\n<ul>\n<li><strong><span class=\"selected\">Portafoglio completo di pesi molecolari:<\/span><\/strong><span class=\"selected\"> \u00c8 possibile scegliere tra gradi ultra-bassi (2,2M Da) per ottenere prestazioni mirate, dall'idratazione profonda alla formazione di film superficiali e alla modifica della viscosit\u00e0.<\/span><\/li>\n<li><strong><span class=\"selected\">Profilo di purezza eccezionale:<\/span><\/strong><span class=\"selected\"> Il nostro processo di fermentazione e purificazione, rigorosamente controllato, garantisce residui minimi di proteine (&lt;0,1%) e di acidi nucleici, riducendo il potenziale di impurit\u00e0 e migliorando la sicurezza del prodotto.<\/span><\/li>\n<li><strong><span class=\"selected\">Propriet\u00e0 formulative superiori:<\/span><\/strong><span class=\"selected\"> Presenta un'eccellente solubilit\u00e0 in acqua, formando soluzioni cristalline e trasparenti, ideali per sieri di alta qualit\u00e0, bevande e altre applicazioni ad alta concentrazione.<\/span><\/li>\n<li><strong><span class=\"selected\">Fornitura affidabile e tracciabile:<\/span><\/strong><span class=\"selected\"> Disponibile direttamente da un esperto <\/span><strong><span class=\"selected\">produttore<\/span><\/strong><span class=\"selected\">Garantiamo la coerenza tra i lotti, la completa tracciabilit\u00e0 e una solida catena di fornitura per soddisfare le vostre esigenze di produzione.<\/span><\/li>\n<\/ul>\n<h2><strong><span class=\"selected\">Caratteristiche tecniche principali<\/span><\/strong><\/h2>\n<p><span class=\"selected\">La nostra polvere di ialuronato di sodio \u00e8 rigorosamente testata per soddisfare i pi\u00f9 severi standard di qualit\u00e0. Le seguenti specifiche rappresentano un tipico grado ad alto peso molecolare. Si prega di richiedere il certificato di analisi per il peso molecolare specifico di interesse.<\/span><\/p>\n<p><strong><span class=\"selected\">Propriet\u00e0 fisiche e chimiche<\/span><\/strong><\/p>\n<table>\n<tbody>\n<tr>\n<th><span class=\"selected\">Parametro<\/span><\/th>\n<th><span class=\"selected\">Standard<\/span><\/th>\n<th><span class=\"selected\">Risultato tipico<\/span><\/th>\n<\/tr>\n<tr>\n<td><strong><span class=\"selected\">Aspetto<\/span><\/strong><\/td>\n<td><span class=\"selected\">Polvere bianca<\/span><\/td>\n<td><span class=\"selected\">Conforme<\/span><\/td>\n<\/tr>\n<tr>\n<td><strong><span class=\"selected\">Test sul sodio ialuronato<\/span><\/strong><\/td>\n<td><span class=\"selected\">\u2265 91.0%<\/span><\/td>\n<td><span class=\"selected\">97.24%<\/span><\/td>\n<\/tr>\n<tr>\n<td><strong><span class=\"selected\">Dosaggio dell'acido glucuronico<\/span><\/strong><\/td>\n<td><span class=\"selected\">\u2265 44.0%<\/span><\/td>\n<td><span class=\"selected\">47.03%<\/span><\/td>\n<\/tr>\n<tr>\n<td><strong><span class=\"selected\">Aspetto della soluzione (0,1%)<\/span><\/strong><\/td>\n<td><span class=\"selected\">A500nm \u2264 0,01<\/span><\/td>\n<td><span class=\"selected\">Qualificato<\/span><\/td>\n<\/tr>\n<tr>\n<td><strong><span class=\"selected\">pH (soluzione acquosa 0,1%)<\/span><\/strong><\/td>\n<td><span class=\"selected\">5.0 - 8.5<\/span><\/td>\n<td><span class=\"selected\">6.36<\/span><\/td>\n<\/tr>\n<tr>\n<td><strong><span class=\"selected\">Perdita all'essiccazione<\/span><\/strong><\/td>\n<td><span class=\"selected\">\u2264 10.0%<\/span><\/td>\n<td><span class=\"selected\">6.0%<\/span><\/td>\n<\/tr>\n<tr>\n<td><strong><span class=\"selected\">Residui all'accensione<\/span><\/strong><\/td>\n<td><span class=\"selected\">\u2264 20.0%<\/span><\/td>\n<td><span class=\"selected\">10.85%<\/span><\/td>\n<\/tr>\n<\/tbody>\n<\/table>\n<p><strong><span class=\"selected\">Profilo delle impurit\u00e0 e microbiologia<\/span><\/strong><\/p>\n<table>\n<tbody>\n<tr>\n<th><span class=\"selected\">Parametro<\/span><\/th>\n<th><span class=\"selected\">Standard<\/span><\/th>\n<th><span class=\"selected\">Risultato tipico<\/span><\/th>\n<\/tr>\n<tr>\n<td><strong><span class=\"selected\">Proteine<\/span><\/strong><\/td>\n<td><span class=\"selected\">\u2264 0,1%<\/span><\/td>\n<td><span class=\"selected\">0.046%<\/span><\/td>\n<\/tr>\n<tr>\n<td><strong><span class=\"selected\">Acido Nucleico<\/span><\/strong><\/td>\n<td><span class=\"selected\">A260nm \u2264 0,5<\/span><\/td>\n<td><span class=\"selected\">Qualificato<\/span><\/td>\n<\/tr>\n<tr>\n<td><strong><span class=\"selected\">Cloruri<\/span><\/strong><\/td>\n<td><span class=\"selected\">\u2264 0,5%<\/span><\/td>\n<td><span class=\"selected\">0.3%<\/span><\/td>\n<\/tr>\n<tr>\n<td><strong><span class=\"selected\">Ferro (Fe)<\/span><\/strong><\/td>\n<td><span class=\"selected\">\u2264 80 ppm<\/span><\/td>\n<td><span class=\"selected\">&lt; 80 ppm<\/span><\/td>\n<\/tr>\n<tr>\n<td><strong><span class=\"selected\">Metalli pesanti (come Pb)<\/span><\/strong><\/td>\n<td><span class=\"selected\">\u2264 10 ppm<\/span><\/td>\n<td><span class=\"selected\">&lt; 10 ppm<\/span><\/td>\n<\/tr>\n<tr>\n<td><strong><span class=\"selected\">Arsenico (As)<\/span><\/strong><\/td>\n<td><span class=\"selected\">\u2264 2 ppm<\/span><\/td>\n<td><span class=\"selected\">&lt; 2 ppm<\/span><\/td>\n<\/tr>\n<tr>\n<td><strong><span class=\"selected\">Conteggio dei batteri totali<\/span><\/strong><\/td>\n<td><span class=\"selected\">\u2264 100 CFU\/g<\/span><\/td>\n<td><span class=\"selected\">&lt; 100 UFC\/g<\/span><\/td>\n<\/tr>\n<tr>\n<td><strong><span class=\"selected\">Lievito e muffa<\/span><\/strong><\/td>\n<td><span class=\"selected\">\u2264 10 CFU\/g<\/span><\/td>\n<td><span class=\"selected\">&lt; 10 UFC\/g<\/span><\/td>\n<\/tr>\n<tr>\n<td><strong><span class=\"selected\">Staphylococcus aureus<\/span><\/strong><\/td>\n<td><span class=\"selected\">Negativo<\/span><\/td>\n<td><span class=\"selected\">Negativo<\/span><\/td>\n<\/tr>\n<tr>\n<td><strong><span class=\"selected\">Pseudomonas aeruginosa<\/span><\/strong><\/td>\n<td><span class=\"selected\">Negativo<\/span><\/td>\n<td><span class=\"selected\">Negativo<\/span><\/td>\n<\/tr>\n<\/tbody>\n<\/table>\n<p><strong><span class=\"selected\">Imballaggio e fornitura:<\/span><\/strong><span class=\"selected\"> L'imballaggio standard comprende sacchetti in foglio di alluminio da 1 kg e fusti in fibra da 25 kg. Le quantit\u00e0 di prodotti sfusi sono disponibili direttamente presso il nostro <\/span><strong><span class=\"selected\">fabbrica<\/span><\/strong><span class=\"selected\"> con soluzioni di imballaggio personalizzabili.<\/span><\/p>\n<h2><strong><span class=\"selected\">Guida alla selezione del peso molecolare<\/span><\/strong><\/h2>\n<p><span class=\"selected\">La funzionalit\u00e0 dello ialuronato di sodio \u00e8 direttamente legata al suo peso molecolare (MW). Offriamo uno spettro completo per soddisfare le diverse esigenze di formulazione.<\/span><\/p>\n<ul>\n<li><strong><span class=\"selected\">Basso peso molecolare (&lt; 500k Da):<\/span><\/strong>\n<ul>\n<li><strong><span class=\"selected\">Cosmetici:<\/span><\/strong><span class=\"selected\"> Progettato per penetrare potenzialmente negli strati superiori della pelle, fornendo un'idratazione pi\u00f9 profonda.<\/span><\/li>\n<li><strong><span class=\"selected\">Integratori:<\/span><\/strong><span class=\"selected\"> Maggiore biodisponibilit\u00e0 per il consumo orale.<\/span><\/li>\n<\/ul>\n<\/li>\n<li><strong><span class=\"selected\">Peso molecolare medio (500k - 1,8M Da):<\/span><\/strong>\n<ul>\n<li><strong><span class=\"selected\">Cosmetici:<\/span><\/strong><span class=\"selected\"> Una scelta equilibrata che offre una buona idratazione, una sensazione sensoriale morbida e una viscosit\u00e0 moderata. Ideale per lozioni e creme.<\/span><\/li>\n<\/ul>\n<\/li>\n<li><strong><span class=\"selected\">Alto peso molecolare (&gt; 1,8M Da):<\/span><\/strong>\n<ul>\n<li><strong><span class=\"selected\">Cosmetici:<\/span><\/strong><span class=\"selected\"> Eccellente idratazione superficiale e propriet\u00e0 filmogene per ridurre la perdita di acqua transepidermica (TEWL). Agisce come efficace addensante per sieri e gel.<\/span><\/li>\n<li><strong><span class=\"selected\">Integratori:<\/span><\/strong><span class=\"selected\"> Fornisce lubrificazione e viscoelasticit\u00e0, rendendolo adatto alle formulazioni per la salute delle articolazioni.<\/span><\/li>\n<\/ul>\n<\/li>\n<\/ul>\n<h2><strong><span class=\"selected\">Applicazioni e guida alla formulazione<\/span><\/strong><\/h2>\n<p><strong><span class=\"selected\">Applicazioni cosmetiche e per la cura della pelle<\/span><\/strong><\/p>\n<ul>\n<li><strong><span class=\"selected\">Sieri, creme, lozioni e maschere idratanti:<\/span><\/strong><span class=\"selected\"> Agisce come un umettante superiore.<\/span><\/li>\n<li><strong><span class=\"selected\">Livello di utilizzo consigliato:<\/span><\/strong><span class=\"selected\"> 0.1% &#8211; 2.0%.<\/span><\/li>\n<li><strong><span class=\"selected\">Suggerimento per la formulazione:<\/span><\/strong><span class=\"selected\"> Per sciogliere la polvere ad alto MW, cospargerla lentamente nel vortice dell'acqua agitata (o dell'idrosol) per evitare la formazione di grumi. Evitare di aggiungerla a un liquido statico. Anche la pre-dispersione in un solvente non acquoso come il propandiolo o la glicerina prima dell'aggiunta all'acqua pu\u00f2 garantire una soluzione omogenea e priva di grumi.<\/span><\/li>\n<\/ul>\n<p><strong><span class=\"selected\">Applicazioni per alimenti e integratori alimentari<\/span><\/strong><\/p>\n<ul>\n<li><strong><span class=\"selected\">Capsule, compresse, gommose e bevande funzionali:<\/span><\/strong><span class=\"selected\"> Utilizzato per i suoi benefici a sostegno dell'idratazione della pelle e della mobilit\u00e0 articolare.<\/span><\/li>\n<li><strong><span class=\"selected\">Dosaggio consigliato:<\/span><\/strong><span class=\"selected\"> In genere 50 mg - 200 mg per porzione.<\/span><\/li>\n<li><strong><span class=\"selected\">Nota normativa:<\/span><\/strong><span class=\"selected\"> Il nostro materiale di grado alimentare \u00e8 adatto all'uso in alimenti e integratori alimentari nei principali mercati. Per applicazioni specifiche, consultare le normative locali.<\/span><\/li>\n<\/ul>\n<h2><strong><span class=\"selected\">Qualit\u00e0 e conformit\u00e0 normativa<\/span><\/strong><\/h2>\n<p><strong><span class=\"selected\">Test e controllo qualit\u00e0<\/span><\/strong><span class=\"selected\"> Impieghiamo metodi analitici convalidati per garantire la qualit\u00e0 e la consistenza dei nostri prodotti. Il peso molecolare viene determinato mediante cromatografia a permeazione di gel (GPC), mentre il contenuto di acido glucuronico viene misurato mediante il test del carbazolo. Il nostro impegno per un controllo di qualit\u00e0 rigoroso garantisce ingredienti affidabili e ad alte prestazioni per i vostri prodotti.<\/span><\/p>\n<p><strong><span class=\"selected\">Documentazione disponibile<\/span><\/strong><span class=\"selected\"> Forniamo un pacchetto di documentazione completo per supportare le vostre esigenze di assicurazione della qualit\u00e0 e di regolamentazione:<\/span><\/p>\n<ul>\n<li><span class=\"selected\">Certificato di analisi (COA) per ogni lotto<\/span><\/li>\n<li><span class=\"selected\">Scheda di sicurezza (MSDS)<\/span><\/li>\n<li><span class=\"selected\">Dichiarazione sugli allergeni<\/span><\/li>\n<li><span class=\"selected\">Dichiarazioni vegane e non OGM<\/span><\/li>\n<li><span class=\"selected\">Il nostro stabilimento di produzione \u00e8 certificato ISO 9001 e aderisce ai principi GMP.<\/span><\/li>\n<\/ul>\n<p><img decoding=\"async\" class=\"aligncenter size-full wp-image-2761\" src=\"https:\/\/bstextract.com\/wp-content\/uploads\/2025\/08\/sodium-hyaluronate-powder-coa.webp\" alt=\"\" width=\"626\" height=\"793\" title=\"\" srcset=\"https:\/\/bstextract.com\/wp-content\/uploads\/2025\/08\/sodium-hyaluronate-powder-coa.webp 626w, https:\/\/bstextract.com\/wp-content\/uploads\/2025\/08\/sodium-hyaluronate-powder-coa-237x300.webp 237w, https:\/\/bstextract.com\/wp-content\/uploads\/2025\/08\/sodium-hyaluronate-powder-coa-9x12.webp 9w, https:\/\/bstextract.com\/wp-content\/uploads\/2025\/08\/sodium-hyaluronate-powder-coa-600x760.webp 600w\" sizes=\"(max-width: 626px) 100vw, 626px\" \/><\/p>\n<h2><strong><span class=\"selected\">Stabilit\u00e0 e conservazione<\/span><\/strong><\/h2>\n<p><span class=\"selected\">La polvere di ialuronato di sodio \u00e8 stabile se conservata in contenitori non aperti in un luogo fresco e asciutto, al riparo dalla luce e dall'umidit\u00e0. In soluzione acquosa, la viscosit\u00e0 pu\u00f2 essere influenzata da valori estremi di pH e da alte concentrazioni di elettroliti.<\/span><\/p>\n<h2><strong><span class=\"selected\">Domande frequenti (FAQ)<\/span><\/strong><\/h2>\n<p><strong><span class=\"selected\">D: Come faccio a scegliere il giusto peso molecolare per il mio prodotto?<\/span><\/strong><\/p>\n<p><span class=\"selected\">R: Dipende dal risultato desiderato. Per un'idratazione profonda nella cura della pelle, utilizzare un MW basso. Per l'idratazione superficiale e l'ispessimento, utilizzare un MW elevato. Per gli integratori orali, spesso si preferisce un MW medio-basso per garantire la biodisponibilit\u00e0. Contattare il nostro team tecnico per una raccomandazione personalizzata.<\/span><\/p>\n<p><strong><span class=\"selected\">D: Qual \u00e8 il metodo migliore per sciogliere la polvere di HA?<\/span><\/strong><\/p>\n<p><span class=\"selected\">R: Per i gradi MW elevati, si consiglia di creare un vortice nella fase acquosa con un miscelatore a elica e di cospargere lentamente la polvere. Anche lasciare che si idrati per una notte senza agitazione pu\u00f2 produrre un gel chiaro.<\/span><\/p>\n<p><strong><span class=\"selected\">D: Fornite direttamente dalla fabbrica?<\/span><\/strong><\/p>\n<p><span class=\"selected\">R: S\u00ec, come l'originale <\/span><strong><span class=\"selected\">produttore<\/span><\/strong><span class=\"selected\"> e <\/span><strong><span class=\"selected\">esportatore<\/span><\/strong><span class=\"selected\">gestiamo l'intero processo produttivo. Questo garantisce una tracciabilit\u00e0 completa, una qualit\u00e0 stabile e una linea di comunicazione diretta con i nostri clienti.<\/span><\/p>\n<p><strong><span class=\"selected\">D: Posso richiedere un campione e un COA campione?<\/span><\/strong><\/p>\n<p><span class=\"selected\">R: Assolutamente s\u00ec. Incoraggiamo le prove e le valutazioni. Utilizzate il modulo sottostante per richiedere un campione del peso molecolare desiderato e un COA del campione corrispondente.<\/span><\/p>\n<p><strong><span class=\"selected\">D: Quali sono i tempi di consegna per gli ordini di grandi quantit\u00e0?<\/span><\/strong><\/p>\n<p><span class=\"selected\">R: I tempi di consegna standard sono in genere di 2-3 settimane, ma possono variare in base al volume degli ordini e ai livelli attuali delle scorte. Contattateci per avere un preventivo specifico e un piano di consegna.<\/span><\/p>\n<h3><strong><span class=\"selected\">Richiedi un preventivo o un campione<\/span><\/strong><\/h3>\n<p><span class=\"selected\">Siete pronti a migliorare la vostra formulazione? Contattateci oggi stesso per richiedere un campione, ottenere un preventivo o accedere al nostro pacchetto completo di dati tecnici. I nostri specialisti sono a disposizione per aiutarvi a scegliere il grado di ialuronato di sodio perfetto per la vostra applicazione.<\/span><\/p>","protected":false},"excerpt":{"rendered":"<ul>\n<li><b>Prodotto:<\/b> Sodio ialuronato in polvere<\/li>\n<li><b>Purezza e metodo:<\/b> \u226591% Sodio ialuronato, \u226544% Acido glucuronico.<\/li>\n<li><b>Gradi disponibili:<\/b> Grado alimentare e grado cosmetico.<\/li>\n<li><b>Intervallo di peso molecolare:<\/b> Disponibili da ultra-bassi (2,2M Da).<\/li>\n<li><b>Caratteristiche principali:<\/b> Prodotto per fermentazione microbica (vegano), elevata purezza, eccellente capacit\u00e0 di legare l'acqua e solubilit\u00e0 superiore.<\/li>\n<li><b>Ideale per:<\/b> Formulazione di integratori alimentari, bevande funzionali, sieri idratanti, creme e lozioni.<\/li>\n<\/ul>","protected":false},"featured_media":2758,"comment_status":"open","ping_status":"closed","template":"","meta":{"_acf_changed":false},"product_brand":[],"product_cat":[22],"product_tag":[],"class_list":{"0":"post-2757","1":"product","2":"type-product","3":"status-publish","4":"has-post-thumbnail","6":"product_cat-cosmetic-personal-care-ingredients","8":"first","9":"instock","10":"shipping-taxable","11":"product-type-simple"},"acf":[],"_links":{"self":[{"href":"https:\/\/bstextract.com\/it\/wp-json\/wp\/v2\/product\/2757","targetHints":{"allow":["GET"]}}],"collection":[{"href":"https:\/\/bstextract.com\/it\/wp-json\/wp\/v2\/product"}],"about":[{"href":"https:\/\/bstextract.com\/it\/wp-json\/wp\/v2\/types\/product"}],"replies":[{"embeddable":true,"href":"https:\/\/bstextract.com\/it\/wp-json\/wp\/v2\/comments?post=2757"}],"wp:featuredmedia":[{"embeddable":true,"href":"https:\/\/bstextract.com\/it\/wp-json\/wp\/v2\/media\/2758"}],"wp:attachment":[{"href":"https:\/\/bstextract.com\/it\/wp-json\/wp\/v2\/media?parent=2757"}],"wp:term":[{"taxonomy":"product_brand","embeddable":true,"href":"https:\/\/bstextract.com\/it\/wp-json\/wp\/v2\/product_brand?post=2757"},{"taxonomy":"product_cat","embeddable":true,"href":"https:\/\/bstextract.com\/it\/wp-json\/wp\/v2\/product_cat?post=2757"},{"taxonomy":"product_tag","embeddable":true,"href":"https:\/\/bstextract.com\/it\/wp-json\/wp\/v2\/product_tag?post=2757"}],"curies":[{"name":"wp","href":"https:\/\/api.w.org\/{rel}","templated":true}]}}