{"id":2776,"date":"2025-09-02T06:31:08","date_gmt":"2025-09-02T06:31:08","guid":{"rendered":"https:\/\/bstextract.com\/?post_type=product&#038;p=2776"},"modified":"2025-09-16T03:48:18","modified_gmt":"2025-09-16T03:48:18","slug":"gingerolo-estratto-in-polvere-hplc","status":"publish","type":"product","link":"https:\/\/bstextract.com\/it\/prodotto\/gingerolo-estratto-in-polvere-hplc\/","title":{"rendered":"Gingerolo in polvere"},"content":{"rendered":"<h2><span class=\"selected\">Panoramica del prodotto<\/span><\/h2>\n<p><span class=\"selected\">Il nostro Gingerolo in polvere \u00e8 un estratto di qualit\u00e0 superiore derivato dal rizoma del <\/span><em><span class=\"selected\">Zingiber officinale<\/span><\/em><span class=\"selected\">. Questa polvere gialla e fine viene lavorata meticolosamente per concentrare i composti bioattivi primari, i gingeroli, garantendo potenza e prestazioni costanti nelle vostre formulazioni. Utilizzando metodi di analisi HPLC avanzati, forniamo un ingrediente affidabile e di elevata purezza, standardizzato per contenere da 1% a 20% di gingeroli, che lo rende una scelta ideale per integratori alimentari, alimenti funzionali e applicazioni cosmetiche.<\/span><\/p>\n<p><span class=\"selected\">Come azienda integrata verticalmente <\/span><strong><span class=\"selected\">produttore<\/span><\/strong><span class=\"selected\">controlliamo l'intero processo, dall'approvvigionamento all'estrazione, garantendo un prodotto che soddisfa i pi\u00f9 severi standard di qualit\u00e0 e sicurezza.<\/span><\/p>\n<ul>\n<li><strong><span class=\"selected\">Alta purezza e potenza:<\/span><\/strong><span class=\"selected\"> Concentrazioni standardizzate che vanno da 1% a 20% Gingerols, verificate con precisione mediante cromatografia liquida ad alte prestazioni (HPLC) per una quantificazione accurata e un'efficacia affidabile.<\/span><\/li>\n<li><strong><span class=\"selected\">Eccellente producibilit\u00e0:<\/span><\/strong><span class=\"selected\"> Una polvere fine (100% passa 80 mesh) con una fluidit\u00e0 superiore, progettata per essere integrata senza problemi nei processi di incapsulamento, compattazione e miscelazione di polveri ad alta velocit\u00e0.<\/span><\/li>\n<li><strong><span class=\"selected\">Profilo di sicurezza completo:<\/span><\/strong><span class=\"selected\"> Rigorosamente testato per metalli pesanti, pesticidi e contaminanti microbici, garantisce la piena conformit\u00e0 ai requisiti USP e agli standard globali di sicurezza alimentare.<\/span><\/li>\n<li><strong><span class=\"selected\">Compatibile con il marchio Clean-Label:<\/span><\/strong><span class=\"selected\"> Certificato Non OGM e non irradiato, \u00e8 l'ingrediente perfetto per le formulazioni di prodotti naturali e a marchio pulito.<\/span><\/li>\n<li><strong><span class=\"selected\">Fornitura diretta dalla fabbrica:<\/span><\/strong><span class=\"selected\"> Disponibile direttamente dall'originale <\/span><strong><span class=\"selected\">produttore<\/span><\/strong><span class=\"selected\"> e <\/span><strong><span class=\"selected\">esportatore<\/span><\/strong><span class=\"selected\">garantendo una tracciabilit\u00e0 completa, una qualit\u00e0 costante e una catena di fornitura stabile e affidabile per i nostri partner globali.<\/span><\/li>\n<\/ul>\n<h2><span class=\"selected\">Caratteristiche tecniche principali<\/span><\/h2>\n<p><span class=\"selected\">Questa tabella rappresenta le specifiche tipiche del nostro grado HPLC Gingerol 5%. Le specifiche per altre concentrazioni (1%, 10%, 15%, 20%) sono disponibili su richiesta.<\/span><\/p>\n<table>\n<tbody>\n<tr>\n<th><span class=\"selected\">Parametro<\/span><\/th>\n<th><span class=\"selected\">Specifiche<\/span><\/th>\n<th><span class=\"selected\">Metodo<\/span><\/th>\n<\/tr>\n<tr>\n<td><strong><span class=\"selected\">Principio attivo<\/span><\/strong><\/td>\n<td><span class=\"selected\">\u22651%, 5%, 10%, 15%, 20% Zenzero<\/span><\/td>\n<td><span class=\"selected\">HPLC<\/span><\/td>\n<\/tr>\n<tr>\n<td><strong><span class=\"selected\">Aspetto<\/span><\/strong><\/td>\n<td><span class=\"selected\">Polvere gialla fine<\/span><\/td>\n<td><span class=\"selected\">Visivo<\/span><\/td>\n<\/tr>\n<tr>\n<td><strong><span class=\"selected\">Dimensione della maglia<\/span><\/strong><\/td>\n<td><span class=\"selected\">100% Pass 80 Maglia<\/span><\/td>\n<td><span class=\"selected\">Setacciatura<\/span><\/td>\n<\/tr>\n<tr>\n<td><strong><span class=\"selected\">Perdita all'essiccazione<\/span><\/strong><\/td>\n<td><span class=\"selected\">\u22645.0%<\/span><\/td>\n<td><span class=\"selected\">USP<\/span><\/td>\n<\/tr>\n<tr>\n<td><strong><span class=\"selected\">Residui all'accensione<\/span><\/strong><\/td>\n<td><span class=\"selected\">\u22645.0%<\/span><\/td>\n<td><span class=\"selected\">USP<\/span><\/td>\n<\/tr>\n<tr>\n<td><strong><span class=\"selected\">Metalli pesanti<\/span><\/strong><\/td>\n<td><span class=\"selected\">\u226410ppm<\/span><\/td>\n<td><span class=\"selected\">ICP-MS<\/span><\/td>\n<\/tr>\n<tr>\n<td><span class=\"selected\">- Piombo (Pb)<\/span><\/td>\n<td><span class=\"selected\">\u22643ppm<\/span><\/td>\n<td><span class=\"selected\">ICP-MS<\/span><\/td>\n<\/tr>\n<tr>\n<td><span class=\"selected\">- Arsenico (As)<\/span><\/td>\n<td><span class=\"selected\">\u22642ppm<\/span><\/td>\n<td><span class=\"selected\">ICP-MS<\/span><\/td>\n<\/tr>\n<tr>\n<td><span class=\"selected\">- Cadmio (Cd)<\/span><\/td>\n<td><span class=\"selected\">\u22641ppm<\/span><\/td>\n<td><span class=\"selected\">ICP-MS<\/span><\/td>\n<\/tr>\n<tr>\n<td><span class=\"selected\">- Mercurio (Hg)<\/span><\/td>\n<td><span class=\"selected\">\u22640,1ppm<\/span><\/td>\n<td><span class=\"selected\">ICP-MS<\/span><\/td>\n<\/tr>\n<tr>\n<td><strong><span class=\"selected\">Residui di pesticidi<\/span><\/strong><\/td>\n<td><span class=\"selected\">Soddisfa i requisiti USP<\/span><\/td>\n<td><span class=\"selected\">GC-MS\/LC-MS<\/span><\/td>\n<\/tr>\n<tr>\n<td><strong><span class=\"selected\">Microbiologico<\/span><\/strong><\/td>\n<td><\/td>\n<td><\/td>\n<\/tr>\n<tr>\n<td><span class=\"selected\">- Conteggio totale delle piastre<\/span><\/td>\n<td><span class=\"selected\">\u22641000 ufc\/g<\/span><\/td>\n<td><span class=\"selected\">USP<\/span><\/td>\n<\/tr>\n<tr>\n<td><span class=\"selected\">- Lievito e muffa<\/span><\/td>\n<td><span class=\"selected\">\u2264100 ufc\/g<\/span><\/td>\n<td><span class=\"selected\">USP<\/span><\/td>\n<\/tr>\n<tr>\n<td><span class=\"selected\">- E. Coli<\/span><\/td>\n<td><span class=\"selected\">Negativo<\/span><\/td>\n<td><span class=\"selected\">USP<\/span><\/td>\n<\/tr>\n<tr>\n<td><span class=\"selected\">- Salmonella<\/span><\/td>\n<td><span class=\"selected\">Negativo<\/span><\/td>\n<td><span class=\"selected\">USP<\/span><\/td>\n<\/tr>\n<tr>\n<td><strong><span class=\"selected\">Stato generale<\/span><\/strong><\/td>\n<td><\/td>\n<td><\/td>\n<\/tr>\n<tr>\n<td><span class=\"selected\">- Stato degli OGM<\/span><\/td>\n<td><span class=\"selected\">Non OGM<\/span><\/td>\n<td><\/td>\n<\/tr>\n<tr>\n<td><span class=\"selected\">- Irradiazione<\/span><\/td>\n<td><span class=\"selected\">Non irradiato<\/span><\/td>\n<td><\/td>\n<\/tr>\n<\/tbody>\n<\/table>\n<h2><span class=\"selected\">Test e garanzia di qualit\u00e0<\/span><\/h2>\n<p><span class=\"selected\">La qualit\u00e0 non \u00e8 solo uno standard, \u00e8 il nostro impegno. Utilizziamo esclusivamente <\/span><strong><span class=\"selected\">HPLC<\/span><\/strong><span class=\"selected\"> per l'analisi dei gingeroli. A differenza dei metodi UV-Vis meno precisi, l'HPLC separa e quantifica i composti specifici di gingerolo e shogaolo, fornendo una misura accurata e affidabile della potenza. Ci\u00f2 garantisce che il materiale ricevuto fornisca prestazioni costanti, lotto dopo lotto.<\/span><\/p>\n<p><span class=\"selected\">Su richiesta, forniamo un pacchetto di documentazione completo per ogni ordine, che comprende:<\/span><\/p>\n<ul>\n<li><a href=\"https:\/\/bstextract.com\/wp-content\/uploads\/2025\/09\/Gingerol-Powder-COA.pdf\">Gingerolo in polvere COA<\/a><\/li>\n<li><span class=\"selected\">Scheda di sicurezza (MSDS)<\/span><\/li>\n<li><span class=\"selected\">Dichiarazione sugli allergeni<\/span><\/li>\n<li><span class=\"selected\">Certificato Non OGM<\/span><\/li>\n<li><span class=\"selected\">Certificati Kosher e Halal<\/span><\/li>\n<\/ul>\n<h2><span class=\"selected\">Applicazioni e guida alla formulazione<\/span><\/h2>\n<p><span class=\"selected\">Le eccellenti propriet\u00e0 fisiche del nostro Gingerol in polvere lo rendono versatile per un'ampia gamma di applicazioni.<\/span><\/p>\n<ul>\n<li><strong><span class=\"selected\">Integratori alimentari (capsule\/compresse):<\/span><\/strong><span class=\"selected\"> La granulometria a 80 maglie e il basso contenuto di umidit\u00e0 assicurano un'eccellente fluidit\u00e0 e comprimibilit\u00e0, prevenendo la formazione di tappi durante la compattazione e garantendo un dosaggio uniforme nelle capsule.<\/span>\n<ul>\n<li><strong><span class=\"selected\">Dosaggio consigliato:<\/span><\/strong><span class=\"selected\"> 100 mg - 500 mg di estratto per dose, a seconda della concentrazione di gingerolo desiderata.<\/span><\/li>\n<\/ul>\n<\/li>\n<li><strong><span class=\"selected\">Alimenti e bevande funzionali:<\/span><\/strong><span class=\"selected\"> L'estratto conferisce un caratteristico sapore pungente. Per le applicazioni liquide, si consiglia di condurre prove di solubilit\u00e0 e stabilit\u00e0 su piccola scala, poich\u00e9 concentrazioni pi\u00f9 elevate potrebbero richiedere agenti solubilizzanti. Una versione idrosolubile \u00e8 disponibile anche presso il nostro sito web <\/span><strong><span class=\"selected\">fabbrica<\/span><\/strong><span class=\"selected\"> per una maggiore disperdibilit\u00e0.<\/span>\n<ul>\n<li><strong><span class=\"selected\">Livello di aggiunta consigliato:<\/span><\/strong><span class=\"selected\"> 0,1% - 1,5% in miscele di bevande in polvere e barrette alimentari funzionali.<\/span><\/li>\n<\/ul>\n<\/li>\n<li><strong><span class=\"selected\">Cosmetici e cura della persona:<\/span><\/strong><span class=\"selected\"> Ideale per creare sensazioni di calore in prodotti topici come massaggi muscolari, lozioni per massaggi e trattamenti per il cuoio capelluto. \u00c8 compatibile con le pi\u00f9 comuni basi di olio ed emulsione.<\/span>\n<ul>\n<li><strong><span class=\"selected\">Livello di utilizzo consigliato:<\/span><\/strong><span class=\"selected\"> 0,05% - 0,5% nelle formulazioni finite.<\/span><\/li>\n<\/ul>\n<\/li>\n<\/ul>\n<h2><span class=\"selected\">Stabilit\u00e0 e conservazione<\/span><\/h2>\n<p><span class=\"selected\">I gingeroli sono sensibili al calore elevato e all'esposizione prolungata alla luce. Per garantire la massima stabilit\u00e0 e una durata di conservazione di 24 mesi, conservare il prodotto nelle confezioni originali non aperte, in un luogo fresco e asciutto, lontano dalla luce solare diretta.<\/span><\/p>\n<h2><span class=\"selected\">Imballaggio e fornitura di rinfuse<\/span><\/h2>\n<ul>\n<li><strong><span class=\"selected\">Imballaggio standard:<\/span><\/strong><span class=\"selected\"> 25 kg di peso netto in fusti di fibra con doppio sacco di plastica interno.<\/span><\/li>\n<li><strong><span class=\"selected\">Ordini in blocco:<\/span><\/strong><span class=\"selected\"> Come primario <\/span><strong><span class=\"selected\">fornitore<\/span><\/strong><span class=\"selected\">Siamo in grado di gestire ordini su larga scala e di offrire soluzioni di imballaggio personalizzate per soddisfare le vostre esigenze di produzione.<\/span><\/li>\n<\/ul>\n<h2><span class=\"selected\">Domande frequenti (FAQ)<\/span><\/h2>\n<p><strong><span class=\"selected\">D: Eseguite il test dei gingeroli mediante HPLC?<\/span><\/strong><\/p>\n<p><span class=\"selected\">R: S\u00ec, assolutamente. Tutti i nostri prodotti a base di Gingerol sono testati e standardizzati mediante HPLC per garantire la massima precisione e potenza. Non utilizziamo il metodo UV, meno affidabile.<\/span><\/p>\n<p><strong><span class=\"selected\">D: Siete il produttore diretto o un commerciante?<\/span><\/strong><\/p>\n<p><span class=\"selected\">R: Siamo l'originale <\/span><strong><span class=\"selected\">produttore<\/span><\/strong><span class=\"selected\"> e <\/span><strong><span class=\"selected\">esportatore<\/span><\/strong><span class=\"selected\"> di Gingerol in polvere. Questo ci permette di offrire prezzi competitivi, forniture stabili e una tracciabilit\u00e0 completa dalla materia prima al prodotto finale.<\/span><\/p>\n<p><strong><span class=\"selected\">D: Quali sono i tempi di consegna per un ordine di grandi quantit\u00e0?<\/span><\/strong><\/p>\n<p><span class=\"selected\">R: I tempi di consegna standard per gli ordini di grandi quantit\u00e0 sono in genere di 2-3 settimane, a seconda della quantit\u00e0 richiesta e del programma di produzione. Contattateci per avere una tempistica precisa.<\/span><\/p>\n<p><strong><span class=\"selected\">D: La polvere di Gingerol \u00e8 adatta alle bevande pronte da bere?<\/span><\/strong><\/p>\n<p><span class=\"selected\">R: Il nostro estratto standard ha una solubilit\u00e0 in acqua limitata. Per le applicazioni nelle bevande, consigliamo vivamente il nostro estratto di Gingerolo appositamente formulato e solubile in acqua. Si prega di informarsi per maggiori dettagli.<\/span><\/p>\n<p><strong><span class=\"selected\">D: Qual \u00e8 la vostra quantit\u00e0 minima d'ordine (MOQ)?<\/span><\/strong><\/p>\n<p><span class=\"selected\">R: Il nostro MOQ standard \u00e8 di 25 kg (un fusto). Siamo disponibili a discutere quantit\u00e0 di prova inferiori per nuovi progetti.<\/span><\/p>\n<h2><span class=\"selected\">Richiedete oggi stesso un campione o un preventivo<\/span><\/h2>\n<p><span class=\"selected\">Siete pronti a sperimentare la qualit\u00e0 e la consistenza della nostra polvere di Gingerol nella vostra formulazione? Contattate il nostro team tecnico commerciale per richiedere un campione, ottenere un preventivo non vincolante o scaricare la nostra scheda tecnica completa.<\/span><\/p>","protected":false},"excerpt":{"rendered":"<ul>\n<li><b>Gingerolo in polvere, standardizzato a 1%-20% Gingeroli (HPLC).<\/b><\/li>\n<li>Estratto dal premio <i>Zingiber officinale<\/i> radice; una polvere fine, gialla e scorrevole.<\/li>\n<li>Ideale per integratori alimentari, alimenti e bevande funzionali e formulazioni cosmetiche riscaldanti.<\/li>\n<li>Elevata purezza, eccellente fluidit\u00e0 (80 mesh) e potenza costante direttamente dal produttore.<\/li>\n<\/ul>","protected":false},"featured_media":2777,"comment_status":"open","ping_status":"closed","template":"","meta":{"_acf_changed":false},"product_brand":[],"product_cat":[15],"product_tag":[],"class_list":{"0":"post-2776","1":"product","2":"type-product","3":"status-publish","4":"has-post-thumbnail","6":"product_cat-dietary-supplements","8":"first","9":"instock","10":"shipping-taxable","11":"product-type-simple"},"acf":[],"_links":{"self":[{"href":"https:\/\/bstextract.com\/it\/wp-json\/wp\/v2\/product\/2776","targetHints":{"allow":["GET"]}}],"collection":[{"href":"https:\/\/bstextract.com\/it\/wp-json\/wp\/v2\/product"}],"about":[{"href":"https:\/\/bstextract.com\/it\/wp-json\/wp\/v2\/types\/product"}],"replies":[{"embeddable":true,"href":"https:\/\/bstextract.com\/it\/wp-json\/wp\/v2\/comments?post=2776"}],"wp:featuredmedia":[{"embeddable":true,"href":"https:\/\/bstextract.com\/it\/wp-json\/wp\/v2\/media\/2777"}],"wp:attachment":[{"href":"https:\/\/bstextract.com\/it\/wp-json\/wp\/v2\/media?parent=2776"}],"wp:term":[{"taxonomy":"product_brand","embeddable":true,"href":"https:\/\/bstextract.com\/it\/wp-json\/wp\/v2\/product_brand?post=2776"},{"taxonomy":"product_cat","embeddable":true,"href":"https:\/\/bstextract.com\/it\/wp-json\/wp\/v2\/product_cat?post=2776"},{"taxonomy":"product_tag","embeddable":true,"href":"https:\/\/bstextract.com\/it\/wp-json\/wp\/v2\/product_tag?post=2776"}],"curies":[{"name":"wp","href":"https:\/\/api.w.org\/{rel}","templated":true}]}}