{"id":2844,"date":"2025-09-11T06:59:59","date_gmt":"2025-09-11T06:59:59","guid":{"rendered":"https:\/\/bstextract.com\/?post_type=product&#038;p=2844"},"modified":"2025-09-11T07:00:48","modified_gmt":"2025-09-11T07:00:48","slug":"acido-ellagico-90-hplc-polvere","status":"publish","type":"product","link":"https:\/\/bstextract.com\/it\/prodotto\/acido-ellagico-90-hplc-polvere\/","title":{"rendered":"Acido ellagico"},"content":{"rendered":"<h2><strong><span class=\"selected\">Panoramica del prodotto<\/span><\/strong><\/h2>\n<p><span class=\"selected\">L'acido ellagico \u00e8 un potente polifenolo naturale noto per le sue importanti propriet\u00e0 antiossidanti. Estratto dalle bucce dei melograni, ricche di sostanze nutritive (<\/span><em><span class=\"selected\">Punica granatum<\/span><\/em><span class=\"selected\">), il nostro Acido Ellagico \u00e8 una polvere di elevata purezza, scientificamente standardizzata, progettata per i marchi che cercano ingredienti di prima qualit\u00e0 di origine vegetale. Le sue solide prestazioni e l'eccellente profilo di stabilit\u00e0 ne fanno una scelta privilegiata per gli sviluppatori di prodotti nei settori degli integratori alimentari, dei cosmetici e degli alimenti funzionali che si impegnano a creare prodotti ad alta efficacia sostenuti dalla scienza.<\/span><\/p>\n<p><span class=\"selected\">Questo ingrediente non \u00e8 un semplice prodotto di base, ma \u00e8 stato progettato per i formulatori che richiedono precisione, affidabilit\u00e0 e purezza senza pari per ottenere risultati coerenti e prevedibili nei loro prodotti finiti. Siamo consapevoli che, in un mercato competitivo, la qualit\u00e0 delle materie prime si traduce direttamente nel successo del vostro marchio.<\/span><\/p>\n<ul>\n<li><strong><span class=\"selected\">Potenza garantita:<\/span><\/strong><span class=\"selected\"> Standardizziamo il nostro Acido Ellagico in base ad una <\/span><strong><span class=\"selected\">purezza minima 90%<\/span><\/strong><span class=\"selected\">confermata dal metodo di analisi HPLC, standard del settore. Questo vi garantisce di ricevere un ingrediente attivo potente e affidabile in ogni ordine.<\/span><\/li>\n<li><strong><span class=\"selected\">Qualit\u00e0 costante:<\/span><\/strong><span class=\"selected\"> Prodotto in un impianto all'avanguardia, <\/span><strong><span class=\"selected\">Struttura certificata GMP<\/span><\/strong><span class=\"selected\">Il nostro processo garantisce un'eccezionale uniformit\u00e0 da lotto a lotto in termini di purezza, dimensione delle particelle e colore, riducendo al minimo le variabili di produzione.<\/span><\/li>\n<li><strong><span class=\"selected\">Formulabilit\u00e0 migliorata:<\/span><\/strong><span class=\"selected\"> Con un profilo granulometrico finemente controllato, il nostro Acido Ellagico offre caratteristiche superiori di manipolazione, miscelazione e dispersione in vari sistemi applicativi, dalle compresse a compressione diretta alle emulsioni complesse.<\/span><\/li>\n<li><strong><span class=\"selected\">Catena di approvvigionamento affidabile:<\/span><\/strong><span class=\"selected\"> Come il <\/span><strong><span class=\"selected\">produttore diretto<\/span><\/strong><span class=\"selected\">Forniamo una catena di fornitura completamente tracciabile e stabile, offrendovi la fiducia e l'affidabilit\u00e0 necessarie per la pianificazione della produzione a lungo termine e la crescita del mercato.<\/span><\/li>\n<\/ul>\n<h2><strong><span class=\"selected\">Imballaggio, conservazione e durata di conservazione<\/span><\/strong><\/h2>\n<ul>\n<li><strong><span class=\"selected\">Imballaggio standard:<\/span><\/strong><span class=\"selected\"> 25 kg di peso netto in un robusto fusto in fibra di qualit\u00e0 per l'esportazione, sigillato con doppio rivestimento interno in polietilene (PE) alimentare per proteggere l'integrit\u00e0 del prodotto. Su richiesta, \u00e8 disponibile un imballaggio personalizzato per gli ordini di grandi quantit\u00e0.<\/span><\/li>\n<li><strong><span class=\"selected\">Condizioni di conservazione:<\/span><\/strong><span class=\"selected\"> Per mantenere una qualit\u00e0 ottimale, conservare in un ambiente fresco (&lt;25\u00b0C), asciutto e buio, lontano dalla luce solare diretta, dall&#039;umidit\u00e0 e da odori forti. Tenere il contenitore ben chiuso quando non viene utilizzato.<\/span><\/li>\n<li><strong><span class=\"selected\">Durata di conservazione:<\/span><\/strong><span class=\"selected\"> 24 mesi dalla data di produzione se conservato nelle condizioni raccomandate.<\/span><\/li>\n<\/ul>\n<h2><strong><span class=\"selected\">Test e garanzia di qualit\u00e0<\/span><\/strong><\/h2>\n<p><span class=\"selected\">Il nostro impegno per la qualit\u00e0 \u00e8 confermato da un rigoroso protocollo di test incentrato su <\/span><strong><span class=\"selected\">Cromatografia liquida ad alte prestazioni (HPLC)<\/span><\/strong><span class=\"selected\">. Questa tecnica analitica avanzata \u00e8 il gold standard definitivo per identificare e quantificare con precisione il contenuto di acido ellagico. A differenza dei metodi meno precisi di spettrofotometria UV-Vis, che possono essere falsati da altri polifenoli, l'HPLC separa ogni composto, garantendo che la purezza del 90% sul nostro COA rifletta accuratamente la molecola attiva.<\/span><\/p>\n<p><span class=\"selected\">Il nostro impianto di produzione \u00e8 certificato GMP e manteniamo una documentazione completa a supporto delle vostre esigenze di qualit\u00e0 e normative. In qualit\u00e0 di <\/span><strong><span class=\"selected\">produttore ed esportatore originale<\/span><\/strong><span class=\"selected\">Offriamo piena trasparenza e possiamo fornire un fascicolo completo di documenti per snellire il processo di qualificazione dei fornitori.<\/span><\/p>\n<p><strong><span class=\"selected\">Documentazione disponibile:<\/span><\/strong><\/p>\n<ul>\n<li><span class=\"selected\">Certificato di analisi (COA) specifico per ogni lotto<\/span><\/li>\n<li><span class=\"selected\">Scheda di sicurezza (MSDS)<\/span><\/li>\n<li><span class=\"selected\">Dichiarazione sugli allergeni<\/span><\/li>\n<li><span class=\"selected\">Dichiarazione non OGM e non irradiante<\/span><\/li>\n<li><span class=\"selected\">La certificazione Halal e Kosher \u00e8 disponibile su richiesta.<\/span><\/li>\n<\/ul>\n<h2><strong><span class=\"selected\">Applicazioni e guida alla formulazione<\/span><\/strong><\/h2>\n<p><span class=\"selected\">Il nostro acido ellagico di elevata purezza \u00e8 progettato per garantire versatilit\u00e0 e prestazioni in una serie di applicazioni complesse.<\/span><\/p>\n<h3><strong><span class=\"selected\">Per gli integratori alimentari:<\/span><\/strong><\/h3>\n<p><span class=\"selected\">Una scelta eccellente per capsule, compresse e miscele in polvere che si concentrano sul supporto antiossidante, sulla salute cellulare e sul benessere della pelle dall'interno. La sua elevata concentrazione consente di ottenere formulazioni potenti e a basso dosaggio, pi\u00f9 convenienti e adatte ai consumatori.<\/span><\/p>\n<ul>\n<li><strong><span class=\"selected\">Livello di utilizzo consigliato:<\/span><\/strong><span class=\"selected\"> 50 mg - 250 mg per porzione.<\/span><\/li>\n<li><strong><span class=\"selected\">Nota sulla formulazione:<\/span><\/strong><span class=\"selected\"> La dimensione controllata delle particelle e la buona fluidit\u00e0 lo rendono adatto alla comprimitura diretta e ai processi di incapsulamento automatizzati, riducendo la necessit\u00e0 di eccipienti aggiuntivi.<\/span><\/li>\n<\/ul>\n<h3><strong><span class=\"selected\">Per le formulazioni per la cura della pelle:<\/span><\/strong><\/h3>\n<p><span class=\"selected\">Un ingrediente attivo chiave per i prodotti avanzati per la cura della pelle, tra cui sieri, creme, lozioni e maschere, che mirano a ottenere un tono della pelle pi\u00f9 luminoso e uniforme e a fornire una solida protezione antiossidante contro i fattori di stress ambientale.<\/span><\/p>\n<ul>\n<li><strong><span class=\"selected\">Livello di utilizzo consigliato:<\/span><\/strong><span class=\"selected\"> 0,2% - 1,0%.<\/span><\/li>\n<li><strong><span class=\"selected\">Nota sulla formulazione:<\/span><\/strong><span class=\"selected\"> L'acido ellagico ha una bassa solubilit\u00e0 in acqua. Per un'incorporazione ottimale, si consiglia di disperderlo nella fase oleosa riscaldata di un'emulsione o di creare un pre-slurry in un solvente adatto come il propandiolo, il glicole propilenico o il glicole pentilenico prima di aggiungerlo alla formulazione finale a una temperatura inferiore a 45\u00b0C (113\u00b0F). Il suo rendimento \u00e8 migliore nelle formulazioni con un pH finale compreso tra 4,5 e 6,0.<\/span><\/li>\n<\/ul>\n<h2><strong><span class=\"selected\">Sinergie e compatibilit\u00e0 di formulazione<\/span><\/strong><\/h2>\n<p><span class=\"selected\">Nelle formulazioni per la cura della pelle, l'acido ellagico mostra potenti effetti antiossidanti sinergici quando viene combinato con altri principi attivi, contribuendo a creare un sistema di difesa a pi\u00f9 vie per la pelle.<\/span><\/p>\n<ul>\n<li><strong><span class=\"selected\">Con vitamine:<\/span><\/strong><span class=\"selected\"> Funziona in modo eccezionale con l'acido ascorbico (vitamina C) e i suoi derivati stabili, nonch\u00e9 con il tocoferolo (vitamina E), per fornire una protezione antiossidante ad ampio spettro.<\/span><\/li>\n<li><strong><span class=\"selected\">Con altri antiossidanti:<\/span><\/strong><span class=\"selected\"> Pu\u00f2 essere abbinato all'Acido Ferulico per aumentarne la stabilit\u00e0 e l'efficacia.<\/span><\/li>\n<li><strong><span class=\"selected\">Con agenti idratanti:<\/span><\/strong><span class=\"selected\"> \u00c8 pienamente compatibile con i comuni umettanti e agenti idratanti come l'acido ialuronico, la glicerina e vari glicoli.<\/span><\/li>\n<\/ul>\n<h2><strong><span class=\"selected\">Informazioni sulla sicurezza e sulla conformit\u00e0<\/span><\/strong><\/h2>\n<p><span class=\"selected\">Questo prodotto \u00e8 destinato all'uso come ingrediente di integratori alimentari e formulazioni cosmetiche. \u00c8 derivato da una fonte alimentare naturale (<\/span><em><span class=\"selected\">Punica granatum<\/span><\/em><span class=\"selected\">). Le informazioni fornite nel presente documento sono solo a scopo informativo e di formulazione e non costituiscono un'indicazione medica o un'approvazione di alcun prodotto finito. Consigliamo vivamente ai formulatori di consultare le normative regionali (ad es. FDA, EFSA, NMPA) per garantire la piena conformit\u00e0 alla loro specifica applicazione e al loro mercato.<\/span><\/p>\n<h2><strong><span class=\"selected\">Domande frequenti (FAQ)<\/span><\/strong><\/h2>\n<p><strong><span class=\"selected\">D1: Qual \u00e8 la differenza principale tra il grado 90% HPLC e altri estratti meno definiti?<\/span><\/strong><\/p>\n<p><span class=\"selected\">R: Il nostro grado 90% HPLC garantisce un livello molto elevato di purezza e potenza della molecola attiva di acido ellagico. Il metodo HPLC assicura questa precisione, fondamentale per i prodotti ad alte prestazioni e per l'etichettatura trasparente, a differenza dei metodi di analisi UV meno affidabili che possono sovrastimare il contenuto attivo.<\/span><\/p>\n<p><strong><span class=\"selected\">Q2: Fornite direttamente dalla fabbrica?<\/span><\/strong><\/p>\n<p><span class=\"selected\">R: S\u00ec, siamo il <\/span><strong><span class=\"selected\">produttore originale e fornitore globale<\/span><\/strong><span class=\"selected\"> di questo acido ellagico. Ci\u00f2 garantisce la piena tracciabilit\u00e0 dalla materia prima alla polvere finita, una qualit\u00e0 costante, prezzi competitivi e una catena di approvvigionamento stabile per i nostri clienti.<\/span><\/p>\n<p><strong><span class=\"selected\">D3: Qual \u00e8 la pratica migliore per incorporare questo prodotto in un siero cosmetico a base acquosa?<\/span><\/strong><\/p>\n<p><span class=\"selected\">R: Per un sistema prevalentemente acquoso, il metodo pi\u00f9 efficace \u00e8 utilizzare un solubilizzante o creare una pre-dispersione in un glicole come il propandiolo. Sciogliere prima la polvere di acido ellagico nel glicole con un leggero riscaldamento, quindi aggiungere questa soluzione alla fase acquosa. In questo modo si evita la formazione di grumi e si garantisce l'omogeneit\u00e0.<\/span><\/p>\n<p><strong><span class=\"selected\">Q4: Qual \u00e8 la vostra quantit\u00e0 minima d'ordine (MOQ) e i tempi di consegna?<\/span><\/strong><\/p>\n<p><span class=\"selected\">R: Il nostro MOQ standard \u00e8 di 25 kg. Tuttavia, ci impegniamo a sostenere la ricerca e lo sviluppo dei nostri clienti e offriamo quantit\u00e0 di campioni pi\u00f9 piccole (100g - 1kg) per la valutazione. I tempi di consegna standard sono di 2-3 settimane, ma vi invitiamo a contattarci per conoscere i livelli attuali delle scorte e per un preventivo preciso.<\/span><\/p>","protected":false},"excerpt":{"rendered":"<ul>\n<li>\n<p class=\"\"><strong><span class=\"selected\">Attivo di elevata purezza:<\/span><\/strong><span class=\"selected\"> Acido ellagico in polvere standardizzato con purezza \u2265 90%, meticolosamente verificato mediante analisi HPLC.<\/span><\/p>\n<\/li>\n<li><strong><span class=\"selected\">Fonte naturale:<\/span><\/strong><span class=\"selected\"> Estratto da melograni di prima qualit\u00e0 (<\/span><em><span class=\"selected\">Punica granatum<\/span><\/em><span class=\"selected\">), allineandosi alle tendenze del clean-label.<\/span><\/li>\n<li><strong><span class=\"selected\">Aspetto:<\/span><\/strong><span class=\"selected\"> Polvere fine e di colore grigio chiaro con un odore caratteristico, che assicura la coerenza del profilo sensoriale della formulazione.<\/span><\/li>\n<li><strong><span class=\"selected\">Applicazioni chiave:<\/span><\/strong><span class=\"selected\"> Progettato per integratori alimentari ad alte prestazioni, formulazioni avanzate per la cura della pelle (sieri, creme) e alimenti funzionali.<\/span><\/li>\n<li><strong><span class=\"selected\">Vantaggio della formulazione:<\/span><\/strong><span class=\"selected\"> Presenta una dimensione controllata delle particelle per una migliore dispersione e una consistenza superiore da lotto a lotto, fondamentale per una produzione scalabile.<\/span><\/li>\n<\/ul>","protected":false},"featured_media":2845,"comment_status":"open","ping_status":"closed","template":"","meta":{"_acf_changed":false},"product_brand":[],"product_cat":[21],"product_tag":[],"class_list":{"0":"post-2844","1":"product","2":"type-product","3":"status-publish","4":"has-post-thumbnail","6":"product_cat-plant-extracts","8":"first","9":"instock","10":"shipping-taxable","11":"product-type-simple"},"acf":[],"_links":{"self":[{"href":"https:\/\/bstextract.com\/it\/wp-json\/wp\/v2\/product\/2844","targetHints":{"allow":["GET"]}}],"collection":[{"href":"https:\/\/bstextract.com\/it\/wp-json\/wp\/v2\/product"}],"about":[{"href":"https:\/\/bstextract.com\/it\/wp-json\/wp\/v2\/types\/product"}],"replies":[{"embeddable":true,"href":"https:\/\/bstextract.com\/it\/wp-json\/wp\/v2\/comments?post=2844"}],"wp:featuredmedia":[{"embeddable":true,"href":"https:\/\/bstextract.com\/it\/wp-json\/wp\/v2\/media\/2845"}],"wp:attachment":[{"href":"https:\/\/bstextract.com\/it\/wp-json\/wp\/v2\/media?parent=2844"}],"wp:term":[{"taxonomy":"product_brand","embeddable":true,"href":"https:\/\/bstextract.com\/it\/wp-json\/wp\/v2\/product_brand?post=2844"},{"taxonomy":"product_cat","embeddable":true,"href":"https:\/\/bstextract.com\/it\/wp-json\/wp\/v2\/product_cat?post=2844"},{"taxonomy":"product_tag","embeddable":true,"href":"https:\/\/bstextract.com\/it\/wp-json\/wp\/v2\/product_tag?post=2844"}],"curies":[{"name":"wp","href":"https:\/\/api.w.org\/{rel}","templated":true}]}}