{"id":3110,"date":"2025-10-10T09:40:42","date_gmt":"2025-10-10T09:40:42","guid":{"rendered":"https:\/\/bstextract.com\/?post_type=product&#038;p=3110"},"modified":"2025-10-10T09:40:42","modified_gmt":"2025-10-10T09:40:42","slug":"estratto-di-foglie-di-olivo-70-oleuropeina-hplc","status":"publish","type":"product","link":"https:\/\/bstextract.com\/it\/prodotto\/estratto-di-foglie-di-olivo-70-oleuropeina-hplc\/","title":{"rendered":"Estratto di foglie di olivo (70% Oleuropeina)"},"content":{"rendered":"<h2><span class=\"selected\">Panoramica del prodotto<\/span><\/h2>\n<p><span class=\"selected\">Il nostro estratto di foglie di olivo \u00e8 un ingrediente botanico di prima qualit\u00e0 e ad alta potenza, standardizzato con un minimo di 70% di oleuropeina, il composto attivo chiave noto per le sue importanti propriet\u00e0 antiossidanti. Estratto da foglie accuratamente selezionate di <\/span><em><span class=\"selected\">Olea europaea<\/span><\/em><span class=\"selected\"> Questo potente ingrediente \u00e8 stato progettato per fungere da base per integratori alimentari funzionali, trattamenti avanzati per la pelle e formulazioni per il benessere. Ci impegniamo a fornire una materia prima pura, coerente ed efficace, in grado di garantire prestazioni superiori nel prodotto finale.<\/span><\/p>\n<p><strong><span class=\"selected\">Vantaggi principali:<\/span><\/strong><\/p>\n<ul>\n<li><strong><span class=\"selected\">Potenza e purezza eccezionali:<\/span><\/strong><span class=\"selected\"> Standardizziamo l'Oleuropeina \u226570% mediante HPLC, con lotti di produzione tipici che si aggirano costantemente intorno a <\/span><strong><span class=\"selected\">75%<\/span><\/strong><span class=\"selected\">che fornisce un valore tangibile e un'efficacia superiore.<\/span><\/li>\n<li><strong><span class=\"selected\">Propriet\u00e0 formulative superiori:<\/span><\/strong><span class=\"selected\"> Una polvere fine (100% passa 80 mesh) con un'eccellente fluidit\u00e0, che la rende ideale per le linee di incapsulamento e di pastigliamento automatizzate ad alta velocit\u00e0.<\/span><\/li>\n<li><strong><span class=\"selected\">Sicurezza e pulizia comprovate:<\/span><\/strong><span class=\"selected\"> Rigorosamente testato per verificare la presenza di livelli minimi di metalli pesanti, pesticidi e microbi, garantisce la conformit\u00e0 e il superamento di rigorosi parametri di qualit\u00e0 globali come l'USP.<\/span><\/li>\n<li><strong><span class=\"selected\">Fornitura diretta del produttore:<\/span><\/strong><span class=\"selected\"> In qualit\u00e0 di produttore, offriamo una catena di fornitura stabile, completamente tracciabile e conveniente, direttamente dal nostro stabilimento certificato GMP.<\/span><\/li>\n<\/ul>\n<h2><span class=\"selected\">Caratteristiche tecniche principali<\/span><\/h2>\n<table>\n<tbody>\n<tr>\n<th><span class=\"selected\">Articolo<\/span><\/th>\n<th><span class=\"selected\">Standard<\/span><\/th>\n<th><span class=\"selected\">Valore tipico<\/span><\/th>\n<th><span class=\"selected\">Metodo di prova<\/span><\/th>\n<\/tr>\n<tr>\n<td><strong><span class=\"selected\">Fisico e chimico<\/span><\/strong><\/td>\n<td><\/td>\n<td><\/td>\n<td><\/td>\n<\/tr>\n<tr>\n<td><span class=\"selected\">Descrizione<\/span><\/td>\n<td><span class=\"selected\">Polvere fine giallo chiaro<\/span><\/td>\n<td><span class=\"selected\">&#8211;<\/span><\/td>\n<td><span class=\"selected\">Visivo<\/span><\/td>\n<\/tr>\n<tr>\n<td><strong><span class=\"selected\">Test (Oleuropeina)<\/span><\/strong><\/td>\n<td><strong><span class=\"selected\">\u2265 70.0%<\/span><\/strong><\/td>\n<td><strong><span class=\"selected\">~75.25%<\/span><\/strong><\/td>\n<td><strong><span class=\"selected\">HPLC<\/span><\/strong><\/td>\n<\/tr>\n<tr>\n<td><span class=\"selected\">Dimensione delle particelle<\/span><\/td>\n<td><span class=\"selected\">100% Pass 80 Maglia<\/span><\/td>\n<td><span class=\"selected\">Conforme<\/span><\/td>\n<td><span class=\"selected\">Schermo<\/span><\/td>\n<\/tr>\n<tr>\n<td><span class=\"selected\">Perdita all'essiccazione<\/span><\/td>\n<td><span class=\"selected\">\u2264 5.0%<\/span><\/td>\n<td><span class=\"selected\">~3.25%<\/span><\/td>\n<td><span class=\"selected\">USP<\/span><\/td>\n<\/tr>\n<tr>\n<td><strong><span class=\"selected\">Residui e contaminanti<\/span><\/strong><\/td>\n<td><\/td>\n<td><\/td>\n<td><\/td>\n<\/tr>\n<tr>\n<td><span class=\"selected\">Metalli pesanti (totali)<\/span><\/td>\n<td><span class=\"selected\">\u2264 10 ppm<\/span><\/td>\n<td><span class=\"selected\">Conforme<\/span><\/td>\n<td><span class=\"selected\">ICP-MS<\/span><\/td>\n<\/tr>\n<tr>\n<td><span class=\"selected\">Piombo (Pb)<\/span><\/td>\n<td><span class=\"selected\">\u2264 0,5 ppm<\/span><\/td>\n<td><span class=\"selected\">Conforme<\/span><\/td>\n<td><span class=\"selected\">ICP-MS<\/span><\/td>\n<\/tr>\n<tr>\n<td><span class=\"selected\">Arsenico (As)<\/span><\/td>\n<td><span class=\"selected\">\u2264 0,5 ppm<\/span><\/td>\n<td><span class=\"selected\">Conforme<\/span><\/td>\n<td><span class=\"selected\">ICP-MS<\/span><\/td>\n<\/tr>\n<tr>\n<td><span class=\"selected\">Residuo di solvente (etanolo)<\/span><\/td>\n<td><span class=\"selected\">\u2264 5000 ppm<\/span><\/td>\n<td><span class=\"selected\">Conforme<\/span><\/td>\n<td><span class=\"selected\">GC<\/span><\/td>\n<\/tr>\n<tr>\n<td><strong><span class=\"selected\">Controllo microbiologico<\/span><\/strong><\/td>\n<td><\/td>\n<td><\/td>\n<td><\/td>\n<\/tr>\n<tr>\n<td><span class=\"selected\">Conteggio totale delle piastre<\/span><\/td>\n<td><span class=\"selected\">\u2264 30.000 ufc\/g<\/span><\/td>\n<td><span class=\"selected\">Conforme<\/span><\/td>\n<td><span class=\"selected\">USP<\/span><\/td>\n<\/tr>\n<tr>\n<td><span class=\"selected\">Lievito e muffa<\/span><\/td>\n<td><span class=\"selected\">\u2264 100 ufc\/g<\/span><\/td>\n<td><span class=\"selected\">Conforme<\/span><\/td>\n<td><span class=\"selected\">USP<\/span><\/td>\n<\/tr>\n<tr>\n<td><span class=\"selected\">E. Coli e Salmonella<\/span><\/td>\n<td><span class=\"selected\">Negativo<\/span><\/td>\n<td><span class=\"selected\">Negativo<\/span><\/td>\n<td><span class=\"selected\">USP<\/span><\/td>\n<\/tr>\n<\/tbody>\n<\/table>\n<h2><span class=\"selected\">Qualit\u00e0 e documentazione<\/span><\/h2>\n<p><strong><span class=\"selected\">Il nostro impegno per la qualit\u00e0<\/span><\/strong><span class=\"selected\"> Il nostro estratto di foglie di olivo \u00e8 prodotto in uno stabilimento conforme alle cGMP, secondo un rigoroso sistema di gestione della qualit\u00e0. Dalla qualificazione dei fornitori di materie prime al rilascio del prodotto finale, ogni fase \u00e8 meticolosamente controllata e documentata. Per garantire accuratezza e affidabilit\u00e0, impieghiamo metodi analitici avanzati, tra cui la cromatografia liquida ad alte prestazioni (HPLC) per la potenza e l'ICP-MS per lo screening dei metalli pesanti.<\/span><\/p>\n<p><strong><span class=\"selected\">Consistenza garantita da lotto a lotto<\/span><\/strong><span class=\"selected\"> Siamo consapevoli che la coerenza \u00e8 fondamentale per il vostro marchio e per il vostro processo di produzione. I nostri metodi di produzione convalidati e gli stretti controlli in corso d'opera assicurano che ogni lotto di estratto di foglie d'olivo ricevuto soddisfi esattamente gli stessi standard elevati, dandovi un ingrediente su cui potete fare affidamento, produzione dopo produzione.<\/span><\/p>\n<p><strong><span class=\"selected\">Pacchetto di documentazione completo<\/span><\/strong><span class=\"selected\"> Per supportare i vostri team di controllo qualit\u00e0 e di regolamentazione, ogni spedizione \u00e8 accompagnata da un pacchetto di documentazione completo:<\/span><\/p>\n<ul>\n<li><span class=\"selected\">Certificato di analisi (COA)<\/span><\/li>\n<li><span class=\"selected\">Scheda di sicurezza (MSDS)<\/span><\/li>\n<li><span class=\"selected\">Dichiarazione sugli allergeni<\/span><\/li>\n<li><span class=\"selected\">Dichiarazione di assenza di OGM<\/span><\/li>\n<li><span class=\"selected\">Certificati Kosher e Halal<\/span><\/li>\n<\/ul>\n<h2><span class=\"selected\">Applicazioni e guida alla formulazione<\/span><\/h2>\n<p><strong><span class=\"selected\">Integratori alimentari<\/span><\/strong><span class=\"selected\"> Grazie all'elevata potenza e alle eccellenti propriet\u00e0 fisiche, il nostro estratto di foglie di olivo \u00e8 una scelta di prim'ordine per un'ampia gamma di integratori alimentari.<\/span><\/p>\n<ul>\n<li><strong><span class=\"selected\">Forme di dosaggio:<\/span><\/strong><span class=\"selected\"> Ideale per capsule a due pezzi, compresse a compressione diretta e miscele di polveri funzionali.<\/span><\/li>\n<li><strong><span class=\"selected\">Inclusione consigliata:<\/span><\/strong><span class=\"selected\"> 250 mg - 500 mg per dose in formule mirate al supporto degli antiossidanti e del sistema immunitario.<\/span><\/li>\n<li><strong><span class=\"selected\">Nota sulla formulazione:<\/span><\/strong><span class=\"selected\"> La dimensione controllata delle particelle garantisce una miscelazione uniforme e aiuta a prevenire la segregazione in miscele complesse e con pi\u00f9 ingredienti.<\/span><\/li>\n<\/ul>\n<p><strong><span class=\"selected\">Cosmetici funzionali e trattamenti per la pelle<\/span><\/strong><span class=\"selected\"> Sfruttate la potente capacit\u00e0 antiossidante dell'oleuropeina nelle vostre innovazioni cosmetiche e per la cura della pelle.<\/span><\/p>\n<ul>\n<li><strong><span class=\"selected\">Forme di dosaggio:<\/span><\/strong><span class=\"selected\"> Un eccellente ingrediente funzionale per sieri anti-et\u00e0, creme da giorno protettive, lozioni lenitive e maschere facciali antiossidanti.<\/span><\/li>\n<li><strong><span class=\"selected\">Inclusione consigliata:<\/span><\/strong><span class=\"selected\"> 0,5% - 2,0% della formulazione totale.<\/span><\/li>\n<li><strong><span class=\"selected\">Nota sulla formulazione:<\/span><\/strong><span class=\"selected\"> Per una stabilit\u00e0 ottimale, si consiglia di incorporare la polvere nella fase acquosa di un'emulsione a temperature inferiori a 50\u00b0C (122\u00b0F).<\/span><\/li>\n<\/ul>\n<h2><span class=\"selected\">Stabilit\u00e0 e compatibilit\u00e0<\/span><\/h2>\n<p><strong><span class=\"selected\">Profilo di stabilit\u00e0<\/span><\/strong><span class=\"selected\"> L'estratto \u00e8 altamente stabile nella sua forma in polvere se conservato in un contenitore sigillato al riparo dalla luce e dall'umidit\u00e0. In soluzioni acquose, l'Oleuropeina dimostra la sua migliore stabilit\u00e0 in un intervallo di pH compreso tra 4,0 e 6,5. Per evitare la degradazione, si consiglia di evitare l'esposizione a calore elevato e a condizioni fortemente alcaline durante la formulazione.<\/span><\/p>\n<p><strong><span class=\"selected\">Compatibilit\u00e0 della formulazione<\/span><\/strong><span class=\"selected\"> Il nostro estratto di foglie d'olivo \u00e8 compatibile con la maggior parte degli ingredienti utilizzati negli integratori e nei cosmetici. \u00c8 noto per la sua azione sinergica con altri antiossidanti come la vitamina C (acido ascorbico) e la vitamina E (tocoferoli), nonch\u00e9 con minerali come lo zinco e il selenio.<\/span><\/p>\n<h2><span class=\"selected\">Imballaggio, stoccaggio e fornitura<\/span><\/h2>\n<ul>\n<li><strong><span class=\"selected\">Imballaggio:<\/span><\/strong><span class=\"selected\"> Il nostro standard \u00e8 di 25 kg di peso netto in un fusto in fibra alimentare, antimanomissione, con doppio rivestimento interno in PE.<\/span><\/li>\n<li><strong><span class=\"selected\">Stoccaggio:<\/span><\/strong><span class=\"selected\"> Conservare in un luogo fresco, asciutto e buio, lontano dalla luce solare diretta e da odori forti. Mantenere i contenitori ben chiusi.<\/span><\/li>\n<li><strong><span class=\"selected\">Durata di conservazione:<\/span><\/strong><span class=\"selected\"> 24 mesi dalla data di produzione se conservato nelle condizioni raccomandate.<\/span><\/li>\n<li><strong><span class=\"selected\">Fornitura:<\/span><\/strong><span class=\"selected\"> In qualit\u00e0 di produttore diretto, offriamo quantit\u00e0 flessibili di prodotti sfusi e siamo strutturati per garantire una fornitura costante e a lungo termine ai nostri partner globali.<\/span><\/li>\n<\/ul>\n<h2><span class=\"selected\">Domande frequenti<\/span><\/h2>\n<p><strong><span class=\"selected\">D: Siete il produttore diretto di questo estratto di foglie di olivo?<\/span><\/strong><\/p>\n<p><span class=\"selected\">R: S\u00ec, siamo il produttore ed esportatore originale. Questo garantisce una tracciabilit\u00e0 completa, un controllo diretto della qualit\u00e0 e una catena di fornitura efficiente.<\/span><\/p>\n<p><strong><span class=\"selected\">D: Quale solvente di estrazione utilizzate?<\/span><\/strong><\/p>\n<p><span class=\"selected\">R: Utilizziamo un metodo di estrazione da acqua ed etanolo attentamente controllato. Questo processo \u00e8 molto efficace per isolare l'oleuropeina e garantisce che il prodotto finale soddisfi i rigorosi standard di sicurezza per i solventi residui.<\/span><\/p>\n<p><strong><span class=\"selected\">D: Qual \u00e8 la vostra quantit\u00e0 minima d'ordine (MOQ) e i tempi di consegna standard?<\/span><\/strong><\/p>\n<p><span class=\"selected\">R: Il nostro MOQ standard \u00e8 di 25 kg. Il tempo di consegna tipico \u00e8 di 7-10 giorni lavorativi dopo la conferma dell'ordine. Vi invitiamo a contattarci per un preventivo specifico in base alle vostre esigenze di volume.<\/span><\/p>\n<p><strong><span class=\"selected\">D: Possiamo richiedere un campione da far valutare al nostro laboratorio?<\/span><\/strong><\/p>\n<p><span class=\"selected\">R: Assolutamente s\u00ec. Incoraggiamo i nostri partner a testare i nostri materiali. Utilizzate il modulo di contatto sottostante per richiedere un campione non vincolante per le vostre prove di R&amp;S e di formulazione.<\/span><\/p>","protected":false},"excerpt":{"rendered":"<ul>\n<li><b>Estratto ad alta potenza:<\/b> Estratto di foglie di olivo in polvere standardizzato a un minimo di 70% di oleuropeina, verificato mediante HPLC.<\/li>\n<li><b>Fonte Premium:<\/b> Estratto da fonti sostenibili <i>Olea europaea<\/i> foglie, ottenendo una polvere fine di colore giallo chiaro.<\/li>\n<li><b>Applicazioni versatili:<\/b> Ideale per integratori alimentari ad alte prestazioni, alimenti funzionali e formulazioni per la cura della pelle ricche di antiossidanti.<\/li>\n<li><b>Qualit\u00e0 affidabile:<\/b> Certificato GMP, eccellente consistenza da lotto a lotto. Campioni disponibili per la valutazione.<\/li>\n<\/ul>","protected":false},"featured_media":3111,"comment_status":"open","ping_status":"closed","template":"","meta":{"_acf_changed":false},"product_brand":[],"product_cat":[21],"product_tag":[],"class_list":{"0":"post-3110","1":"product","2":"type-product","3":"status-publish","4":"has-post-thumbnail","6":"product_cat-plant-extracts","8":"first","9":"instock","10":"shipping-taxable","11":"product-type-simple"},"acf":[],"_links":{"self":[{"href":"https:\/\/bstextract.com\/it\/wp-json\/wp\/v2\/product\/3110","targetHints":{"allow":["GET"]}}],"collection":[{"href":"https:\/\/bstextract.com\/it\/wp-json\/wp\/v2\/product"}],"about":[{"href":"https:\/\/bstextract.com\/it\/wp-json\/wp\/v2\/types\/product"}],"replies":[{"embeddable":true,"href":"https:\/\/bstextract.com\/it\/wp-json\/wp\/v2\/comments?post=3110"}],"wp:featuredmedia":[{"embeddable":true,"href":"https:\/\/bstextract.com\/it\/wp-json\/wp\/v2\/media\/3111"}],"wp:attachment":[{"href":"https:\/\/bstextract.com\/it\/wp-json\/wp\/v2\/media?parent=3110"}],"wp:term":[{"taxonomy":"product_brand","embeddable":true,"href":"https:\/\/bstextract.com\/it\/wp-json\/wp\/v2\/product_brand?post=3110"},{"taxonomy":"product_cat","embeddable":true,"href":"https:\/\/bstextract.com\/it\/wp-json\/wp\/v2\/product_cat?post=3110"},{"taxonomy":"product_tag","embeddable":true,"href":"https:\/\/bstextract.com\/it\/wp-json\/wp\/v2\/product_tag?post=3110"}],"curies":[{"name":"wp","href":"https:\/\/api.w.org\/{rel}","templated":true}]}}