{"id":3181,"date":"2025-11-17T01:48:31","date_gmt":"2025-11-17T01:48:31","guid":{"rendered":"https:\/\/bstextract.com\/?post_type=product&#038;p=3181"},"modified":"2025-11-21T03:41:41","modified_gmt":"2025-11-21T03:41:41","slug":"tripeptide-di-rame-1-ghk-cu-99-per-cento-polvere","status":"publish","type":"product","link":"https:\/\/bstextract.com\/it\/prodotto\/tripeptide-di-rame-1-ghk-cu-99-per-cento-polvere\/","title":{"rendered":"Tripeptide di rame"},"content":{"rendered":"<h2 data-pm-slice=\"1 1 []\">Panoramica del prodotto<\/h2>\n<p>Il Tripeptide di rame-1, noto anche come GHK-Cu o Peptide di rame blu nell'industria cosmetica, \u00e8 un ingrediente peptidico di prim'ordine per la cura della pelle che funziona bene. \u00c8 un ingrediente chiave nei prodotti moderni ad alte prestazioni che affrontano i segni visibili dell'invecchiamento e dello stress ambientale, poich\u00e9 \u00e8 un forte agente condizionante della pelle (INCI).<\/p>\n<p>Questa sostanza, con numero CAS 49557-75-7, si presenta sotto forma di polvere cristallina blu molto pura. La nostra procedura di produzione garantisce un livello di purezza di almeno 99%, come dimostrato dall'HPLC. Questo garantisce che la vostra formulazione sar\u00e0 il pi\u00f9 attiva possibile e coerente da un lotto all'altro.<\/p>\n<p>La solubilit\u00e0 \u00e8 un grosso problema per i formulatori che lavorano con i peptidi. Il nostro GHK-Cu risolve questo problema essendo molto solubile in acqua (\u2265100mg\/ml). Questo lo rende facile da miscelare in sieri, tonici ed emulsioni a base acquosa. Il risultato \u00e8 una soluzione cristallina di un bel blu che non presenta problemi di stabilit\u00e0 o di chiarezza.<\/p>\n<p>I produttori di fascia alta desiderano il GHK-Cu perch\u00e9 pu\u00f2 far apparire la pelle pi\u00f9 soda, elastica e complessivamente pi\u00f9 liscia. \u00c8 un ingrediente importante nei prodotti destinati a rendere meno evidenti le linee sottili e le rughe e a dare alla pelle un aspetto lenito e rinfrescato.<\/p>\n<p><strong>Vantaggi principali:<\/strong><\/p>\n<ul>\n<li><strong>Altissima purezza:<\/strong> \u226599% mediante cromatografia liquida ad alte prestazioni (HPLC) (lotto tipico: 99,12%), garantendo impurit\u00e0 minime e massima efficacia.<\/li>\n<li><strong>Identit\u00e0 verificata:<\/strong> L'autenticit\u00e0 \u00e8 stata confermata dalla spettrometria di massa ESI-MS (Electrospray Ionization Mass Spectrometry) che corrisponde al peso molecolare teorico (742,29).<\/li>\n<li><strong>Eccezionale solubilit\u00e0:<\/strong> Facile da formulare. Completamente solubile in acqua a 100mg\/ml (10%), crea soluzioni acquose chiare e stabili.<\/li>\n<li><strong>pH favorevole alla formulazione:<\/strong> Il pH della soluzione 1%, pari a 6,47, garantisce un'elevata compatibilit\u00e0 e stabilit\u00e0 nell'intervallo di pH pi\u00f9 comunemente utilizzato dai cosmetici (5,0-7,0).<\/li>\n<li><strong>Approvvigionamento affidabile:<\/strong> Disponibile per ordini all'ingrosso direttamente dal <strong>produttore<\/strong>garantendo una catena di approvvigionamento tracciabile, stabile e coerente.<\/li>\n<\/ul>\n<h2>Specifiche tecniche fondamentali (<a href=\"https:\/\/bstextract.com\/wp-content\/uploads\/2025\/11\/Copper-Peptide-COA.pdf\">COA del peptide di rame<\/a>)<\/h2>\n<p>Forniamo piena trasparenza sulla qualit\u00e0 dei nostri prodotti. Le specifiche riportate di seguito sono ricavate da un tipico Certificato di Analisi (COA) di un lotto, a dimostrazione del nostro impegno per un controllo di qualit\u00e0 preciso e costante. Siamo un <strong>Fornitore di Tripeptide-1 di rame<\/strong> che fornisce un COA completo e specifico per ogni lotto con ogni spedizione.<\/p>\n<table>\n<tbody>\n<tr>\n<th>Articoli<\/th>\n<th>Standard<\/th>\n<th>Risultati tipici (dal COA fornito)<\/th>\n<th>Metodo<\/th>\n<\/tr>\n<tr>\n<td><strong>Analisi fisica e chimica<\/strong><\/td>\n<td><\/td>\n<td><\/td>\n<td><\/td>\n<\/tr>\n<tr>\n<td>Descrizione<\/td>\n<td>Polvere cristallina blu<\/td>\n<td>Qualificato<\/td>\n<td>Visivo<\/td>\n<\/tr>\n<tr>\n<td>Identit\u00e0 mediante ESI-MS<\/td>\n<td>MW teorico: 742,29<\/td>\n<td>Qualificato<\/td>\n<td>ESI-MS<\/td>\n<\/tr>\n<tr>\n<td>Contenuto di rame<\/td>\n<td>4.0-8.0%<\/td>\n<td>7.26%<\/td>\n<td>Titolazione \/ AA<\/td>\n<\/tr>\n<tr>\n<td><strong>Purezza (GHK-Cu)<\/strong><\/td>\n<td><strong>\u226598% (Standard) \/ \u2265<\/strong><strong>99% (nostro grado)<\/strong><\/td>\n<td><strong>99.12%<\/strong><\/td>\n<td><strong>HPLC<\/strong><\/td>\n<\/tr>\n<tr>\n<td>Perdita all'essiccazione<\/td>\n<td>\u22647%<\/td>\n<td>4.98%<\/td>\n<td>Gravimetrico<\/td>\n<\/tr>\n<tr>\n<td><strong>Solubilit\u00e0 (H2O)<\/strong><\/td>\n<td><strong>\u2265100mg\/ml (H2O)<\/strong><\/td>\n<td><strong>100mg\/ml Solubile in acqua<\/strong><\/td>\n<td>Visivo<\/td>\n<\/tr>\n<tr>\n<td><strong>PH (soluzione 1%)<\/strong><\/td>\n<td><strong>6.0-7.5<\/strong><\/td>\n<td><strong>6.47<\/strong><\/td>\n<td>Misuratore di pH<\/td>\n<\/tr>\n<\/tbody>\n<\/table>\n<h2>Rilevamento e garanzia di qualit\u00e0<\/h2>\n<p>Nel mercato dei peptidi di alto valore, la qualit\u00e0 non \u00e8 solo una specifica, ma una garanzia. Il nostro sistema di gestione della qualit\u00e0 \u00e8 basato sulla precisione e sulla trasparenza e riflette il nostro impegno come azienda primaria. <strong>Produttore di GHK-Cu<\/strong>.<\/p>\n<h3>Purezza e verifica dell'identit\u00e0<\/h3>\n<p>Molti fornitori testano la purezza dei peptidi utilizzando una spettrofotometria UV-Vis meno accurata, che pu\u00f2 essere fuorviante.<\/p>\n<ul>\n<li><strong>Purezza (HPLC):<\/strong> Utilizziamo esclusivamente <strong>Cromatografia liquida ad alte prestazioni (HPLC)<\/strong>. Questo metodo avanzato separa, identifica e quantifica il picco del Tripeptide-1 del rame, garantendo una purezza \u2265 99% (99,12% tipico). Ci\u00f2 significa che il nostro prodotto \u00e8 privo di impurit\u00e0 significative legate alla sintesi.<\/li>\n<li><strong>Identit\u00e0 (ESI-MS):<\/strong> Una polvere blu non \u00e8 sufficiente. Ogni lotto viene verificato con <strong>Spettrometria di massa a ionizzazione elettrospray (ESI-MS)<\/strong> per confermare l'esatto peso molecolare (742,29). Ci\u00f2 garantisce la presenza della molecola di Tripeptide-1 di rame corretta e autentica, e non di una contraffazione o di un complesso diverso.<\/li>\n<\/ul>\n<h3>Coerenza da lotto a lotto<\/h3>\n<p>Come il <strong>produttore originale<\/strong>controlliamo l'intero processo di sintesi e purificazione dall'inizio alla fine. Questa supervisione diretta ci permette di mantenere un'eccezionale coerenza in termini di purezza, contenuto di rame, colore e solubilit\u00e0. Per i formulatori e i proprietari di marchi, questo si traduce in prestazioni prevedibili, formulazioni stabili e un'efficacia affidabile del prodotto, dal laboratorio di ricerca e sviluppo alla produzione su larga scala.<\/p>\n<h2>Applicazioni e linee guida per la formulazione<\/h2>\n<p>GHK-Cu \u00e8 un ingrediente cosmetico versatile, adatto a un'ampia gamma di prodotti per la cura della persona di alta qualit\u00e0 in cui si desidera un'elevata efficacia e una sofisticata storia di \"riparazione della pelle\". Il suo stato di conformit\u00e0 lo rende un attivo accettato a livello globale.<\/p>\n<ul>\n<li><strong>Formulazioni anti-invecchiamento di qualit\u00e0 superiore:<\/strong> (Sieri, creme, contorno occhi) Ideale per prodotti che mirano alla comparsa di linee sottili, rughe e compattezza della pelle.<\/li>\n<li><strong>Lenitivo e calmante:<\/strong> (Topici post-procedura, formulazioni per pelli sensibili) Eccellente per le formulazioni destinate a calmare l'aspetto della pelle stressata, irritata o compromessa.<\/li>\n<li><strong>Cura del cuoio capelluto e dei capelli:<\/strong> (Sieri per capelli, trattamenti per il cuoio capelluto) Utilizzati in formulazioni avanzate per favorire un ambiente sano del cuoio capelluto e migliorare l'aspetto della vitalit\u00e0 e della densit\u00e0 dei capelli.<\/li>\n<\/ul>\n<h3>Livelli d'uso e incorporazione raccomandati<\/h3>\n<ul>\n<li><strong>Concentrazione tipica (polvere pura):<\/strong> 0.05% &#8211; 0.2%\n<ul>\n<li><em>Ci\u00f2 si traduce in 500-2000 ppm.<\/em><\/li>\n<\/ul>\n<\/li>\n<li><strong>Metodo di formulazione (soluzione madre):<\/strong> Per un dosaggio pi\u00f9 facile e accurato, consigliamo ai formulatori di creare prima un <strong>Soluzione madre 1%<\/strong>.\n<ul>\n<li><strong>Come si prepara:<\/strong> Sciogliere 1 g di polvere GHK-Cu in 99 g di acqua purificata. Grazie alla sua elevata solubilit\u00e0, si dissolver\u00e0 rapidamente con una semplice agitazione a temperatura ambiente.<\/li>\n<li><strong>Come si usa:<\/strong> Questa soluzione stabile di blu 1% pu\u00f2 essere aggiunta alla formulazione finale in una quantit\u00e0 di <strong>1% &#8211; 10%<\/strong> (per ottenere un livello attivo finale di 0,01% - 0,1% GHK-Cu). Aggiungere durante la fase di raffreddamento (sotto i 40\u00b0C).<\/li>\n<\/ul>\n<\/li>\n<\/ul>\n<h2>Compatibilit\u00e0 e stabilit\u00e0<\/h2>\n<p>La comprensione della stabilit\u00e0 \u00e8 fondamentale per il successo della formulazione GHK-Cu.<\/p>\n<h3>Stabilit\u00e0 del pH<\/h3>\n<p>Il GHK-Cu \u00e8 pi\u00f9 stabile nelle formulazioni con un <strong>Intervallo di pH 5,0 - 7,0<\/strong>. Al di fuori di questo intervallo (in sistemi altamente acidi o altamente alcalini), il complesso di rame pu\u00f2 destabilizzarsi, causando cambiamenti di colore e una significativa perdita di efficacia. Il pH della nostra soluzione 1%, pari a 6,47, si colloca idealmente in questa zona di stabilit\u00e0, garantendo un impatto minimo sul pH della formulazione finale.<\/p>\n<h3>Incompatibilit\u00e0 della formulazione (importante)<\/h3>\n<p>Per garantire l'integrit\u00e0 del prodotto, si prega di osservare le seguenti linee guida:<\/p>\n<ul>\n<li><strong>Acidi forti (ad esempio, acido L-ascorbico):<\/strong> <strong>NON<\/strong> formulare GHK-Cu nella stessa fase acquosa con acido L-ascorbico (vitamina C) ad alta concentrazione (&gt;10%). Il basso pH e l'alta reattivit\u00e0 degradano rapidamente il complesso peptidico.<\/li>\n<li><strong>Agenti chelanti forti (ad es. EDTA):<\/strong> L'EDTA, il Disodium EDTA e altri chelanti forti sono progettati per \"rubare\" gli ioni metallici. Rompono il complesso GHK-Cu legandosi allo ione rame, distruggendo la struttura e la funzione dell'attivo.<\/li>\n<li><strong>AHA\/BHA:<\/strong> Usare con cautela. Concentrazioni elevate o sistemi a basso pH (inferiori a pH 4,0) contenenti acido glicolico o salicilico possono compromettere la stabilit\u00e0 di GHK-Cu nel tempo.<\/li>\n<li><strong>Compatibile con:<\/strong> Il GHK-Cu \u00e8 generalmente altamente compatibile con l'acido ialuronico, la niacinamide, il pantenolo (B5) e la maggior parte dei fattori idratanti non peptidici.<\/li>\n<\/ul>\n<h2>Sicurezza e conformit\u00e0 normativa<\/h2>\n<p>Questo prodotto \u00e8 destinato esclusivamente a formulazioni cosmetiche e per la cura della persona.<\/p>\n<ul>\n<li><strong>Nome INCI:<\/strong> Tripeptide-1 di rame<\/li>\n<li><strong>Numero CAS:<\/strong> 49557-75-7<\/li>\n<li><strong>Stato normativo:<\/strong> Il Tripeptide di rame-1 \u00e8 elencato per l'uso in applicazioni cosmetiche nei principali mercati globali, tra cui Stati Uniti, Unione Europea (Cosing) e Cina (IECIC 2021).<\/li>\n<li><strong>Sicurezza:<\/strong> GHK-Cu \u00e8 considerato non irritante e non sensibilizzante ai livelli di utilizzo cosmetico raccomandati. Su richiesta, forniamo una scheda di sicurezza completa (Material Safety Data Sheet).<\/li>\n<\/ul>\n<h2>Stoccaggio e imballaggio<\/h2>\n<ul>\n<li><strong>Stoccaggio:<\/strong> Conservare in un luogo fresco, buio e asciutto. La polvere \u00e8 igroscopica (come indicato dal test di perdita all'essiccazione). Tenere sempre il contenitore ben chiuso per proteggerlo dall'umidit\u00e0 e dalla luce, che possono degradare il prodotto.<\/li>\n<li><strong>Imballaggio:<\/strong> Le confezioni standard sono da 10g, 50g e 100g in sacchetti di alluminio termosaldati che bloccano la luce. Per gli ordini all'ingrosso sono disponibili opzioni da 1 kg. Come <strong>esportatore di prodotti sfusi<\/strong>Siamo in grado di offrire soluzioni di imballaggio personalizzate per esigenze di produzione su larga scala.<\/li>\n<\/ul>\n<h2>Domande frequenti (FAQ)<\/h2>\n<p><strong>D: Siete una fabbrica di GHK-Cu o un commerciante?<\/strong><\/p>\n<p>R: Siamo il <strong>produttore originale<\/strong> e diretto <strong>fornitore<\/strong> di GHK-Cu. Gestiamo internamente l'intero processo di sintesi, purificazione e controllo di qualit\u00e0 (QC), per cui possiamo garantire la purezza HPLC \u226599% e l'identit\u00e0 verificata ESI-MS indicate nei nostri COA.<\/p>\n<p><strong>D: Qual \u00e8 la differenza tra la purezza HPLC di 98% e 99%?<\/strong><\/p>\n<p>R: Sebbene il 98% sia uno standard comune, il nostro grado \u226599% (99,12% tipico) rappresenta un livello di purificazione superiore con meno impurit\u00e0 legate al processo. Per le formulazioni cosmetiche ad alte prestazioni, questa purezza superiore si traduce direttamente in una maggiore efficacia, una migliore sicurezza e una stabilit\u00e0 della formulazione pi\u00f9 affidabile.<\/p>\n<p><strong>D: Come si scioglie correttamente la polvere GHK-Cu?<\/strong><\/p>\n<p>R: Il nostro GHK-Cu \u00e8 eccezionalmente solubile in acqua (\u2265100mg\/ml). Si consiglia di aggiungere lentamente la polvere alla fase di acqua purificata (a temperatura ambiente) mescolando. Dovrebbe dissolversi rapidamente e completamente, formando una soluzione limpida di colore blu intenso.<\/p>\n<p><strong>D: Posso usare GHK-Cu con la vitamina C?<\/strong><\/p>\n<p>R: Si sconsiglia vivamente di combinarlo nella stessa fase acquosa con <em>Acido L-ascorbico<\/em> a causa di conflitti di pH e stabilit\u00e0 (vedere la sezione Compatibilit\u00e0). Tuttavia, potrebbe essere compatibile con derivati della vitamina C pi\u00f9 stabili (come SAP, MAP o acido 3-O-etil ascorbico), ma si consiglia di eseguire i propri test di stabilit\u00e0.<\/p>\n<p><strong>D: Quali documenti fornite con l'acquisto?<\/strong><\/p>\n<p>R: Ogni spedizione comprende un certificato di analisi (COA) specifico per il lotto e una scheda di sicurezza dei materiali (MSDS). Una scheda tecnica completa (TDS) \u00e8 disponibile per il download o su richiesta.<\/p>\n<p><strong>D: Qual \u00e8 il MOQ e il tempo di consegna per gli ordini all'ingrosso?<\/strong><\/p>\n<p>R: Offriamo quantit\u00e0 d'ordine flessibili, dai campioni di R&amp;S (10 g) alla produzione in serie (pi\u00f9 kg). Per favore <strong>Richiesta di preventivo<\/strong> oppure contattate il nostro team di vendita per conoscere i prezzi attuali, il MOQ e i tempi di consegna in base alla vostra posizione e alle vostre esigenze di volume.<\/p>","protected":false},"excerpt":{"rendered":"<ul>\n<li>\n<p data-path-to-node=\"9,0,0\"><b>Prodotto:<\/b> Tripeptide-1 di rame (GHK-Cu) in polvere<\/p>\n<\/li>\n<li>\n<p data-path-to-node=\"9,1,0\"><b>Purezza: \u2265<\/b>99% (tramite HPLC), 99,12% Tipico<\/p>\n<\/li>\n<li>\n<p data-path-to-node=\"9,2,0\"><b>Identit\u00e0:<\/b> Verificato da ESI-MS (MW: 742.29)<\/p>\n<\/li>\n<li>\n<p data-path-to-node=\"9,3,0\"><b>Forma:<\/b> Polvere cristallina blu firmata<\/p>\n<\/li>\n<li>\n<p data-path-to-node=\"9,4,0\"><b>Solubilit\u00e0:<\/b> Eccezionale solubilit\u00e0 in acqua (\u2265100mg\/ml)<\/p>\n<\/li>\n<li>\n<p data-path-to-node=\"9,5,0\"><b>Applicazione:<\/b> Ideale per sieri anti-et\u00e0 di alta qualit\u00e0, prodotti topici lenitivi e formulazioni avanzate per la cura del cuoio capelluto.<\/p>\n<\/li>\n<li>\n<p data-path-to-node=\"9,6,0\"><b>Fonte:<\/b> Direttamente da un produttore di GHK-Cu.<\/p>\n<\/li>\n<\/ul>","protected":false},"featured_media":3182,"comment_status":"open","ping_status":"closed","template":"","meta":{"_acf_changed":false},"product_brand":[],"product_cat":[22],"product_tag":[],"class_list":{"0":"post-3181","1":"product","2":"type-product","3":"status-publish","4":"has-post-thumbnail","6":"product_cat-cosmetic-personal-care-ingredients","8":"first","9":"instock","10":"shipping-taxable","11":"product-type-simple"},"acf":[],"_links":{"self":[{"href":"https:\/\/bstextract.com\/it\/wp-json\/wp\/v2\/product\/3181","targetHints":{"allow":["GET"]}}],"collection":[{"href":"https:\/\/bstextract.com\/it\/wp-json\/wp\/v2\/product"}],"about":[{"href":"https:\/\/bstextract.com\/it\/wp-json\/wp\/v2\/types\/product"}],"replies":[{"embeddable":true,"href":"https:\/\/bstextract.com\/it\/wp-json\/wp\/v2\/comments?post=3181"}],"wp:featuredmedia":[{"embeddable":true,"href":"https:\/\/bstextract.com\/it\/wp-json\/wp\/v2\/media\/3182"}],"wp:attachment":[{"href":"https:\/\/bstextract.com\/it\/wp-json\/wp\/v2\/media?parent=3181"}],"wp:term":[{"taxonomy":"product_brand","embeddable":true,"href":"https:\/\/bstextract.com\/it\/wp-json\/wp\/v2\/product_brand?post=3181"},{"taxonomy":"product_cat","embeddable":true,"href":"https:\/\/bstextract.com\/it\/wp-json\/wp\/v2\/product_cat?post=3181"},{"taxonomy":"product_tag","embeddable":true,"href":"https:\/\/bstextract.com\/it\/wp-json\/wp\/v2\/product_tag?post=3181"}],"curies":[{"name":"wp","href":"https:\/\/api.w.org\/{rel}","templated":true}]}}