{"id":891,"date":"2025-05-14T01:17:56","date_gmt":"2025-05-14T01:17:56","guid":{"rendered":"https:\/\/bstextract.com\/?post_type=product&#038;p=891"},"modified":"2025-06-09T02:37:07","modified_gmt":"2025-06-09T02:37:07","slug":"proteine-di-pisello","status":"publish","type":"product","link":"https:\/\/bstextract.com\/it\/prodotto\/proteine-di-pisello\/","title":{"rendered":"Proteine di pisello biologiche in polvere"},"content":{"rendered":"<p><!-- Keyword Section (Outside Article) --><\/p>\n<h2>Che cos'\u00e8 la proteina del pisello?<\/h2>\n<p><strong>Proteine del pisello<\/strong> \u00e8 una proteina vegetale di alta qualit\u00e0 estratta principalmente dai piselli spaccati gialli. \u00c8 ricca di aminoacidi essenziali, in particolare di aminoacidi a catena ramificata (BCAA), che la rendono un'alternativa ideale alle proteine di origine animale come il siero di latte e la caseina. La proteina di pisello \u00e8 naturalmente <strong>senza glutine, senza latticini e ipoallergenico<\/strong>e quindi adatto a un'ampia gamma di esigenze dietetiche e stili di vita.<\/p>\n<p><img fetchpriority=\"high\" decoding=\"async\" class=\"aligncenter wp-image-1361\" src=\"https:\/\/bstextract.com\/wp-content\/uploads\/2025\/05\/10001-2-1.webp\" alt=\"Proteine di pisello biologiche in polvere\" width=\"1024\" height=\"575\" title=\"\" srcset=\"https:\/\/bstextract.com\/wp-content\/uploads\/2025\/05\/10001-2-1.webp 1296w, https:\/\/bstextract.com\/wp-content\/uploads\/2025\/05\/10001-2-1-300x169.webp 300w, https:\/\/bstextract.com\/wp-content\/uploads\/2025\/05\/10001-2-1-1024x575.webp 1024w, https:\/\/bstextract.com\/wp-content\/uploads\/2025\/05\/10001-2-1-768x431.webp 768w, https:\/\/bstextract.com\/wp-content\/uploads\/2025\/05\/10001-2-1-18x10.webp 18w, https:\/\/bstextract.com\/wp-content\/uploads\/2025\/05\/10001-2-1-600x337.webp 600w\" sizes=\"(max-width: 1024px) 100vw, 1024px\" \/><\/p>\n<p>Queste proteine in polvere sono tipicamente disponibili in forma concentrata o isolata, con un contenuto fino a <strong>85-90% contenuto proteico<\/strong>. Ha un sapore neutro, una consistenza morbida e un'eccellente solubilit\u00e0, ideale per l'uso in alimenti funzionali, bevande e integratori alimentari.<\/p>\n<h2>Parametro<\/h2>\n<table>\n<tbody>\n<tr>\n<td colspan=\"1\" rowspan=\"1\">\n<div>\n<div><b>Nome del prodotto<\/b><\/div>\n<\/div>\n<\/td>\n<td colspan=\"1\" rowspan=\"1\">\n<div>\n<div>Proteine del pisello<\/div>\n<\/div>\n<\/td>\n<\/tr>\n<tr>\n<td colspan=\"1\" rowspan=\"1\">\n<div>\n<div><b>Fonte<\/b><\/div>\n<\/div>\n<\/td>\n<td colspan=\"1\" rowspan=\"1\">\n<div>\n<div>Estratto di pisello<\/div>\n<div>Estratto di germogli di pisello Pisum Sativum<\/div>\n<\/div>\n<\/td>\n<\/tr>\n<tr>\n<td colspan=\"1\" rowspan=\"1\">\n<div>\n<div><b>Aspetto<\/b><\/div>\n<\/div>\n<\/td>\n<td colspan=\"1\" rowspan=\"1\">\n<div>\n<div>Polvere giallo chiaro<\/div>\n<\/div>\n<\/td>\n<\/tr>\n<tr>\n<td colspan=\"1\" rowspan=\"1\">\n<div>\n<div><b>Principio attivo<\/b><\/div>\n<\/div>\n<\/td>\n<td colspan=\"1\" rowspan=\"1\">\n<div>\n<div>Proteine<\/div>\n<\/div>\n<\/td>\n<\/tr>\n<tr>\n<td colspan=\"1\" rowspan=\"1\">\n<div>\n<div><b>Specifiche del prodotto<\/b><\/div>\n<\/div>\n<\/td>\n<td colspan=\"1\" rowspan=\"1\">\n<div>\n<div>80% 90%<\/div>\n<\/div>\n<\/td>\n<\/tr>\n<tr>\n<td colspan=\"1\" rowspan=\"1\">\n<div>\n<div><b>Pacchetto<\/b><\/div>\n<\/div>\n<\/td>\n<td colspan=\"1\" rowspan=\"1\">\n<div>\n<div>1kg\/sacco\/cartone o 25 kg\/tamburo o cartone o requisito dei clienti<\/div>\n<\/div>\n<\/td>\n<\/tr>\n<tr>\n<td colspan=\"1\" rowspan=\"1\">\n<div>\n<div><b>Campione<\/b><\/div>\n<\/div>\n<\/td>\n<td colspan=\"1\" rowspan=\"1\">\n<div>\n<div>Fornito gratuitamente<\/div>\n<\/div>\n<\/td>\n<\/tr>\n<tr>\n<td colspan=\"1\" rowspan=\"1\">\n<div>\n<div><b>Durata di conservazione<\/b><\/div>\n<\/div>\n<\/td>\n<td colspan=\"1\" rowspan=\"1\">\n<div>\n<div>24 mesi se conservato correttamente<\/div>\n<\/div>\n<\/td>\n<\/tr>\n<tr>\n<td colspan=\"1\" rowspan=\"1\">\n<div>\n<div><b>Immagazzinamento<\/b><\/div>\n<\/div>\n<\/td>\n<td colspan=\"1\" rowspan=\"1\">\n<div>\n<div>Conservare in contenitori stretti e resistenti alla luce, evitare l'esposizione diretta alla luce solare, all'umidit\u00e0 e al calore eccessivo.<\/div>\n<\/div>\n<\/td>\n<\/tr>\n<tr>\n<td colspan=\"1\" rowspan=\"1\">\n<div>\n<div><b>Certificato<\/b><\/div>\n<\/div>\n<\/td>\n<td colspan=\"1\" rowspan=\"1\">\n<div>\n<div>KOSHER\/HACCP\/ISO22000\/HALAL\/EU\/USDA\/Organici<\/div>\n<\/div>\n<\/td>\n<\/tr>\n<\/tbody>\n<\/table>\n<h2>Applicazioni della proteina di pisello<\/h2>\n<p>Le proteine del pisello sono ampiamente utilizzate nella <strong>nutrizione sportiva, alimenti funzionali, sostitutivi del pasto e prodotti a base vegetale<\/strong>. L'elevata digeribilit\u00e0 e il profilo aminoacidico di supporto muscolare ne fanno una scelta privilegiata per i frullati, le barrette, le polveri e i frullati di proteine destinati agli appassionati di fitness e agli atleti.<\/p>\n<p>Nella produzione di alimenti, serve come fonte proteica nutriente e sostenibile in <strong>alternative alla carne, bevande senza latticini, prodotti da forno e spuntini vegani<\/strong>. Grazie al suo profilo privo di allergeni, la proteina di pisello \u00e8 favorita anche nell'alimentazione infantile, nei prodotti per anziani e nelle formulazioni mediche. Si mescola facilmente e fornisce una soluzione proteica completa senza allergeni comuni come soia, latticini o glutine.<\/p>\n<h2>Domande frequenti<\/h2>\n<p><strong>Le proteine del pisello sono proteine complete?<\/strong><br \/>\nS\u00ec, contiene tutti e nove gli aminoacidi essenziali, anche se \u00e8 leggermente inferiore alla metionina. Viene spesso abbinata alle proteine del riso per ottenere un profilo aminoacidico equilibrato.<\/p>\n<p><strong>Qual \u00e8 il contenuto proteico tipico?<\/strong><br \/>\nLe proteine isolate del pisello possono fornire <strong>Proteina 85-90%<\/strong> per 100 g, a seconda del metodo di lavorazione.<\/p>\n<p><strong>Le proteine del pisello sono adatte alle persone allergiche?<\/strong><br \/>\nS\u00ec, \u00e8 <strong>ipoallergenico<\/strong> e privo di latticini, soia, glutine e frutta a guscio, ideale per i consumatori sensibili.<\/p>\n<p><strong>Pu\u00f2 essere utilizzato nelle bevande?<\/strong><br \/>\nAssolutamente. Ha una buona solubilit\u00e0 e un sapore neutro, che lo rendono ideale per bevande proteiche, frullati e miscele in polvere.<\/p>\n<p><strong>Le proteine del pisello non sono OGM e sono vegane?<\/strong><br \/>\nS\u00ec, le proteine di pisello di alta qualit\u00e0 sono <strong>non OGM, vegano e privo di crudelt\u00e0<\/strong>rispettando gli standard di provenienza etica e di etichettatura pulita.<\/p>\n<p><strong>Come si conservano le proteine del pisello?<\/strong><br \/>\nConservare in un luogo fresco e asciutto in un contenitore ermetico per mantenere la freschezza e prevenire l'assorbimento di umidit\u00e0.<\/p>\n<h2>Informazioni su Xi'an Best Bio-Tech Co., Ltd.<\/h2>\n<p><strong>Xi'an Best Bio-Tech Co., Ltd.<\/strong> si dedica alla ricerca, allo sviluppo e al commercio globale di estratti di erbe naturali di alta qualit\u00e0. Con un team appassionato ed esperto, offriamo un'assistenza clienti 24 ore su 24, 7 giorni su 7, e ci sforziamo di offrire prezzi competitivi, qualit\u00e0 stabile e un servizio attento ai clienti di oltre 60 paesi.<\/p>\n<p>La nostra fabbrica si trova a Yangling, il pi\u00f9 grande centro di produzione e distribuzione di estratti vegetali della Cina. Dotata di strumenti di analisi avanzati e di diverse linee di produzione automatizzate conformi alle GMP, assicuriamo un rigoroso controllo della qualit\u00e0 dalle materie prime ai prodotti finali. Le nostre certificazioni includono <strong>Kosher, Halal, ISO9001 e USFDA<\/strong>.<\/p>\n<p>I nostri prodotti principali includono <strong>estratti di funghi, ingredienti per integratori alimentari, estratti di erbe per uso cosmetico e polveri di frutta e verdura.<\/strong>. Ci impegniamo a fornire soluzioni sicure, efficaci e personalizzate per aiutare i clienti di tutto il mondo a promuovere una vita sana.<\/p>","protected":false},"excerpt":{"rendered":"<table>\n<tbody>\n<tr>\n<td colspan=\"1\" rowspan=\"1\">\n<div>\n<div><b>Fonte<\/b><\/div>\n<\/div>\n<\/td>\n<td colspan=\"1\" rowspan=\"1\">\n<div>\n<div>Estratto di pisello<\/div>\n<div>Estratto di germogli di pisello Pisum Sativum<\/div>\n<\/div>\n<\/td>\n<\/tr>\n<tr>\n<td colspan=\"1\" rowspan=\"1\">\n<div>\n<div><b>Aspetto<\/b><\/div>\n<\/div>\n<\/td>\n<td colspan=\"1\" rowspan=\"1\">\n<div>\n<div>Polvere giallo chiaro<\/div>\n<\/div>\n<\/td>\n<\/tr>\n<tr>\n<td colspan=\"1\" rowspan=\"1\">\n<div>\n<div><b>Principio attivo<\/b><\/div>\n<\/div>\n<\/td>\n<td colspan=\"1\" rowspan=\"1\">\n<div>\n<div>Proteine<\/div>\n<\/div>\n<\/td>\n<\/tr>\n<tr>\n<td colspan=\"1\" rowspan=\"1\">\n<div>\n<div><b>Specifiche del prodotto<\/b><\/div>\n<\/div>\n<\/td>\n<td colspan=\"1\" rowspan=\"1\">\n<div>\n<div>80% 90%<\/div>\n<\/div>\n<\/td>\n<\/tr>\n<\/tbody>\n<\/table>","protected":false},"featured_media":892,"comment_status":"open","ping_status":"closed","template":"","meta":{"_acf_changed":false},"product_brand":[],"product_cat":[15],"product_tag":[],"class_list":{"0":"post-891","1":"product","2":"type-product","3":"status-publish","4":"has-post-thumbnail","6":"product_cat-dietary-supplements","8":"first","9":"instock","10":"shipping-taxable","11":"product-type-simple"},"acf":[],"_links":{"self":[{"href":"https:\/\/bstextract.com\/it\/wp-json\/wp\/v2\/product\/891","targetHints":{"allow":["GET"]}}],"collection":[{"href":"https:\/\/bstextract.com\/it\/wp-json\/wp\/v2\/product"}],"about":[{"href":"https:\/\/bstextract.com\/it\/wp-json\/wp\/v2\/types\/product"}],"replies":[{"embeddable":true,"href":"https:\/\/bstextract.com\/it\/wp-json\/wp\/v2\/comments?post=891"}],"wp:featuredmedia":[{"embeddable":true,"href":"https:\/\/bstextract.com\/it\/wp-json\/wp\/v2\/media\/892"}],"wp:attachment":[{"href":"https:\/\/bstextract.com\/it\/wp-json\/wp\/v2\/media?parent=891"}],"wp:term":[{"taxonomy":"product_brand","embeddable":true,"href":"https:\/\/bstextract.com\/it\/wp-json\/wp\/v2\/product_brand?post=891"},{"taxonomy":"product_cat","embeddable":true,"href":"https:\/\/bstextract.com\/it\/wp-json\/wp\/v2\/product_cat?post=891"},{"taxonomy":"product_tag","embeddable":true,"href":"https:\/\/bstextract.com\/it\/wp-json\/wp\/v2\/product_tag?post=891"}],"curies":[{"name":"wp","href":"https:\/\/api.w.org\/{rel}","templated":true}]}}