{"id":1022,"date":"2025-05-20T06:35:29","date_gmt":"2025-05-20T06:35:29","guid":{"rendered":"https:\/\/bstextract.com\/?post_type=product&#038;p=1022"},"modified":"2025-05-20T06:35:29","modified_gmt":"2025-05-20T06:35:29","slug":"spermidina-1-extrato-de-germen-de-trigo-em-po","status":"publish","type":"product","link":"https:\/\/bstextract.com\/pt\/produto\/spermidina-1-extrato-de-germen-de-trigo-em-po\/","title":{"rendered":"Spermidina 1% Extrato de germe de trigo em p\u00f3"},"content":{"rendered":"<p><!-- Keyword Section (Outside Article) --><\/p>\n<h2>O que \u00e9 a espermidina?<\/h2>\n<p><strong>Espermidina<\/strong> \u00e9 um composto de poliamina natural extra\u00eddo de <strong>g\u00e9rmen de trigo<\/strong>reconhecido pelo seu papel no apoio \u00e0 sa\u00fade celular e \u00e0 longevidade. Identificado pelo n\u00famero CAS. <strong>124-20-9<\/strong>A espermidina ganhou aten\u00e7\u00e3o global como um ingrediente funcional que promove <strong>autofagia - o processo natural de renova\u00e7\u00e3o celular do organismo<\/strong>. O nosso p\u00f3 de espermidina \u00e9 padronizado para <strong>1%<\/strong> conte\u00fado ativo e est\u00e1 dispon\u00edvel como um fino <strong>p\u00f3 amarelo castanho<\/strong>.<\/p>\n<p><img fetchpriority=\"high\" decoding=\"async\" class=\"alignnone wp-image-1026 size-full\" src=\"https:\/\/bstextract.com\/wp-content\/uploads\/2025\/05\/germe-grano-header.jpg\" alt=\"Extrato de germe de trigo em p\u00f3\" width=\"1920\" height=\"647\" title=\"\" srcset=\"https:\/\/bstextract.com\/wp-content\/uploads\/2025\/05\/germe-grano-header.jpg 1920w, https:\/\/bstextract.com\/wp-content\/uploads\/2025\/05\/germe-grano-header-300x101.jpg 300w, https:\/\/bstextract.com\/wp-content\/uploads\/2025\/05\/germe-grano-header-1024x345.jpg 1024w, https:\/\/bstextract.com\/wp-content\/uploads\/2025\/05\/germe-grano-header-768x259.jpg 768w, https:\/\/bstextract.com\/wp-content\/uploads\/2025\/05\/germe-grano-header-1536x518.jpg 1536w, https:\/\/bstextract.com\/wp-content\/uploads\/2025\/05\/germe-grano-header-18x6.jpg 18w, https:\/\/bstextract.com\/wp-content\/uploads\/2025\/05\/germe-grano-header-600x202.jpg 600w\" sizes=\"(max-width: 1920px) 100vw, 1920px\" \/><\/p>\n<p>Sendo um dos ingredientes mais promissores nos mercados do anti-envelhecimento e do biohacking, a espermidina \u00e9 amplamente utilizada em <strong>nutrac\u00eauticos, alimentos funcionais e suplementos de bem-estar<\/strong>. Oferece uma abordagem cientificamente comprovada para apoiar a fun\u00e7\u00e3o metab\u00f3lica, o envelhecimento saud\u00e1vel, o equil\u00edbrio imunit\u00e1rio e a sa\u00fade cognitiva.<\/p>\n<h2>Aplica\u00e7\u00f5es da espermidina<\/h2>\n<p>A espermidina \u00e9 cada vez mais utilizada em produtos de qualidade superior <strong>suplementos de longevidade e produtos de bem-estar celular<\/strong>. \u00c9 normalmente formulado em <strong>c\u00e1psulas, p\u00f3s, misturas para bebidas e comprimidos<\/strong> que apoiam <strong>ativa\u00e7\u00e3o da autofagia, fun\u00e7\u00e3o cardiovascular, desempenho cognitivo e regenera\u00e7\u00e3o da pele<\/strong>.<\/p>\n<p>Para al\u00e9m da sua utiliza\u00e7\u00e3o em suplementos diet\u00e9ticos, a espermidina est\u00e1 a ganhar for\u00e7a na <strong>mercados de biohacking, bem-estar e anti-envelhecimento<\/strong> devido \u00e0 sua capacidade de influenciar a express\u00e3o gen\u00e9tica, a fun\u00e7\u00e3o mitocondrial e a resposta \u00e0 inflama\u00e7\u00e3o. A sua origem no g\u00e9rmen de trigo tamb\u00e9m atrai os formuladores que se concentram em solu\u00e7\u00f5es naturais \u00e0 base de plantas.<\/p>\n<h2>Perguntas mais frequentes<\/h2>\n<p><strong>Qual \u00e9 a fonte da sua espermidina?<\/strong><br \/>\nA nossa espermidina \u00e9 extra\u00edda de <strong>g\u00e9rmen de trigo<\/strong>uma fonte natural rica em poliaminas e nutrientes.<\/p>\n<p><strong>Qual \u00e9 a especifica\u00e7\u00e3o normalizada?<\/strong><br \/>\nOferecemos Spermidine normalizado para <strong>1%<\/strong> concentra\u00e7\u00e3o de poliaminas activas.<\/p>\n<p><strong>Qual \u00e9 o aspeto do produto?<\/strong><br \/>\nAparece como um <strong>p\u00f3 amarelo castanho<\/strong> com um odor suave e uma excelente solubilidade em f\u00f3rmulas de suplementos.<\/p>\n<p><strong>Oferecem amostras?<\/strong><br \/>\nSim, fornecemos <strong>amostras gr\u00e1tis<\/strong> para apoiar os ensaios de formula\u00e7\u00e3o e a verifica\u00e7\u00e3o da qualidade.<\/p>\n<p><strong>Que certifica\u00e7\u00f5es possui a vossa Spermidine?<\/strong><br \/>\nO nosso produto \u00e9 certificado <strong>KOSHER, HALAL, ISO22000, HACCP, Org\u00e2nico da UE e Org\u00e2nico do USDA<\/strong>.<\/p>\n<p><strong>Quais s\u00e3o os pormenores relativos \u00e0 conserva\u00e7\u00e3o e ao prazo de validade?<\/strong><br \/>\nArmazenar em <strong>recipientes estanques e resistentes \u00e0 luz<\/strong> ao abrigo da luz solar, do calor e da humidade. O prazo de validade \u00e9 de <strong>24 meses<\/strong> nas condi\u00e7\u00f5es recomendadas.<\/p>","protected":false},"excerpt":{"rendered":"<table class=\"has-title all magic-13\">\n<tbody>\n<tr>\n<td colspan=\"1\" rowspan=\"1\">\n<div class=\"magic-17\">\n<div class=\"magic-4\" data-spm-anchor-id=\"a2700.pc-decorate.0.i38.12c93333exgmM8\"><span style=\"font-family: Verdana;\"><b>CAS NO<\/b><\/span><\/div>\n<\/div>\n<\/td>\n<td colspan=\"1\" rowspan=\"1\">\n<div class=\"magic-18\">\n<div class=\"magic-4\" data-spm-anchor-id=\"a2700.pc-decorate.0.i25.329e33334x4Jlc\"><span style=\"font-family: Verdana;\">124-20-9<\/span><\/div>\n<\/div>\n<\/td>\n<\/tr>\n<tr>\n<td colspan=\"1\" rowspan=\"1\">\n<div class=\"magic-17\" data-spm-anchor-id=\"a2700.details-description.0.i1.2ddcXF9RXF9RIY\">\n<div class=\"magic-4\" data-spm-anchor-id=\"a2700.pc-decorate.0.i32.12c93333exgmM8\"><span style=\"font-family: Verdana;\"><b>Fonte<\/b><\/span><\/div>\n<\/div>\n<\/td>\n<td colspan=\"1\" rowspan=\"1\">\n<div class=\"magic-18\">\n<div class=\"magic-4\" data-spm-anchor-id=\"a2700.details-description.0.i2.2ddcXF9RXF9RIY\"><span style=\"font-family: Verdana;\">Extrato de Germe de Trigo<\/span><\/div>\n<\/div>\n<\/td>\n<\/tr>\n<tr>\n<td colspan=\"1\" rowspan=\"1\">\n<div class=\"magic-17\">\n<div class=\"magic-4\" data-spm-anchor-id=\"a2700.pc-decorate.0.i24.314e3333J7ECxY\"><span class=\"magic-12\" style=\"font-family: Verdana;\"><b data-spm-anchor-id=\"a2700.pc-decorate.0.i56.31b63333K2rRRx\">Apar\u00eancia<\/b><\/span><\/div>\n<\/div>\n<\/td>\n<td colspan=\"1\" rowspan=\"1\">\n<div class=\"magic-18\">\n<div class=\"magic-4\" data-spm-anchor-id=\"a2700.pc-decorate.0.i16.314e3333J7ECxY\"><span class=\"magic-12\" style=\"font-family: Verdana;\">P\u00f3 amarelo castanho<\/span><\/div>\n<\/div>\n<\/td>\n<\/tr>\n<tr>\n<td colspan=\"1\" rowspan=\"1\">\n<div class=\"magic-14\">\n<div class=\"magic-4\" data-spm-anchor-id=\"a2700.pc-decorate.0.i104.48d23333C7xf0C\"><b class=\"magic-15\"><span class=\"magic-12\" style=\"font-family: Verdana;\">Especifica\u00e7\u00e3o do produto<\/span><\/b><\/div>\n<\/div>\n<\/td>\n<td colspan=\"1\" rowspan=\"1\">\n<div class=\"magic-16\">\n<div class=\"magic-4\" data-spm-anchor-id=\"a2700.pc-decorate.0.i37.48d23333C7xf0C\"><span class=\"magic-15\" data-spm-anchor-id=\"a2700.pc-decorate.0.i39.48d23333C7xf0C\"><span class=\"magic-12\" style=\"font-family: Verdana;\">1%<\/span><\/span><\/div>\n<\/div>\n<\/td>\n<\/tr>\n<\/tbody>\n<\/table>","protected":false},"featured_media":1023,"comment_status":"open","ping_status":"closed","template":"","meta":{"_acf_changed":false},"product_brand":[],"product_cat":[21],"product_tag":[],"class_list":{"0":"post-1022","1":"product","2":"type-product","3":"status-publish","4":"has-post-thumbnail","6":"product_cat-plant-extracts","8":"first","9":"instock","10":"shipping-taxable","11":"product-type-simple"},"acf":[],"_links":{"self":[{"href":"https:\/\/bstextract.com\/pt\/wp-json\/wp\/v2\/product\/1022","targetHints":{"allow":["GET"]}}],"collection":[{"href":"https:\/\/bstextract.com\/pt\/wp-json\/wp\/v2\/product"}],"about":[{"href":"https:\/\/bstextract.com\/pt\/wp-json\/wp\/v2\/types\/product"}],"replies":[{"embeddable":true,"href":"https:\/\/bstextract.com\/pt\/wp-json\/wp\/v2\/comments?post=1022"}],"wp:featuredmedia":[{"embeddable":true,"href":"https:\/\/bstextract.com\/pt\/wp-json\/wp\/v2\/media\/1023"}],"wp:attachment":[{"href":"https:\/\/bstextract.com\/pt\/wp-json\/wp\/v2\/media?parent=1022"}],"wp:term":[{"taxonomy":"product_brand","embeddable":true,"href":"https:\/\/bstextract.com\/pt\/wp-json\/wp\/v2\/product_brand?post=1022"},{"taxonomy":"product_cat","embeddable":true,"href":"https:\/\/bstextract.com\/pt\/wp-json\/wp\/v2\/product_cat?post=1022"},{"taxonomy":"product_tag","embeddable":true,"href":"https:\/\/bstextract.com\/pt\/wp-json\/wp\/v2\/product_tag?post=1022"}],"curies":[{"name":"wp","href":"https:\/\/api.w.org\/{rel}","templated":true}]}}