{"id":1046,"date":"2025-05-22T01:49:01","date_gmt":"2025-05-22T01:49:01","guid":{"rendered":"https:\/\/bstextract.com\/?post_type=product&#038;p=1046"},"modified":"2025-08-15T08:49:42","modified_gmt":"2025-08-15T08:49:42","slug":"fisetina-98-hplc-extrato-de-cotinus-coggygria","status":"publish","type":"product","link":"https:\/\/bstextract.com\/pt\/produto\/fisetina-98-hplc-extrato-de-cotinus-coggygria\/","title":{"rendered":"Fisetina 98% P\u00f3"},"content":{"rendered":"<p><!-- Keyword Section (Outside Article) --><\/p>\n<h2><strong><span class=\"selected\">Vis\u00e3o geral do produto<\/span><\/strong><\/h2>\n<p><span class=\"selected\">A fisetina (CAS 528-48-3) \u00e9 um flavonoide distinto e um potente composto bioativo naturalmente presente na \u00e1rvore do fumo (<\/span><em><span class=\"selected\">Cotinus coggygria<\/span><\/em><span class=\"selected\">). O nosso produto \u00e9 um p\u00f3 cristalino de elevada pureza, normalizado para uma concentra\u00e7\u00e3o excecional de 98% Fisetin. Este grau de qualidade superior foi especificamente desenvolvido para formuladores das ind\u00fastrias nutrac\u00eauticas avan\u00e7adas e de alimentos funcionais que exigem pot\u00eancia m\u00e1xima, transpar\u00eancia anal\u00edtica e desempenho superior nos seus produtos.<\/span><\/p>\n<p><span class=\"selected\">Caracterizado pela sua tonalidade amarela vibrante, o nosso p\u00f3 de Fisetina foi concebido para obter propriedades f\u00edsicas \u00f3ptimas, o que o torna um ingrediente de elei\u00e7\u00e3o para suplementos diet\u00e9ticos sofisticados destinados aos mercados do envelhecimento saud\u00e1vel e do bem-estar celular.<\/span><\/p>\n<ul>\n<li><strong><span class=\"selected\">Alta pot\u00eancia e pureza:<\/span><\/strong><span class=\"selected\"> Normalizado para conter um m\u00ednimo de 98% de Fisetina, verificado por testes rigorosos de Cromatografia L\u00edquida de Alto Desempenho (HPLC) para uma precis\u00e3o e garantia de pureza inigual\u00e1veis.<\/span><\/li>\n<li><strong><span class=\"selected\">Propriedades de formula\u00e7\u00e3o superiores:<\/span><\/strong><span class=\"selected\"> Um perfil de tamanho de part\u00edcula optimizado garante uma excelente fluidez, uniformidade da mistura e adequa\u00e7\u00e3o a processos de fabrico de alta velocidade, como encapsulamento e forma\u00e7\u00e3o de comprimidos.<\/span><\/li>\n<li><strong><span class=\"selected\">Fornecimento transparente e rastre\u00e1vel:<\/span><\/strong><span class=\"selected\"> Extra\u00eddo de caules cuidadosamente selecionados e geridos de forma sustent\u00e1vel da <\/span><em><span class=\"selected\">Cotinus coggygria<\/span><\/em><span class=\"selected\"> garantindo uma fonte de mat\u00e9ria-prima pura e fi\u00e1vel.<\/span><\/li>\n<li><strong><span class=\"selected\">Fabrico com certifica\u00e7\u00e3o GMP:<\/span><\/strong><span class=\"selected\"> Produzido em instala\u00e7\u00f5es com certifica\u00e7\u00e3o ISO e GMP sob rigorosos protocolos de controlo de qualidade, garantindo a seguran\u00e7a, consist\u00eancia e conformidade do produto.<\/span><\/li>\n<li><strong><span class=\"selected\">Fornecimento direto do fabricante:<\/span><\/strong><span class=\"selected\"> O fornecimento direto do fabricante original garante uma consist\u00eancia completa de lote para lote e uma cadeia de fornecimento est\u00e1vel e fi\u00e1vel para as suas necessidades de produ\u00e7\u00e3o.<\/span><\/li>\n<\/ul>\n<h2><strong><span class=\"selected\">Principais par\u00e2metros t\u00e9cnicos<\/span><\/strong><\/h2>\n<p><span class=\"selected\">O nosso p\u00f3 Fisetin 98% \u00e9 fabricado para cumprir especifica\u00e7\u00f5es precisas, fornecendo aos formuladores os dados fi\u00e1veis necess\u00e1rios para o desenvolvimento de produtos sem falhas.<\/span><\/p>\n<table>\n<tbody>\n<tr>\n<th><span class=\"selected\">Par\u00e2metro<\/span><\/th>\n<th><span class=\"selected\">Especifica\u00e7\u00e3o<\/span><\/th>\n<th><span class=\"selected\">M\u00e9todo<\/span><\/th>\n<\/tr>\n<tr>\n<td><strong><span class=\"selected\">Ingrediente ativo<\/span><\/strong><\/td>\n<td><span class=\"selected\">Fisetina<\/span><\/td>\n<td><span class=\"selected\">HPLC<\/span><\/td>\n<\/tr>\n<tr>\n<td><strong><span class=\"selected\">Pureza (Ensaio)<\/span><\/strong><\/td>\n<td><span class=\"selected\">\u2265 98.0%<\/span><\/td>\n<td><span class=\"selected\">HPLC<\/span><\/td>\n<\/tr>\n<tr>\n<td><strong><span class=\"selected\">Origem Bot\u00e2nica<\/span><\/strong><\/td>\n<td><em><span class=\"selected\">Cotinus coggygria Scop.<\/span><\/em><\/td>\n<td><span class=\"selected\">&#8211;<\/span><\/td>\n<\/tr>\n<tr>\n<td><strong><span class=\"selected\">Pe\u00e7a utilizada<\/span><\/strong><\/td>\n<td><span class=\"selected\">Caule<\/span><\/td>\n<td><span class=\"selected\">&#8211;<\/span><\/td>\n<\/tr>\n<tr>\n<td><strong><span class=\"selected\">Apar\u00eancia<\/span><\/strong><\/td>\n<td><span class=\"selected\">P\u00f3 fino amarelo<\/span><\/td>\n<td><span class=\"selected\">Visual<\/span><\/td>\n<\/tr>\n<tr>\n<td><strong><span class=\"selected\">Tamanho das part\u00edculas<\/span><\/strong><\/td>\n<td><span class=\"selected\">NLT 95% passe 80 Mesh<\/span><\/td>\n<td><span class=\"selected\">Peneira\u00e7\u00e3o<\/span><\/td>\n<\/tr>\n<tr>\n<td><strong><span class=\"selected\">Solubilidade<\/span><\/strong><\/td>\n<td><span class=\"selected\">Moderadamente sol\u00favel em \u00e1gua; sol\u00favel em etanol, DMSO<\/span><\/td>\n<td><span class=\"selected\">&#8211;<\/span><\/td>\n<\/tr>\n<tr>\n<td><strong><span class=\"selected\">Perda na secagem<\/span><\/strong><\/td>\n<td><span class=\"selected\">\u2264 5.0%<\/span><\/td>\n<td><span class=\"selected\">USP<\/span><\/td>\n<\/tr>\n<tr>\n<td><strong><span class=\"selected\">Conte\u00fado de cinzas<\/span><\/strong><\/td>\n<td><span class=\"selected\">\u2264 1.0%<\/span><\/td>\n<td><span class=\"selected\">USP<\/span><\/td>\n<\/tr>\n<tr>\n<td><strong><span class=\"selected\">Densidade a granel<\/span><\/strong><\/td>\n<td><span class=\"selected\">0,35 - 0,55 g\/mL<\/span><\/td>\n<td><span class=\"selected\">USP<\/span><\/td>\n<\/tr>\n<tr>\n<td><strong><span class=\"selected\">Densidade da torneira<\/span><\/strong><\/td>\n<td><span class=\"selected\">0,60 - 0,85 g\/mL<\/span><\/td>\n<td><span class=\"selected\">USP<\/span><\/td>\n<\/tr>\n<tr>\n<td><strong><span class=\"selected\">Metais pesados<\/span><\/strong><\/td>\n<td><span class=\"selected\">\u2264 10 ppm<\/span><\/td>\n<td><span class=\"selected\">ICP-MS<\/span><\/td>\n<\/tr>\n<tr>\n<td><strong><span class=\"selected\">Ars\u00e9nio (As)<\/span><\/strong><\/td>\n<td><span class=\"selected\">\u2264 2 ppm<\/span><\/td>\n<td><span class=\"selected\">ICP-MS<\/span><\/td>\n<\/tr>\n<tr>\n<td><strong><span class=\"selected\">Chumbo (Pb)<\/span><\/strong><\/td>\n<td><span class=\"selected\">\u2264 3 ppm<\/span><\/td>\n<td><span class=\"selected\">ICP-MS<\/span><\/td>\n<\/tr>\n<tr>\n<td><strong><span class=\"selected\">Solventes residuais<\/span><\/strong><\/td>\n<td><span class=\"selected\">Em conformidade com USP  \/ EP 5.4<\/span><\/td>\n<td><span class=\"selected\">GC-HS<\/span><\/td>\n<\/tr>\n<tr>\n<td><strong><span class=\"selected\">Contagem total de placas<\/span><\/strong><\/td>\n<td><span class=\"selected\">\u2264 1,000 ufc\/g<\/span><\/td>\n<td><span class=\"selected\">USP<\/span><\/td>\n<\/tr>\n<tr>\n<td><strong><span class=\"selected\">Leveduras e bolores<\/span><\/strong><\/td>\n<td><span class=\"selected\">\u2264 100 ufc\/g<\/span><\/td>\n<td><span class=\"selected\">USP<\/span><\/td>\n<\/tr>\n<tr>\n<td><strong><span class=\"selected\">E. Coli<\/span><\/strong><\/td>\n<td><span class=\"selected\">Negativo<\/span><\/td>\n<td><span class=\"selected\">USP<\/span><\/td>\n<\/tr>\n<tr>\n<td><strong><span class=\"selected\">Salmonela<\/span><\/strong><\/td>\n<td><span class=\"selected\">Negativo<\/span><\/td>\n<td><span class=\"selected\">USP<\/span><\/td>\n<\/tr>\n<\/tbody>\n<\/table>\n<h2><strong><span class=\"selected\">Testes e garantia de qualidade<\/span><\/strong><\/h2>\n<p><span class=\"selected\">A qualidade n\u00e3o \u00e9 apenas uma m\u00e9trica; \u00e9 a base da nossa filosofia de fabrico. Oferecemos aos nossos clientes uma garantia de qualidade totalmente transparente e verific\u00e1vel.<\/span><\/p>\n<ul>\n<li><strong><span class=\"selected\">Metodologia:<\/span><\/strong><span class=\"selected\"> Utilizamos exclusivamente a Cromatografia L\u00edquida de Alta Efici\u00eancia (HPLC) para o ensaio da Fisetina. Este m\u00e9todo altamente espec\u00edfico separa e quantifica com exatid\u00e3o a Fisetina, distinguindo-a de outros flavon\u00f3ides e impurezas, um n\u00edvel de precis\u00e3o que m\u00e9todos menos espec\u00edficos, como o UV-Vis, n\u00e3o conseguem fornecer.<\/span><\/li>\n<li><strong><span class=\"selected\">Consist\u00eancia de lote para lote:<\/span><\/strong><span class=\"selected\"> Como fabricante e exportador original, controlamos todas as fases da produ\u00e7\u00e3o - desde o fornecimento de mat\u00e9rias-primas at\u00e9 \u00e0 extra\u00e7\u00e3o e purifica\u00e7\u00e3o finais. Esta integra\u00e7\u00e3o vertical, combinada com controlos rigorosos durante o processo, garante que cada lote de Fisetin que recebe tem a mesma pureza e carater\u00edsticas f\u00edsicas.<\/span><\/li>\n<li><strong><span class=\"selected\">Documenta\u00e7\u00e3o dispon\u00edvel:<\/span><\/strong><span class=\"selected\"> Para apoiar as suas equipas de qualidade e regulamenta\u00e7\u00e3o, fornecemos um pacote de documenta\u00e7\u00e3o abrangente:<\/span>\n<ul>\n<li><span class=\"selected\">Certificado de an\u00e1lise (COA) para cada lote espec\u00edfico <\/span><strong><span class=\"selected\">[Descarregar um modelo de COA aqui]<\/span><\/strong><\/li>\n<li><span class=\"selected\">Ficha de dados de seguran\u00e7a do material (MSDS)<\/span><\/li>\n<li><span class=\"selected\">Declara\u00e7\u00e3o exaustiva de alerg\u00e9nios<\/span><\/li>\n<li><span class=\"selected\">Declara\u00e7\u00e3o de verifica\u00e7\u00e3o do projeto Non-GMO<\/span><\/li>\n<li><span class=\"selected\">Certificados Kosher e Halal<\/span><\/li>\n<li><span class=\"selected\">C\u00f3pias das certifica\u00e7\u00f5es ISO 9001 e GMP das nossas instala\u00e7\u00f5es de fabrico<\/span><\/li>\n<\/ul>\n<\/li>\n<\/ul>\n<h2><strong><span class=\"selected\">Aplica\u00e7\u00f5es e Orienta\u00e7\u00e3o de Formula\u00e7\u00e3o<\/span><\/strong><\/h2>\n<p><span class=\"selected\">O nosso p\u00f3 para HPLC Fisetin 98% foi concebido para funcionar numa gama de formas de dosagem s\u00f3lidas e l\u00edquidas.<\/span><\/p>\n<ul>\n<li><strong><span class=\"selected\">Aplica\u00e7\u00f5es prim\u00e1rias:<\/span><\/strong><span class=\"selected\"> A sua elevada pureza e pot\u00eancia tornam-no um ingrediente ativo ideal para suplementos diet\u00e9ticos de qualidade superior e alimentos funcionais centrados na sa\u00fade celular e na longevidade.<\/span><\/li>\n<li><strong><span class=\"selected\">Formas de dosagem recomendadas:<\/span><\/strong>\n<ul>\n<li><strong><span class=\"selected\">C\u00e1psulas e comprimidos:<\/span><\/strong><span class=\"selected\"> Com uma excelente fluidez e um tamanho de part\u00edcula controlado, este grau \u00e9 perfeitamente adequado tanto para a compress\u00e3o direta como para o encapsulamento a alta velocidade, minimizando a necessidade de excipientes adicionais. Um n\u00edvel de utiliza\u00e7\u00e3o t\u00edpico \u00e9 entre 100 mg e 250 mg por dose.<\/span><\/li>\n<li><strong><span class=\"selected\">Misturas em p\u00f3:<\/span><\/strong><span class=\"selected\"> O p\u00f3 fino e uniforme assegura uma distribui\u00e7\u00e3o homog\u00e9nea quando misturado com outros ingredientes em saquetas, pacotes de stick ou formula\u00e7\u00f5es de p\u00f3 a granel.<\/span><\/li>\n<li><strong><span class=\"selected\">Bebidas e l\u00edquidos funcionais:<\/span><\/strong><span class=\"selected\"> Os formuladores devem ter em aten\u00e7\u00e3o que a Fisetin tem uma solubilidade nativa baixa em \u00e1gua. Para aplica\u00e7\u00f5es l\u00edquidas, recomenda-se a cria\u00e7\u00e3o de uma suspens\u00e3o est\u00e1vel ou a utiliza\u00e7\u00e3o de tecnologias de solubiliza\u00e7\u00e3o (por exemplo, transportadores \u00e0 base de l\u00edpidos, microemuls\u00f5es) para uma entrega e estabilidade \u00f3ptimas.<\/span><\/li>\n<\/ul>\n<\/li>\n<li><strong><span class=\"selected\">Dicas de formula\u00e7\u00e3o:<\/span><\/strong>\n<ul>\n<li><span class=\"selected\">A cor amarela inerente do Fisetin contribuir\u00e1 para o aspeto do produto final e deve ser tida em conta na conce\u00e7\u00e3o da formula\u00e7\u00e3o.<\/span><\/li>\n<li><span class=\"selected\">Para os produtos centrados numa biodisponibilidade melhorada, pode ser explorada a co-formula\u00e7\u00e3o com fosfol\u00edpidos ou transportadores \u00e0 base de l\u00edpidos, como o \u00f3leo MCT.<\/span><\/li>\n<\/ul>\n<\/li>\n<\/ul>\n<h2><strong><span class=\"selected\">Compatibilidade e Co-Formula\u00e7\u00e3o<\/span><\/strong><\/h2>\n<p><span class=\"selected\">A Fisetina \u00e9 quimicamente est\u00e1vel e demonstra uma excelente compatibilidade com uma vasta gama de ingredientes nutrac\u00eauticos comuns. Pode ser eficazmente co-formulado com:<\/span><\/p>\n<ul>\n<li><span class=\"selected\">Outros flavon\u00f3ides como a quercetina e a luteolina<\/span><\/li>\n<li><span class=\"selected\">Vitaminas (por exemplo, vitamina C, vitamina D3)<\/span><\/li>\n<li><span class=\"selected\">Minerais (por exemplo, zinco, magn\u00e9sio)<\/span><\/li>\n<li><span class=\"selected\">Fibras prebi\u00f3ticas e outros extractos bot\u00e2nicos<\/span><\/li>\n<\/ul>\n<p><span class=\"selected\">Permanece est\u00e1vel na maioria dos sistemas de mistura seca e n\u00e3o interage normalmente com os excipientes comuns.<\/span><\/p>\n<h2><strong><span class=\"selected\">Estabilidade e armazenamento<\/span><\/strong><\/h2>\n<p><span class=\"selected\">O manuseamento e a armazenagem adequados s\u00e3o cruciais para manter a pot\u00eancia e o prazo de validade da Fisetin de elevada pureza.<\/span><\/p>\n<ul>\n<li><strong><span class=\"selected\">Estabilidade:<\/span><\/strong><span class=\"selected\"> O p\u00f3 \u00e9 altamente est\u00e1vel quando protegido da humidade. \u00c9 sens\u00edvel \u00e0 degrada\u00e7\u00e3o por exposi\u00e7\u00e3o prolongada \u00e0 luz forte e a temperaturas elevadas (&gt;40\u00b0C). \u00c9 mais est\u00e1vel em ambientes de pH neutro a \u00e1cido e pode degradar-se em condi\u00e7\u00f5es fortemente alcalinas.<\/span><\/li>\n<li><strong><span class=\"selected\">Recomenda\u00e7\u00f5es de armazenamento:<\/span><\/strong><span class=\"selected\"> Para garantir a m\u00e1xima estabilidade, conservar em recipientes opacos e bem fechados, em local fresco (abaixo de 25\u00b0C) e seco. Manter afastado da luz solar direta e de fontes de calor.<\/span><\/li>\n<li><strong><span class=\"selected\">Prazo de validade:<\/span><\/strong><span class=\"selected\"> 24 meses a partir da data de fabrico, quando armazenado nas condi\u00e7\u00f5es recomendadas.<\/span><\/li>\n<\/ul>\n<h2><strong><span class=\"selected\">Informa\u00e7\u00f5es sobre seguran\u00e7a e regulamenta\u00e7\u00e3o<\/span><\/strong><\/h2>\n<ul>\n<li><strong><span class=\"selected\">Estado regulamentar:<\/span><\/strong><span class=\"selected\"> O Fisetin \u00e9 amplamente utilizado como ingrediente em suplementos alimentares nos Estados Unidos e noutras regi\u00f5es. \u00c9 da responsabilidade do propriet\u00e1rio da marca garantir que o seu produto final est\u00e1 em conformidade com todos os regulamentos locais e regionais.<\/span><\/li>\n<li><strong><span class=\"selected\">Rotulagem:<\/span><\/strong><span class=\"selected\"> Para os suplementos diet\u00e9ticos dos EUA, o ingrediente deve ser declarado no r\u00f3tulo como \"Fisetin\" ou \"Smoke Tree Extract (<\/span><em><span class=\"selected\">Cotinus coggygria<\/span><\/em><span class=\"selected\">) (caule)\".<\/span><\/li>\n<li><strong><span class=\"selected\">Seguran\u00e7a:<\/span><\/strong><span class=\"selected\"> Quando utilizado em n\u00edveis t\u00edpicos de suplemento diet\u00e9tico, o Fisetin \u00e9 geralmente considerado seguro. Este produto \u00e9 um extrato concentrado destinado ao fabrico e n\u00e3o se destina ao consumo direto. N\u00e3o \u00e9 recomendado a mulheres gr\u00e1vidas ou a amamentar sem consultar um profissional de sa\u00fade.<\/span><\/li>\n<\/ul>\n<h2><strong><span class=\"selected\">Perguntas frequentes (FAQ)<\/span><\/strong><\/h2>\n<p><strong><span class=\"selected\">Q1: Fornecem Fisetin diretamente da vossa f\u00e1brica?<\/span><\/strong><\/p>\n<p><span class=\"selected\">R: Sim, somos o fabricante original e um fornecedor global de <\/span><em><span class=\"selected\">Cotinus coggygria<\/span><\/em><span class=\"selected\"> extrato. Este modelo direto da f\u00e1brica assegura uma rastreabilidade total, pre\u00e7os competitivos e uma cadeia de abastecimento est\u00e1vel e ininterrupta para os nossos parceiros.<\/span><\/p>\n<p><strong><span class=\"selected\">Q2: Qual \u00e9 o solvente de extra\u00e7\u00e3o utilizado no processo?<\/span><\/strong><\/p>\n<p><span class=\"selected\">R: Utilizamos apenas etanol de qualidade alimentar e \u00e1gua purificada para o processo de extra\u00e7\u00e3o. Os nossos m\u00e9todos de purifica\u00e7\u00e3o foram concebidos para remover eficazmente estes solventes, e o nosso produto final cumpre consistentemente os limites rigorosos de solventes residuais definidos na USP  e EP 5.4. Um relat\u00f3rio detalhado do solvente est\u00e1 inclu\u00eddo em cada COA espec\u00edfico do lote.<\/span><\/p>\n<p><strong><span class=\"selected\">Q3: Posso obter uma amostra para testes e avalia\u00e7\u00e3o de I&amp;D?<\/span><\/strong><\/p>\n<p><span class=\"selected\">R: Sem d\u00favida. Incentivamos os nossos clientes a efectuarem as suas pr\u00f3prias avalia\u00e7\u00f5es. Utilize o formul\u00e1rio de contacto abaixo para solicitar uma amostra de I&amp;D gratuita. A nossa equipa t\u00e9cnica tamb\u00e9m est\u00e1 dispon\u00edvel para responder a quaisquer quest\u00f5es que possa ter.<\/span><\/p>\n<p><strong><span class=\"selected\">Q4: Qual \u00e9 a vossa quantidade m\u00ednima de encomenda (MOQ) para este produto?<\/span><\/strong><\/p>\n<p><span class=\"selected\">R: A nossa embalagem padr\u00e3o e MOQ \u00e9 de 25 kg num tambor de fibra. No entanto, somos flex\u00edveis e podemos frequentemente apoiar encomendas de teste mais pequenas para o desenvolvimento de novos produtos. Contacte-nos com os seus requisitos de quantidade espec\u00edficos para obter um or\u00e7amento personalizado.<\/span><\/p>","protected":false},"excerpt":{"rendered":"<ul>\n<li><b>Produto:<\/b> Fisetina 98% P\u00f3 (HPLC)<\/li>\n<li><b>Fonte:<\/b> Extrato de alta pureza de <i>Cotinus coggygria<\/i> (\u00c1rvore de Fumo).<\/li>\n<li><b>Apar\u00eancia:<\/b> P\u00f3 cristalino fino e amarelo.<\/li>\n<li><b>Aplica\u00e7\u00f5es:<\/b> Ideal para suplementos alimentares (c\u00e1psulas, comprimidos) e alimentos funcionais que visam o envelhecimento saud\u00e1vel e a sa\u00fade celular.<\/li>\n<li><b>Carater\u00edsticas principais:<\/b> Pureza \u226598% confirmada por HPLC, excelente fluidez, baixo res\u00edduo de solvente e proveniente diretamente de um fabricante com certifica\u00e7\u00e3o GMP.<\/li>\n<\/ul>","protected":false},"featured_media":1047,"comment_status":"open","ping_status":"closed","template":"","meta":{"_acf_changed":false},"product_brand":[],"product_cat":[21],"product_tag":[],"class_list":{"0":"post-1046","1":"product","2":"type-product","3":"status-publish","4":"has-post-thumbnail","6":"product_cat-plant-extracts","8":"first","9":"instock","10":"shipping-taxable","11":"product-type-simple"},"acf":[],"_links":{"self":[{"href":"https:\/\/bstextract.com\/pt\/wp-json\/wp\/v2\/product\/1046","targetHints":{"allow":["GET"]}}],"collection":[{"href":"https:\/\/bstextract.com\/pt\/wp-json\/wp\/v2\/product"}],"about":[{"href":"https:\/\/bstextract.com\/pt\/wp-json\/wp\/v2\/types\/product"}],"replies":[{"embeddable":true,"href":"https:\/\/bstextract.com\/pt\/wp-json\/wp\/v2\/comments?post=1046"}],"wp:featuredmedia":[{"embeddable":true,"href":"https:\/\/bstextract.com\/pt\/wp-json\/wp\/v2\/media\/1047"}],"wp:attachment":[{"href":"https:\/\/bstextract.com\/pt\/wp-json\/wp\/v2\/media?parent=1046"}],"wp:term":[{"taxonomy":"product_brand","embeddable":true,"href":"https:\/\/bstextract.com\/pt\/wp-json\/wp\/v2\/product_brand?post=1046"},{"taxonomy":"product_cat","embeddable":true,"href":"https:\/\/bstextract.com\/pt\/wp-json\/wp\/v2\/product_cat?post=1046"},{"taxonomy":"product_tag","embeddable":true,"href":"https:\/\/bstextract.com\/pt\/wp-json\/wp\/v2\/product_tag?post=1046"}],"curies":[{"name":"wp","href":"https:\/\/api.w.org\/{rel}","templated":true}]}}