{"id":1077,"date":"2025-05-23T07:26:57","date_gmt":"2025-05-23T07:26:57","guid":{"rendered":"https:\/\/bstextract.com\/?post_type=product&#038;p=1077"},"modified":"2025-08-15T08:08:45","modified_gmt":"2025-08-15T08:08:45","slug":"l-fenilalanina-em-po-usp","status":"publish","type":"product","link":"https:\/\/bstextract.com\/pt\/produto\/l-fenilalanina-em-po-usp\/","title":{"rendered":"99% Fenilalanina"},"content":{"rendered":"<p><!-- Keyword Section (Outside Article) --><\/p>\n<h2><strong><span class=\"selected\">Vis\u00e3o geral do produto<\/span><\/strong><\/h2>\n<p><span class=\"selected\">A L-fenilalanina \u00e9 um amino\u00e1cido essencial que serve como um bloco de constru\u00e7\u00e3o vital para as prote\u00ednas e um precursor dos principais neurotransmissores. A nossa L-fenilalanina em p\u00f3 \u00e9 um ingrediente de elevada pureza, de grau USP, concebido para uma integra\u00e7\u00e3o perfeita numa vasta gama de produtos de sa\u00fade e bem-estar. Produzida atrav\u00e9s de um processo de fermenta\u00e7\u00e3o microbiana controlada, proporciona uma qualidade e consist\u00eancia excepcionais para os formuladores que exigem o melhor nos seus suplementos diet\u00e9ticos, alimentos funcionais e bebidas.<\/span><\/p>\n<ul>\n<li><strong><span class=\"selected\">Elevada pureza e conformidade:<\/span><\/strong><span class=\"selected\"> Testado a \u226599% atrav\u00e9s do m\u00e9todo de titula\u00e7\u00e3o oficial da USP, garantindo que cumpre as rigorosas normas farmacopeicas.<\/span><\/li>\n<li><strong><span class=\"selected\">Optimizado para Formula\u00e7\u00e3o:<\/span><\/strong><span class=\"selected\"> Apresenta excelentes propriedades f\u00edsicas, incluindo elevada solubilidade e tamanho de part\u00edcula consistente, para um processamento suave em diversas formas de dosagem.<\/span><\/li>\n<li><strong><span class=\"selected\">Fonte consistente e rastre\u00e1vel:<\/span><\/strong><span class=\"selected\"> Obtido atrav\u00e9s de um processo de fermenta\u00e7\u00e3o de \u00faltima gera\u00e7\u00e3o, garantindo a consist\u00eancia de lote para lote e a rastreabilidade total.<\/span><\/li>\n<li><strong><span class=\"selected\">Apoio regulamentar:<\/span><\/strong><span class=\"selected\"> Apoiado por uma documenta\u00e7\u00e3o regulamentar abrangente para simplificar os seus processos de desenvolvimento e lan\u00e7amento de produtos.<\/span><\/li>\n<li><strong><span class=\"selected\">Vantagem direta da fonte:<\/span><\/strong> <strong><span class=\"selected\">Dispon\u00edvel diretamente do fabricante original para uma qualidade consistente, pre\u00e7os competitivos e uma cadeia de fornecimento fi\u00e1vel.<\/span><\/strong><\/li>\n<\/ul>\n<h2><span class=\"selected\">Principais par\u00e2metros t\u00e9cnicos<\/span><\/h2>\n<p><span class=\"selected\">A nossa L-fenilalanina \u00e9 fabricada para cumprir ou exceder as especifica\u00e7\u00f5es da monografia USP. Abaixo est\u00e3o os par\u00e2metros t\u00edpicos para a sua avalia\u00e7\u00e3o t\u00e9cnica.<\/span><\/p>\n<table>\n<tbody>\n<tr>\n<th><span class=\"selected\">Par\u00e2metro<\/span><\/th>\n<th><span class=\"selected\">Especifica\u00e7\u00e3o<\/span><\/th>\n<th><span class=\"selected\">M\u00e9todo de ensaio<\/span><\/th>\n<\/tr>\n<tr>\n<td><strong><span class=\"selected\">Apar\u00eancia<\/span><\/strong><\/td>\n<td><span class=\"selected\">P\u00f3 cristalino branco<\/span><\/td>\n<td><span class=\"selected\">Visual<\/span><\/td>\n<\/tr>\n<tr>\n<td><strong><span class=\"selected\">Identifica\u00e7\u00e3o<\/span><\/strong><\/td>\n<td><span class=\"selected\">Cumpre o requisito<\/span><\/td>\n<td><span class=\"selected\">IR<\/span><\/td>\n<\/tr>\n<tr>\n<td><strong><span class=\"selected\">Composi\u00e7\u00e3o (em base seca)<\/span><\/strong><\/td>\n<td><span class=\"selected\">98.5% ~ 101.5%<\/span><\/td>\n<td><span class=\"selected\">Titula\u00e7\u00e3o<\/span><\/td>\n<\/tr>\n<tr>\n<td><strong><span class=\"selected\">Rota\u00e7\u00e3o espec\u00edfica<\/span><\/strong><\/td>\n<td><span class=\"selected\">-33.0\u00b0 ~ -35.5\u00b0<\/span><\/td>\n<td><span class=\"selected\">USP<\/span><\/td>\n<\/tr>\n<tr>\n<td><strong><span class=\"selected\">Solubilidade<\/span><\/strong><\/td>\n<td><span class=\"selected\">Sol\u00favel em \u00e1gua<\/span><\/td>\n<td><span class=\"selected\">Visual<\/span><\/td>\n<\/tr>\n<tr>\n<td><strong><span class=\"selected\">Perda na secagem<\/span><\/strong><\/td>\n<td><span class=\"selected\">\u2264 0,3%<\/span><\/td>\n<td><span class=\"selected\">USP<\/span><\/td>\n<\/tr>\n<tr>\n<td><strong><span class=\"selected\">Res\u00edduos na igni\u00e7\u00e3o<\/span><\/strong><\/td>\n<td><span class=\"selected\">\u2264 0,1%<\/span><\/td>\n<td><span class=\"selected\">USP<\/span><\/td>\n<\/tr>\n<tr>\n<td><strong><span class=\"selected\">Metais pesados<\/span><\/strong><\/td>\n<td><span class=\"selected\">\u2264 10 ppm<\/span><\/td>\n<td><span class=\"selected\">USP<\/span><\/td>\n<\/tr>\n<tr>\n<td><strong><span class=\"selected\">Chumbo (Pb)<\/span><\/strong><\/td>\n<td><span class=\"selected\">\u2264 1 ppm<\/span><\/td>\n<td><span class=\"selected\">ICP-MS<\/span><\/td>\n<\/tr>\n<tr>\n<td><strong><span class=\"selected\">Ars\u00e9nio (As)<\/span><\/strong><\/td>\n<td><span class=\"selected\">\u2264 1 ppm<\/span><\/td>\n<td><span class=\"selected\">ICP-MS<\/span><\/td>\n<\/tr>\n<tr>\n<td><strong><span class=\"selected\">Tamanho das part\u00edculas<\/span><\/strong><\/td>\n<td><span class=\"selected\">95% pass 80 Mesh<\/span><\/td>\n<td><span class=\"selected\">Peneira\u00e7\u00e3o<\/span><\/td>\n<\/tr>\n<tr>\n<td><strong><span class=\"selected\">Limites microbiol\u00f3gicos<\/span><\/strong><\/td>\n<td><\/td>\n<td><\/td>\n<\/tr>\n<tr>\n<td><strong><span class=\"selected\">Contagem total de placas<\/span><\/strong><\/td>\n<td><span class=\"selected\">&lt; 1000 ufc\/g<\/span><\/td>\n<td><span class=\"selected\">USP<\/span><\/td>\n<\/tr>\n<tr>\n<td><strong><span class=\"selected\">Leveduras e bolores<\/span><\/strong><\/td>\n<td><span class=\"selected\">&lt; 100 ufc\/g<\/span><\/td>\n<td><span class=\"selected\">USP<\/span><\/td>\n<\/tr>\n<tr>\n<td><strong><span class=\"selected\">E. Coli<\/span><\/strong><\/td>\n<td><span class=\"selected\">Negativo<\/span><\/td>\n<td><span class=\"selected\">USP<\/span><\/td>\n<\/tr>\n<tr>\n<td><strong><span class=\"selected\">Salmonela<\/span><\/strong><\/td>\n<td><span class=\"selected\">Negativo<\/span><\/td>\n<td><span class=\"selected\">USP<\/span><\/td>\n<\/tr>\n<\/tbody>\n<\/table>\n<h2><span class=\"selected\">Qualidade e documenta\u00e7\u00e3o<\/span><\/h2>\n<p><span class=\"selected\">A qualidade est\u00e1 integrada no nosso processo. As nossas instala\u00e7\u00f5es de produ\u00e7\u00e3o t\u00eam certifica\u00e7\u00e3o GMP e ISO, garantindo que cada lote de L-Fenilalanina cumpre os mais elevados padr\u00f5es de controlo de qualidade e seguran\u00e7a. Fornecemos um conjunto completo de documenta\u00e7\u00e3o para apoiar as suas equipas de garantia de qualidade e de regulamenta\u00e7\u00e3o.<\/span><\/p>\n<p><strong><span class=\"selected\">Documentos dispon\u00edveis para descarregar ou solicitar:<\/span><\/strong><\/p>\n<ul>\n<li><span class=\"selected\">Certificado de an\u00e1lise (COA)<\/span><\/li>\n<li><span class=\"selected\">Ficha de dados de seguran\u00e7a do material (MSDS)<\/span><\/li>\n<li><span class=\"selected\">Declara\u00e7\u00e3o de alerg\u00e9nios<\/span><\/li>\n<li><span class=\"selected\">Declara\u00e7\u00e3o de n\u00e3o OGM<\/span><\/li>\n<li><span class=\"selected\">Certificado Kosher<\/span><\/li>\n<li><span class=\"selected\">Certificado Halal<\/span><\/li>\n<\/ul>\n<h2><span class=\"selected\">Aplica\u00e7\u00f5es e Orienta\u00e7\u00e3o de Formula\u00e7\u00e3o<\/span><\/h2>\n<p><span class=\"selected\">A pureza e as carater\u00edsticas f\u00edsicas deste ingrediente tornam-no excecionalmente vers\u00e1til para v\u00e1rias aplica\u00e7\u00f5es.<\/span><\/p>\n<ul>\n<li><strong><span class=\"selected\">Suplementos alimentares (c\u00e1psulas, comprimidos, p\u00f3s):<\/span><\/strong><span class=\"selected\"> A sua excelente fluidez e o tamanho consistente das part\u00edculas asseguram uma dosagem uniforme e uma produ\u00e7\u00e3o eficiente em m\u00e1quinas de encapsulamento e de forma\u00e7\u00e3o de comprimidos de alta velocidade. Um n\u00edvel de inclus\u00e3o t\u00edpico situa-se entre 100 mg e 500 mg por dose.<\/span><\/li>\n<li><strong><span class=\"selected\">Bebidas funcionais e RTDs:<\/span><\/strong><span class=\"selected\"> Facilmente sol\u00favel em \u00e1gua, o que o torna ideal para formula\u00e7\u00f5es de bebidas transparentes. Para uma clareza e estabilidade \u00f3ptimas, recomendamos o ajuste do pH do produto final para um intervalo de 5,5 a 6,5.<\/span><\/li>\n<li><strong><span class=\"selected\">Alimentos funcionais (barras de prote\u00ednas, g\u00e9is):<\/span><\/strong><span class=\"selected\"> A L-fenilalanina \u00e9 termicamente est\u00e1vel e resiste a condi\u00e7\u00f5es comuns de processamento de alimentos, como pasteuriza\u00e7\u00e3o e extrus\u00e3o, sem degrada\u00e7\u00e3o significativa.<\/span><\/li>\n<\/ul>\n<h2><span class=\"selected\">Compatibilidade e sinergias<\/span><\/h2>\n<p><span class=\"selected\">Nas f\u00f3rmulas, a L-Fenilalanina funciona em sinergia com outros amino\u00e1cidos para criar um perfil proteico completo. \u00c9 tamb\u00e9m altamente compat\u00edvel com as vitaminas B (como a B6, que \u00e9 um cofator no metabolismo dos amino\u00e1cidos), minerais e outros ingredientes nutrac\u00eauticos comuns.<\/span><\/p>\n<h2><span class=\"selected\">Estabilidade e armazenamento<\/span><\/h2>\n<ul>\n<li><strong><span class=\"selected\">Prazo de validade:<\/span><\/strong><span class=\"selected\"> 24 meses a partir da data de fabrico, quando armazenado nas condi\u00e7\u00f5es recomendadas.<\/span><\/li>\n<li><strong><span class=\"selected\">Condi\u00e7\u00f5es de armazenamento:<\/span><\/strong><span class=\"selected\"> Para manter a integridade do produto, conservar num ambiente fresco e seco (inferior a 25\u00b0C), afastado da luz solar direta e da humidade. Manter os recipientes bem fechados quando n\u00e3o estiverem a ser utilizados.<\/span><\/li>\n<\/ul>\n<h2><span class=\"selected\">Embalagem e fornecimento<\/span><\/h2>\n<p><span class=\"selected\">Estamos equipados para responder \u00e0s suas necessidades de volume com uma log\u00edstica fi\u00e1vel.<\/span><\/p>\n<ul>\n<li><strong><span class=\"selected\">Embalagem standard:<\/span><\/strong><span class=\"selected\"> 25 kg de peso l\u00edquido em bid\u00f5es de fibra inviol\u00e1veis de qualidade alimentar com duplo revestimento interior em PE.<\/span><\/li>\n<li><strong><span class=\"selected\">Fornecimento global:<\/span><\/strong> <strong><span class=\"selected\">Est\u00e3o dispon\u00edveis quantidades a granel para envio global diretamente da nossa f\u00e1brica. Como principal exportador de amino\u00e1cidos de alta pureza, garantimos uma entrega atempada e fi\u00e1vel.<\/span><\/strong><\/li>\n<\/ul>\n<h2><span class=\"selected\">Informa\u00e7\u00f5es sobre seguran\u00e7a e regulamenta\u00e7\u00e3o<\/span><\/h2>\n<ul>\n<li><strong><span class=\"selected\">N\u00famero CAS:<\/span><\/strong><span class=\"selected\"> 63-91-2<\/span><\/li>\n<li><strong><span class=\"selected\">N\u00famero EINECS:<\/span><\/strong><span class=\"selected\"> 200-568-1<\/span><\/li>\n<li><strong><span class=\"selected\">C\u00f3digo HS:<\/span><\/strong><span class=\"selected\"> 292249<\/span><\/li>\n<li><strong><span class=\"selected\">Estado regulamentar:<\/span><\/strong><span class=\"selected\"> Geralmente reconhecido como seguro (GRAS) para a sua utiliza\u00e7\u00e3o prevista em alimentos e suplementos diet\u00e9ticos nos Estados Unidos. Est\u00e1 em conformidade com a atual monografia da Farmacopeia dos Estados Unidos (USP).<\/span><\/li>\n<\/ul>\n<h2><span class=\"selected\">Perguntas frequentes (FAQ)<\/span><\/h2>\n<p><strong><span class=\"selected\">Q: Qual \u00e9 o m\u00e9todo de ensaio para a vossa L-fenilalanina?<\/span><\/strong><\/p>\n<p><span class=\"selected\">R: A nossa L-fenilalanina \u00e9 testada a \u226599% (especificamente, 98,5%-101,5% numa base seca) utilizando o m\u00e9todo de titula\u00e7\u00e3o oficial da USP. Isto garante o mais elevado n\u00edvel de exatid\u00e3o e conformidade com as normas farmacopeicas.<\/span><\/p>\n<p><strong><span class=\"selected\">P: Este produto \u00e9 adequado para formula\u00e7\u00f5es vegan?<\/span><\/strong><\/p>\n<p><span class=\"selected\">R: Sim, a nossa L-Fenilalanina \u00e9 produzida atrav\u00e9s de um processo de fermenta\u00e7\u00e3o microbiana controlado e n\u00e3o cont\u00e9m ingredientes de origem animal ou auxiliares de processamento, o que a torna totalmente adequada para produtos vegan e vegetarianos.<\/span><\/p>\n<p><strong><span class=\"selected\">P: Fornecem diretamente da f\u00e1brica?<\/span><\/strong><\/p>\n<p><span class=\"selected\">A: <\/span><strong><span class=\"selected\">Sim, somos o fabricante e exportador original. Este modelo direto da f\u00e1brica garante total rastreabilidade, qualidade consistente e uma cadeia de fornecimento est\u00e1vel para os nossos parceiros globais.<\/span><\/strong><\/p>\n<p><strong><span class=\"selected\">Q: Qual \u00e9 a vossa quantidade m\u00ednima de encomenda (MOQ)?<\/span><\/strong><\/p>\n<p><span class=\"selected\">R: O nosso MOQ padr\u00e3o \u00e9 de 25 kg (um bid\u00e3o). Para quest\u00f5es sobre quantidades de teste ou para discutir necessidades espec\u00edficas de volume, contacte diretamente a nossa equipa de vendas.<\/span><\/p>\n<p><strong><span class=\"selected\">P: Podem fornecer um Certificado de An\u00e1lise (COA) para um lote espec\u00edfico?<\/span><\/strong><\/p>\n<p><span class=\"selected\">R: Sem d\u00favida. Em cada remessa \u00e9 inclu\u00eddo um Certificado de An\u00e1lise espec\u00edfico do lote. Pode solicitar um COA t\u00edpico para a sua avalia\u00e7\u00e3o inicial utilizando o formul\u00e1rio de contacto abaixo.<\/span><\/p>","protected":false},"excerpt":{"rendered":"<ul>\n<li><b>L-Fenilalanina em p\u00f3 \u2265 99% (Titula\u00e7\u00e3o)<\/b><\/li>\n<li><b>Fonte:<\/b> Fonte de fermenta\u00e7\u00e3o microbiana de alta pureza.<\/li>\n<li><b>Apar\u00eancia:<\/b> P\u00f3 cristalino branco fino.<\/li>\n<li><b>Aplica\u00e7\u00f5es:<\/b> Ideal para suplementos alimentares (c\u00e1psulas, comprimidos, p\u00f3s), alimentos funcionais e formula\u00e7\u00f5es de bebidas.<\/li>\n<li><b>Principais vantagens:<\/b> Excelente pureza, elevada solubilidade, cumpre a monografia da USP e est\u00e1 dispon\u00edvel diretamente do fabricante para uma cadeia de abastecimento est\u00e1vel.<\/li>\n<\/ul>","protected":false},"featured_media":1078,"comment_status":"open","ping_status":"closed","template":"","meta":{"_acf_changed":false},"product_brand":[],"product_cat":[23],"product_tag":[],"class_list":{"0":"post-1077","1":"product","2":"type-product","3":"status-publish","4":"has-post-thumbnail","6":"product_cat-food-additives","8":"first","9":"instock","10":"shipping-taxable","11":"product-type-simple"},"acf":[],"_links":{"self":[{"href":"https:\/\/bstextract.com\/pt\/wp-json\/wp\/v2\/product\/1077","targetHints":{"allow":["GET"]}}],"collection":[{"href":"https:\/\/bstextract.com\/pt\/wp-json\/wp\/v2\/product"}],"about":[{"href":"https:\/\/bstextract.com\/pt\/wp-json\/wp\/v2\/types\/product"}],"replies":[{"embeddable":true,"href":"https:\/\/bstextract.com\/pt\/wp-json\/wp\/v2\/comments?post=1077"}],"wp:featuredmedia":[{"embeddable":true,"href":"https:\/\/bstextract.com\/pt\/wp-json\/wp\/v2\/media\/1078"}],"wp:attachment":[{"href":"https:\/\/bstextract.com\/pt\/wp-json\/wp\/v2\/media?parent=1077"}],"wp:term":[{"taxonomy":"product_brand","embeddable":true,"href":"https:\/\/bstextract.com\/pt\/wp-json\/wp\/v2\/product_brand?post=1077"},{"taxonomy":"product_cat","embeddable":true,"href":"https:\/\/bstextract.com\/pt\/wp-json\/wp\/v2\/product_cat?post=1077"},{"taxonomy":"product_tag","embeddable":true,"href":"https:\/\/bstextract.com\/pt\/wp-json\/wp\/v2\/product_tag?post=1077"}],"curies":[{"name":"wp","href":"https:\/\/api.w.org\/{rel}","templated":true}]}}