{"id":1093,"date":"2025-05-23T09:55:40","date_gmt":"2025-05-23T09:55:40","guid":{"rendered":"https:\/\/bstextract.com\/?post_type=product&#038;p=1093"},"modified":"2025-08-20T08:07:59","modified_gmt":"2025-08-20T08:07:59","slug":"proteina-isolada-de-soja-biologica","status":"publish","type":"product","link":"https:\/\/bstextract.com\/pt\/produto\/proteina-isolada-de-soja-biologica\/","title":{"rendered":"Isolado de prote\u00edna de soja biol\u00f3gica em p\u00f3"},"content":{"rendered":"<p><strong>Isolado de prote\u00edna de soja<\/strong> \u00e9 um p\u00f3 de prote\u00edna vegetal de alta pureza extra\u00eddo de <strong>soja n\u00e3o-GMO<\/strong>. Com um <strong>Conte\u00fado da prote\u00edna 90%<\/strong>Este ingrediente fornece uma fonte rica de prote\u00ednas completas, contendo todos os nove amino\u00e1cidos essenciais, o que o torna uma escolha ideal para dietas vegan e vegetarianas.<\/p>\n<ul>\n<li><strong>Origem Bot\u00e2nica<\/strong>: <em>Glicina max<\/em> (Soja)<\/li>\n<li><strong>N\u00famero CAS<\/strong>: -<\/li>\n<li><strong>Outros nomes<\/strong>: Isolado de Prote\u00edna de Soja, Prote\u00edna de Soja Isolada, Concentrado de Prote\u00edna de Soja<\/li>\n<li><strong>Aspeto f\u00edsico<\/strong>: P\u00f3 fino amarelo<\/li>\n<li><strong>Especifica\u00e7\u00e3o<\/strong>: Prote\u00edna 90%<\/li>\n<li><strong>Sin\u00f3nimos \/ Nomes alternativos<\/strong>: Prote\u00edna de Soja em P\u00f3, Prote\u00edna Isolada de Soja, Prote\u00edna Isolada de Soja<\/li>\n<li><strong>COA: <a href=\"https:\/\/bstextract.com\/wp-content\/uploads\/2025\/05\/Soy-Protein-Isolated-COA.pdf\">Prote\u00edna de soja isolada COA<\/a><\/strong><\/li>\n<\/ul>\n<p>Produzidos atrav\u00e9s de processos avan\u00e7ados de filtra\u00e7\u00e3o e extra\u00e7\u00e3o, os nossos <strong>Isolado de prote\u00edna de soja<\/strong> tem baixo teor de gordura, n\u00e3o cont\u00e9m colesterol e \u00e9 altamente diger\u00edvel, o que o torna perfeito para nutri\u00e7\u00e3o desportiva, suplementos diet\u00e9ticos, alimentos funcionais e bebidas.<\/p>\n<p><img fetchpriority=\"high\" decoding=\"async\" class=\"aligncenter size-full wp-image-1097\" src=\"https:\/\/bstextract.com\/wp-content\/uploads\/2025\/05\/organic-soy-protein-600x338-1.webp\" alt=\"\" width=\"600\" height=\"338\" title=\"\" srcset=\"https:\/\/bstextract.com\/wp-content\/uploads\/2025\/05\/organic-soy-protein-600x338-1.webp 600w, https:\/\/bstextract.com\/wp-content\/uploads\/2025\/05\/organic-soy-protein-600x338-1-300x169.webp 300w, https:\/\/bstextract.com\/wp-content\/uploads\/2025\/05\/organic-soy-protein-600x338-1-18x10.webp 18w\" sizes=\"(max-width: 600px) 100vw, 600px\" \/><\/p>\n<h2>Especifica\u00e7\u00f5es t\u00e9cnicas<\/h2>\n<div>\n<div tabindex=\"-1\">\n<table>\n<thead>\n<tr>\n<th>Par\u00e2metro<\/th>\n<th>Especifica\u00e7\u00e3o<\/th>\n<\/tr>\n<\/thead>\n<tbody>\n<tr>\n<td>Nome do produto<\/td>\n<td>Isolado de prote\u00edna de soja<\/td>\n<\/tr>\n<tr>\n<td>Outro nome<\/td>\n<td>Isolado de prote\u00edna de soja<\/td>\n<\/tr>\n<tr>\n<td>Fonte<\/td>\n<td>Extrato de soja<\/td>\n<\/tr>\n<tr>\n<td>Apar\u00eancia<\/td>\n<td>P\u00f3 amarelo<\/td>\n<\/tr>\n<tr>\n<td>Especifica\u00e7\u00e3o do produto<\/td>\n<td>Prote\u00edna 90%<\/td>\n<\/tr>\n<tr>\n<td>Embalagem<\/td>\n<td>1 kg\/saco\/caixa ou 25 kg\/tambor\/caixa, personaliz\u00e1vel<\/td>\n<\/tr>\n<tr>\n<td>Disponibilidade de amostras<\/td>\n<td>Amostras gr\u00e1tis fornecidas<\/td>\n<\/tr>\n<tr>\n<td>Prazo de validade<\/td>\n<td>24 meses (quando corretamente armazenado)<\/td>\n<\/tr>\n<tr>\n<td>Condi\u00e7\u00f5es de armazenamento<\/td>\n<td>Armazenar em recipientes estanques e resistentes \u00e0 luz. Evitar a luz solar direta, a humidade e o calor excessivo.<\/td>\n<\/tr>\n<tr>\n<td>Certifica\u00e7\u00f5es<\/td>\n<td>KOSHER, HACCP, ISO22000, HALAL, Org\u00e2nico da UE, Org\u00e2nico do USDA<\/td>\n<\/tr>\n<\/tbody>\n<\/table>\n<div>\n<div><\/div>\n<\/div>\n<\/div>\n<\/div>\n<p><strong>Carater\u00edsticas principais<\/strong>:<\/p>\n<ul>\n<li>Elevado teor proteico (90%)<\/li>\n<li>Fonte completa de prote\u00ednas de origem vegetal<\/li>\n<li>Adequado para veganos e vegetarianos<\/li>\n<li>Baixo teor de gordura, sem colesterol<\/li>\n<li>Sem alerg\u00e9nios comuns como os lactic\u00ednios e a lactose<\/li>\n<li>Excelente solubilidade e f\u00e1cil de misturar em v\u00e1rias formula\u00e7\u00f5es<\/li>\n<\/ul>\n<h2>Qualidade e conformidade<\/h2>\n<p>O nosso <strong>Isolado de prote\u00edna de soja<\/strong> \u00e9 produzido sob rigorosas normas de controlo de qualidade:<\/p>\n<ul>\n<li><strong>Certifica\u00e7\u00f5es<\/strong>: KOSHER, HALAL, ISO22000, HACCP, Org\u00e2nico da UE, Org\u00e2nico do USDA<\/li>\n<li><strong>Conformidade<\/strong>: Cumpre as normas internacionais USP, EP, CP<\/li>\n<li><strong>Ensaios<\/strong>:\n<ul>\n<li>Pureza da prote\u00edna (90%)<\/li>\n<li>Seguran\u00e7a microbiol\u00f3gica<\/li>\n<li>Metais pesados<\/li>\n<li>Res\u00edduos de pesticidas<\/li>\n<\/ul>\n<\/li>\n<li><strong>COA<\/strong>: Certificado de an\u00e1lise dispon\u00edvel para cada lote<\/li>\n<li><strong>Seguran\u00e7a<\/strong>: Controlo total da contamina\u00e7\u00e3o e rastreabilidade ao longo de toda a produ\u00e7\u00e3o<\/li>\n<\/ul>\n<p><img decoding=\"async\" class=\"aligncenter wp-image-1539 size-large\" src=\"https:\/\/bstextract.com\/wp-content\/uploads\/2025\/05\/100011-1024x787.webp\" alt=\"USDA\" width=\"1024\" height=\"787\" title=\"\" srcset=\"https:\/\/bstextract.com\/wp-content\/uploads\/2025\/05\/100011-1024x787.webp 1024w, https:\/\/bstextract.com\/wp-content\/uploads\/2025\/05\/100011-300x230.webp 300w, https:\/\/bstextract.com\/wp-content\/uploads\/2025\/05\/100011-768x590.webp 768w, https:\/\/bstextract.com\/wp-content\/uploads\/2025\/05\/100011-1536x1180.webp 1536w, https:\/\/bstextract.com\/wp-content\/uploads\/2025\/05\/100011-16x12.webp 16w, https:\/\/bstextract.com\/wp-content\/uploads\/2025\/05\/100011-600x461.webp 600w, https:\/\/bstextract.com\/wp-content\/uploads\/2025\/05\/100011.webp 1700w\" sizes=\"(max-width: 1024px) 100vw, 1024px\" \/><\/p>\n<h2>Aplica\u00e7\u00f5es<\/h2>\n<h3>Ind\u00fastrias prim\u00e1rias<\/h3>\n<ul>\n<li><strong>Nutri\u00e7\u00e3o desportiva<\/strong><\/li>\n<li><strong>Suplementos alimentares<\/strong><\/li>\n<li><strong>Alimentos funcionais<\/strong><\/li>\n<li><strong>Bebidas<\/strong><\/li>\n<li><strong>Substitutos de refei\u00e7\u00e3o em p\u00f3<\/strong><\/li>\n<li><strong>Produtos de panifica\u00e7\u00e3o<\/strong><\/li>\n<li><strong>Alimentos veganos e vegetarianos<\/strong><\/li>\n<\/ul>\n<h3>Casos de utiliza\u00e7\u00e3o t\u00edpicos<\/h3>\n<ul>\n<li>Batidos e smoothies de prote\u00ednas<\/li>\n<li>Produtos de substitui\u00e7\u00e3o de refei\u00e7\u00f5es e de gest\u00e3o do peso<\/li>\n<li>Snacks e barras enriquecidos com prote\u00ednas<\/li>\n<li>Iogurte \u00e0 base de plantas e alternativas aos produtos l\u00e1cteos<\/li>\n<li>Cozedura vegana (p\u00e3es, bolos, pastelaria)<\/li>\n<\/ul>\n<h3>Recomenda\u00e7\u00f5es de dosagem<\/h3>\n<ul>\n<li>Utiliza\u00e7\u00e3o comum: <strong>10-30g por dose<\/strong>, consoante a formula\u00e7\u00e3o<\/li>\n<li>Bebidas proteicas: normalmente 20g por dose<\/li>\n<\/ul>\n<h3>Compatibilidade de ingredientes<\/h3>\n<ul>\n<li>Combina bem com:\n<ul>\n<li><a href=\"https:\/\/bstextract.com\/pt\/produto\/proteina-de-ervilha\/\">Prote\u00edna de ervilha<\/a><\/li>\n<li><a href=\"https:\/\/bstextract.com\/pt\/produto\/80-proteina-de-arroz-em-po\/\">Prote\u00edna de arroz integral<\/a><\/li>\n<li>Prote\u00edna de aveia<\/li>\n<li>Superalimentos e extractos de plantas<\/li>\n<li>Vitaminas e minerais<\/li>\n<\/ul>\n<\/li>\n<\/ul>\n<h2>Fornecimento e servi\u00e7o<\/h2>\n<ul>\n<li><strong>MOQ<\/strong>: 1kg<\/li>\n<li><strong>Op\u00e7\u00f5es de embalagem<\/strong>:\n<ul>\n<li>1kg\/saco\/caixa<\/li>\n<li>25 kg\/tambor\/caixa<\/li>\n<li>Embalagem personalizada dispon\u00edvel mediante pedido<\/li>\n<\/ul>\n<\/li>\n<li><strong>Fornecimento a granel<\/strong>: Forte capacidade de produ\u00e7\u00e3o e apoio ao invent\u00e1rio<\/li>\n<li><strong>OEM\/ODM<\/strong>: Servi\u00e7o completo de OEM\/ODM e op\u00e7\u00f5es de marca pr\u00f3pria<\/li>\n<li><strong>Prazo de execu\u00e7\u00e3o<\/strong>: 5-7 dias \u00fateis para artigos em stock<\/li>\n<li><strong>Expedi\u00e7\u00e3o<\/strong>: Expedi\u00e7\u00e3o mundial por via mar\u00edtima, a\u00e9rea ou correio<\/li>\n<li><strong>Apoio t\u00e9cnico<\/strong>: Conselhos de formula\u00e7\u00e3o e orienta\u00e7\u00f5es regulamentares dispon\u00edveis<\/li>\n<li><strong>P\u00f3s-venda<\/strong>: Servi\u00e7o dedicado de apoio ao cliente e de repeti\u00e7\u00e3o de encomendas<\/li>\n<\/ul>\n<h2>Credenciais da empresa<\/h2>\n<p><strong>Xi'an Best Bio-Tech Co., Ltd.<\/strong> \u00e9 um fornecedor mundial de <strong>prote\u00ednas de origem vegetal<\/strong> e <strong>extractos naturais de ervas<\/strong>oferecendo produtos de alta qualidade e um servi\u00e7o excecional a clientes em mais de 60 pa\u00edses. A nossa f\u00e1brica em <strong>Yangling, China<\/strong> est\u00e1 equipado com <strong>Linhas de produ\u00e7\u00e3o automatizadas com certifica\u00e7\u00e3o GMP<\/strong> e instrumentos avan\u00e7ados de teste de qualidade.<\/p>\n<p>As certifica\u00e7\u00f5es incluem <strong>KOSHER, HALAL, ISO9001, HACCP, USFDA<\/strong>garantindo que os nossos produtos cumprem as rigorosas normas internacionais.<\/p>\n<p>A nossa carteira de produtos inclui:<\/p>\n<ul>\n<li><strong>Prote\u00ednas de origem vegetal<\/strong><\/li>\n<li><strong>Extractos de cogumelos<\/strong><\/li>\n<li><strong>Extractos de ervas<\/strong><\/li>\n<li><strong>Frutas e legumes em p\u00f3<\/strong><\/li>\n<\/ul>\n<p>Estamos empenhados em fornecer <strong>seguro<\/strong>, <strong>efetivo<\/strong>e <strong>ingredientes personalizados<\/strong> para apoiar estilos de vida saud\u00e1veis em todo o mundo.<\/p>\n<h2>FAQs<\/h2>\n<h3>1. Para que \u00e9 utilizado o Isolado de Prote\u00edna de Soja?<\/h3>\n<p>\u00c9 utilizado em <strong>nutri\u00e7\u00e3o desportiva<\/strong>, <strong>alimentos funcionais<\/strong>, <strong>suplementos alimentares<\/strong>e <strong>produtos \u00e0 base de plantas<\/strong> como fonte de prote\u00ednas de alta qualidade.<\/p>\n<h3>2. Qual \u00e9 a dosagem t\u00edpica?<\/h3>\n<p>Por\u00e7\u00e3o comum: <strong>10-30g por dose<\/strong>dependendo da aplica\u00e7\u00e3o.<\/p>\n<h3>3. O vosso Isolado de Prote\u00edna de Soja \u00e9 certificado?<\/h3>\n<p>Sim - o nosso produto \u00e9 <strong>KOSHER, HALAL, ISO22000, HACCP, Org\u00e2nico da UE, Org\u00e2nico do USDA<\/strong> certificado.<\/p>\n<h3>4. Oferecem servi\u00e7os OEM\/ODM?<\/h3>\n<p>Sim - oferecemos <strong>OEM\/ODM, marca pr\u00f3pria<\/strong>e solu\u00e7\u00f5es de embalagem personalizadas.<\/p>\n<h3>5. Qual \u00e9 o vosso MOQ?<\/h3>\n<p><strong>1kg<\/strong>.<\/p>\n<h3>6. Como devo armazenar o Isolado de Prote\u00edna de Soja?<\/h3>\n<p>Armazenar em <strong>recipientes fechados e resistentes \u00e0 luz<\/strong> longe de <strong>calor e humidade<\/strong> para uma qualidade \u00f3ptima.<\/p>","protected":false},"excerpt":{"rendered":"<ul>\n<li><strong>Origem Bot\u00e2nica<\/strong>: <em>Glicina max<\/em> (Soja)<\/li>\n<li><strong>Outros nomes<\/strong>: Isolado de Prote\u00edna de Soja, Prote\u00edna de Soja Isolada, Concentrado de Prote\u00edna de Soja<\/li>\n<li><strong>Aspeto f\u00edsico<\/strong>: P\u00f3 fino amarelo<\/li>\n<li><strong>Especifica\u00e7\u00e3o<\/strong>: Prote\u00edna 90%<\/li>\n<li><strong>Sin\u00f3nimos \/ Nomes alternativos<\/strong>: Prote\u00edna de Soja em P\u00f3, Prote\u00edna Isolada de Soja, Prote\u00edna Isolada de Soja<\/li>\n<\/ul>\n<p>&nbsp;<\/p>","protected":false},"featured_media":1094,"comment_status":"open","ping_status":"closed","template":"","meta":{"_acf_changed":false},"product_brand":[],"product_cat":[21],"product_tag":[],"class_list":{"0":"post-1093","1":"product","2":"type-product","3":"status-publish","4":"has-post-thumbnail","6":"product_cat-plant-extracts","8":"first","9":"instock","10":"shipping-taxable","11":"product-type-simple"},"acf":[],"_links":{"self":[{"href":"https:\/\/bstextract.com\/pt\/wp-json\/wp\/v2\/product\/1093","targetHints":{"allow":["GET"]}}],"collection":[{"href":"https:\/\/bstextract.com\/pt\/wp-json\/wp\/v2\/product"}],"about":[{"href":"https:\/\/bstextract.com\/pt\/wp-json\/wp\/v2\/types\/product"}],"replies":[{"embeddable":true,"href":"https:\/\/bstextract.com\/pt\/wp-json\/wp\/v2\/comments?post=1093"}],"wp:featuredmedia":[{"embeddable":true,"href":"https:\/\/bstextract.com\/pt\/wp-json\/wp\/v2\/media\/1094"}],"wp:attachment":[{"href":"https:\/\/bstextract.com\/pt\/wp-json\/wp\/v2\/media?parent=1093"}],"wp:term":[{"taxonomy":"product_brand","embeddable":true,"href":"https:\/\/bstextract.com\/pt\/wp-json\/wp\/v2\/product_brand?post=1093"},{"taxonomy":"product_cat","embeddable":true,"href":"https:\/\/bstextract.com\/pt\/wp-json\/wp\/v2\/product_cat?post=1093"},{"taxonomy":"product_tag","embeddable":true,"href":"https:\/\/bstextract.com\/pt\/wp-json\/wp\/v2\/product_tag?post=1093"}],"curies":[{"name":"wp","href":"https:\/\/api.w.org\/{rel}","templated":true}]}}