{"id":1098,"date":"2025-05-26T01:14:12","date_gmt":"2025-05-26T01:14:12","guid":{"rendered":"https:\/\/bstextract.com\/?post_type=product&#038;p=1098"},"modified":"2025-07-09T06:53:07","modified_gmt":"2025-07-09T06:53:07","slug":"extrato-de-ginkgo-biloba","status":"publish","type":"product","link":"https:\/\/bstextract.com\/pt\/produto\/extrato-de-ginkgo-biloba\/","title":{"rendered":"Extrato de Ginkgo Biloba EGB 761 24%"},"content":{"rendered":"<p><strong>Extrato de Ginkgo Biloba<\/strong>tamb\u00e9m designado por EGB 761, \u00e9 um extrato normalizado de folhas de Ginkgo Biloba. Cont\u00e9m 24% glicos\u00eddeos de flavona (principalmente quercetina, kaempferol e isorhamnetina) e 6% terpeno lactonas (2,8-3,4% ginkgolides A, B e C, e 2,6-3,2% bilobalide). O extrato de Ginkgo biloba \u00e9 amplamente utilizado em aditivos alimentares, bebidas funcionais e mat\u00e9rias-primas cosm\u00e9ticas.<\/p>\n<ul>\n<li><strong>Origem Bot\u00e2nica<\/strong>: <em>Ginkgo biloba<\/em> (Folha)<\/li>\n<li><strong>N\u00famero CAS<\/strong>: -<\/li>\n<li><strong>Aspeto f\u00edsico<\/strong>: P\u00f3 fino verde castanho<\/li>\n<li><strong>Especifica\u00e7\u00e3o<\/strong>24% Flavon\u00f3ides<\/li>\n<li><strong>Sin\u00f3nimos \/ Nomes alternativos<\/strong>: Extrato de Ginkgo, Extrato de Folha de Ginkgo, Extrato de Folha de Ginkgo Biloba em P\u00f3<\/li>\n<li><strong>COA:<\/strong> <a href=\"https:\/\/bstextract.com\/wp-content\/uploads\/2025\/05\/Ginkgo-Biloba-Extract-COA.pdf\">Extrato de Ginkgo Biloba COA<\/a><\/li>\n<\/ul>\n<p>Este extrato altamente concentrado \u00e9 fabricado com t\u00e9cnicas de processamento avan\u00e7adas para preservar os compostos activos e garantir os mais elevados n\u00edveis de pureza, tornando-o ideal para utiliza\u00e7\u00e3o em suplementos, alimentos funcionais e cosm\u00e9ticos.<\/p>\n<p><img fetchpriority=\"high\" decoding=\"async\" class=\"aligncenter wp-image-1103 size-full\" src=\"https:\/\/bstextract.com\/wp-content\/uploads\/2025\/05\/1-24.png\" alt=\"Extrato de Ginkgo Biloba\" width=\"750\" height=\"652\" title=\"\" srcset=\"https:\/\/bstextract.com\/wp-content\/uploads\/2025\/05\/1-24.png 750w, https:\/\/bstextract.com\/wp-content\/uploads\/2025\/05\/1-24-300x261.png 300w, https:\/\/bstextract.com\/wp-content\/uploads\/2025\/05\/1-24-14x12.png 14w, https:\/\/bstextract.com\/wp-content\/uploads\/2025\/05\/1-24-600x522.png 600w\" sizes=\"(max-width: 750px) 100vw, 750px\" \/><\/p>\n<h2>Especifica\u00e7\u00f5es t\u00e9cnicas<\/h2>\n<div>\n<div tabindex=\"-1\">\n<table>\n<thead>\n<tr>\n<th>Par\u00e2metro<\/th>\n<th>Especifica\u00e7\u00e3o<\/th>\n<\/tr>\n<\/thead>\n<tbody>\n<tr>\n<td>Nome do produto<\/td>\n<td>Extrato de Ginkgo Biloba<\/td>\n<\/tr>\n<tr>\n<td>Ingrediente ativo<\/td>\n<td>Flavon\u00f3ides<\/td>\n<\/tr>\n<tr>\n<td>Apar\u00eancia<\/td>\n<td>P\u00f3 verde castanho<\/td>\n<\/tr>\n<tr>\n<td>Especifica\u00e7\u00e3o do produto<\/td>\n<td>24% Flavon\u00f3ides<\/td>\n<\/tr>\n<tr>\n<td>Embalagem<\/td>\n<td>1 kg\/saco\/caixa ou 25 kg\/tambor\/caixa, personaliz\u00e1vel<\/td>\n<\/tr>\n<tr>\n<td>Disponibilidade de amostras<\/td>\n<td>Amostras gr\u00e1tis dispon\u00edveis<\/td>\n<\/tr>\n<tr>\n<td>Prazo de validade<\/td>\n<td>24 meses (quando corretamente armazenado)<\/td>\n<\/tr>\n<tr>\n<td>Condi\u00e7\u00f5es de armazenamento<\/td>\n<td>Armazenar em recipientes estanques e resistentes \u00e0 luz. Evitar a luz solar direta, a humidade e o calor excessivo.<\/td>\n<\/tr>\n<tr>\n<td>Certifica\u00e7\u00f5es<\/td>\n<td>KOSHER, HACCP, ISO22000, HALAL, Org\u00e2nico da UE, Org\u00e2nico do USDA<\/td>\n<\/tr>\n<\/tbody>\n<\/table>\n<div>\n<div><\/div>\n<\/div>\n<\/div>\n<\/div>\n<p><strong>Carater\u00edsticas principais<\/strong>:<\/p>\n<ul>\n<li>Elevado teor de flavon\u00f3ides naturais (24%)<\/li>\n<li>P\u00f3 fino castanho-esverdeado, de fluxo livre<\/li>\n<li>Est\u00e1vel, longa vida \u00fatil<\/li>\n<li>Dispon\u00edvel com amostras gr\u00e1tis<\/li>\n<li>Totalmente certificado para mercados globais<\/li>\n<\/ul>\n<h2>Qualidade e conformidade<\/h2>\n<p>O nosso <strong>Extrato de Ginkgo Biloba<\/strong> \u00e9 fabricado segundo normas de controlo de qualidade rigorosas:<\/p>\n<ul>\n<li><strong>Certifica\u00e7\u00f5es<\/strong>: KOSHER, HALAL, ISO22000, HACCP, Org\u00e2nico da UE, Org\u00e2nico do USDA<\/li>\n<li><strong>Conformidade com as normas<\/strong>: Cumpre as normas internacionais, incluindo USP, EP, CP<\/li>\n<li><strong>Ensaios<\/strong>: Cada lote \u00e9 testado internamente e por laborat\u00f3rios terceiros para:\n<ul>\n<li>Teor do ingrediente ativo (Flavon\u00f3ides 24%)<\/li>\n<li>Pureza microbiol\u00f3gica<\/li>\n<li>Metais pesados (Pb, As, Cd, Hg)<\/li>\n<li>Res\u00edduos de pesticidas<\/li>\n<\/ul>\n<\/li>\n<li><strong>COA<\/strong>: Certificado de an\u00e1lise fornecido com cada remessa<\/li>\n<li><strong>Seguran\u00e7a<\/strong>: Fabricado com um controlo rigoroso da contamina\u00e7\u00e3o e da rastreabilidade<\/li>\n<\/ul>\n<p><iframe title=\"Extrato de Ginkgo Biloba\" width=\"800\" height=\"450\" src=\"https:\/\/www.youtube.com\/embed\/G-mL-W830nA?feature=oembed\" frameborder=\"0\" allow=\"accelerometer; autoplay; clipboard-write; encrypted-media; gyroscope; picture-in-picture; web-share\" referrerpolicy=\"strict-origin-when-cross-origin\" allowfullscreen><\/iframe><\/p>\n<h2>Aplica\u00e7\u00f5es<\/h2>\n<h3>Ind\u00fastrias prim\u00e1rias<\/h3>\n<ul>\n<li><strong>Suplementos alimentares<\/strong><\/li>\n<li><strong>Alimentos funcionais<\/strong><\/li>\n<li><strong>Cosm\u00e9ticos e cuidados com a pele<\/strong><\/li>\n<li><strong>Produtos farmac\u00eauticos<\/strong><\/li>\n<li><strong>Bebidas<\/strong><\/li>\n<\/ul>\n<h3>Casos de utiliza\u00e7\u00e3o t\u00edpicos<\/h3>\n<ul>\n<li>C\u00e1psulas e comprimidos para a mem\u00f3ria e o apoio cognitivo<\/li>\n<li>Tinturas l\u00edquidas e sprays orais<\/li>\n<li>S\u00e9runs anti-envelhecimento e f\u00f3rmulas de cuidados da pele<\/li>\n<li>Ch\u00e1s enriquecidos e bebidas saud\u00e1veis<\/li>\n<\/ul>\n<h3>Recomenda\u00e7\u00f5es de dosagem<\/h3>\n<ul>\n<li>Gamas de dosagem t\u00edpicas: <strong>60 mg a 240 mg\/dia<\/strong>dependendo da formula\u00e7\u00e3o final e do tipo de produto <em>(consultar as diretrizes regulamentares e os respons\u00e1veis pelo desenvolvimento do produto)<\/em><\/li>\n<\/ul>\n<h3>Compatibilidade de ingredientes<\/h3>\n<ul>\n<li>Combina bem com:\n<ul>\n<li><a href=\"https:\/\/bstextract.com\/pt\/produto\/extrato-de-ginseng\/\"><strong>Extrato de Ginseng<\/strong><\/a><\/li>\n<li><strong>Extrato de ch\u00e1 verde<\/strong><\/li>\n<li><strong>Extrato de curcuma<\/strong><\/li>\n<li><strong>Extrato de cogumelo Lion's Mane<\/strong><\/li>\n<li><strong>Resveratrol<\/strong><\/li>\n<\/ul>\n<\/li>\n<\/ul>\n<h2>Fornecimento e servi\u00e7o<\/h2>\n<ul>\n<li><strong>MOQ<\/strong>: 1kg<\/li>\n<li><strong>Op\u00e7\u00f5es de embalagem<\/strong>:\n<ul>\n<li>1kg\/saco\/caixa<\/li>\n<li>25 kg\/tambor\/caixa<\/li>\n<li>Op\u00e7\u00f5es de embalagem personalizadas dispon\u00edveis<\/li>\n<\/ul>\n<\/li>\n<li><strong>Fornecimento a granel<\/strong>: Capacidade de produ\u00e7\u00e3o fi\u00e1vel com prazos de entrega r\u00e1pidos<\/li>\n<li><strong>OEM\/ODM<\/strong>: Formula\u00e7\u00f5es personalizadas e rotulagem privada dispon\u00edveis<\/li>\n<li><strong>Prazo de execu\u00e7\u00e3o<\/strong>: 5-7 dias \u00fateis (stock dispon\u00edvel)<\/li>\n<li><strong>Expedi\u00e7\u00e3o<\/strong>: Expedi\u00e7\u00e3o mundial por via a\u00e9rea, mar\u00edtima ou correio expresso<\/li>\n<li><strong>Apoio<\/strong>: Equipa dedicada de I&amp;D e de apoio t\u00e9cnico<\/li>\n<li><strong>P\u00f3s-venda<\/strong>: Servi\u00e7o completo de apoio ao cliente para reencomendas e perguntas sobre produtos<\/li>\n<\/ul>\n<h2>Credenciais da empresa<\/h2>\n<p><strong>Xi'an Best Bio-Tech Co., Ltd.<\/strong> dedica-se \u00e0 investiga\u00e7\u00e3o, desenvolvimento e com\u00e9rcio global de <strong>extractos de ervas naturais de alta qualidade<\/strong>. Com uma equipa experiente e apoio ao cliente 24 horas por dia, 7 dias por semana, servimos clientes em <strong>mais de 60 pa\u00edses<\/strong> com pre\u00e7os competitivos, qualidade consistente e solu\u00e7\u00f5es personalizadas.<\/p>\n<p>A nossa f\u00e1brica est\u00e1 localizada em <strong>Yangling, China<\/strong>, o maior centro do pa\u00eds para <strong>produ\u00e7\u00e3o e distribui\u00e7\u00e3o de extractos de plantas<\/strong>. Equipado com <strong>instrumentos de teste avan\u00e7ados<\/strong> e <strong>Linhas de produ\u00e7\u00e3o automatizadas em conformidade com as BPF<\/strong>A nossa empresa assegura uma qualidade superior dos produtos, desde a sele\u00e7\u00e3o das mat\u00e9rias-primas at\u00e9 \u00e0 embalagem final.<\/p>\n<p>As nossas certifica\u00e7\u00f5es incluem:<br \/>\n<strong>KOSHER, HALAL, ISO9001, USFDA<\/strong><\/p>\n<p>As principais linhas de produtos incluem:<\/p>\n<ul>\n<li><strong>Extractos de cogumelos<\/strong><\/li>\n<li><strong>Ingredientes de suplementos de sa\u00fade<\/strong><\/li>\n<li><strong>Extractos de ervas para cosm\u00e9tica<\/strong><\/li>\n<li><strong>Frutas e legumes em p\u00f3<\/strong><\/li>\n<\/ul>\n<p>Estamos empenhados em fornecer <strong>ingredientes naturais seguros, eficazes e personaliz\u00e1veis<\/strong> para clientes globais.<\/p>","protected":false},"excerpt":{"rendered":"<ul>\n<li><strong>Origem Bot\u00e2nica<\/strong>: <em>Ginkgo biloba<\/em> (Folha)<\/li>\n<li><strong>N\u00famero CAS<\/strong>: -<\/li>\n<li><strong>Aspeto f\u00edsico<\/strong>: P\u00f3 fino verde castanho<\/li>\n<li><strong>Especifica\u00e7\u00e3o<\/strong>24% Flavon\u00f3ides<\/li>\n<li><strong>Sin\u00f3nimos \/ Nomes alternativos<\/strong>: Extrato de Ginkgo, Extrato de Folha de Ginkgo, Extrato de Folha de Ginkgo Biloba em P\u00f3<\/li>\n<\/ul>\n<p>&nbsp;<\/p>","protected":false},"featured_media":1099,"comment_status":"open","ping_status":"closed","template":"","meta":{"_acf_changed":false},"product_brand":[],"product_cat":[21],"product_tag":[],"class_list":{"0":"post-1098","1":"product","2":"type-product","3":"status-publish","4":"has-post-thumbnail","6":"product_cat-plant-extracts","8":"first","9":"instock","10":"shipping-taxable","11":"product-type-simple"},"acf":[],"_links":{"self":[{"href":"https:\/\/bstextract.com\/pt\/wp-json\/wp\/v2\/product\/1098","targetHints":{"allow":["GET"]}}],"collection":[{"href":"https:\/\/bstextract.com\/pt\/wp-json\/wp\/v2\/product"}],"about":[{"href":"https:\/\/bstextract.com\/pt\/wp-json\/wp\/v2\/types\/product"}],"replies":[{"embeddable":true,"href":"https:\/\/bstextract.com\/pt\/wp-json\/wp\/v2\/comments?post=1098"}],"wp:featuredmedia":[{"embeddable":true,"href":"https:\/\/bstextract.com\/pt\/wp-json\/wp\/v2\/media\/1099"}],"wp:attachment":[{"href":"https:\/\/bstextract.com\/pt\/wp-json\/wp\/v2\/media?parent=1098"}],"wp:term":[{"taxonomy":"product_brand","embeddable":true,"href":"https:\/\/bstextract.com\/pt\/wp-json\/wp\/v2\/product_brand?post=1098"},{"taxonomy":"product_cat","embeddable":true,"href":"https:\/\/bstextract.com\/pt\/wp-json\/wp\/v2\/product_cat?post=1098"},{"taxonomy":"product_tag","embeddable":true,"href":"https:\/\/bstextract.com\/pt\/wp-json\/wp\/v2\/product_tag?post=1098"}],"curies":[{"name":"wp","href":"https:\/\/api.w.org\/{rel}","templated":true}]}}