{"id":1131,"date":"2025-05-27T01:49:14","date_gmt":"2025-05-27T01:49:14","guid":{"rendered":"https:\/\/bstextract.com\/?post_type=product&#038;p=1131"},"modified":"2025-05-27T01:53:36","modified_gmt":"2025-05-27T01:53:36","slug":"urolitina-a-em-po","status":"publish","type":"product","link":"https:\/\/bstextract.com\/pt\/produto\/urolitina-a-em-po\/","title":{"rendered":"Urolitina A em p\u00f3"},"content":{"rendered":"<p><!-- Keyword Section (Outside Article) --><\/p>\n<h2>O que \u00e9 Urolithin A Powder?<\/h2>\n<p><strong>Urolitina A em p\u00f3<\/strong> \u00e9 um composto p\u00f3s-bi\u00f3tico natural derivado do metabolismo microbiano dos elagitaninos, normalmente encontrados em rom\u00e3s, bagas e nozes. Identificado pelo n\u00famero CAS. <strong>1143-70-0<\/strong>A urolitina A est\u00e1 a ganhar aten\u00e7\u00e3o pela sua capacidade de <strong>estimular a mitofagia<\/strong>-o processo natural do organismo para substituir as mitoc\u00f4ndrias danificadas- e apoiar <strong>energia celular, sa\u00fade muscular e longevidade<\/strong>.<\/p>\n<p><img fetchpriority=\"high\" decoding=\"async\" class=\"size-full wp-image-1137 alignnone\" src=\"https:\/\/bstextract.com\/wp-content\/uploads\/2025\/05\/Urolithin-A-bulk-powder.jpg\" alt=\"\" width=\"1920\" height=\"750\" title=\"\" srcset=\"https:\/\/bstextract.com\/wp-content\/uploads\/2025\/05\/Urolithin-A-bulk-powder.jpg 1920w, https:\/\/bstextract.com\/wp-content\/uploads\/2025\/05\/Urolithin-A-bulk-powder-300x117.jpg 300w, https:\/\/bstextract.com\/wp-content\/uploads\/2025\/05\/Urolithin-A-bulk-powder-1024x400.jpg 1024w, https:\/\/bstextract.com\/wp-content\/uploads\/2025\/05\/Urolithin-A-bulk-powder-768x300.jpg 768w, https:\/\/bstextract.com\/wp-content\/uploads\/2025\/05\/Urolithin-A-bulk-powder-1536x600.jpg 1536w, https:\/\/bstextract.com\/wp-content\/uploads\/2025\/05\/Urolithin-A-bulk-powder-18x7.jpg 18w, https:\/\/bstextract.com\/wp-content\/uploads\/2025\/05\/Urolithin-A-bulk-powder-600x234.jpg 600w\" sizes=\"(max-width: 1920px) 100vw, 1920px\" \/><\/p>\n<p>A nossa Urolitina A em p\u00f3 \u00e9 normalizada para <strong>98% pureza<\/strong> e aparece como uma fina <strong>p\u00f3 castanho claro<\/strong>. N\u00f3s tamb\u00e9m fornecemos <strong>Urolitina B<\/strong>A forma de um produto de sa\u00fade \u00e9 a forma de um produto de sa\u00fade de origem animal, outra forma com fun\u00e7\u00f5es biol\u00f3gicas semelhantes mas distintas. Ambas as formas s\u00e3o adequadas para <strong>aplica\u00e7\u00f5es nutrac\u00eauticas, farmac\u00eauticas e alimentares funcionais<\/strong>.<\/p>\n<h2>Aplica\u00e7\u00f5es da urolitina A em p\u00f3<\/h2>\n<p>A urolitina A \u00e9 amplamente utilizada em <strong>suplementos anti-envelhecimento, de recupera\u00e7\u00e3o desportiva e de sa\u00fade mitocondrial<\/strong>. \u00c9 tipicamente formulado em <strong>c\u00e1psulas, comprimidos, p\u00f3s para bebidas e alimentos funcionais<\/strong> para apoiar <strong>rejuvenescimento celular, desempenho muscular e clareza cognitiva<\/strong>. O seu papel clinicamente comprovado na melhoria da fun\u00e7\u00e3o mitocondrial torna-o ideal para pessoas que se concentram em <strong>envelhecimento saud\u00e1vel e otimiza\u00e7\u00e3o da energia<\/strong>.<\/p>\n<p>A urolitina B, um composto relacionado, \u00e9 utilizada em aplica\u00e7\u00f5es semelhantes e \u00e9 conhecida pelos seus benef\u00edcios anti-inflamat\u00f3rios e de s\u00edntese de prote\u00ednas musculares. Ambas as urolitinas s\u00e3o cada vez mais populares em <strong>linhas de produtos centradas no biohacking, no bem-estar e na longevidade<\/strong>.<\/p>\n<h2>Perguntas mais frequentes<\/h2>\n<p><strong>Qual \u00e9 o grau de pureza da vossa Urolithin A?<\/strong><br \/>\nA nossa Urolitina A em p\u00f3 \u00e9 normalizada para <strong>98% pureza<\/strong> e \u00e9 adequado para suplementos alimentares humanos.<\/p>\n<p><strong>Tamb\u00e9m oferecem Urolithin B?<\/strong><br \/>\nSim, fornecemos <strong>Urolitina B<\/strong> para utiliza\u00e7\u00e3o em produtos que visam fun\u00e7\u00f5es anti-inflamat\u00f3rias e de apoio muscular.<\/p>\n<p><strong>Qual \u00e9 o aspeto do produto?<\/strong><br \/>\n\u00c9 um <strong>p\u00f3 castanho claro<\/strong> com excelente estabilidade e solubilidade para utiliza\u00e7\u00e3o em formula\u00e7\u00f5es.<\/p>\n<p><strong>Quais s\u00e3o as principais aplica\u00e7\u00f5es da Urolitina A?<\/strong><br \/>\nUtilizado em <strong>suplementos para a sa\u00fade mitocondrial, anti-envelhecimento, resist\u00eancia e longevidade<\/strong>.<\/p>\n<p><strong>Como \u00e9 que \u00e9 embalado?<\/strong><br \/>\nA embalagem standard inclui <strong>1kg\/saco\/caixa<\/strong> ou <strong>25 kg\/tambor ou caixa de cart\u00e3o<\/strong>. Op\u00e7\u00f5es personalizadas dispon\u00edveis mediante pedido.<\/p>\n<p><strong>Qual \u00e9 o prazo de validade recomendado?<\/strong><br \/>\nArmazenar num <strong>recipiente fresco, seco e resistente \u00e0 luz<\/strong>. O prazo de validade \u00e9 <strong>24 meses<\/strong> quando armazenado corretamente.<\/p>\n<h2>Sobre a Xi'an Best Bio-Tech Co., Ltd.<\/h2>\n<p><strong>Xi'an Best Bio-Tech Co., Ltd.<\/strong> dedica-se \u00e0 investiga\u00e7\u00e3o, desenvolvimento e com\u00e9rcio global de extractos de ervas naturais de alta qualidade. Com uma equipa apaixonada e experiente, oferecemos apoio ao cliente 24 horas por dia, 7 dias por semana, e esfor\u00e7amo-nos por oferecer pre\u00e7os competitivos, qualidade est\u00e1vel e um servi\u00e7o atencioso a clientes em mais de 60 pa\u00edses.<\/p>\n<p>A nossa f\u00e1brica est\u00e1 localizada em Yangling, o maior centro de produ\u00e7\u00e3o e distribui\u00e7\u00e3o de extractos de plantas da China. Equipada com instrumentos de teste avan\u00e7ados e v\u00e1rias linhas de produ\u00e7\u00e3o automatizadas em conformidade com as BPF, asseguramos um controlo de qualidade rigoroso desde as mat\u00e9rias-primas at\u00e9 aos produtos finais. As nossas certifica\u00e7\u00f5es incluem <strong>Kosher, Halal, ISO9001 e USFDA<\/strong>.<\/p>\n<p>Os nossos principais produtos incluem <strong>extractos de cogumelos, ingredientes para suplementos de sa\u00fade, extractos de ervas para cosm\u00e9tica e p\u00f3s de frutas e vegetais<\/strong>. Estamos empenhados em fornecer solu\u00e7\u00f5es seguras, eficazes e personalizadas para ajudar os clientes em todo o mundo a promover uma vida saud\u00e1vel.<\/p>","protected":false},"excerpt":{"rendered":"<table>\n<tbody>\n<tr>\n<td colspan=\"1\" rowspan=\"1\">\n<div>\n<div><b>Outros formul\u00e1rios<\/b><\/div>\n<\/div>\n<\/td>\n<td colspan=\"1\" rowspan=\"1\">\n<div>\n<div>Urolitina B<\/div>\n<\/div>\n<\/td>\n<\/tr>\n<tr>\n<td colspan=\"1\" rowspan=\"1\">\n<div>\n<div><b>CAS NO<\/b><\/div>\n<\/div>\n<\/td>\n<td colspan=\"1\" rowspan=\"1\">\n<div>\n<div>1143-70-0<\/div>\n<\/div>\n<\/td>\n<\/tr>\n<tr>\n<td colspan=\"1\" rowspan=\"1\">\n<div>\n<div><b>Apar\u00eancia<\/b><\/div>\n<\/div>\n<\/td>\n<td colspan=\"1\" rowspan=\"1\">\n<div>\n<div>P\u00f3 castanho claro<\/div>\n<\/div>\n<\/td>\n<\/tr>\n<tr>\n<td colspan=\"1\" rowspan=\"1\">\n<div>\n<div><b>Especifica\u00e7\u00e3o do produto<\/b><\/div>\n<\/div>\n<\/td>\n<td colspan=\"1\" rowspan=\"1\">\n<div>\n<div>98%<\/div>\n<\/div>\n<\/td>\n<\/tr>\n<\/tbody>\n<\/table>","protected":false},"featured_media":1132,"comment_status":"open","ping_status":"closed","template":"","meta":{"_acf_changed":false},"product_brand":[],"product_cat":[15],"product_tag":[],"class_list":{"0":"post-1131","1":"product","2":"type-product","3":"status-publish","4":"has-post-thumbnail","6":"product_cat-dietary-supplements","8":"first","9":"instock","10":"shipping-taxable","11":"product-type-simple"},"acf":[],"_links":{"self":[{"href":"https:\/\/bstextract.com\/pt\/wp-json\/wp\/v2\/product\/1131","targetHints":{"allow":["GET"]}}],"collection":[{"href":"https:\/\/bstextract.com\/pt\/wp-json\/wp\/v2\/product"}],"about":[{"href":"https:\/\/bstextract.com\/pt\/wp-json\/wp\/v2\/types\/product"}],"replies":[{"embeddable":true,"href":"https:\/\/bstextract.com\/pt\/wp-json\/wp\/v2\/comments?post=1131"}],"wp:featuredmedia":[{"embeddable":true,"href":"https:\/\/bstextract.com\/pt\/wp-json\/wp\/v2\/media\/1132"}],"wp:attachment":[{"href":"https:\/\/bstextract.com\/pt\/wp-json\/wp\/v2\/media?parent=1131"}],"wp:term":[{"taxonomy":"product_brand","embeddable":true,"href":"https:\/\/bstextract.com\/pt\/wp-json\/wp\/v2\/product_brand?post=1131"},{"taxonomy":"product_cat","embeddable":true,"href":"https:\/\/bstextract.com\/pt\/wp-json\/wp\/v2\/product_cat?post=1131"},{"taxonomy":"product_tag","embeddable":true,"href":"https:\/\/bstextract.com\/pt\/wp-json\/wp\/v2\/product_tag?post=1131"}],"curies":[{"name":"wp","href":"https:\/\/api.w.org\/{rel}","templated":true}]}}