{"id":1139,"date":"2025-05-27T02:04:27","date_gmt":"2025-05-27T02:04:27","guid":{"rendered":"https:\/\/bstextract.com\/?post_type=product&#038;p=1139"},"modified":"2025-11-21T02:49:36","modified_gmt":"2025-11-21T02:49:36","slug":"trihidrocloreto-de-espermidina","status":"publish","type":"product","link":"https:\/\/bstextract.com\/pt\/produto\/trihidrocloreto-de-espermidina\/","title":{"rendered":"Trihidrocloreto de espermidina"},"content":{"rendered":"<p><!-- Keyword Section (Outside Article) --><\/p>\n<h2>O que \u00e9 o cloridrato de espermidina?<\/h2>\n<p><strong>Trihidrocloreto de espermidina<\/strong>, tamb\u00e9m conhecido por <strong>Espermidina 3HCL<\/strong> ou <strong>Cloridrato de espermidina<\/strong>\u00e9 um sal de poliamina altamente purificado derivado de fontes naturais, tais como <a href=\"https:\/\/chtnature.com\/product\/wheat-germ-extract-spermidine-0-2-powder\/\" target=\"_blank\" rel=\"noopener\"><strong>extrato de g\u00e9rmen de trigo<\/strong><\/a>. \u00c9 identificado pelo n\u00famero CAS. <strong>334-50-9<\/strong> e aparece como uma fina <strong>p\u00f3 branco<\/strong>. O nosso produto \u00e9 normalizado com uma pureza de <strong>99%<\/strong>garantindo uma qualidade de grau farmac\u00eautico e nutrac\u00eautico adequada para formula\u00e7\u00f5es avan\u00e7adas de sa\u00fade e longevidade.<\/p>\n<p>A espermidina \u00e9 cientificamente reconhecida pelo seu papel na indu\u00e7\u00e3o de <strong>autofagia<\/strong>-o processo natural de renova\u00e7\u00e3o celular do organismo. \u00c9 cada vez mais estudado pelos seus potenciais benef\u00edcios em <strong>envelhecimento saud\u00e1vel, apoio cognitivo, modula\u00e7\u00e3o imunit\u00e1ria e bem-estar cardiovascular<\/strong>.<\/p>\n<h2>Aplica\u00e7\u00f5es do cloridrato de espermidina<\/h2>\n<p>O Trihidrocloreto de Espermidina \u00e9 normalmente utilizado em <strong>suplementos anti-envelhecimento, f\u00f3rmulas de apoio \u00e0 longevidade e produtos para a sa\u00fade celular<\/strong>. \u00c9 tipicamente formulado em <strong>c\u00e1psulas, comprimidos, p\u00f3s e bebidas funcionais<\/strong> para consumidores interessados em biohacking, sa\u00fade cerebral e otimiza\u00e7\u00e3o do tempo de vida.<\/p>\n<p>Na investiga\u00e7\u00e3o e no desenvolvimento farmac\u00eautico, a espermidina \u00e9 tamb\u00e9m aplicada em estudos relacionados com <strong>crescimento celular, regula\u00e7\u00e3o da apoptose e vias de autofagia<\/strong>. \u00c0 medida que a procura de ingredientes para a longevidade baseados em provas continua a aumentar, a espermidina 3HCL est\u00e1 a emergir como um ingrediente de refer\u00eancia na pr\u00f3xima gera\u00e7\u00e3o de nutrac\u00eauticos.<\/p>\n<h2>Perguntas mais frequentes<\/h2>\n<p><strong>Qual \u00e9 o grau de pureza do vosso Trihidrocloreto de Espermidina?<\/strong><br \/>\nO nosso Trihidrocloreto de Espermidina \u00e9 normalizado para <strong>99% pureza<\/strong> para uma qualidade superior e resultados consistentes nas formula\u00e7\u00f5es.<\/p>\n<p><strong>Qual \u00e9 o aspeto deste produto?<\/strong><br \/>\n\u00c9 uma coima, <strong>p\u00f3 branco<\/strong> com excelente solubilidade e elevada estabilidade, tanto em formato encapsulado como l\u00edquido.<\/p>\n<p><strong>Qual \u00e9 a fonte da sua espermidina?<\/strong><br \/>\nA nossa espermidina 3HCL \u00e9 derivada de <strong>extrato de g\u00e9rmen de trigo<\/strong>, uma fonte natural e sustent\u00e1vel.<\/p>\n<p><strong>Quais s\u00e3o as principais utiliza\u00e7\u00f5es?<\/strong><br \/>\nUtilizado em <strong>suplementos promotores de autofagia, apoio cognitivo, produtos anti-envelhecimento e formula\u00e7\u00f5es centradas na longevidade<\/strong>.<\/p>\n<p><strong>Qual \u00e9 o prazo de validade e a recomenda\u00e7\u00e3o de armazenamento?<\/strong><br \/>\nO prazo de validade \u00e9 <strong>24 meses<\/strong> quando armazenado em <strong>recipientes estanques e resistentes \u00e0 luz<\/strong> ao abrigo da humidade e do calor.<\/p>\n<p><strong>Que op\u00e7\u00f5es de embalagem est\u00e3o dispon\u00edveis?<\/strong><br \/>\nA embalagem standard inclui <strong>1kg\/saco\/caixa<\/strong> ou <strong>25 kg\/tambor ou caixa de cart\u00e3o<\/strong>. Embalagem personalizada dispon\u00edvel mediante pedido.<\/p>\n<h2>Sobre a Xi'an Best Bio-Tech Co., Ltd.<\/h2>\n<p><strong>Xi'an Best Bio-Tech Co., Ltd.<\/strong> dedica-se \u00e0 investiga\u00e7\u00e3o, desenvolvimento e com\u00e9rcio global de extractos de ervas naturais de alta qualidade. Com uma equipa apaixonada e experiente, oferecemos apoio ao cliente 24 horas por dia, 7 dias por semana, e esfor\u00e7amo-nos por oferecer pre\u00e7os competitivos, qualidade est\u00e1vel e um servi\u00e7o atencioso a clientes em mais de 60 pa\u00edses.<\/p>\n<p>A nossa f\u00e1brica est\u00e1 localizada em Yangling, o maior centro de produ\u00e7\u00e3o e distribui\u00e7\u00e3o de extractos de plantas da China. Equipada com instrumentos de teste avan\u00e7ados e v\u00e1rias linhas de produ\u00e7\u00e3o automatizadas em conformidade com as BPF, asseguramos um controlo de qualidade rigoroso desde as mat\u00e9rias-primas at\u00e9 aos produtos finais. As nossas certifica\u00e7\u00f5es incluem <strong>Kosher, Halal, ISO9001 e USFDA<\/strong>.<\/p>\n<p>Os nossos principais produtos incluem <strong>extractos de cogumelos, ingredientes para suplementos de sa\u00fade, extractos de ervas para cosm\u00e9tica e p\u00f3s de frutas e vegetais<\/strong>. Estamos empenhados em fornecer solu\u00e7\u00f5es seguras, eficazes e personalizadas para ajudar os clientes em todo o mundo a promover uma vida saud\u00e1vel.<\/p>","protected":false},"excerpt":{"rendered":"<table>\n<tbody>\n<tr>\n<td colspan=\"1\" rowspan=\"1\">\n<div>\n<div><b>Outro nome<\/b><\/div>\n<\/div>\n<\/td>\n<td colspan=\"1\" rowspan=\"1\">\n<div>\n<div>3HCL de espermidina, cloridrato de espermidina<\/div>\n<\/div>\n<\/td>\n<\/tr>\n<tr>\n<td colspan=\"1\" rowspan=\"1\">\n<div>\n<div><b>CAS NO<\/b><\/div>\n<\/div>\n<\/td>\n<td colspan=\"1\" rowspan=\"1\">\n<div>\n<div>334-50-9<\/div>\n<\/div>\n<\/td>\n<\/tr>\n<tr>\n<td colspan=\"1\" rowspan=\"1\">\n<div>\n<div><b>Fonte<\/b><\/div>\n<\/div>\n<\/td>\n<td colspan=\"1\" rowspan=\"1\">\n<div>\n<div>Extrato de Germe de Trigo<\/div>\n<\/div>\n<\/td>\n<\/tr>\n<tr>\n<td colspan=\"1\" rowspan=\"1\">\n<div>\n<div><b>Apar\u00eancia<\/b><\/div>\n<\/div>\n<\/td>\n<td colspan=\"1\" rowspan=\"1\">\n<div>\n<div>P\u00f3 branco<\/div>\n<\/div>\n<\/td>\n<\/tr>\n<tr>\n<td colspan=\"1\" rowspan=\"1\">\n<div>\n<div><b>Especifica\u00e7\u00e3o do produto<\/b><\/div>\n<\/div>\n<\/td>\n<td colspan=\"1\" rowspan=\"1\">\n<div>\n<div>99%<\/div>\n<\/div>\n<\/td>\n<\/tr>\n<\/tbody>\n<\/table>","protected":false},"featured_media":1140,"comment_status":"open","ping_status":"closed","template":"","meta":{"_acf_changed":false},"product_brand":[],"product_cat":[15],"product_tag":[],"class_list":{"0":"post-1139","1":"product","2":"type-product","3":"status-publish","4":"has-post-thumbnail","6":"product_cat-dietary-supplements","8":"first","9":"instock","10":"shipping-taxable","11":"product-type-simple"},"acf":[],"_links":{"self":[{"href":"https:\/\/bstextract.com\/pt\/wp-json\/wp\/v2\/product\/1139","targetHints":{"allow":["GET"]}}],"collection":[{"href":"https:\/\/bstextract.com\/pt\/wp-json\/wp\/v2\/product"}],"about":[{"href":"https:\/\/bstextract.com\/pt\/wp-json\/wp\/v2\/types\/product"}],"replies":[{"embeddable":true,"href":"https:\/\/bstextract.com\/pt\/wp-json\/wp\/v2\/comments?post=1139"}],"wp:featuredmedia":[{"embeddable":true,"href":"https:\/\/bstextract.com\/pt\/wp-json\/wp\/v2\/media\/1140"}],"wp:attachment":[{"href":"https:\/\/bstextract.com\/pt\/wp-json\/wp\/v2\/media?parent=1139"}],"wp:term":[{"taxonomy":"product_brand","embeddable":true,"href":"https:\/\/bstextract.com\/pt\/wp-json\/wp\/v2\/product_brand?post=1139"},{"taxonomy":"product_cat","embeddable":true,"href":"https:\/\/bstextract.com\/pt\/wp-json\/wp\/v2\/product_cat?post=1139"},{"taxonomy":"product_tag","embeddable":true,"href":"https:\/\/bstextract.com\/pt\/wp-json\/wp\/v2\/product_tag?post=1139"}],"curies":[{"name":"wp","href":"https:\/\/api.w.org\/{rel}","templated":true}]}}