{"id":1149,"date":"2025-05-28T23:11:45","date_gmt":"2025-05-28T23:11:45","guid":{"rendered":"https:\/\/bstextract.com\/?post_type=product&#038;p=1149"},"modified":"2025-07-08T02:36:54","modified_gmt":"2025-07-08T02:36:54","slug":"l-treonato-de-magnesio","status":"publish","type":"product","link":"https:\/\/bstextract.com\/pt\/produto\/l-treonato-de-magnesio\/","title":{"rendered":"L-Treonato de magn\u00e9sio"},"content":{"rendered":"<h2><strong>Vis\u00e3o geral do produto<\/strong><\/h2>\n<p><strong>L-Treonato de magn\u00e9sio<\/strong> \u00e9 uma forma altamente biodispon\u00edvel de magn\u00e9sio derivada do \u00e1cido L-tre\u00f3nico, um metabolito da vitamina C. \u00c9 mais conhecido pela sua capacidade superior de atravessar a barreira hemato-encef\u00e1lica, aumentando eficazmente a concentra\u00e7\u00e3o de magn\u00e9sio no c\u00e9rebro e apoiando a fun\u00e7\u00e3o cognitiva, a mem\u00f3ria e a sa\u00fade neurol\u00f3gica. Ao contr\u00e1rio dos suplementos tradicionais de magn\u00e9sio, tem como objetivo a clareza mental, a neuroplasticidade e a qualidade do sono.<\/p>\n<h3><strong>Par\u00e2metros-chave<\/strong><\/h3>\n<div>\n<div tabindex=\"-1\">\n<table>\n<thead>\n<tr>\n<th><strong>Par\u00e2metro<\/strong><\/th>\n<th><strong>Especifica\u00e7\u00e3o<\/strong><\/th>\n<\/tr>\n<\/thead>\n<tbody>\n<tr>\n<td>Nome do produto<\/td>\n<td>L-Treonato de magn\u00e9sio<\/td>\n<\/tr>\n<tr>\n<td>N\u00famero CAS<\/td>\n<td>778571-57-6<\/td>\n<\/tr>\n<tr>\n<td>Sin\u00f3nimos<\/td>\n<td>L-Treonato de magn\u00e9sio, MgT<\/td>\n<\/tr>\n<tr>\n<td>Apar\u00eancia<\/td>\n<td>P\u00f3 branco<\/td>\n<\/tr>\n<tr>\n<td>Pureza<\/td>\n<td>\u226599%<\/td>\n<\/tr>\n<tr>\n<td>Solubilidade<\/td>\n<td>Sol\u00favel em \u00e1gua<\/td>\n<\/tr>\n<tr>\n<td>Odor<\/td>\n<td>Sem odor<\/td>\n<\/tr>\n<tr>\n<td>Gosto<\/td>\n<td>Ligeiramente amargo-neutro<\/td>\n<\/tr>\n<tr>\n<td>Tamanho das part\u00edculas<\/td>\n<td>100% at\u00e9 80 mesh<\/td>\n<\/tr>\n<tr>\n<td>Humidade<\/td>\n<td>\u22645.0%<\/td>\n<\/tr>\n<tr>\n<td>Metais pesados<\/td>\n<td>\u226410 ppm<\/td>\n<\/tr>\n<tr>\n<td>Chumbo<\/td>\n<td>\u22641 ppm<\/td>\n<\/tr>\n<tr>\n<td>Ars\u00e9nio<\/td>\n<td>\u22641 ppm<\/td>\n<\/tr>\n<tr>\n<td>Prazo de validade<\/td>\n<td>24 meses (se armazenado corretamente)<\/td>\n<\/tr>\n<tr>\n<td>Armazenamento<\/td>\n<td>Conservar em recipientes herm\u00e9ticos e resistentes \u00e0 luz; evitar a humidade, o calor e a luz solar direta<\/td>\n<\/tr>\n<\/tbody>\n<\/table>\n<div>\n<div><\/div>\n<\/div>\n<\/div>\n<\/div>\n<h2><strong>Certifica\u00e7\u00f5es<\/strong><\/h2>\n<p>Certificado para cumprir as normas globais:<\/p>\n<ul>\n<li><strong>ISO22000 \/ ISO9001<\/strong><\/li>\n<li><strong>HACCP \/ HALAL \/ KOSHER<\/strong><\/li>\n<li><strong>Org\u00e2nico USDA \/ Org\u00e2nico UE<\/strong><\/li>\n<li><strong>FSSC22000 (a pedido)<\/strong><\/li>\n<\/ul>\n<h2><strong>Carater\u00edsticas principais<\/strong><\/h2>\n<ul>\n<li>Forma de magn\u00e9sio cientificamente desenvolvida que atravessa a <strong>barreira hemato-encef\u00e1lica<\/strong><\/li>\n<li>Clinicamente investigado para melhorar <strong>mem\u00f3ria de trabalho<\/strong>, <strong>capacidade de aprendizagem<\/strong>e <strong>envelhecimento cognitivo<\/strong><\/li>\n<li>Absor\u00e7\u00e3o e reten\u00e7\u00e3o superiores no tecido cerebral<\/li>\n<li>N\u00e3o OGM, vegan, sem gl\u00faten, sem alerg\u00e9nios<\/li>\n<li>Ideal para <strong>suplementos nootr\u00f3picos<\/strong>, <strong>f\u00f3rmulas para a sa\u00fade do c\u00e9rebro<\/strong>e <strong>auxiliares do sono<\/strong><\/li>\n<\/ul>\n<h2><strong>Aplica\u00e7\u00f5es<\/strong><\/h2>\n<ul>\n<li><strong>Suplementos alimentares<\/strong> - c\u00e1psulas, comprimidos, p\u00f3s<\/li>\n<li><strong>F\u00f3rmulas para a sa\u00fade cognitiva<\/strong> - estimulantes do c\u00e9rebro, apoio \u00e0 mem\u00f3ria<\/li>\n<li><strong>Apoio ao sono e ao humor<\/strong> - relaxamento, al\u00edvio do stress<\/li>\n<li><strong>Produtos Nootr\u00f3picos<\/strong> - misturas de concentra\u00e7\u00e3o mental e desempenho<\/li>\n<li><strong>Bebidas nutrac\u00eauticas<\/strong> - shots ou bebidas enriquecidas com magn\u00e9sio<\/li>\n<\/ul>\n<h2><strong>Dosagem recomendada<\/strong><\/h2>\n<ul>\n<li><strong>Dose oral t\u00edpica<\/strong>: 1.000-2.000 mg\/dia (fornecendo ~144 mg de magn\u00e9sio elementar)<\/li>\n<li>Utilizar como indicado em <strong>formula\u00e7\u00f5es de suplementos alimentares<\/strong> ou misturas funcionais para a sa\u00fade<\/li>\n<\/ul>\n<h2><strong>Ingredientes compat\u00edveis<\/strong><\/h2>\n<ul>\n<li><strong>L-Teanina<\/strong> - para calma e concentra\u00e7\u00e3o<\/li>\n<li><strong>Fosfatidilserina<\/strong> - para uma sinergia cognitiva<\/li>\n<li><strong>Vitamina B6\/B12<\/strong> - para apoio neurol\u00f3gico<\/li>\n<li><strong>Ashwagandha \/ Rhodiola<\/strong> - para a gest\u00e3o adaptog\u00e9nica do stress<\/li>\n<li><strong>Melatonina<\/strong> - para f\u00f3rmulas que estimulam o sono<\/li>\n<\/ul>\n<h2><strong>Op\u00e7\u00f5es de embalagem e fornecimento<\/strong><\/h2>\n<ul>\n<li><strong>MOQ<\/strong>: 1 kg<\/li>\n<li><strong>Embalagem standard<\/strong>:\n<ul>\n<li>1kg\/saco<\/li>\n<li>25 kg\/tambor ou caixa de cart\u00e3o<\/li>\n<li>Tamanhos personalizados e etiquetas OEM dispon\u00edveis<\/li>\n<\/ul>\n<\/li>\n<li><strong>Prazo de execu\u00e7\u00e3o<\/strong>: 5-7 dias \u00fateis para artigos em stock<\/li>\n<li><strong>Expedi\u00e7\u00e3o<\/strong>: Expresso, a\u00e9reo ou mar\u00edtimo em todo o mundo<\/li>\n<\/ul>\n<h2><strong>Perguntas frequentes (FAQ)<\/strong><\/h2>\n<p><strong>1. Qual \u00e9 a vantagem do L-Treonato de magn\u00e9sio em rela\u00e7\u00e3o a outras formas de magn\u00e9sio?<\/strong><br \/>\n\u00c9 o \u00fanico composto de magn\u00e9sio que demonstrou <strong>elevar os n\u00edveis de magn\u00e9sio no c\u00e9rebro<\/strong>, apoiando diretamente a mem\u00f3ria, a aprendizagem e a clareza cognitiva.<\/p>\n<p><strong>2. \u00c9 adequado para vegetarianos e pessoas com alergias?<\/strong><br \/>\nSim, \u00e9 <strong>amigo dos veganos<\/strong>N\u00e3o OGM, sem gl\u00faten, sem soja e sem alerg\u00e9nios.<\/p>\n<p><strong>3. Que documenta\u00e7\u00e3o \u00e9 fornecida?<\/strong><br \/>\nFornecemos <strong>COA, MSDS, TDS<\/strong>e <strong>relat\u00f3rios de ensaios efectuados por terceiros<\/strong> a pedido.<\/p>\n<p><strong>4. Posso utiliz\u00e1-lo em bebidas funcionais?<\/strong><br \/>\nSim, \u00e9 sol\u00favel em \u00e1gua e adequado para bebidas, p\u00f3s e c\u00e1psulas.<\/p>\n<p><strong>5. Apoia a rotulagem privada ou a embalagem personalizada?<\/strong><br \/>\nAbsolutamente - <strong>Servi\u00e7o OEM\/ODM<\/strong> est\u00e1 dispon\u00edvel, incluindo especifica\u00e7\u00f5es personalizadas, tamanhos de embalagens e marcas.<\/p>","protected":false},"excerpt":{"rendered":"<table>\n<tbody>\n<tr>\n<td colspan=\"1\" rowspan=\"1\">\n<div>\n<div><b>Outro nome<\/b><\/div>\n<\/div>\n<\/td>\n<td colspan=\"1\" rowspan=\"1\">\n<div>\n<div>L-Treonato de magn\u00e9sio<\/div>\n<\/div>\n<\/td>\n<\/tr>\n<tr>\n<td colspan=\"1\" rowspan=\"1\">\n<div>\n<div><b>CAS NO<\/b><\/div>\n<\/div>\n<\/td>\n<td colspan=\"1\" rowspan=\"1\">\n<div>\n<div>778571-57-6<\/div>\n<\/div>\n<\/td>\n<\/tr>\n<tr>\n<td colspan=\"1\" rowspan=\"1\">\n<div>\n<div><b>Apar\u00eancia<\/b><\/div>\n<\/div>\n<\/td>\n<td colspan=\"1\" rowspan=\"1\">\n<div>\n<div>P\u00f3 branco<\/div>\n<\/div>\n<\/td>\n<\/tr>\n<tr>\n<td colspan=\"1\" rowspan=\"1\">\n<div>\n<div><b>Especifica\u00e7\u00e3o do produto<\/b><\/div>\n<\/div>\n<\/td>\n<td colspan=\"1\" rowspan=\"1\">\n<div>\n<div>99%<\/div>\n<\/div>\n<\/td>\n<\/tr>\n<\/tbody>\n<\/table>","protected":false},"featured_media":1150,"comment_status":"open","ping_status":"closed","template":"","meta":{"_acf_changed":false},"product_brand":[],"product_cat":[15],"product_tag":[],"class_list":{"0":"post-1149","1":"product","2":"type-product","3":"status-publish","4":"has-post-thumbnail","6":"product_cat-dietary-supplements","8":"first","9":"instock","10":"shipping-taxable","11":"product-type-simple"},"acf":[],"_links":{"self":[{"href":"https:\/\/bstextract.com\/pt\/wp-json\/wp\/v2\/product\/1149","targetHints":{"allow":["GET"]}}],"collection":[{"href":"https:\/\/bstextract.com\/pt\/wp-json\/wp\/v2\/product"}],"about":[{"href":"https:\/\/bstextract.com\/pt\/wp-json\/wp\/v2\/types\/product"}],"replies":[{"embeddable":true,"href":"https:\/\/bstextract.com\/pt\/wp-json\/wp\/v2\/comments?post=1149"}],"wp:featuredmedia":[{"embeddable":true,"href":"https:\/\/bstextract.com\/pt\/wp-json\/wp\/v2\/media\/1150"}],"wp:attachment":[{"href":"https:\/\/bstextract.com\/pt\/wp-json\/wp\/v2\/media?parent=1149"}],"wp:term":[{"taxonomy":"product_brand","embeddable":true,"href":"https:\/\/bstextract.com\/pt\/wp-json\/wp\/v2\/product_brand?post=1149"},{"taxonomy":"product_cat","embeddable":true,"href":"https:\/\/bstextract.com\/pt\/wp-json\/wp\/v2\/product_cat?post=1149"},{"taxonomy":"product_tag","embeddable":true,"href":"https:\/\/bstextract.com\/pt\/wp-json\/wp\/v2\/product_tag?post=1149"}],"curies":[{"name":"wp","href":"https:\/\/api.w.org\/{rel}","templated":true}]}}