{"id":1170,"date":"2025-05-29T02:57:51","date_gmt":"2025-05-29T02:57:51","guid":{"rendered":"https:\/\/bstextract.com\/?post_type=product&#038;p=1170"},"modified":"2025-05-30T02:33:12","modified_gmt":"2025-05-30T02:33:12","slug":"fosfatidilserina","status":"publish","type":"product","link":"https:\/\/bstextract.com\/pt\/produto\/fosfatidilserina\/","title":{"rendered":"Fosfatidilserina (PS)"},"content":{"rendered":"<h2>O que \u00e9 a Fosfatidilserina?<\/h2>\n<p><strong>Fosfatidilserina (PS)<\/strong> \u00e9 um fosfol\u00edpido natural e um componente estrutural essencial das membranas celulares, em particular no tecido cerebral. Proveniente de <strong>extrato de soja<\/strong>, o nosso PS \u00e9 normalizado para <strong>20%, 50% e 70%<\/strong> e aparece como um <strong>p\u00f3 amarelo claro a branco<\/strong>. Conhecido por apoiar <strong>sa\u00fade cognitiva, reten\u00e7\u00e3o da mem\u00f3ria e concentra\u00e7\u00e3o mental<\/strong>\u00c9 um ingrediente funcional amplamente utilizado na ind\u00fastria nutrac\u00eautica mundial.<\/p>\n<p>Como profissional <strong>fabricante e f\u00e1brica de fosfatidilserina<\/strong> A nossa empresa, sediada na China, fornece PS de alta pureza, derivado da soja, para suplementos alimentares, f\u00f3rmulas para a sa\u00fade do c\u00e9rebro e produtos de bem-estar. A nossa fosfatidilserina \u00e9 adequada para uma vasta gama de aplica\u00e7\u00f5es, incluindo <strong>c\u00e1psulas, comprimidos, p\u00f3s e bebidas funcionais<\/strong>.<\/p>\n<h2><a href=\"https:\/\/bstextract.com\/pt\/fosfatidilserina-beneficios-usos-e-riscos\/\">Aplica\u00e7\u00f5es da fosfatidilserina<\/a><\/h2>\n<p>A fosfatidilserina \u00e9 habitualmente utilizada em <strong>suplementos para melhorar a mem\u00f3ria, nootr\u00f3picos, produtos para reduzir o stress e f\u00f3rmulas de apoio ao c\u00e9rebro<\/strong>. Ajuda a otimizar a fun\u00e7\u00e3o dos neurotransmissores, a reduzir os n\u00edveis de cortisol e a melhorar o desempenho mental, em particular nas popula\u00e7\u00f5es envelhecidas e nos indiv\u00edduos que sofrem de decl\u00ednio cognitivo.<\/p>\n<p><img fetchpriority=\"high\" decoding=\"async\" class=\"aligncenter size-full wp-image-1165\" src=\"https:\/\/bstextract.com\/wp-content\/uploads\/2025\/05\/Phosphatidylserine-Benefits-Uses-and-Risks.png\" alt=\"\" width=\"1500\" height=\"1000\" title=\"\" srcset=\"https:\/\/bstextract.com\/wp-content\/uploads\/2025\/05\/Phosphatidylserine-Benefits-Uses-and-Risks.png 1500w, https:\/\/bstextract.com\/wp-content\/uploads\/2025\/05\/Phosphatidylserine-Benefits-Uses-and-Risks-300x200.png 300w, https:\/\/bstextract.com\/wp-content\/uploads\/2025\/05\/Phosphatidylserine-Benefits-Uses-and-Risks-1024x683.png 1024w, https:\/\/bstextract.com\/wp-content\/uploads\/2025\/05\/Phosphatidylserine-Benefits-Uses-and-Risks-768x512.png 768w, https:\/\/bstextract.com\/wp-content\/uploads\/2025\/05\/Phosphatidylserine-Benefits-Uses-and-Risks-18x12.png 18w, https:\/\/bstextract.com\/wp-content\/uploads\/2025\/05\/Phosphatidylserine-Benefits-Uses-and-Risks-600x400.png 600w\" sizes=\"(max-width: 1500px) 100vw, 1500px\" \/><\/p>\n<h2>Perguntas mais frequentes<\/h2>\n<p><strong>Qual \u00e9 a fonte da sua Fosfatidilserina?<\/strong><br \/>\nO nosso PS \u00e9 extra\u00eddo de <strong>soja n\u00e3o-GMO<\/strong>garantindo uma elevada pureza e compatibilidade com as plantas.<\/p>\n<p><strong>Que concentra\u00e7\u00f5es est\u00e3o dispon\u00edveis?<\/strong><br \/>\nFornecemos ao PS <strong>20%, 50% e 70%<\/strong> conte\u00fado ativo para satisfazer os requisitos de diversas formula\u00e7\u00f5es.<\/p>\n<p><strong>Qual \u00e9 o aspeto do p\u00f3?<\/strong><br \/>\n\u00c9 um <strong>p\u00f3 amarelo claro a branco<\/strong>O produto \u00e9 inodoro e altamente est\u00e1vel, adequado para v\u00e1rios formatos de administra\u00e7\u00e3o.<\/p>\n<p><strong>Oferecem fornecimentos a granel e embalagens personalizadas?<\/strong><br \/>\nSim, como uma pessoa de confian\u00e7a <strong>f\u00e1brica e fornecedor de fosfatidilserina<\/strong>, oferecemos <strong>encomendas a granel, servi\u00e7os de marca pr\u00f3pria e <a href=\"https:\/\/bstextract.com\/pt\/servico-oem-odm\/\">Personaliza\u00e7\u00e3o OEM<\/a><\/strong>.<\/p>\n<p><strong>Como \u00e9 que deve ser armazenado?<\/strong><br \/>\nArmazenar num <strong>recipiente fresco, seco e resistente \u00e0 luz<\/strong>. O prazo de validade \u00e9 <strong>24 meses<\/strong> em condi\u00e7\u00f5es de armazenamento corretas.<\/p>\n<p><strong>Posso pedir uma amostra?<\/strong><br \/>\nSim, <strong>amostras gr\u00e1tis<\/strong> est\u00e3o dispon\u00edveis para testes e desenvolvimento de produtos.<\/p>","protected":false},"excerpt":{"rendered":"<table>\n<tbody>\n<tr>\n<td colspan=\"1\" rowspan=\"1\">\n<div>\n<div><b>Outro nome<\/b><\/div>\n<\/div>\n<\/td>\n<td colspan=\"1\" rowspan=\"1\">\n<div>\n<div>PS<\/div>\n<\/div>\n<\/td>\n<\/tr>\n<tr>\n<td colspan=\"1\" rowspan=\"1\">\n<div>\n<div><b>Fonte<\/b><\/div>\n<\/div>\n<\/td>\n<td colspan=\"1\" rowspan=\"1\">\n<div>\n<div>Extrato de soja<\/div>\n<\/div>\n<\/td>\n<\/tr>\n<tr>\n<td colspan=\"1\" rowspan=\"1\">\n<div>\n<div><b>Apar\u00eancia<\/b><\/div>\n<\/div>\n<\/td>\n<td colspan=\"1\" rowspan=\"1\">\n<div>\n<div>P\u00f3 amarelo claro a branco<\/div>\n<\/div>\n<\/td>\n<\/tr>\n<tr>\n<td colspan=\"1\" rowspan=\"1\">\n<div>\n<div><b>Especifica\u00e7\u00e3o do produto<\/b><\/div>\n<\/div>\n<\/td>\n<td colspan=\"1\" rowspan=\"1\">\n<div>\n<div>20% 50% 70%<\/div>\n<\/div>\n<\/td>\n<\/tr>\n<\/tbody>\n<\/table>","protected":false},"featured_media":1173,"comment_status":"open","ping_status":"closed","template":"","meta":{"_acf_changed":false},"product_brand":[],"product_cat":[15],"product_tag":[],"class_list":{"0":"post-1170","1":"product","2":"type-product","3":"status-publish","4":"has-post-thumbnail","6":"product_cat-dietary-supplements","8":"first","9":"instock","10":"shipping-taxable","11":"product-type-simple"},"acf":[],"_links":{"self":[{"href":"https:\/\/bstextract.com\/pt\/wp-json\/wp\/v2\/product\/1170","targetHints":{"allow":["GET"]}}],"collection":[{"href":"https:\/\/bstextract.com\/pt\/wp-json\/wp\/v2\/product"}],"about":[{"href":"https:\/\/bstextract.com\/pt\/wp-json\/wp\/v2\/types\/product"}],"replies":[{"embeddable":true,"href":"https:\/\/bstextract.com\/pt\/wp-json\/wp\/v2\/comments?post=1170"}],"wp:featuredmedia":[{"embeddable":true,"href":"https:\/\/bstextract.com\/pt\/wp-json\/wp\/v2\/media\/1173"}],"wp:attachment":[{"href":"https:\/\/bstextract.com\/pt\/wp-json\/wp\/v2\/media?parent=1170"}],"wp:term":[{"taxonomy":"product_brand","embeddable":true,"href":"https:\/\/bstextract.com\/pt\/wp-json\/wp\/v2\/product_brand?post=1170"},{"taxonomy":"product_cat","embeddable":true,"href":"https:\/\/bstextract.com\/pt\/wp-json\/wp\/v2\/product_cat?post=1170"},{"taxonomy":"product_tag","embeddable":true,"href":"https:\/\/bstextract.com\/pt\/wp-json\/wp\/v2\/product_tag?post=1170"}],"curies":[{"name":"wp","href":"https:\/\/api.w.org\/{rel}","templated":true}]}}