{"id":1191,"date":"2025-05-30T01:54:52","date_gmt":"2025-05-30T01:54:52","guid":{"rendered":"https:\/\/bstextract.com\/?post_type=product&#038;p=1191"},"modified":"2025-05-30T01:54:52","modified_gmt":"2025-05-30T01:54:52","slug":"desoxiarbutina-d-arbutina","status":"publish","type":"product","link":"https:\/\/bstextract.com\/pt\/produto\/desoxiarbutina-d-arbutina\/","title":{"rendered":"Desoxiarbutina (D-Arbutina)"},"content":{"rendered":"<p><!-- Keyword Section (Outside Article) --><\/p>\n<h2>O que \u00e9 a desoxiarbutina?<\/h2>\n<p><strong>Desoxiarbutina<\/strong>, tamb\u00e9m conhecido por <strong>D-Arbutina<\/strong>\u00e9 um agente branqueador da pele de elevada efici\u00eancia, amplamente utilizado em aplica\u00e7\u00f5es cosm\u00e9ticas e dermatol\u00f3gicas. Identificado pelo n\u00famero CAS. <strong>53936-56-4<\/strong> e f\u00f3rmula molecular <strong>C<sub>11<\/sub>H<sub>14<\/sub>O<sub>3<\/sub><\/strong>\u00e9 um produto altamente purificado <strong>p\u00f3 branco<\/strong> com uma especifica\u00e7\u00e3o normalizada de <strong>99%<\/strong>.<\/p>\n<p>A desoxiarbutina actua inibindo diretamente <strong>tirosinase<\/strong>a enzima chave envolvida na produ\u00e7\u00e3o de melanina. Em compara\u00e7\u00e3o com o arbutin tradicional ou o \u00e1cido k\u00f3jico, oferece uma a\u00e7\u00e3o mais est\u00e1vel e potente <strong>efeitos despigmentantes<\/strong> com irrita\u00e7\u00e3o reduzida, tornando-o ideal para formula\u00e7\u00f5es modernas de cuidados da pele.<\/p>\n<h2>Aplica\u00e7\u00f5es da desoxiarbutina<\/h2>\n<p>Como profissional <strong>Fabricante de desoxiarbutina e fornecedor de ingredientes cosm\u00e9ticos<\/strong>A D-Arbutin fornece D-Arbutin de alta pureza para utiliza\u00e7\u00e3o em <strong>cremes branqueadores, soros, m\u00e1scaras faciais, lo\u00e7\u00f5es e corretores do tom de pele<\/strong>. \u00c9 particularmente eficaz em <strong>atenua\u00e7\u00e3o de manchas escuras, manchas de idade, cicatrizes de acne e hiperpigmenta\u00e7\u00e3o<\/strong>.<\/p>\n<p>A desoxiarbutina \u00e9 uma escolha popular em <strong>marcas de cosm\u00e9ticos premium<\/strong> e \u00e9 adequado para <strong>formula\u00e7\u00f5es que visam a luminosidade, a uniformiza\u00e7\u00e3o do tom de pele e o anti-envelhecimento<\/strong>. \u00c9 compat\u00edvel tanto com sistemas \u00e0 base de \u00e1gua como com sistemas de emuls\u00e3o, oferecendo aos formuladores uma grande flexibilidade e estabilidade.<\/p>\n<h2>Perguntas mais frequentes<\/h2>\n<p><strong>Qual \u00e9 o grau de pureza da vossa Deoxyarbutin?<\/strong><br \/>\nO nosso Deoxyarbutin \u00e9 normalizado para <strong>99% pureza<\/strong>garantindo uma qualidade consistente para aplica\u00e7\u00f5es cosm\u00e9ticas de elevado desempenho.<\/p>\n<p><strong>Qual \u00e9 o aspeto do produto?<\/strong><br \/>\n\u00c9 uma coima, <strong>p\u00f3 cristalino branco<\/strong>O produto \u00e9 incolor, inodoro e est\u00e1vel nas condi\u00e7\u00f5es recomendadas.<\/p>\n<p><strong>Qual \u00e9 a principal fun\u00e7\u00e3o da D-Arbutin?<\/strong><br \/>\nD-Arbutin \u00e9 um <strong>inibidor da s\u00edntese de melanina<\/strong>, utilizado principalmente para <strong>branqueamento da pele, redu\u00e7\u00e3o de manchas e uniformiza\u00e7\u00e3o do tom<\/strong>.<\/p>\n<p><strong>Podem fornecer fornecimentos a granel e servi\u00e7os OEM?<\/strong><br \/>\nSim, somos uma empresa de confian\u00e7a <strong>F\u00e1brica de desoxiarbutina<\/strong> oferta <strong>encomendas a granel, servi\u00e7os OEM\/ODM e rotulagem privada<\/strong> a pedido.<\/p>\n<p><strong>Quais s\u00e3o as recomenda\u00e7\u00f5es de armazenamento e prazo de validade?<\/strong><br \/>\nArmazenar num <strong>recipiente fresco, seco e fechado<\/strong>ao abrigo da luz e do calor. O prazo de validade \u00e9 de <strong>24 meses<\/strong> em condi\u00e7\u00f5es de armazenamento corretas.<\/p>\n<p><strong>Est\u00e3o dispon\u00edveis amostras gratuitas?<\/strong><br \/>\nSim, oferecemos <strong>amostras gr\u00e1tis<\/strong> para apoiar o seu processo de ensaio de formula\u00e7\u00f5es e de I&amp;D.<\/p>","protected":false},"excerpt":{"rendered":"<table>\n<tbody>\n<tr>\n<td colspan=\"1\" rowspan=\"1\">\n<div>\n<div><b>Outro nome<\/b><\/div>\n<\/div>\n<\/td>\n<td colspan=\"1\" rowspan=\"1\">\n<div>\n<div>D-Arbutina<\/div>\n<\/div>\n<\/td>\n<\/tr>\n<tr>\n<td colspan=\"1\" rowspan=\"1\">\n<div>\n<div><b>N\u00famero CAS<\/b><\/div>\n<\/div>\n<\/td>\n<td colspan=\"1\" rowspan=\"1\">\n<div>\n<div>53936-56-4<\/div>\n<\/div>\n<\/td>\n<\/tr>\n<tr>\n<td colspan=\"1\" rowspan=\"1\">\n<div>\n<div><b>F\u00f3rmula molecular<\/b><\/div>\n<\/div>\n<\/td>\n<td colspan=\"1\" rowspan=\"1\">\n<div>\n<div>C11H14O3<\/div>\n<\/div>\n<\/td>\n<\/tr>\n<tr>\n<td colspan=\"1\" rowspan=\"1\">\n<div>\n<div><b>Apar\u00eancia<\/b><\/div>\n<\/div>\n<\/td>\n<td colspan=\"1\" rowspan=\"1\">\n<div>\n<div>P\u00f3 branco<\/div>\n<\/div>\n<\/td>\n<\/tr>\n<tr>\n<td colspan=\"1\" rowspan=\"1\">\n<div>\n<div><b>Especifica\u00e7\u00e3o do produto<\/b><\/div>\n<\/div>\n<\/td>\n<td colspan=\"1\" rowspan=\"1\">\n<div>\n<div>99%<\/div>\n<\/div>\n<\/td>\n<\/tr>\n<\/tbody>\n<\/table>","protected":false},"featured_media":1192,"comment_status":"open","ping_status":"closed","template":"","meta":{"_acf_changed":false},"product_brand":[],"product_cat":[22],"product_tag":[],"class_list":{"0":"post-1191","1":"product","2":"type-product","3":"status-publish","4":"has-post-thumbnail","6":"product_cat-cosmetic-personal-care-ingredients","8":"first","9":"instock","10":"shipping-taxable","11":"product-type-simple"},"acf":[],"_links":{"self":[{"href":"https:\/\/bstextract.com\/pt\/wp-json\/wp\/v2\/product\/1191","targetHints":{"allow":["GET"]}}],"collection":[{"href":"https:\/\/bstextract.com\/pt\/wp-json\/wp\/v2\/product"}],"about":[{"href":"https:\/\/bstextract.com\/pt\/wp-json\/wp\/v2\/types\/product"}],"replies":[{"embeddable":true,"href":"https:\/\/bstextract.com\/pt\/wp-json\/wp\/v2\/comments?post=1191"}],"wp:featuredmedia":[{"embeddable":true,"href":"https:\/\/bstextract.com\/pt\/wp-json\/wp\/v2\/media\/1192"}],"wp:attachment":[{"href":"https:\/\/bstextract.com\/pt\/wp-json\/wp\/v2\/media?parent=1191"}],"wp:term":[{"taxonomy":"product_brand","embeddable":true,"href":"https:\/\/bstextract.com\/pt\/wp-json\/wp\/v2\/product_brand?post=1191"},{"taxonomy":"product_cat","embeddable":true,"href":"https:\/\/bstextract.com\/pt\/wp-json\/wp\/v2\/product_cat?post=1191"},{"taxonomy":"product_tag","embeddable":true,"href":"https:\/\/bstextract.com\/pt\/wp-json\/wp\/v2\/product_tag?post=1191"}],"curies":[{"name":"wp","href":"https:\/\/api.w.org\/{rel}","templated":true}]}}