{"id":1197,"date":"2025-05-30T02:04:08","date_gmt":"2025-05-30T02:04:08","guid":{"rendered":"https:\/\/bstextract.com\/?post_type=product&#038;p=1197"},"modified":"2025-05-30T02:14:50","modified_gmt":"2025-05-30T02:14:50","slug":"vitamina-b3","status":"publish","type":"product","link":"https:\/\/bstextract.com\/pt\/produto\/vitamina-b3\/","title":{"rendered":"Vitamina B3 Nicotinamida (Niacinamida em p\u00f3)"},"content":{"rendered":"<p><!-- Keyword Section (Outside Article) --><\/p>\n<h2>O que \u00e9 a nicotinamida (vitamina B3)?<\/h2>\n<p><strong>Vitamina B3 Nicotinamida<\/strong>, tamb\u00e9m conhecido por <strong>Niacinamida em p\u00f3<\/strong>\u00e9 a forma amida da vitamina B3 (niacina) e \u00e9 amplamente reconhecida pela sua <strong>benef\u00edcios dermatol\u00f3gicos e nutricionais<\/strong>. Com CAS No. <strong>98-92-0<\/strong> e f\u00f3rmula molecular <strong>C<sub>6<\/sub>H<sub>6<\/sub>N<sub>2<\/sub>O<\/strong>, aparece como uma multa <strong>p\u00f3 branco<\/strong> e \u00e9 normalizado para <strong>99% pureza<\/strong>.<\/p>\n<p>Como um ingrediente-chave em ambos <strong>formula\u00e7\u00f5es cosm\u00e9ticas e farmac\u00eauticas<\/strong>A nicotinamida \u00e9 sol\u00favel em \u00e1gua, est\u00e1vel ao calor e ideal para aplica\u00e7\u00f5es centradas em <strong>tom de pele, reten\u00e7\u00e3o de humidade, anti-envelhecimento e repara\u00e7\u00e3o de barreiras<\/strong>. \u00c9 tamb\u00e9m muito utilizado em suplementos alimentares para <strong>apoio metab\u00f3lico e produ\u00e7\u00e3o de energia celular<\/strong>.<\/p>\n<h2>Aplica\u00e7\u00f5es da Vitamina B3 Nicotinamida<\/h2>\n<p>Como uma empresa de confian\u00e7a <strong>Fabricante de vitamina B3 e f\u00e1brica de niacinamida a granel<\/strong>fornecemos nicotinamida de alta pureza para utiliza\u00e7\u00e3o em <strong>s\u00e9runs branqueadores, produtos anti-acne, hidratantes, cuidados solares e f\u00f3rmulas anti-envelhecimento<\/strong>. \u00c9 especialmente apreciada pela sua capacidade de <strong>reduz a hiperpigmenta\u00e7\u00e3o, refina a textura da pele e melhora a elasticidade<\/strong>.<\/p>\n<p>No sector nutrac\u00eautico, encontra-se habitualmente em <strong>c\u00e1psulas, comprimidos, p\u00f3s e misturas energ\u00e9ticas<\/strong> para apoiar <strong>sa\u00fade metab\u00f3lica, funcionamento do sistema nervoso e nutri\u00e7\u00e3o da pele<\/strong> a partir do interior. O seu perfil n\u00e3o libertador torna-a uma alternativa favor\u00e1vel \u00e0 niacina nas aplica\u00e7\u00f5es diet\u00e9ticas.<\/p>\n<h2>Perguntas mais frequentes<\/h2>\n<p><strong>Qual \u00e9 o grau de pureza da vossa Vitamina B3 Nicotinamida?<\/strong><br \/>\nA nossa Niacinamida em p\u00f3 \u00e9 normalizada para <strong>99% pureza<\/strong> e adequado para utiliza\u00e7\u00e3o cosm\u00e9tica e alimentar.<\/p>\n<p><strong>Qual \u00e9 o aspeto do produto?<\/strong><br \/>\n\u00c9 um <strong>p\u00f3 branco e inodoro<\/strong> com excelente solubilidade em \u00e1gua e elevada compatibilidade com a formula\u00e7\u00e3o.<\/p>\n<p><strong>Quais s\u00e3o as principais utiliza\u00e7\u00f5es da nicotinamida?<\/strong><br \/>\nUtilizado em <strong>produtos de cuidados da pele iluminadores, f\u00f3rmulas anti-envelhecimento, tratamentos para o acne, suplementos orais e apoio ao metabolismo energ\u00e9tico<\/strong>.<\/p>\n<p><strong>Podem fornecer fornecimentos a granel ou servi\u00e7os OEM?<\/strong><br \/>\nSim, como profissional <strong>F\u00e1brica de vitamina B3<\/strong>, oferecemos <strong>embalagens a granel, servi\u00e7os OEM\/ODM e solu\u00e7\u00f5es personalizadas de marca pr\u00f3pria<\/strong>.<\/p>\n<p><strong>Qual \u00e9 o prazo de validade e como deve ser armazenado?<\/strong><br \/>\nO prazo de validade \u00e9 <strong>24 meses<\/strong> quando armazenado em <strong>recipientes frescos, secos e fechados<\/strong> longe da luz solar direta e da humidade.<\/p>\n<p><strong>Est\u00e1 dispon\u00edvel uma amostra?<\/strong><br \/>\nSim, fornecemos <strong>amostras gr\u00e1tis<\/strong> para fins de ensaio de produtos e I&amp;D.<\/p>","protected":false},"excerpt":{"rendered":"<table>\n<tbody>\n<tr>\n<td colspan=\"1\" rowspan=\"1\">\n<div>\n<div><b>Outro nome<\/b><\/div>\n<\/div>\n<\/td>\n<td colspan=\"1\" rowspan=\"1\">\n<div>\n<div>Niacinamida em p\u00f3<\/div>\n<\/div>\n<\/td>\n<\/tr>\n<tr>\n<td colspan=\"1\" rowspan=\"1\">\n<div>\n<div><b>CAS NO<\/b><\/div>\n<\/div>\n<\/td>\n<td colspan=\"1\" rowspan=\"1\">\n<div>\n<div>98-92-0<\/div>\n<\/div>\n<\/td>\n<\/tr>\n<tr>\n<td colspan=\"1\" rowspan=\"1\">\n<div>\n<div><b>F\u00f3rmula molecular<\/b><\/div>\n<\/div>\n<\/td>\n<td colspan=\"1\" rowspan=\"1\">\n<div>\n<div>C6H6N2O<\/div>\n<\/div>\n<\/td>\n<\/tr>\n<tr>\n<td colspan=\"1\" rowspan=\"1\">\n<div>\n<div><b>Apar\u00eancia<\/b><\/div>\n<\/div>\n<\/td>\n<td colspan=\"1\" rowspan=\"1\">\n<div>\n<div>P\u00f3 branco<\/div>\n<\/div>\n<\/td>\n<\/tr>\n<tr>\n<td colspan=\"1\" rowspan=\"1\">\n<div>\n<div><b>Especifica\u00e7\u00e3o do produto<\/b><\/div>\n<\/div>\n<\/td>\n<td colspan=\"1\" rowspan=\"1\">\n<div>\n<div>99%<\/div>\n<\/div>\n<\/td>\n<\/tr>\n<\/tbody>\n<\/table>","protected":false},"featured_media":1198,"comment_status":"open","ping_status":"closed","template":"","meta":{"_acf_changed":false},"product_brand":[],"product_cat":[22],"product_tag":[],"class_list":{"0":"post-1197","1":"product","2":"type-product","3":"status-publish","4":"has-post-thumbnail","6":"product_cat-cosmetic-personal-care-ingredients","8":"first","9":"instock","10":"shipping-taxable","11":"product-type-simple"},"acf":[],"_links":{"self":[{"href":"https:\/\/bstextract.com\/pt\/wp-json\/wp\/v2\/product\/1197","targetHints":{"allow":["GET"]}}],"collection":[{"href":"https:\/\/bstextract.com\/pt\/wp-json\/wp\/v2\/product"}],"about":[{"href":"https:\/\/bstextract.com\/pt\/wp-json\/wp\/v2\/types\/product"}],"replies":[{"embeddable":true,"href":"https:\/\/bstextract.com\/pt\/wp-json\/wp\/v2\/comments?post=1197"}],"wp:featuredmedia":[{"embeddable":true,"href":"https:\/\/bstextract.com\/pt\/wp-json\/wp\/v2\/media\/1198"}],"wp:attachment":[{"href":"https:\/\/bstextract.com\/pt\/wp-json\/wp\/v2\/media?parent=1197"}],"wp:term":[{"taxonomy":"product_brand","embeddable":true,"href":"https:\/\/bstextract.com\/pt\/wp-json\/wp\/v2\/product_brand?post=1197"},{"taxonomy":"product_cat","embeddable":true,"href":"https:\/\/bstextract.com\/pt\/wp-json\/wp\/v2\/product_cat?post=1197"},{"taxonomy":"product_tag","embeddable":true,"href":"https:\/\/bstextract.com\/pt\/wp-json\/wp\/v2\/product_tag?post=1197"}],"curies":[{"name":"wp","href":"https:\/\/api.w.org\/{rel}","templated":true}]}}