{"id":1247,"date":"2025-06-04T02:13:23","date_gmt":"2025-06-04T02:13:23","guid":{"rendered":"https:\/\/bstextract.com\/?post_type=product&#038;p=1247"},"modified":"2025-07-23T08:57:08","modified_gmt":"2025-07-23T08:57:08","slug":"acido-azelaico-em-po","status":"publish","type":"product","link":"https:\/\/bstextract.com\/pt\/produto\/acido-azelaico-em-po\/","title":{"rendered":"\u00c1cido azelaico em p\u00f3"},"content":{"rendered":"<p><!-- Keyword Section (Outside Article) --><\/p>\n<p>Como um dos principais <b>fabricante<\/b> de ingredientes cosm\u00e9ticos de elevada pureza, <b>BSTBIO<\/b> oferece este excecional \u00c1cido Azelaico em P\u00f3, com uma pureza garantida superior a 99%. Este \u00e1cido dicarbox\u00edlico multifuncional \u00e9 um ingrediente fundamental para formula\u00e7\u00f5es avan\u00e7adas de cuidados da pele, conhecido pela sua efic\u00e1cia no tratamento do acne, ros\u00e1cea e hiperpigmenta\u00e7\u00e3o.<\/p>\n<ul>\n<li><b>Alta pureza, alto desempenho:<\/b> Com um ensaio t\u00edpico de 99,78%, o nosso \u00e1cido azelaico garante a m\u00e1xima pot\u00eancia e resultados fi\u00e1veis nos seus produtos cosm\u00e9ticos.<\/li>\n<li><b>Excel\u00eancia em termos de cosm\u00e9tica:<\/b> Especificamente produzido para aplica\u00e7\u00f5es t\u00f3picas, este p\u00f3 apresenta n\u00edveis extremamente baixos de impurezas e metais pesados, satisfazendo as rigorosas exig\u00eancias de qualidade da ind\u00fastria dos cuidados da pele.<\/li>\n<li><b>Efic\u00e1cia comprovada:<\/b> Um ingrediente ativo de confian\u00e7a conhecido pela sua capacidade de:\n<ul>\n<li>Reduz as bact\u00e9rias causadoras de acne e desobstrui os poros.<\/li>\n<li>Acalma a inflama\u00e7\u00e3o e diminui o aspeto da ros\u00e1cea.<\/li>\n<li>Inibe a tirosinase para corrigir as manchas escuras e uniformizar o tom da pele.<\/li>\n<\/ul>\n<\/li>\n<li><b>Favor\u00e1vel \u00e0 formula\u00e7\u00e3o:<\/b> Este p\u00f3 fino e branco \u00e9 ideal para ser incorporado numa variedade de tipos de produtos, incluindo:\n<ul>\n<li>S\u00e9runs e cremes para o tratamento da acne<\/li>\n<li>Formula\u00e7\u00f5es para o al\u00edvio da ros\u00e1cea e da vermelhid\u00e3o<\/li>\n<li>Corretores de brilho e de pigmenta\u00e7\u00e3o da pele<\/li>\n<li>Lo\u00e7\u00f5es esfoliantes e produtos de limpeza<\/li>\n<\/ul>\n<\/li>\n<li><b>O seu parceiro de confian\u00e7a:<\/b> Escolher <b>BSTBIO<\/b> como seu <b>fornecedor<\/b> para uma qualidade consistente e uma cadeia de fornecimento totalmente rastre\u00e1vel, garantindo a integridade e a seguran\u00e7a do seu produto final.<\/li>\n<\/ul>","protected":false},"excerpt":{"rendered":"<ul>\n<li><b>Alta pureza Ativo:<\/b> \u226599% \u00e1cido azelaico de qualidade cosm\u00e9tica para uma efic\u00e1cia m\u00e1xima.<\/li>\n<li><b>Ingrediente de a\u00e7\u00e3o m\u00faltipla:<\/b> Clinicamente reconhecido no tratamento da acne, ros\u00e1cea e hiperpigmenta\u00e7\u00e3o.<\/li>\n<li><b>Ilumina\u00e7\u00e3o da pele:<\/b> Reduz eficazmente o aparecimento de manchas escuras e promove um tom de pele uniforme.<\/li>\n<li><b>Impurezas ultra-baixas:<\/b> Cumpre as normas rigorosas para utiliza\u00e7\u00e3o em cuidados de pele de elevado desempenho.<\/li>\n<li><b>Qualidade por BSTBIO:<\/b> A escolha fi\u00e1vel para as suas necessidades de formula\u00e7\u00e3o.<\/li>\n<\/ul>","protected":false},"featured_media":1248,"comment_status":"open","ping_status":"closed","template":"","meta":{"_acf_changed":false},"product_brand":[],"product_cat":[22,49],"product_tag":[],"class_list":{"0":"post-1247","1":"product","2":"type-product","3":"status-publish","4":"has-post-thumbnail","6":"product_cat-cosmetic-personal-care-ingredients","7":"product_cat-hot-product","9":"first","10":"instock","11":"shipping-taxable","12":"product-type-simple"},"acf":[],"_links":{"self":[{"href":"https:\/\/bstextract.com\/pt\/wp-json\/wp\/v2\/product\/1247","targetHints":{"allow":["GET"]}}],"collection":[{"href":"https:\/\/bstextract.com\/pt\/wp-json\/wp\/v2\/product"}],"about":[{"href":"https:\/\/bstextract.com\/pt\/wp-json\/wp\/v2\/types\/product"}],"replies":[{"embeddable":true,"href":"https:\/\/bstextract.com\/pt\/wp-json\/wp\/v2\/comments?post=1247"}],"wp:featuredmedia":[{"embeddable":true,"href":"https:\/\/bstextract.com\/pt\/wp-json\/wp\/v2\/media\/1248"}],"wp:attachment":[{"href":"https:\/\/bstextract.com\/pt\/wp-json\/wp\/v2\/media?parent=1247"}],"wp:term":[{"taxonomy":"product_brand","embeddable":true,"href":"https:\/\/bstextract.com\/pt\/wp-json\/wp\/v2\/product_brand?post=1247"},{"taxonomy":"product_cat","embeddable":true,"href":"https:\/\/bstextract.com\/pt\/wp-json\/wp\/v2\/product_cat?post=1247"},{"taxonomy":"product_tag","embeddable":true,"href":"https:\/\/bstextract.com\/pt\/wp-json\/wp\/v2\/product_tag?post=1247"}],"curies":[{"name":"wp","href":"https:\/\/api.w.org\/{rel}","templated":true}]}}