{"id":1253,"date":"2025-06-04T02:36:13","date_gmt":"2025-06-04T02:36:13","guid":{"rendered":"https:\/\/bstextract.com\/?post_type=product&#038;p=1253"},"modified":"2025-06-26T07:25:34","modified_gmt":"2025-06-26T07:25:34","slug":"fabricantes-de-glabridina-em-po","status":"publish","type":"product","link":"https:\/\/bstextract.com\/pt\/produto\/fabricantes-de-glabridina-em-po\/","title":{"rendered":"Glabridina"},"content":{"rendered":"<p><strong>Glabridina<\/strong> (CAS 59870-68-7) \u00e9 um composto bioativo presente na raiz de alca\u00e7uz, mais conhecido pelos seus fortes efeitos antioxidantes e anti-inflamat\u00f3rios, bem como pela sua capacidade de aclarar a pele atrav\u00e9s da inibi\u00e7\u00e3o da tirosinase. Apresenta tamb\u00e9m uma ligeira atividade semelhante \u00e0 dos estrog\u00e9nios e possui propriedades antimicrobianas, raz\u00e3o pela qual \u00e9 frequentemente utilizado em produtos de cuidados da pele e estudado pelo seu potencial no tratamento de doen\u00e7as metab\u00f3licas e neurodegenerativas.<\/p>\n<p><img fetchpriority=\"high\" decoding=\"async\" class=\"aligncenter size-full wp-image-1266\" src=\"https:\/\/bstextract.com\/wp-content\/uploads\/2025\/06\/Glabridin-source-1.webp\" alt=\"\" width=\"1000\" height=\"368\" title=\"\" srcset=\"https:\/\/bstextract.com\/wp-content\/uploads\/2025\/06\/Glabridin-source-1.webp 1000w, https:\/\/bstextract.com\/wp-content\/uploads\/2025\/06\/Glabridin-source-1-300x110.webp 300w, https:\/\/bstextract.com\/wp-content\/uploads\/2025\/06\/Glabridin-source-1-768x283.webp 768w, https:\/\/bstextract.com\/wp-content\/uploads\/2025\/06\/Glabridin-source-1-18x7.webp 18w, https:\/\/bstextract.com\/wp-content\/uploads\/2025\/06\/Glabridin-source-1-600x221.webp 600w\" sizes=\"(max-width: 1000px) 100vw, 1000px\" \/><\/p>\n<ul>\n<li><strong>Nome do produto<\/strong>: Glabridina<\/li>\n<li><strong>Outro nome<\/strong>: DGL (Alca\u00e7uz desglicirrizado)<\/li>\n<li><strong>N\u00famero CAS<\/strong>: 59870-68-7<\/li>\n<li><strong>F\u00f3rmula molecular<\/strong>: C\u2082\u2080H\u2082\u2080O\u2084<\/li>\n<li><strong>Fonte<\/strong>: Extrato de raiz de alca\u00e7uz<\/li>\n<li><strong>Apar\u00eancia<\/strong>: P\u00f3 branco<\/li>\n<li><strong>Op\u00e7\u00f5es de pureza<\/strong>: 40%-98%<\/li>\n<\/ul>\n<p>Como <strong>n\u00e3o irritante<\/strong>, <strong>alternativa natural \u00e0 hidroquinona<\/strong>A Glabridina \u00e9 um ingrediente ativo de elevado valor preferido em marcas de cuidados pessoais e de pele de primeira qualidade em todo o mundo.<\/p>\n<h2>Especifica\u00e7\u00f5es t\u00e9cnicas<\/h2>\n<div>\n<div tabindex=\"-1\">\n<table>\n<thead>\n<tr>\n<th><strong>Par\u00e2metro<\/strong><\/th>\n<th><strong>Especifica\u00e7\u00e3o<\/strong><\/th>\n<\/tr>\n<\/thead>\n<tbody>\n<tr>\n<td>Nome do produto<\/td>\n<td>Glabridina<\/td>\n<\/tr>\n<tr>\n<td>Outro nome<\/td>\n<td>DGL<\/td>\n<\/tr>\n<tr>\n<td>N\u00famero CAS<\/td>\n<td>59870-68-7<\/td>\n<\/tr>\n<tr>\n<td>F\u00f3rmula molecular<\/td>\n<td>C\u2082\u2080H\u2082\u2080O\u2084<\/td>\n<\/tr>\n<tr>\n<td>Fonte<\/td>\n<td>Extrato de raiz de alca\u00e7uz<\/td>\n<\/tr>\n<tr>\n<td>Apar\u00eancia<\/td>\n<td>P\u00f3 branco<\/td>\n<\/tr>\n<tr>\n<td>Especifica\u00e7\u00e3o do produto<\/td>\n<td>40%, 60%, 90%, 98% Glabridina<\/td>\n<\/tr>\n<tr>\n<td>Embalagem<\/td>\n<td>1 kg\/saco\/caixa ou 25 kg\/tambor\/caixa, personaliz\u00e1vel<\/td>\n<\/tr>\n<tr>\n<td>Amostra<\/td>\n<td>Amostras gr\u00e1tis dispon\u00edveis<\/td>\n<\/tr>\n<tr>\n<td>Prazo de validade<\/td>\n<td>24 meses quando corretamente armazenado<\/td>\n<\/tr>\n<tr>\n<td>Armazenamento<\/td>\n<td>Armazenar em recipientes fechados e resistentes \u00e0 luz; evitar a luz solar, a humidade e o calor<\/td>\n<\/tr>\n<tr>\n<td>Certifica\u00e7\u00f5es<\/td>\n<td>KOSHER, HACCP, ISO22000, HALAL, Org\u00e2nico da UE, Org\u00e2nico do USDA<\/td>\n<\/tr>\n<\/tbody>\n<\/table>\n<div>\n<div><\/div>\n<\/div>\n<\/div>\n<\/div>\n<h2>Carater\u00edsticas principais<\/h2>\n<ul>\n<li>Alta pureza <strong>agente natural de branqueamento da pele<\/strong><\/li>\n<li>Potente <strong>anti-inflamat\u00f3rio<\/strong> e <strong>antioxidante<\/strong> efeitos<\/li>\n<li>N\u00e3o t\u00f3xico e <strong>n\u00e3o irritante<\/strong> para peles sens\u00edveis<\/li>\n<li>Altamente est\u00e1vel em formula\u00e7\u00f5es de creme, lo\u00e7\u00e3o e soro<\/li>\n<li>Eficaz em concentra\u00e7\u00f5es baixas (0,1%-0,5%)<\/li>\n<li>Certificado biol\u00f3gico e adequado para <strong>r\u00f3tulo limpo<\/strong> produtos<\/li>\n<\/ul>\n<h2>Qualidade e conformidade<\/h2>\n<p>Fabricado sob <strong>protocolos de controlo de qualidade rigorosos<\/strong>:<\/p>\n<ul>\n<li><strong>Instala\u00e7\u00f5es de produ\u00e7\u00e3o com certifica\u00e7\u00e3o GMP<\/strong><\/li>\n<li>Ensaio de alta precis\u00e3o por HPLC para determina\u00e7\u00e3o do teor de glabridina<\/li>\n<li>COA, MSDS e relat\u00f3rios de laborat\u00f3rio de terceiros dispon\u00edveis<\/li>\n<li>Testes rigorosos para:\n<ul>\n<li>Pureza e n\u00edveis de ingredientes activos<\/li>\n<li>Metais pesados, solventes e contaminantes microbianos<\/li>\n<\/ul>\n<\/li>\n<li>Certificado: <strong>KOSHER<\/strong>, <strong>HALAL<\/strong>, <strong>HACCP<\/strong>, <strong>ISO22000<\/strong>, <strong>Org\u00e2nico da UE e USDA<\/strong><\/li>\n<\/ul>\n<h2>Aplica\u00e7\u00f5es<\/h2>\n<h3>Ind\u00fastrias prim\u00e1rias<\/h3>\n<ul>\n<li><strong>Cosm\u00e9ticos e cuidados da pele (branqueamento, anti-envelhecimento)<\/strong><\/li>\n<li><strong>Produtos farmac\u00eauticos e dermac\u00eauticos<\/strong><\/li>\n<li><strong>Cuidados pessoais funcionais<\/strong><\/li>\n<li><strong>Cosm\u00e9ticos naturais e beleza limpa<\/strong><\/li>\n<\/ul>\n<p><img decoding=\"async\" class=\"aligncenter size-full wp-image-1257\" src=\"https:\/\/bstextract.com\/wp-content\/uploads\/2025\/06\/function-3.jpg\" alt=\"\" width=\"1000\" height=\"412\" title=\"\" srcset=\"https:\/\/bstextract.com\/wp-content\/uploads\/2025\/06\/function-3.jpg 1000w, https:\/\/bstextract.com\/wp-content\/uploads\/2025\/06\/function-3-300x124.jpg 300w, https:\/\/bstextract.com\/wp-content\/uploads\/2025\/06\/function-3-768x316.jpg 768w, https:\/\/bstextract.com\/wp-content\/uploads\/2025\/06\/function-3-18x7.jpg 18w, https:\/\/bstextract.com\/wp-content\/uploads\/2025\/06\/function-3-600x247.jpg 600w\" sizes=\"(max-width: 1000px) 100vw, 1000px\" \/><\/p>\n<h3>Formula\u00e7\u00f5es comuns<\/h3>\n<ul>\n<li>S\u00e9runs iluminadores e corretores de manchas<\/li>\n<li>Cremes branqueadores de dia\/noite<\/li>\n<li>BB creams e CC creams<\/li>\n<li>Lo\u00e7\u00f5es calmantes para a vermelhid\u00e3o e a irrita\u00e7\u00e3o<\/li>\n<li>Cuidados p\u00f3s-tratamento da pele (por exemplo, ap\u00f3s peelings ou laser)<\/li>\n<\/ul>\n<h3>Utiliza\u00e7\u00e3o recomendada<\/h3>\n<ul>\n<li>Dosagem t\u00edpica: <strong>0,1%-0,5%<\/strong>, consoante a formula\u00e7\u00e3o<\/li>\n<li>Sol\u00favel em etanol, propilenoglicol e emulsionantes<\/li>\n<\/ul>\n<h3>Ingredientes compat\u00edveis<\/h3>\n<ul>\n<li><a href=\"https:\/\/bstextract.com\/pt\/produto\/vitamina-b3\/\">Niacinamida<\/a><\/li>\n<li>Vitamina C (\u00e1cido asc\u00f3rbico)<\/li>\n<li>\u00c1cido hialur\u00f3nico<\/li>\n<li><a href=\"https:\/\/bstextract.com\/pt\/produto\/desoxiarbutina-d-arbutina\/\">Alfa-Arbutina<\/a><\/li>\n<li>Extrato de \u00e1gua de alca\u00e7uz<\/li>\n<\/ul>\n<h2>Fornecimento e servi\u00e7os<\/h2>\n<ul>\n<li><strong>MOQ<\/strong>: 1kg<\/li>\n<li><strong>Embalagem dispon\u00edvel<\/strong>:\n<ul>\n<li>1kg\/saco\/caixa<\/li>\n<li>25 kg\/tambor\/caixa<\/li>\n<li>Embalagem personaliz\u00e1vel a pedido<\/li>\n<\/ul>\n<\/li>\n<li><strong>Prazo de execu\u00e7\u00e3o<\/strong>: 5-7 dias \u00fateis para artigos em stock<\/li>\n<li><strong>Expedi\u00e7\u00e3o<\/strong>: Apoio log\u00edstico global por via mar\u00edtima, a\u00e9rea ou expresso<\/li>\n<li><strong>Suporte OEM\/ODM<\/strong>:\n<ul>\n<li>Formula\u00e7\u00f5es personalizadas<\/li>\n<li>Rotulagem privada<\/li>\n<li>Apoio regulamentar<\/li>\n<\/ul>\n<\/li>\n<\/ul>\n<h2>Credenciais da empresa<\/h2>\n<p><strong>Xi'an Best Bio-Tech Co., Ltd.<\/strong> \u00e9 um fabricante l\u00edder de <strong>ingredientes activos de origem vegetal<\/strong>A empresa oferece mat\u00e9rias-primas de alta qualidade a clientes em mais de <strong>60 pa\u00edses<\/strong>. Com sede em <strong>Yangling, China<\/strong>, a nossa f\u00e1brica est\u00e1 equipada com <strong>linhas de produ\u00e7\u00e3o automatizadas GMP<\/strong> e <strong>laborat\u00f3rios de an\u00e1lises avan\u00e7adas<\/strong>.<\/p>\n<ul>\n<li>Mais de 15 anos de experi\u00eancia em exporta\u00e7\u00e3o<\/li>\n<li>Foco em activos cosm\u00e9ticos, adaptog\u00e9nios e extractos de qualidade alimentar<\/li>\n<li>Certificado por <strong>ISO9001<\/strong>, <strong>HACCP<\/strong>, <strong>USFDA<\/strong>, <strong>HALAL<\/strong>, <strong>KOSHER<\/strong>, <strong>Org\u00e2nico da UE e USDA<\/strong><\/li>\n<li>Forte <strong>Equipa de apoio \u00e0 I&amp;D e \u00e0 formula\u00e7\u00e3o<\/strong><\/li>\n<\/ul>\n<h2>Perguntas frequentes (FAQ)<\/h2>\n<h3>1. Para que \u00e9 utilizado o Glabridin?<\/h3>\n<p>A glabridina \u00e9 utilizada principalmente em <strong>produtos cosm\u00e9ticos despigmentantes e anti-inflamat\u00f3rios<\/strong> pelas suas propriedades branqueadoras e antioxidantes naturais.<\/p>\n<h3>2. \u00c9 seguro para peles sens\u00edveis?<\/h3>\n<p>Sim, o Glabridin \u00e9 <strong>n\u00e3o irritante<\/strong> e adequado para <strong>pele sens\u00edvel e inflamada<\/strong>especialmente a baixas concentra\u00e7\u00f5es.<\/p>\n<h3>3. Que op\u00e7\u00f5es de pureza est\u00e3o dispon\u00edveis?<\/h3>\n<p>Oferecemos Glabridin in <strong>Graus de pureza 40%, 60%, 90% e 98%<\/strong> para atender a v\u00e1rias necessidades de formula\u00e7\u00e3o.<\/p>\n<h3>4. Podem apoiar o desenvolvimento de formula\u00e7\u00f5es personalizadas?<\/h3>\n<p>Sim - n\u00f3s fornecemos <strong>Servi\u00e7os OEM\/ODM<\/strong>documenta\u00e7\u00e3o t\u00e9cnica, e <strong>consultoria em formula\u00e7\u00e3o<\/strong>.<\/p>\n<h3>5. Como \u00e9 que o Glabridin deve ser conservado?<\/h3>\n<p>Manter em <strong>recipientes selados e opacos<\/strong> longe da luz solar direta e do calor, em condi\u00e7\u00f5es secas e frescas.<\/p>","protected":false},"excerpt":{"rendered":"<ul>\n<li><strong>Nome do produto<\/strong>: Glabridina<\/li>\n<li><strong>Outro nome<\/strong>: DGL (Alca\u00e7uz desglicirrizado)<\/li>\n<li><strong>N\u00famero CAS<\/strong>: 59870-68-7<\/li>\n<li><strong>F\u00f3rmula molecular<\/strong>: C\u2082\u2080H\u2082\u2080O\u2084<\/li>\n<li><strong>Fonte<\/strong>: Extrato de raiz de alca\u00e7uz<\/li>\n<li><strong>Apar\u00eancia<\/strong>: P\u00f3 branco<\/li>\n<li><strong>Op\u00e7\u00f5es de pureza<\/strong>: 40%-98%<\/li>\n<\/ul>","protected":false},"featured_media":1254,"comment_status":"open","ping_status":"closed","template":"","meta":{"_acf_changed":false},"product_brand":[],"product_cat":[22],"product_tag":[],"class_list":{"0":"post-1253","1":"product","2":"type-product","3":"status-publish","4":"has-post-thumbnail","6":"product_cat-cosmetic-personal-care-ingredients","8":"first","9":"instock","10":"shipping-taxable","11":"product-type-simple"},"acf":[],"_links":{"self":[{"href":"https:\/\/bstextract.com\/pt\/wp-json\/wp\/v2\/product\/1253","targetHints":{"allow":["GET"]}}],"collection":[{"href":"https:\/\/bstextract.com\/pt\/wp-json\/wp\/v2\/product"}],"about":[{"href":"https:\/\/bstextract.com\/pt\/wp-json\/wp\/v2\/types\/product"}],"replies":[{"embeddable":true,"href":"https:\/\/bstextract.com\/pt\/wp-json\/wp\/v2\/comments?post=1253"}],"wp:featuredmedia":[{"embeddable":true,"href":"https:\/\/bstextract.com\/pt\/wp-json\/wp\/v2\/media\/1254"}],"wp:attachment":[{"href":"https:\/\/bstextract.com\/pt\/wp-json\/wp\/v2\/media?parent=1253"}],"wp:term":[{"taxonomy":"product_brand","embeddable":true,"href":"https:\/\/bstextract.com\/pt\/wp-json\/wp\/v2\/product_brand?post=1253"},{"taxonomy":"product_cat","embeddable":true,"href":"https:\/\/bstextract.com\/pt\/wp-json\/wp\/v2\/product_cat?post=1253"},{"taxonomy":"product_tag","embeddable":true,"href":"https:\/\/bstextract.com\/pt\/wp-json\/wp\/v2\/product_tag?post=1253"}],"curies":[{"name":"wp","href":"https:\/\/api.w.org\/{rel}","templated":true}]}}