{"id":1321,"date":"2025-06-06T06:44:59","date_gmt":"2025-06-06T06:44:59","guid":{"rendered":"https:\/\/bstextract.com\/?post_type=product&#038;p=1321"},"modified":"2025-06-11T02:52:01","modified_gmt":"2025-06-11T02:52:01","slug":"extrato-de-lentilha-em-po","status":"publish","type":"product","link":"https:\/\/bstextract.com\/pt\/produto\/extrato-de-lentilha-em-po\/","title":{"rendered":"P\u00f3 de lentilha de \u00e1gua"},"content":{"rendered":"<p><!-- Keyword Section (Outside Article) --><\/p>\n<p><!-- Product Content --><\/p>\n<h2>O que \u00e9 a lentilha d'\u00e1gua em p\u00f3?<\/h2>\n<p><strong>P\u00f3 de lentilha de \u00e1gua<\/strong> \u00e9 um ingrediente herb\u00e1ceo altamente concentrado derivado da planta aqu\u00e1tica <em>Lemna minor<\/em>Tamb\u00e9m conhecida como lentilha d'\u00e1gua. Tradicionalmente utilizado em sistemas de cura natural, este p\u00f3 \u00e9 valorizado pelo seu rico conte\u00fado de <strong>flavonas<\/strong>, um tipo de poderoso <strong>Flavonoide bot\u00e2nico<\/strong> conhecido por apoiar a desintoxica\u00e7\u00e3o, a sa\u00fade da pele e o equil\u00edbrio imunit\u00e1rio.<\/p>\n<p><img fetchpriority=\"high\" decoding=\"async\" class=\"aligncenter wp-image-1323\" src=\"https:\/\/bstextract.com\/wp-content\/uploads\/2025\/06\/108__21996.webp\" alt=\"\" width=\"1024\" height=\"735\" title=\"\" srcset=\"https:\/\/bstextract.com\/wp-content\/uploads\/2025\/06\/108__21996.webp 1280w, https:\/\/bstextract.com\/wp-content\/uploads\/2025\/06\/108__21996-300x215.webp 300w, https:\/\/bstextract.com\/wp-content\/uploads\/2025\/06\/108__21996-1024x735.webp 1024w, https:\/\/bstextract.com\/wp-content\/uploads\/2025\/06\/108__21996-768x551.webp 768w, https:\/\/bstextract.com\/wp-content\/uploads\/2025\/06\/108__21996-18x12.webp 18w, https:\/\/bstextract.com\/wp-content\/uploads\/2025\/06\/108__21996-600x431.webp 600w\" sizes=\"(max-width: 1024px) 100vw, 1024px\" \/><\/p>\n<p>A nossa lentilha em p\u00f3 apresenta-se como um p\u00f3 fino <strong>p\u00f3 amarelo castanho<\/strong>padronizado em propor\u00e7\u00f5es de extrato de <strong>5:1, 10:1 e 20:1<\/strong>e testado com <strong>TLC (Cromatografia de Camada Fina)<\/strong>. Fresado a um <strong>80 malhas<\/strong> A sua finura permite-lhe misturar-se facilmente em f\u00f3rmulas para uma variedade de aplica\u00e7\u00f5es de sa\u00fade e bem-estar.<\/p>\n<h2>Porqu\u00ea escolher a nossa lentilha em p\u00f3?<\/h2>\n<p>Como um dedicado <strong>Fabricante de p\u00f3 de lentilha e fornecedor de extrato bot\u00e2nico<\/strong>A nossa empresa, a FDA, garante ingredientes limpos, de origem vegetal, adapt\u00e1veis a suplementos, alimentos funcionais e f\u00f3rmulas de MTC.<\/p>\n<ul>\n<li>\ud83c\udf3f <strong>Rico em flavon\u00f3ides bot\u00e2nicos<\/strong>-Apoia a prote\u00e7\u00e3o antioxidante e a resposta imunit\u00e1ria<\/li>\n<li>\ud83c\udf0a <strong>Tradicionalmente utilizado para a limpeza e desintoxica\u00e7\u00e3o da pele<\/strong><\/li>\n<li>\ud83e\uddea <strong>Testado por TLC quanto \u00e0 consist\u00eancia e pureza<\/strong><\/li>\n<li>\ud83d\udc8a <strong>Adequado para c\u00e1psulas, p\u00f3s, ch\u00e1s e misturas de bem-estar<\/strong><\/li>\n<\/ul>\n<h2>Aplica\u00e7\u00f5es da lentilha em p\u00f3<\/h2>\n<p><strong>P\u00f3 de lentilha de \u00e1gua<\/strong> \u00e9 amplamente utilizado em:<\/p>\n<ul>\n<li>\ud83c\udf75 <strong>Misturas de ervas desintoxicantes e de apoio ao f\u00edgado<\/strong><\/li>\n<li>\ud83d\udc8a <strong>Suplementos de sa\u00fade imunit\u00e1ria \u00e0 base de flavon\u00f3ides<\/strong><\/li>\n<li>\ud83e\uddec <strong>Alimentos funcionais em p\u00f3 e misturas de superalimentos verdes<\/strong><\/li>\n<li>\ud83c\udf3f <strong>F\u00f3rmulas MTC e produtos bot\u00e2nicos antioxidantes<\/strong><\/li>\n<\/ul>\n<p>\u00c9 normalmente combinado com ervas como <strong>dente-de-le\u00e3o, raiz de bardana e verduras ricas em clorofila<\/strong> para criar misturas eficazes de limpeza e de apoio \u00e0 pele.<\/p>\n<h2>Especifica\u00e7\u00f5es<\/h2>\n<table>\n<tbody>\n<tr>\n<th>Nome do produto<\/th>\n<td>P\u00f3 de lentilha de \u00e1gua<\/td>\n<\/tr>\n<tr>\n<th>Apar\u00eancia<\/th>\n<td>P\u00f3 amarelo castanho<\/td>\n<\/tr>\n<tr>\n<th>Ingrediente ativo<\/th>\n<td>Flavonas (Flavon\u00f3ides bot\u00e2nicos)<\/td>\n<\/tr>\n<tr>\n<th>Especifica\u00e7\u00e3o<\/th>\n<td>5:1, 10:1, 20:1<\/td>\n<\/tr>\n<tr>\n<th>M\u00e9todo de ensaio<\/th>\n<td>TLC (Cromatografia de Camada Fina)<\/td>\n<\/tr>\n<tr>\n<th>Tamanho da malha<\/th>\n<td>80 Malha<\/td>\n<\/tr>\n<\/tbody>\n<\/table>\n<h2>Perguntas mais frequentes<\/h2>\n<p><strong>Para que \u00e9 utilizado o Duckweed Powder?<\/strong><br \/>\n\u00c9 normalmente utilizado para <strong>apoio \u00e0 desintoxica\u00e7\u00e3o, aplica\u00e7\u00f5es anti-inflamat\u00f3rias, regula\u00e7\u00e3o imunit\u00e1ria e f\u00f3rmulas para a sa\u00fade da pele<\/strong>.<\/p>\n<p><strong>Qual \u00e9 a origem do seu p\u00f3 de lentilha d'\u00e1gua?<\/strong><br \/>\nObtemos e extra\u00edmo-lo de fontes de alta qualidade <strong>Lemna minor<\/strong>conhecido pela sua elevada concentra\u00e7\u00e3o de flavonas activas.<\/p>\n<p><strong>Este produto \u00e9 sol\u00favel em \u00e1gua?<\/strong><br \/>\nEmbora parcialmente dispers\u00edvel em \u00e1gua, \u00e9 melhor utilizado em <strong>c\u00e1psulas, comprimidos, ch\u00e1s de ervas ou p\u00f3s<\/strong> em vez de solu\u00e7\u00f5es l\u00edquidas claras.<\/p>\n<p><strong>Oferecem formula\u00e7\u00f5es personalizadas ou suporte OEM?<\/strong><br \/>\nSim. N\u00f3s fornecemos <strong>Servi\u00e7os OEM\/ODM, fornecimento a granel e rotulagem privada<\/strong> com baixo MOQ e entrega r\u00e1pida a n\u00edvel mundial.<\/p>\n<p><strong>Qual \u00e9 o prazo de validade?<\/strong><br \/>\nO prazo de validade \u00e9 <strong>24 meses<\/strong> quando armazenado num ambiente fechado, fresco e seco, longe da luz solar direta.<\/p>\n<h2>Sobre a Xi'an Best Bio-Tech Co., Ltd.<\/h2>\n<p><strong>Xi'an Best Bio-Tech Co., Ltd.<\/strong> \u00e9 uma empresa global de confian\u00e7a <strong>Fabricante de p\u00f3 de lentilha-d'\u00e1gua e fornecedor de ingredientes bot\u00e2nicos<\/strong> com sede em Yangling, China. Com d\u00e9cadas de experi\u00eancia na extra\u00e7\u00e3o de ervas, fornecemos ingredientes seguros, limpos e altamente eficazes a clientes em mais de <strong>60 pa\u00edses<\/strong>.<\/p>\n<p>A nossa f\u00e1brica tem certifica\u00e7\u00e3o GMP e cumpre as normas internacionais, incluindo <strong>ISO9001, USFDA, Halal, Kosher e HACCP<\/strong>. Desde a mat\u00e9ria-prima at\u00e9 ao extrato acabado, mantemos uma rastreabilidade total e um controlo de qualidade rigoroso.<\/p>\n<p>Seja nosso parceiro para <strong>fornecimento a granel, extractos personalizados, desenvolvimento de f\u00f3rmulas e servi\u00e7os OEM\/r\u00f3tulo privado<\/strong>. Amostras gr\u00e1tis dispon\u00edveis mediante pedido.<\/p>","protected":false},"excerpt":{"rendered":"<table>\n<tbody>\n<tr>\n<th>Nome do produto<\/th>\n<td>P\u00f3 de lentilha de \u00e1gua (extrato de Lemna minor)<\/td>\n<\/tr>\n<tr>\n<th>Apar\u00eancia<\/th>\n<td>P\u00f3 amarelo castanho<\/td>\n<\/tr>\n<tr>\n<th>Ingrediente ativo<\/th>\n<td>Flavonas (Flavon\u00f3ides bot\u00e2nicos)<\/td>\n<\/tr>\n<tr>\n<th>Especifica\u00e7\u00e3o<\/th>\n<td>5:1, 10:1, 20:1<\/td>\n<\/tr>\n<tr>\n<th>M\u00e9todo de ensaio<\/th>\n<td>TLC (Cromatografia de Camada Fina)<\/td>\n<\/tr>\n<tr>\n<th>Tamanho da malha<\/th>\n<td>80 Malha<\/td>\n<\/tr>\n<\/tbody>\n<\/table>","protected":false},"featured_media":1322,"comment_status":"open","ping_status":"closed","template":"","meta":{"_acf_changed":false},"product_brand":[],"product_cat":[21],"product_tag":[],"class_list":{"0":"post-1321","1":"product","2":"type-product","3":"status-publish","4":"has-post-thumbnail","6":"product_cat-plant-extracts","8":"first","9":"instock","10":"shipping-taxable","11":"product-type-simple"},"acf":[],"_links":{"self":[{"href":"https:\/\/bstextract.com\/pt\/wp-json\/wp\/v2\/product\/1321","targetHints":{"allow":["GET"]}}],"collection":[{"href":"https:\/\/bstextract.com\/pt\/wp-json\/wp\/v2\/product"}],"about":[{"href":"https:\/\/bstextract.com\/pt\/wp-json\/wp\/v2\/types\/product"}],"replies":[{"embeddable":true,"href":"https:\/\/bstextract.com\/pt\/wp-json\/wp\/v2\/comments?post=1321"}],"wp:featuredmedia":[{"embeddable":true,"href":"https:\/\/bstextract.com\/pt\/wp-json\/wp\/v2\/media\/1322"}],"wp:attachment":[{"href":"https:\/\/bstextract.com\/pt\/wp-json\/wp\/v2\/media?parent=1321"}],"wp:term":[{"taxonomy":"product_brand","embeddable":true,"href":"https:\/\/bstextract.com\/pt\/wp-json\/wp\/v2\/product_brand?post=1321"},{"taxonomy":"product_cat","embeddable":true,"href":"https:\/\/bstextract.com\/pt\/wp-json\/wp\/v2\/product_cat?post=1321"},{"taxonomy":"product_tag","embeddable":true,"href":"https:\/\/bstextract.com\/pt\/wp-json\/wp\/v2\/product_tag?post=1321"}],"curies":[{"name":"wp","href":"https:\/\/api.w.org\/{rel}","templated":true}]}}