{"id":1346,"date":"2025-06-09T02:05:30","date_gmt":"2025-06-09T02:05:30","guid":{"rendered":"https:\/\/bstextract.com\/?post_type=product&#038;p=1346"},"modified":"2025-06-09T02:05:30","modified_gmt":"2025-06-09T02:05:30","slug":"extrato-de-psoralea-corylifolia-oleo-de-bakuchiol","status":"publish","type":"product","link":"https:\/\/bstextract.com\/pt\/produto\/extrato-de-psoralea-corylifolia-oleo-de-bakuchiol\/","title":{"rendered":"Extrato de Psoralea Corylifolia (\u00d3leo de Bakuchiol)"},"content":{"rendered":"<p><!-- Keyword Section (Outside Article) --><\/p>\n<h2>O que \u00e9 o \u00f3leo de bakuchiol?<\/h2>\n<p><strong>\u00d3leo de Bakuchiol<\/strong> \u00e9 um ativo de cuidados da pele derivado de plantas 100% extra\u00eddo das sementes de <strong>Psoralea Corylifolia<\/strong>O bakuchiol \u00e9 uma erva utilizada h\u00e1 muito tempo na medicina ayurv\u00e9dica e na medicina tradicional chinesa. Referido como a alternativa natural ao retinol, o Bakuchiol proporciona benef\u00edcios anti-envelhecimento, de refor\u00e7o do colag\u00e9nio e de luminosidade semelhantes - sem a irrita\u00e7\u00e3o normalmente associada aos retin\u00f3ides sint\u00e9ticos.<\/p>\n<p><img fetchpriority=\"high\" decoding=\"async\" class=\"aligncenter wp-image-1351 size-full\" src=\"https:\/\/bstextract.com\/wp-content\/uploads\/2025\/06\/13020_2022_704_Fig1_HTML.webp\" alt=\"Extrato de Psoralea Corylifolia \" width=\"1770\" height=\"892\" title=\"\" srcset=\"https:\/\/bstextract.com\/wp-content\/uploads\/2025\/06\/13020_2022_704_Fig1_HTML.webp 1770w, https:\/\/bstextract.com\/wp-content\/uploads\/2025\/06\/13020_2022_704_Fig1_HTML-300x151.webp 300w, https:\/\/bstextract.com\/wp-content\/uploads\/2025\/06\/13020_2022_704_Fig1_HTML-1024x516.webp 1024w, https:\/\/bstextract.com\/wp-content\/uploads\/2025\/06\/13020_2022_704_Fig1_HTML-768x387.webp 768w, https:\/\/bstextract.com\/wp-content\/uploads\/2025\/06\/13020_2022_704_Fig1_HTML-1536x774.webp 1536w, https:\/\/bstextract.com\/wp-content\/uploads\/2025\/06\/13020_2022_704_Fig1_HTML-18x9.webp 18w, https:\/\/bstextract.com\/wp-content\/uploads\/2025\/06\/13020_2022_704_Fig1_HTML-600x302.webp 600w\" sizes=\"(max-width: 1770px) 100vw, 1770px\" \/><\/p>\n<p>O nosso \u00f3leo de bakuchiol \u00e9 extra\u00eddo de <strong>Extrato de Psoralea Corylifolia<\/strong> e \u00e9 padronizado para uma alta pot\u00eancia de <strong>98%<\/strong>. \u00c9 apresentado como um <strong>l\u00edquido amarelo-acastanhado<\/strong> e \u00e9 adequado para uma vasta gama de aplica\u00e7\u00f5es cosm\u00e9ticas e dermac\u00eauticas avan\u00e7adas.<\/p>\n<h2>Porqu\u00ea escolher o extrato de Psoralea Corylifolia (\u00f3leo de bakuchiol)?<\/h2>\n<p>Como profissional <strong>Fabricante de Bakuchiol e fornecedor de extrato de Psoralea<\/strong>Com o Bakuchiol, fornecemos Bakuchiol clinicamente relevante, est\u00e1vel e de elevada pureza que satisfaz as exig\u00eancias das formula\u00e7\u00f5es de beleza modernas e limpas.<\/p>\n<ul>\n<li>\ud83c\udf3f <strong>Alternativa ao retinol \u00e0 base de plantas<\/strong>-Solu\u00e7\u00e3o anti-envelhecimento suave mas eficaz<\/li>\n<li>\u2728 <strong>Reduz as r\u00eddulas, as rugas e a hiperpigmenta\u00e7\u00e3o<\/strong> sem irrita\u00e7\u00e3o<\/li>\n<li>\ud83c\udf1e <strong>Fotoest\u00e1vel e adequado para utiliza\u00e7\u00e3o diurna<\/strong>, ao contr\u00e1rio do retinol<\/li>\n<li>\ud83d\udca7 <strong>Seguro para peles sens\u00edveis e seguro para a gravidez<\/strong> formula\u00e7\u00f5es<\/li>\n<\/ul>\n<h2>Aplica\u00e7\u00f5es do \u00f3leo de bakuchiol<\/h2>\n<p><strong>\u00d3leo de Bakuchiol (Extrato de Psoralea Corylifolia)<\/strong> \u00e9 amplamente utilizado em:<\/p>\n<ul>\n<li>\ud83e\uddf4 <strong>S\u00e9runs anti-envelhecimento, cremes de noite e \u00f3leos faciais<\/strong><\/li>\n<li>\ud83d\udca7 <strong>Tratamentos de aclaramento e hiperpigmenta\u00e7\u00e3o<\/strong><\/li>\n<li>\ud83e\uddec <strong>Alternativas naturais e veganas aos retin\u00f3ides nas linhas de beleza clean<\/strong><\/li>\n<li>\ud83c\udf3f <strong>Formula\u00e7\u00f5es destinadas a tipos de pele sens\u00edveis ou reactivos<\/strong><\/li>\n<\/ul>\n<p>\u00c9 frequentemente combinado com niacinamida, esqualano, p\u00e9ptidos ou vitamina C em misturas de cuidados da pele de alto desempenho que visam **estimula\u00e7\u00e3o do colag\u00e9nio, renova\u00e7\u00e3o celular e uniformiza\u00e7\u00e3o do tom da pele**.<\/p>\n<h2>Especifica\u00e7\u00f5es<\/h2>\n<table>\n<tbody>\n<tr>\n<th>Nome do produto<\/th>\n<td>Extrato de Psoralea Corylifolia (\u00d3leo de Bakuchiol)<\/td>\n<\/tr>\n<tr>\n<th>N.\u00ba CAS<\/th>\n<td>1135-24-6<\/td>\n<\/tr>\n<tr>\n<th>Fonte<\/th>\n<td>Extrato de Psoralea Corylifolia<\/td>\n<\/tr>\n<tr>\n<th>Apar\u00eancia<\/th>\n<td>L\u00edquido amarelo acastanhado<\/td>\n<\/tr>\n<tr>\n<th>Especifica\u00e7\u00e3o<\/th>\n<td>98% Bakuchiol<\/td>\n<\/tr>\n<\/tbody>\n<\/table>\n<h2>Perguntas mais frequentes<\/h2>\n<p><strong>Qual \u00e9 a subst\u00e2ncia ativa do vosso \u00f3leo de Bakuchiol?<\/strong><br \/>\nO nosso produto cont\u00e9m <strong>98% Bakuchiol<\/strong>, extra\u00eddo de <strong>Psoralea Corylifolia<\/strong> sementes.<\/p>\n<p><strong>Qual \u00e9 o aspeto do \u00f3leo?<\/strong><br \/>\n\u00c9 uma clara <strong>l\u00edquido amarelo-acastanhado<\/strong> com excelente estabilidade e resist\u00eancia \u00e0 luz.<\/p>\n<p><strong>Qual \u00e9 a principal vantagem do \u00f3leo de bakuchiol na cosm\u00e9tica?<\/strong><br \/>\nPrev\u00ea <strong>resultados semelhantes aos do retinol<\/strong> (redu\u00e7\u00e3o das r\u00eddulas, melhoria da textura, uniformiza\u00e7\u00e3o do tom de pele) sem irrita\u00e7\u00e3o, secura ou sensibilidade ao sol.<\/p>\n<p><strong>\u00c9 seguro para todos os tipos de pele?<\/strong><br \/>\nSim. O Bakuchiol \u00e9 ideal para **pele sens\u00edvel, seca, com tend\u00eancia acneica ou madura**, e \u00e9 tamb\u00e9m **seguro para utiliza\u00e7\u00e3o durante a gravidez**.<\/p>\n<p><strong>Oferecem servi\u00e7os a granel ou OEM?<\/strong><br \/>\nSim. Como certificado <strong>F\u00e1brica de \u00f3leo de bakuchiol<\/strong>, oferecemos <strong>quantidades a granel, marca pr\u00f3pria e suporte OEM\/ODM<\/strong>.<\/p>\n<p><strong>Como \u00e9 que deve ser armazenado?<\/strong><br \/>\nArmazenar num <strong>local fresco e seco<\/strong> ao abrigo da luz. O prazo de validade \u00e9 de <strong>24 meses<\/strong> quando devidamente selado e armazenado.<\/p>","protected":false},"excerpt":{"rendered":"<table>\n<tbody>\n<tr>\n<th>Nome do produto<\/th>\n<td>Extrato de Psoralea Corylifolia (\u00d3leo de Bakuchiol)<\/td>\n<\/tr>\n<tr>\n<th>N.\u00ba CAS<\/th>\n<td>1135-24-6<\/td>\n<\/tr>\n<tr>\n<th>Fonte<\/th>\n<td>Extrato de Psoralea Corylifolia<\/td>\n<\/tr>\n<tr>\n<th>Apar\u00eancia<\/th>\n<td>L\u00edquido amarelo acastanhado<\/td>\n<\/tr>\n<tr>\n<th>Especifica\u00e7\u00e3o<\/th>\n<td>98% Bakuchiol<\/td>\n<\/tr>\n<\/tbody>\n<\/table>","protected":false},"featured_media":1347,"comment_status":"open","ping_status":"closed","template":"","meta":{"_acf_changed":false},"product_brand":[],"product_cat":[22],"product_tag":[],"class_list":{"0":"post-1346","1":"product","2":"type-product","3":"status-publish","4":"has-post-thumbnail","6":"product_cat-cosmetic-personal-care-ingredients","8":"first","9":"instock","10":"shipping-taxable","11":"product-type-simple"},"acf":[],"_links":{"self":[{"href":"https:\/\/bstextract.com\/pt\/wp-json\/wp\/v2\/product\/1346","targetHints":{"allow":["GET"]}}],"collection":[{"href":"https:\/\/bstextract.com\/pt\/wp-json\/wp\/v2\/product"}],"about":[{"href":"https:\/\/bstextract.com\/pt\/wp-json\/wp\/v2\/types\/product"}],"replies":[{"embeddable":true,"href":"https:\/\/bstextract.com\/pt\/wp-json\/wp\/v2\/comments?post=1346"}],"wp:featuredmedia":[{"embeddable":true,"href":"https:\/\/bstextract.com\/pt\/wp-json\/wp\/v2\/media\/1347"}],"wp:attachment":[{"href":"https:\/\/bstextract.com\/pt\/wp-json\/wp\/v2\/media?parent=1346"}],"wp:term":[{"taxonomy":"product_brand","embeddable":true,"href":"https:\/\/bstextract.com\/pt\/wp-json\/wp\/v2\/product_brand?post=1346"},{"taxonomy":"product_cat","embeddable":true,"href":"https:\/\/bstextract.com\/pt\/wp-json\/wp\/v2\/product_cat?post=1346"},{"taxonomy":"product_tag","embeddable":true,"href":"https:\/\/bstextract.com\/pt\/wp-json\/wp\/v2\/product_tag?post=1346"}],"curies":[{"name":"wp","href":"https:\/\/api.w.org\/{rel}","templated":true}]}}