{"id":1363,"date":"2025-06-09T03:17:37","date_gmt":"2025-06-09T03:17:37","guid":{"rendered":"https:\/\/bstextract.com\/?post_type=product&#038;p=1363"},"modified":"2025-06-09T03:21:58","modified_gmt":"2025-06-09T03:21:58","slug":"po-de-nad","status":"publish","type":"product","link":"https:\/\/bstextract.com\/pt\/produto\/po-de-nad\/","title":{"rendered":"NAD em p\u00f3 (Dinucle\u00f3tido de nicotinamida e adenina, NAD+)"},"content":{"rendered":"<p><!-- Keyword Section (Outside Article) --><\/p>\n<h2>O que \u00e9 o NAD Powder?<\/h2>\n<p><strong>NAD em p\u00f3<\/strong> \u00e9 a forma pura e bioactiva de <strong>Nicotinamida Adenina Dinucle\u00f3tido (NAD+)<\/strong> - uma coenzima essencial presente em todas as c\u00e9lulas vivas. Conhecida pelo seu papel na <strong>produ\u00e7\u00e3o de energia celular, repara\u00e7\u00e3o do ADN e regula\u00e7\u00e3o metab\u00f3lica<\/strong>O NAD+ \u00e9 a base de suplementos avan\u00e7ados anti-envelhecimento, de apoio ao c\u00e9rebro e centrados na longevidade.<\/p>\n<p><img fetchpriority=\"high\" decoding=\"async\" class=\"aligncenter wp-image-1368\" src=\"https:\/\/bstextract.com\/wp-content\/uploads\/2025\/06\/What_is_NAD.webp\" alt=\"NAD em p\u00f3?\" width=\"1024\" height=\"577\" title=\"\" srcset=\"https:\/\/bstextract.com\/wp-content\/uploads\/2025\/06\/What_is_NAD.webp 1000w, https:\/\/bstextract.com\/wp-content\/uploads\/2025\/06\/What_is_NAD-300x169.webp 300w, https:\/\/bstextract.com\/wp-content\/uploads\/2025\/06\/What_is_NAD-768x432.webp 768w, https:\/\/bstextract.com\/wp-content\/uploads\/2025\/06\/What_is_NAD-18x10.webp 18w, https:\/\/bstextract.com\/wp-content\/uploads\/2025\/06\/What_is_NAD-600x338.webp 600w\" sizes=\"(max-width: 1024px) 100vw, 1024px\" \/><\/p>\n<p>O nosso NAD em p\u00f3 de alta pureza \u00e9 normalizado para <strong>99%<\/strong> e \u00e9 oferecido como um produto limpo, de qualidade farmac\u00eautica <strong>p\u00f3 branco<\/strong>. Com CAS No. <strong>53-84-9<\/strong> e f\u00f3rmula molecular <strong>C<sub>21<\/sub>H<sub>27<\/sub>N<sub>7<\/sub>O<sub>14<\/sub>P<sub>2<\/sub><\/strong>Este composto \u00e9 amplamente utilizado em <strong>nutrac\u00eauticos, nootr\u00f3picos e f\u00f3rmulas de prolongamento da vida<\/strong>.<\/p>\n<h2>Porqu\u00ea escolher o nosso NAD+ em p\u00f3?<\/h2>\n<p>Como l\u00edder <strong>Fabricante de NAD em p\u00f3 e f\u00e1brica de mat\u00e9rias-primas NAD+<\/strong>fornecemos NAD+ est\u00e1vel e de elevada atividade que cumpre os mais elevados padr\u00f5es de pureza e desempenho.<\/p>\n<ul>\n<li>\u26a1 <strong>Essencial para a fun\u00e7\u00e3o mitocondrial<\/strong> e produ\u00e7\u00e3o de energia ATP<\/li>\n<li>\ud83e\uddec <strong>Promove a repara\u00e7\u00e3o do ADN, a longevidade e o anti-envelhecimento a n\u00edvel celular<\/strong><\/li>\n<li>\ud83e\udde0 <strong>Apoia a sa\u00fade do c\u00e9rebro, a concentra\u00e7\u00e3o e a vitalidade cognitiva<\/strong><\/li>\n<li>\ud83d\udd2c <strong>Utilizado em biohacking avan\u00e7ado, terapia regenerativa e pilhas de suplementos NMN\/NAD<\/strong><\/li>\n<\/ul>\n<h2>Aplica\u00e7\u00f5es do NAD+ (Dinucle\u00f3tido de nicotinamida e adenina)<\/h2>\n<p><strong>NAD+ em p\u00f3<\/strong> \u00e9 utilizado em:<\/p>\n<ul>\n<li>\ud83d\udc8a <strong>Suplementos de energia celular e de apoio \u00e0s mitoc\u00f4ndrias<\/strong><\/li>\n<li>\ud83e\uddea <strong>I&amp;D farmac\u00eautico, terapias metab\u00f3licas e f\u00f3rmulas nootr\u00f3picas<\/strong><\/li>\n<li>\ud83e\uddf4 <strong>Cremes anti-envelhecimento e adesivos transd\u00e9rmicos<\/strong><\/li>\n<li>\ud83e\udd64 <strong>Bebidas de bem-estar, sprays orais e solu\u00e7\u00f5es de sa\u00fade de absor\u00e7\u00e3o r\u00e1pida<\/strong><\/li>\n<\/ul>\n<p>Frequentemente utilizado juntamente com NMN, NR (Ribos\u00eddeo de Nicotinamida) e resveratrol para **efeitos sin\u00e9rgicos no envelhecimento e rejuvenescimento celular**.<\/p>\n<h2>Especifica\u00e7\u00f5es<\/h2>\n<table>\n<tbody>\n<tr>\n<th>Nome do produto<\/th>\n<td>NAD+ em p\u00f3 (Dinucle\u00f3tido de nicotinamida adenina)<\/td>\n<\/tr>\n<tr>\n<th>N.\u00ba CAS<\/th>\n<td>53-84-9<\/td>\n<\/tr>\n<tr>\n<th>F\u00f3rmula molecular<\/th>\n<td>C<sub>21<\/sub>H<sub>27<\/sub>N<sub>7<\/sub>O<sub>14<\/sub>P<sub>2<\/sub><\/td>\n<\/tr>\n<tr>\n<th>Apar\u00eancia<\/th>\n<td>P\u00f3 branco<\/td>\n<\/tr>\n<tr>\n<th>Especifica\u00e7\u00e3o<\/th>\n<td>99% NAD+<\/td>\n<\/tr>\n<\/tbody>\n<\/table>\n<h2>Perguntas mais frequentes<\/h2>\n<p><strong>Para que serve o NAD+?<\/strong><br \/>\nO NAD+ desempenha um papel central na **produ\u00e7\u00e3o de energia, na invers\u00e3o do envelhecimento, no metabolismo e na repara\u00e7\u00e3o do ADN**, o que o torna essencial nas f\u00f3rmulas de suplementos premium e de ci\u00eancias da vida.<\/p>\n<p><strong>Esta \u00e9 a forma oxidada do NAD?<\/strong><br \/>\nSim. Este produto \u00e9 a **forma oxidada e ativa NAD+**, ideal para **sistemas de administra\u00e7\u00e3o oral, injet\u00e1vel e transd\u00e9rmica**.<\/p>\n<p><strong>Qual \u00e9 a pureza e a qualidade do vosso NAD Powder?<\/strong><br \/>\nO nosso NAD+ \u00e9 produzido em <strong>99% pureza de grau farmac\u00eautico<\/strong> em condi\u00e7\u00f5es rigorosas de BPF, verificadas por testes avan\u00e7ados de HPLC.<\/p>\n<p><strong>Posso encomendar amostras ou f\u00f3rmulas personalizadas?<\/strong><br \/>\nSem d\u00favida. Oferecemos **amostras gr\u00e1tis** e **servi\u00e7os OEM\/private label** para apoiar o desenvolvimento de produtos e testes cl\u00ednicos.<\/p>\n<p><strong>Qual \u00e9 o prazo de validade e a recomenda\u00e7\u00e3o de armazenamento?<\/strong><br \/>\nConservar num **recipiente fresco, seco e herm\u00e9tico** ao abrigo da luz e da humidade. Prazo de validade: **24 meses** a partir da produ\u00e7\u00e3o.<\/p>\n<h2>Sobre a Xi'an Best Bio-Tech Co., Ltd.<\/h2>\n<p><strong>Xi'an Best Bio-Tech Co., Ltd.<\/strong> \u00e9 uma empresa certificada <strong>Fabricante de NAD+ em p\u00f3 e fornecedor de ingredientes para a sa\u00fade celular<\/strong>A nossa empresa est\u00e1 sediada em Yangling, na China. Somos especializados em activos nutrac\u00eauticos de alto desempenho e apoiamos marcas globais de ci\u00eancias da vida com ingredientes que elevam a sa\u00fade e a longevidade humanas.<\/p>\n<p>As nossas instala\u00e7\u00f5es est\u00e3o em conformidade com as BPF e s\u00e3o certificadas por <strong>ISO9001, USFDA, Halal, Kosher e HACCP<\/strong>. Exportamos para mais de <strong>60 pa\u00edses<\/strong> e estabelecer parcerias com marcas de bem-estar de vanguarda, investigadores e fabricantes de suplementos.<\/p>\n<p>Quer esteja a formular um suplemento NAD+ avan\u00e7ado, uma mistura nootr\u00f3pica ou um protocolo de biohacking, oferecemos **fornecimento a granel, rotulagem privada, baixo MOQ** e apoio \u00e0 formula\u00e7\u00e3o para o ajudar a ter sucesso no crescente mercado da longevidade.<\/p>","protected":false},"excerpt":{"rendered":"<table>\n<tbody>\n<tr>\n<th>Nome do produto<\/th>\n<td>NAD+ em p\u00f3 (Dinucle\u00f3tido de nicotinamida adenina)<\/td>\n<\/tr>\n<tr>\n<th>N.\u00ba CAS<\/th>\n<td>53-84-9<\/td>\n<\/tr>\n<tr>\n<th>F\u00f3rmula molecular<\/th>\n<td>C<sub>21<\/sub>H<sub>27<\/sub>N<sub>7<\/sub>O<sub>14<\/sub>P<sub>2<\/sub><\/td>\n<\/tr>\n<tr>\n<th>Apar\u00eancia<\/th>\n<td>P\u00f3 branco<\/td>\n<\/tr>\n<tr>\n<th>Especifica\u00e7\u00e3o<\/th>\n<td>99% NAD+<\/td>\n<\/tr>\n<\/tbody>\n<\/table>","protected":false},"featured_media":1364,"comment_status":"open","ping_status":"closed","template":"","meta":{"_acf_changed":false},"product_brand":[],"product_cat":[22],"product_tag":[],"class_list":{"0":"post-1363","1":"product","2":"type-product","3":"status-publish","4":"has-post-thumbnail","6":"product_cat-cosmetic-personal-care-ingredients","8":"first","9":"instock","10":"shipping-taxable","11":"product-type-simple"},"acf":[],"_links":{"self":[{"href":"https:\/\/bstextract.com\/pt\/wp-json\/wp\/v2\/product\/1363","targetHints":{"allow":["GET"]}}],"collection":[{"href":"https:\/\/bstextract.com\/pt\/wp-json\/wp\/v2\/product"}],"about":[{"href":"https:\/\/bstextract.com\/pt\/wp-json\/wp\/v2\/types\/product"}],"replies":[{"embeddable":true,"href":"https:\/\/bstextract.com\/pt\/wp-json\/wp\/v2\/comments?post=1363"}],"wp:featuredmedia":[{"embeddable":true,"href":"https:\/\/bstextract.com\/pt\/wp-json\/wp\/v2\/media\/1364"}],"wp:attachment":[{"href":"https:\/\/bstextract.com\/pt\/wp-json\/wp\/v2\/media?parent=1363"}],"wp:term":[{"taxonomy":"product_brand","embeddable":true,"href":"https:\/\/bstextract.com\/pt\/wp-json\/wp\/v2\/product_brand?post=1363"},{"taxonomy":"product_cat","embeddable":true,"href":"https:\/\/bstextract.com\/pt\/wp-json\/wp\/v2\/product_cat?post=1363"},{"taxonomy":"product_tag","embeddable":true,"href":"https:\/\/bstextract.com\/pt\/wp-json\/wp\/v2\/product_tag?post=1363"}],"curies":[{"name":"wp","href":"https:\/\/api.w.org\/{rel}","templated":true}]}}