{"id":1382,"date":"2025-06-10T02:18:14","date_gmt":"2025-06-10T02:18:14","guid":{"rendered":"https:\/\/bstextract.com\/?post_type=product&#038;p=1382"},"modified":"2025-06-23T01:25:39","modified_gmt":"2025-06-23T01:25:39","slug":"extrato-de-kava","status":"publish","type":"product","link":"https:\/\/bstextract.com\/pt\/produto\/extrato-de-kava\/","title":{"rendered":"10%-70% Extrato de Kava"},"content":{"rendered":"<p><!-- Keyword Section (Outside Article) --><\/p>\n<h2>O que \u00e9 o extrato de Kava?<\/h2>\n<p><strong>Extrato de Kava<\/strong> \u00e9 um extrato bot\u00e2nico proveniente das ra\u00edzes da <em>Piper methysticum<\/em> planta nativa do Pac\u00edfico Sul. Conhecida pelos seus compostos naturais chamados <strong>Kavalactonas<\/strong>A Kava \u00e9 tradicionalmente utilizada como um <strong>suplemento de ervas calmante, estabilizador do humor e anti-ansiedade<\/strong>.<\/p>\n<p><img fetchpriority=\"high\" decoding=\"async\" class=\"aligncenter wp-image-1389\" src=\"https:\/\/bstextract.com\/wp-content\/uploads\/2025\/06\/main-image-1-scaled-1.webp\" alt=\"\" width=\"1024\" height=\"683\" title=\"\" srcset=\"https:\/\/bstextract.com\/wp-content\/uploads\/2025\/06\/main-image-1-scaled-1.webp 1620w, https:\/\/bstextract.com\/wp-content\/uploads\/2025\/06\/main-image-1-scaled-1-300x200.webp 300w, https:\/\/bstextract.com\/wp-content\/uploads\/2025\/06\/main-image-1-scaled-1-1024x683.webp 1024w, https:\/\/bstextract.com\/wp-content\/uploads\/2025\/06\/main-image-1-scaled-1-768x512.webp 768w, https:\/\/bstextract.com\/wp-content\/uploads\/2025\/06\/main-image-1-scaled-1-1536x1024.webp 1536w, https:\/\/bstextract.com\/wp-content\/uploads\/2025\/06\/main-image-1-scaled-1-18x12.webp 18w, https:\/\/bstextract.com\/wp-content\/uploads\/2025\/06\/main-image-1-scaled-1-600x400.webp 600w\" sizes=\"(max-width: 1024px) 100vw, 1024px\" \/><\/p>\n<p>&nbsp;<\/p>\n<p>O nosso Extrato de Kava de qualidade superior est\u00e1 dispon\u00edvel na forma de <strong>p\u00f3 castanho a amarelo<\/strong> e normalizado para conter <strong>10% a 70% Kavalactonas<\/strong>tornando-o altamente adapt\u00e1vel para formula\u00e7\u00e3o numa variedade de produtos de sa\u00fade e bem-estar. Identificado por <strong>N.\u00ba CAS 9000-38-8<\/strong>\u00e9 ideal para utiliza\u00e7\u00e3o em <strong>ind\u00fastrias nutrac\u00eauticas, de bebidas e de suplementos naturais<\/strong>.<\/p>\n<h2>Porqu\u00ea escolher o nosso extrato de kava?<\/h2>\n<p>Como empresa de confian\u00e7a <strong>Fabricante de extrato de kava e fornecedor de produtos bot\u00e2nicos<\/strong>A nossa empresa fornece um produto seguro e eficaz que cumpre as normas modernas de formula\u00e7\u00e3o para o relaxamento natural e o al\u00edvio do stress.<\/p>\n<ul>\n<li>\ud83c\udf3f <strong>Rico em Kavalactonas<\/strong>-Estudado clinicamente para reduzir a ansiedade e a tens\u00e3o<\/li>\n<li>\ud83d\udca7 <strong>N\u00e3o sedativo, n\u00e3o viciante e de a\u00e7\u00e3o r\u00e1pida<\/strong><\/li>\n<li>\ud83d\udc8a <strong>Perfeito para c\u00e1psulas, ch\u00e1s, tinturas e relaxantes l\u00edquidos<\/strong><\/li>\n<li>\ud83e\uddd8\u200d\u2640\ufe0f <strong>Apoia o humor calmo, a clareza mental e um sono reparador<\/strong><\/li>\n<\/ul>\n<h2>Aplica\u00e7\u00f5es do extrato de kava<\/h2>\n<p><strong>Extrato de Kava<\/strong> \u00e9 amplamente utilizado em:<\/p>\n<ul>\n<li>\ud83d\udc8a <strong>Suplementos de ervas para a redu\u00e7\u00e3o da ansiedade e do stress<\/strong><\/li>\n<li>\ud83e\uddf4 <strong>F\u00f3rmulas t\u00f3picas e terap\u00eauticas para o relaxamento muscular<\/strong><\/li>\n<li>\ud83e\udd64 <strong>Bebidas calmantes naturais e misturas de bebidas \u00e0 base de plantas<\/strong><\/li>\n<li>\ud83c\udf3f <strong>Misturas de medicina tradicional e fitoterapia moderna<\/strong><\/li>\n<\/ul>\n<p>\u00c9 normalmente formulado com outros adaptog\u00e9nios como <strong>passiflora, raiz de valeriana e ashwagandha<\/strong> para efeitos sin\u00e9rgicos refor\u00e7ados em produtos de al\u00edvio do stress.<\/p>\n<h2>Especifica\u00e7\u00f5es<\/h2>\n<table>\n<tbody>\n<tr>\n<th>Nome do produto<\/th>\n<td>Extrato de Kava<\/td>\n<\/tr>\n<tr>\n<th>Ingrediente ativo<\/th>\n<td>Kavalactonas<\/td>\n<\/tr>\n<tr>\n<th>N.\u00ba CAS<\/th>\n<td>9000-38-8<\/td>\n<\/tr>\n<tr>\n<th>Apar\u00eancia<\/th>\n<td>P\u00f3 castanho a amarelo<\/td>\n<\/tr>\n<tr>\n<th>Especifica\u00e7\u00e3o<\/th>\n<td>10%-70% Kavalactonas<\/td>\n<\/tr>\n<\/tbody>\n<\/table>\n<h2>Perguntas mais frequentes<\/h2>\n<p><strong>O que s\u00e3o Kavalactonas?<\/strong><br \/>\nAs kavalactonas s\u00e3o os compostos activos da Kava respons\u00e1veis pela sua <strong>efeitos calmantes, anti-ansiedade e relaxantes musculares<\/strong>. Afectam as vias GABA do c\u00e9rebro, promovendo o relaxamento sem seda\u00e7\u00e3o.<\/p>\n<p><strong>Como \u00e9 utilizado o extrato de Kava?<\/strong><br \/>\nGeralmente utilizado em <strong>c\u00e1psulas, ch\u00e1s de ervas, bebidas funcionais, tinturas e solu\u00e7\u00f5es t\u00f3picas<\/strong>.<\/p>\n<p><strong>Este produto \u00e9 seguro para utiliza\u00e7\u00e3o di\u00e1ria?<\/strong><br \/>\nSim, quando utilizado de acordo com as diretrizes de dosagem recomendadas. O nosso extrato de kava \u00e9 produzido sob rigorosos controlos de qualidade para garantir <strong>pureza e conformidade<\/strong>.<\/p>\n<p><strong>Posso solicitar OEM ou rotulagem privada?<\/strong><br \/>\nSem d\u00favida. N\u00f3s fornecemos <strong>Servi\u00e7os OEM\/ODM, fornecimento a granel e formula\u00e7\u00f5es personalizadas<\/strong>.<\/p>\n<p><strong>Qual \u00e9 o prazo de validade?<\/strong><br \/>\nO prazo de validade \u00e9 <strong>24 meses<\/strong> quando armazenado num local fresco e seco, num recipiente fechado.<\/p>\n<h2>Sobre a Xi'an Best Bio-Tech Co., Ltd.<\/h2>\n<p><strong>Xi'an Best Bio-Tech Co., Ltd.<\/strong> \u00e9 um l\u00edder <strong>Fabricante de extrato de kava e fornecedor de extrato de ervas<\/strong> localizada em Yangling, China. Somos especializados na produ\u00e7\u00e3o de extractos bot\u00e2nicos padronizados de alta qualidade para as ind\u00fastrias globais de sa\u00fade e bem-estar.<\/p>\n<p>Com linhas de produ\u00e7\u00e3o certificadas por GMP e certifica\u00e7\u00f5es que incluem <strong>ISO9001, USFDA, Kosher, Halal e HACCP<\/strong>A nossa empresa presta servi\u00e7os a clientes em mais de <strong>60 pa\u00edses<\/strong>. As nossas principais categorias de produtos incluem <strong>plantas anti-stress, adaptog\u00e9nios, nootr\u00f3picos e ingredientes alimentares funcionais<\/strong>.<\/p>\n<p>Seja nosso parceiro para <strong>mat\u00e9rias-primas a granel, formula\u00e7\u00e3o personalizada, fabrico com marca pr\u00f3pria<\/strong>e um apoio r\u00e1pido e fi\u00e1vel na cria\u00e7\u00e3o da sua pr\u00f3xima linha de produtos calmantes ou orientados para o bem-estar.<\/p>","protected":false},"excerpt":{"rendered":"<table>\n<tbody>\n<tr>\n<th>Ingrediente ativo<\/th>\n<td>Kavalactonas<\/td>\n<\/tr>\n<tr>\n<th>N.\u00ba CAS<\/th>\n<td>9000-38-8<\/td>\n<\/tr>\n<tr>\n<th>Apar\u00eancia<\/th>\n<td>P\u00f3 castanho a amarelo<\/td>\n<\/tr>\n<tr>\n<th>Especifica\u00e7\u00e3o<\/th>\n<td>10%-70% Kavalactonas<\/td>\n<\/tr>\n<\/tbody>\n<\/table>","protected":false},"featured_media":1383,"comment_status":"open","ping_status":"closed","template":"","meta":{"_acf_changed":false},"product_brand":[],"product_cat":[21],"product_tag":[],"class_list":{"0":"post-1382","1":"product","2":"type-product","3":"status-publish","4":"has-post-thumbnail","6":"product_cat-plant-extracts","8":"first","9":"instock","10":"shipping-taxable","11":"product-type-simple"},"acf":[],"_links":{"self":[{"href":"https:\/\/bstextract.com\/pt\/wp-json\/wp\/v2\/product\/1382","targetHints":{"allow":["GET"]}}],"collection":[{"href":"https:\/\/bstextract.com\/pt\/wp-json\/wp\/v2\/product"}],"about":[{"href":"https:\/\/bstextract.com\/pt\/wp-json\/wp\/v2\/types\/product"}],"replies":[{"embeddable":true,"href":"https:\/\/bstextract.com\/pt\/wp-json\/wp\/v2\/comments?post=1382"}],"wp:featuredmedia":[{"embeddable":true,"href":"https:\/\/bstextract.com\/pt\/wp-json\/wp\/v2\/media\/1383"}],"wp:attachment":[{"href":"https:\/\/bstextract.com\/pt\/wp-json\/wp\/v2\/media?parent=1382"}],"wp:term":[{"taxonomy":"product_brand","embeddable":true,"href":"https:\/\/bstextract.com\/pt\/wp-json\/wp\/v2\/product_brand?post=1382"},{"taxonomy":"product_cat","embeddable":true,"href":"https:\/\/bstextract.com\/pt\/wp-json\/wp\/v2\/product_cat?post=1382"},{"taxonomy":"product_tag","embeddable":true,"href":"https:\/\/bstextract.com\/pt\/wp-json\/wp\/v2\/product_tag?post=1382"}],"curies":[{"name":"wp","href":"https:\/\/api.w.org\/{rel}","templated":true}]}}