{"id":1410,"date":"2025-06-11T07:00:22","date_gmt":"2025-06-11T07:00:22","guid":{"rendered":"https:\/\/bstextract.com\/?post_type=product&#038;p=1410"},"modified":"2025-06-11T07:10:23","modified_gmt":"2025-06-11T07:10:23","slug":"super-verduras-biologicas-em-po","status":"publish","type":"product","link":"https:\/\/bstextract.com\/pt\/produto\/super-verduras-biologicas-em-po\/","title":{"rendered":"Super Verdes Org\u00e2nicos em P\u00f3"},"content":{"rendered":"<p><!-- Keyword Section (Outside Article) --><\/p>\n<h2>O que \u00e9 Organic Super Greens Powder?<\/h2>\n<p><strong>Super Verdes Org\u00e2nicos em P\u00f3<\/strong>, tamb\u00e9m conhecido por <strong>Superalimento org\u00e2nico em p\u00f3<\/strong> ou <strong>Supergreens em p\u00f3<\/strong>\u00e9 uma mistura rica em nutrientes de ingredientes verdes naturais concebida para apoiar a energia di\u00e1ria, a desintoxica\u00e7\u00e3o e o bem-estar geral. Este p\u00f3 verde funcional cont\u00e9m uma mistura sin\u00e9rgica de <strong>chlorella, spirulina, couve, erva de trigo, <a href=\"https:\/\/bstextract.com\/pt\/produto\/erva-de-cevada-biologica-em-po\/\">erva de cevada<\/a><\/strong>e outros superalimentos ricos em antioxidantes.<\/p>\n<p><img fetchpriority=\"high\" decoding=\"async\" class=\"alignnone wp-image-1413\" src=\"https:\/\/bstextract.com\/wp-content\/uploads\/2025\/06\/3-5-5.webp\" alt=\"Super Verdes Org\u00e2nicos em P\u00f3\" width=\"500\" height=\"500\" title=\"\" srcset=\"https:\/\/bstextract.com\/wp-content\/uploads\/2025\/06\/3-5-5.webp 800w, https:\/\/bstextract.com\/wp-content\/uploads\/2025\/06\/3-5-5-300x300.webp 300w, https:\/\/bstextract.com\/wp-content\/uploads\/2025\/06\/3-5-5-150x150.webp 150w, https:\/\/bstextract.com\/wp-content\/uploads\/2025\/06\/3-5-5-768x768.webp 768w, https:\/\/bstextract.com\/wp-content\/uploads\/2025\/06\/3-5-5-12x12.webp 12w, https:\/\/bstextract.com\/wp-content\/uploads\/2025\/06\/3-5-5-600x600.webp 600w, https:\/\/bstextract.com\/wp-content\/uploads\/2025\/06\/3-5-5-100x100.webp 100w\" sizes=\"(max-width: 500px) 100vw, 500px\" \/><img decoding=\"async\" class=\"alignnone wp-image-1414\" src=\"https:\/\/bstextract.com\/wp-content\/uploads\/2025\/06\/4-2-3.webp\" alt=\"Super Verdes Org\u00e2nicos em P\u00f3\" width=\"500\" height=\"500\" title=\"\" srcset=\"https:\/\/bstextract.com\/wp-content\/uploads\/2025\/06\/4-2-3.webp 800w, https:\/\/bstextract.com\/wp-content\/uploads\/2025\/06\/4-2-3-300x300.webp 300w, https:\/\/bstextract.com\/wp-content\/uploads\/2025\/06\/4-2-3-150x150.webp 150w, https:\/\/bstextract.com\/wp-content\/uploads\/2025\/06\/4-2-3-768x768.webp 768w, https:\/\/bstextract.com\/wp-content\/uploads\/2025\/06\/4-2-3-12x12.webp 12w, https:\/\/bstextract.com\/wp-content\/uploads\/2025\/06\/4-2-3-600x600.webp 600w, https:\/\/bstextract.com\/wp-content\/uploads\/2025\/06\/4-2-3-100x100.webp 100w\" sizes=\"(max-width: 500px) 100vw, 500px\" \/><\/p>\n<p>Produzido numa embalagem fina e vibrante <strong>p\u00f3 verde<\/strong> com um <strong>Granulometria de 40-60 mesh<\/strong>O nosso Supergreens em p\u00f3 \u00e9 ideal para misturar em smoothies, batidos, c\u00e1psulas ou bebidas funcionais. Quer o seu objetivo seja a sa\u00fade imunit\u00e1ria, o apoio digestivo ou a nutri\u00e7\u00e3o alcalinizante di\u00e1ria, esta mistura oferece uma solu\u00e7\u00e3o poderosa \u00e0 base de plantas.<\/p>\n<h2>Porqu\u00ea escolher o nosso Superalimento Org\u00e2nico em P\u00f3?<\/h2>\n<p>Como certificado <strong>Fabricante de Supergreens em p\u00f3<\/strong>A nossa empresa oferece qualidade superior, rastreabilidade total e op\u00e7\u00f5es de marca pr\u00f3pria ou a granel para satisfazer as diversas necessidades do mercado.<\/p>\n<ul>\n<li>\ud83c\udf3f <strong>F\u00f3rmula \u00e0 base de alimentos integrais<\/strong>-inclui verduras e algas org\u00e2nicas para uma sinergia de nutrientes<\/li>\n<li>\ud83d\udcaa <strong>Rico em clorofila, vitaminas, minerais e antioxidantes<\/strong><\/li>\n<li>\ud83c\udf43 <strong>Apoia a desintoxica\u00e7\u00e3o, o equil\u00edbrio imunit\u00e1rio e a sa\u00fade digestiva<\/strong><\/li>\n<li>\ud83e\uddf4 <strong>Adequado para bebidas em p\u00f3, c\u00e1psulas, comprimidos ou misturas energ\u00e9ticas<\/strong><\/li>\n<\/ul>\n<h2>Aplica\u00e7\u00f5es de Super Greens Org\u00e2nicos em P\u00f3<\/h2>\n<p><strong>Supergreens org\u00e2nicos em p\u00f3<\/strong> \u00e9 utilizado em:<\/p>\n<ul>\n<li>\ud83e\udd64 <strong>Bebidas verdes funcionais, potenciadores de batidos e batidos de desintoxica\u00e7\u00e3o<\/strong><\/li>\n<li>\ud83d\udc8a <strong>C\u00e1psulas de superalimentos e comprimidos verdes<\/strong><\/li>\n<li>\ud83e\uddc3 <strong>Bebidas em p\u00f3 e misturas de bem-estar com r\u00f3tulo limpo<\/strong><\/li>\n<li>\ud83c\udf7d\ufe0f <strong>Substitutos de refei\u00e7\u00e3o e f\u00f3rmulas de fitness \u00e0 base de plantas<\/strong><\/li>\n<\/ul>\n<p>Muitas vezes combinados com probi\u00f3ticos, adaptog\u00e9nios ou prote\u00ednas vegetais para um suporte completo de superalimentos.<\/p>\n<h2>Especifica\u00e7\u00f5es<\/h2>\n<table>\n<tbody>\n<tr>\n<th>Nome do produto<\/th>\n<td>Super Verdes Org\u00e2nicos em P\u00f3<\/td>\n<\/tr>\n<tr>\n<th>Outros nomes<\/th>\n<td>Superalimento org\u00e2nico em p\u00f3, Supergreens em p\u00f3<\/td>\n<\/tr>\n<tr>\n<th>Ingredientes activos<\/th>\n<td>Chlorella, Spirulina, Couve, Erva de trigo, <a href=\"https:\/\/bstextract.com\/pt\/produto\/erva-de-cevada-biologica-em-po\/\">Erva de cevada<\/a>, etc.<\/td>\n<\/tr>\n<tr>\n<th>Apar\u00eancia<\/th>\n<td>P\u00f3 verde<\/td>\n<\/tr>\n<tr>\n<th>Tamanho das part\u00edculas<\/th>\n<td>40 Mesh - 60 Mesh<\/td>\n<\/tr>\n<tr>\n<th>Embalagem<\/th>\n<td>240g\/Jar ou personalizado de acordo com os requisitos do cliente<\/td>\n<\/tr>\n<tr>\n<th>Amostra<\/th>\n<td>Amostras gr\u00e1tis dispon\u00edveis<\/td>\n<\/tr>\n<\/tbody>\n<\/table>\n<h2>Perguntas mais frequentes<\/h2>\n<p><strong>Quais s\u00e3o os principais benef\u00edcios de Organic Super Greens Powder?<\/strong><br \/>\nOferece diariamente <strong>desintoxica\u00e7\u00e3o, apoio imunit\u00e1rio, prote\u00e7\u00e3o antioxidante e melhoria da digest\u00e3o<\/strong> gra\u00e7as ao seu perfil nutricional verde concentrado.<\/p>\n<p><strong>Posso personalizar a f\u00f3rmula?<\/strong><br \/>\nSim. Oferecemos **desenvolvimento de misturas personalizadas, embalagens de marca pr\u00f3pria e fornecimento flex\u00edvel de ingredientes** aos clientes.<\/p>\n<p><strong>Qual \u00e9 o sabor do p\u00f3?<\/strong><br \/>\nTem um **sabor suave a terra e verde**, normalmente real\u00e7ado com hortel\u00e3, lim\u00e3o ou misturas de frutas em batidos ou bebidas.<\/p>\n<p><strong>Apoiam o OEM e a rotulagem privada?<\/strong><br \/>\nSim. Fornecemos **p\u00f3 bruto a granel, frascos prontos para venda a retalho e servi\u00e7os de marca branca** para clientes globais.<\/p>\n<p><strong>Qual \u00e9 o prazo de validade?<\/strong><br \/>\nO produto \u00e9 est\u00e1vel durante **24 meses** quando armazenado num **local selado, fresco e seco**, longe da luz solar direta.<\/p>\n<h2>Sobre a Xi'an Best Bio-Tech Co., Ltd.<\/h2>\n<p><strong>Xi'an Best Bio-Tech Co., Ltd.<\/strong> \u00e9 uma empresa de confian\u00e7a <strong>Fabricante de Supergreens Org\u00e2nicos em P\u00f3 e fornecedor de ingredientes para superalimentos<\/strong> com sede em Yangling, China. Somos especializados em p\u00f3s nutricionais e de ervas de primeira qualidade com certifica\u00e7\u00f5es globais, incluindo <strong>ISO9001, USFDA, Halal, Kosher e HACCP<\/strong>.<\/p>\n<p>Com equipamento de fabrico avan\u00e7ado e um controlo de qualidade rigoroso, fornecemos mais de <strong>200 ingredientes bot\u00e2nicos e funcionais<\/strong> a clientes em mais de 60 pa\u00edses. Quer esteja a construir uma linha de suplementos verdes ou precise de misturas de superalimentos personalizadas, oferecemos <strong>amostras gratuitas, fornecimento a granel, apoio OEM e entrega r\u00e1pida em todo o mundo<\/strong>.<\/p>","protected":false},"excerpt":{"rendered":"<table>\n<tbody>\n<tr>\n<th>Nome do produto<\/th>\n<td>Super Verdes Org\u00e2nicos em P\u00f3<\/td>\n<\/tr>\n<tr>\n<th>Outros nomes<\/th>\n<td>Superalimento org\u00e2nico em p\u00f3, Supergreens em p\u00f3<\/td>\n<\/tr>\n<tr>\n<th>Ingredientes activos<\/th>\n<td>Chlorella, Spirulina, Couve, Erva de trigo, <a href=\"https:\/\/bstextract.com\/pt\/produto\/erva-de-cevada-biologica-em-po\/\">Erva de cevada<\/a>, etc.<\/td>\n<\/tr>\n<tr>\n<th>Apar\u00eancia<\/th>\n<td>P\u00f3 verde<\/td>\n<\/tr>\n<tr>\n<th>Tamanho das part\u00edculas<\/th>\n<td>40 Mesh - 60 Mesh<\/td>\n<\/tr>\n<tr>\n<th>Embalagem<\/th>\n<td>240g\/Jar ou personalizado de acordo com os requisitos do cliente<\/td>\n<\/tr>\n<tr>\n<th>Amostra<\/th>\n<td>Amostras gr\u00e1tis dispon\u00edveis<\/td>\n<\/tr>\n<\/tbody>\n<\/table>","protected":false},"featured_media":1411,"comment_status":"open","ping_status":"closed","template":"","meta":{"_acf_changed":false},"product_brand":[],"product_cat":[44],"product_tag":[],"class_list":{"0":"post-1410","1":"product","2":"type-product","3":"status-publish","4":"has-post-thumbnail","6":"product_cat-oem-odm","8":"first","9":"instock","10":"shipping-taxable","11":"product-type-simple"},"acf":[],"_links":{"self":[{"href":"https:\/\/bstextract.com\/pt\/wp-json\/wp\/v2\/product\/1410","targetHints":{"allow":["GET"]}}],"collection":[{"href":"https:\/\/bstextract.com\/pt\/wp-json\/wp\/v2\/product"}],"about":[{"href":"https:\/\/bstextract.com\/pt\/wp-json\/wp\/v2\/types\/product"}],"replies":[{"embeddable":true,"href":"https:\/\/bstextract.com\/pt\/wp-json\/wp\/v2\/comments?post=1410"}],"wp:featuredmedia":[{"embeddable":true,"href":"https:\/\/bstextract.com\/pt\/wp-json\/wp\/v2\/media\/1411"}],"wp:attachment":[{"href":"https:\/\/bstextract.com\/pt\/wp-json\/wp\/v2\/media?parent=1410"}],"wp:term":[{"taxonomy":"product_brand","embeddable":true,"href":"https:\/\/bstextract.com\/pt\/wp-json\/wp\/v2\/product_brand?post=1410"},{"taxonomy":"product_cat","embeddable":true,"href":"https:\/\/bstextract.com\/pt\/wp-json\/wp\/v2\/product_cat?post=1410"},{"taxonomy":"product_tag","embeddable":true,"href":"https:\/\/bstextract.com\/pt\/wp-json\/wp\/v2\/product_tag?post=1410"}],"curies":[{"name":"wp","href":"https:\/\/api.w.org\/{rel}","templated":true}]}}