{"id":1433,"date":"2025-06-12T08:00:41","date_gmt":"2025-06-12T08:00:41","guid":{"rendered":"https:\/\/bstextract.com\/?post_type=product&#038;p=1433"},"modified":"2025-07-30T02:52:33","modified_gmt":"2025-07-30T02:52:33","slug":"extrato-de-fruta-de-monge","status":"publish","type":"product","link":"https:\/\/bstextract.com\/pt\/produto\/extrato-de-fruta-de-monge\/","title":{"rendered":"Extrato de Frutos de Monge"},"content":{"rendered":"<p><!-- Keyword Section (Outside Article) --><\/p>\n<p>Como um dos principais <b>fabricante<\/b> de edulcorantes naturais, <b>BSTBIO<\/b> fornece Extrato de Fruto de Monge de elevada pureza, um revolucion\u00e1rio ado\u00e7ante sem calorias derivado do <i>Siraitia grosvenorii<\/i> fruta. O nosso extrato \u00e9 a solu\u00e7\u00e3o perfeita para estrat\u00e9gias de redu\u00e7\u00e3o de a\u00e7\u00facar, proporcionando um sabor limpo e doce sem as calorias ou o sabor residual associados a outros edulcorantes.<\/p>\n<p><img fetchpriority=\"high\" decoding=\"async\" class=\"aligncenter size-full wp-image-1441\" src=\"https:\/\/bstextract.com\/wp-content\/uploads\/2025\/06\/GettyImages-1130519486-dc99352c8cfe4af8822e08340750a0f5.webp\" alt=\"\" width=\"750\" height=\"500\" title=\"\" srcset=\"https:\/\/bstextract.com\/wp-content\/uploads\/2025\/06\/GettyImages-1130519486-dc99352c8cfe4af8822e08340750a0f5.webp 750w, https:\/\/bstextract.com\/wp-content\/uploads\/2025\/06\/GettyImages-1130519486-dc99352c8cfe4af8822e08340750a0f5-300x200.webp 300w, https:\/\/bstextract.com\/wp-content\/uploads\/2025\/06\/GettyImages-1130519486-dc99352c8cfe4af8822e08340750a0f5-18x12.webp 18w, https:\/\/bstextract.com\/wp-content\/uploads\/2025\/06\/GettyImages-1130519486-dc99352c8cfe4af8822e08340750a0f5-600x400.webp 600w\" sizes=\"(max-width: 750px) 100vw, 750px\" \/><\/p>\n<p>Oferecemos uma gama vers\u00e1til de especifica\u00e7\u00f5es para satisfazer as necessidades exactas da sua formula\u00e7\u00e3o:<\/p>\n<ul>\n<li><b>Extractos normalizados (Mogros\u00eddeo V 25% - 50%):<\/b> As nossas op\u00e7\u00f5es mais populares, normalizadas para uma percentagem espec\u00edfica do composto ativo Mogroside V. Isto proporciona uma do\u00e7ura consistente e fi\u00e1vel para aplica\u00e7\u00f5es que requerem uma formula\u00e7\u00e3o precisa, desde bebidas a edulcorantes de mesa. Percentagens mais elevadas oferecem maior intensidade de do\u00e7ura.<\/li>\n<li><b>Extractos de propor\u00e7\u00e3o (10:1, 20:1):<\/b> Ideal para aplica\u00e7\u00f5es em que se pretende um perfil de sabor a fruta natural e completo, a par da do\u00e7ura. Estes extractos s\u00e3o perfeitos para suplementos nutricionais e alimentos funcionais.<\/li>\n<\/ul>\n<p><b>Porqu\u00ea escolher o Extrato de Frutos de Monge da BSTBIO?<\/b><\/p>\n<ul>\n<li><b>Zero Calorias e Zero \u00cdndice Glic\u00e9mico:<\/b> Uma excelente escolha para produtos para diab\u00e9ticos, cet\u00f3nicos e de controlo de peso.<\/li>\n<li><b>Sabor limpo, semelhante ao do a\u00e7\u00facar:<\/b> Celebrado pela sua do\u00e7ura agrad\u00e1vel sem as notas amargas ou de alca\u00e7uz encontradas em alguns outros edulcorantes de alta intensidade.<\/li>\n<li><b>Est\u00e1vel ao calor:<\/b> Mant\u00e9m a sua do\u00e7ura durante o processamento a alta temperatura, tornando-o perfeito para a panifica\u00e7\u00e3o, pasteuriza\u00e7\u00e3o e cozedura.<\/li>\n<li><b>Aplica\u00e7\u00f5es alargadas:<\/b>\n<ul>\n<li>Bebidas (ch\u00e1s, sumos e \u00e1guas melhoradas)<\/li>\n<li>Suplementos nutricionais e desportivos (prote\u00ednas em p\u00f3, pr\u00e9-treinos)<\/li>\n<li>Lactic\u00ednios e sobremesas (iogurte, gelado)<\/li>\n<li>Panifica\u00e7\u00e3o e confeitaria<\/li>\n<\/ul>\n<\/li>\n<\/ul>\n<p>Parceria com <b>BSTBIO<\/b>, a sua confian\u00e7a <b>fornecedor<\/b>A empresa dedica-se \u00e0 produ\u00e7\u00e3o de extrato de fruto de monge de alta qualidade, de forma consistente e fi\u00e1vel.<\/p>","protected":false},"excerpt":{"rendered":"<ul>\n<li><b>Ado\u00e7ante natural sem calorias:<\/b> O substituto perfeito do a\u00e7\u00facar do fruto Luo Han Guo.<\/li>\n<li><b>Pontos fortes m\u00faltiplos:<\/b> Dispon\u00edvel em Mogroside V normalizado (25%-50%) e extractos de r\u00e1cio.<\/li>\n<li><b>Sabor limpo e doce:<\/b> Sem sabor amargo, proporcionando um perfil de sabor semelhante ao do a\u00e7\u00facar.<\/li>\n<li><b>Est\u00e1vel ao calor e vers\u00e1til:<\/b> Ideal para bebidas, pastelaria, suplementos e alimentos amigos do ceto.<\/li>\n<li><b>Qualidade por BSTBIO:<\/b> O seu especialista <b>fabricante<\/b> para solu\u00e7\u00f5es de ado\u00e7antes naturais.<\/li>\n<\/ul>","protected":false},"featured_media":1434,"comment_status":"open","ping_status":"closed","template":"","meta":{"_acf_changed":false},"product_brand":[],"product_cat":[21,49],"product_tag":[],"class_list":{"0":"post-1433","1":"product","2":"type-product","3":"status-publish","4":"has-post-thumbnail","6":"product_cat-plant-extracts","7":"product_cat-hot-product","9":"first","10":"instock","11":"shipping-taxable","12":"product-type-simple"},"acf":[],"_links":{"self":[{"href":"https:\/\/bstextract.com\/pt\/wp-json\/wp\/v2\/product\/1433","targetHints":{"allow":["GET"]}}],"collection":[{"href":"https:\/\/bstextract.com\/pt\/wp-json\/wp\/v2\/product"}],"about":[{"href":"https:\/\/bstextract.com\/pt\/wp-json\/wp\/v2\/types\/product"}],"replies":[{"embeddable":true,"href":"https:\/\/bstextract.com\/pt\/wp-json\/wp\/v2\/comments?post=1433"}],"wp:featuredmedia":[{"embeddable":true,"href":"https:\/\/bstextract.com\/pt\/wp-json\/wp\/v2\/media\/1434"}],"wp:attachment":[{"href":"https:\/\/bstextract.com\/pt\/wp-json\/wp\/v2\/media?parent=1433"}],"wp:term":[{"taxonomy":"product_brand","embeddable":true,"href":"https:\/\/bstextract.com\/pt\/wp-json\/wp\/v2\/product_brand?post=1433"},{"taxonomy":"product_cat","embeddable":true,"href":"https:\/\/bstextract.com\/pt\/wp-json\/wp\/v2\/product_cat?post=1433"},{"taxonomy":"product_tag","embeddable":true,"href":"https:\/\/bstextract.com\/pt\/wp-json\/wp\/v2\/product_tag?post=1433"}],"curies":[{"name":"wp","href":"https:\/\/api.w.org\/{rel}","templated":true}]}}