{"id":1474,"date":"2025-06-23T01:19:10","date_gmt":"2025-06-23T01:19:10","guid":{"rendered":"https:\/\/bstextract.com\/?post_type=product&#038;p=1474"},"modified":"2025-06-23T01:20:24","modified_gmt":"2025-06-23T01:20:24","slug":"extrato-de-ginseng","status":"publish","type":"product","link":"https:\/\/bstextract.com\/pt\/produto\/extrato-de-ginseng\/","title":{"rendered":"5%-80% Extrato de Ginseng"},"content":{"rendered":"<p><!-- Keyword Section (Outside Article) --><\/p>\n<h2>O que \u00e9 o extrato de Ginseng?<\/h2>\n<p><strong>Extrato de Ginseng<\/strong> \u00e9 um p\u00f3 bot\u00e2nico derivado das ra\u00edzes de <em>Panax ginseng C.A. Meyer<\/em>uma erva adaptog\u00e9nica bem conhecida na Medicina Tradicional Chinesa (MTC). O extrato \u00e9 normalizado para conter subst\u00e2ncias activas <strong>ginsen\u00f3sidos<\/strong>que s\u00e3o considerados os principais componentes farmacologicamente activos. Dependendo do processo de extra\u00e7\u00e3o, o Extrato de Ginseng apresenta-se normalmente como um <strong>p\u00f3 amarelo claro<\/strong> e est\u00e1 dispon\u00edvel em v\u00e1rias concentra\u00e7\u00f5es a partir de <strong>5% a 80% ginsen\u00f3sidos<\/strong>.<\/p>\n<p><img fetchpriority=\"high\" decoding=\"async\" class=\"aligncenter wp-image-1476 size-full\" src=\"https:\/\/bstextract.com\/wp-content\/uploads\/2025\/06\/b2343f72-5025-4a9e-a8a6-59859e10cacb.webp\" alt=\" Ginseng\" width=\"1024\" height=\"575\" title=\"\" srcset=\"https:\/\/bstextract.com\/wp-content\/uploads\/2025\/06\/b2343f72-5025-4a9e-a8a6-59859e10cacb.webp 1024w, https:\/\/bstextract.com\/wp-content\/uploads\/2025\/06\/b2343f72-5025-4a9e-a8a6-59859e10cacb-300x168.webp 300w, https:\/\/bstextract.com\/wp-content\/uploads\/2025\/06\/b2343f72-5025-4a9e-a8a6-59859e10cacb-768x431.webp 768w, https:\/\/bstextract.com\/wp-content\/uploads\/2025\/06\/b2343f72-5025-4a9e-a8a6-59859e10cacb-18x10.webp 18w, https:\/\/bstextract.com\/wp-content\/uploads\/2025\/06\/b2343f72-5025-4a9e-a8a6-59859e10cacb-600x337.webp 600w\" sizes=\"(max-width: 1024px) 100vw, 1024px\" \/><\/p>\n<p>Reconhecido pela sua capacidade de apoiar o metabolismo energ\u00e9tico, a fun\u00e7\u00e3o imunit\u00e1ria e a adapta\u00e7\u00e3o ao stress, o Extrato de Ginseng \u00e9 amplamente utilizado em suplementos diet\u00e9ticos e produtos de bem-estar. Como um experiente <strong>Fornecedor e fabricante de Extrato de Ginseng<\/strong>A nossa empresa oferece uma qualidade consistente e op\u00e7\u00f5es flex\u00edveis de grau para satisfazer as diversas necessidades de formula\u00e7\u00e3o.<\/p>\n<h2>Carater\u00edsticas funcionais e carater\u00edsticas t\u00e9cnicas<\/h2>\n<ul>\n<li><strong>Apoio adaptog\u00e9nico:<\/strong> Aumenta a resist\u00eancia ao stress f\u00edsico e mental<\/li>\n<li><strong>Energia e Vitalidade:<\/strong> Promove a resist\u00eancia e reduz a fadiga<\/li>\n<li><strong>Fun\u00e7\u00e3o imunit\u00e1ria:<\/strong> Modula as respostas imunit\u00e1rias e apoia o bem-estar geral<\/li>\n<li><strong>Vasta gama de graus:<\/strong> Normalizado a partir de 5% at\u00e9 80% de ginsen\u00f3sidos totais<\/li>\n<li><strong>Perfil Bot\u00e2nico Limpo:<\/strong> Extra\u00eddo de ra\u00edzes de Panax ginseng de alta qualidade sem aditivos sint\u00e9ticos<\/li>\n<\/ul>\n<h2>Especifica\u00e7\u00f5es t\u00edpicas do produto<\/h2>\n<table border=\"1\" cellspacing=\"0\" cellpadding=\"6\">\n<tbody>\n<tr>\n<th>Nome do produto<\/th>\n<td>Extrato de Ginseng<\/td>\n<\/tr>\n<tr>\n<th>Ingrediente ativo<\/th>\n<td>Ginsen\u00f3sidos<\/td>\n<\/tr>\n<tr>\n<th>Apar\u00eancia<\/th>\n<td>P\u00f3 amarelo claro<\/td>\n<\/tr>\n<tr>\n<th>Especifica\u00e7\u00e3o<\/th>\n<td>5%, 20%, 50%, 60%, 80% Ginsen\u00f3sidos<\/td>\n<\/tr>\n<tr>\n<th>Solubilidade<\/th>\n<td>Sol\u00favel em \u00e1gua (varia consoante o grau)<\/td>\n<\/tr>\n<tr>\n<th>M\u00e9todo de ensaio<\/th>\n<td>HPLC<\/td>\n<\/tr>\n<tr>\n<th>Prazo de validade<\/th>\n<td>24 meses quando corretamente armazenado<\/td>\n<\/tr>\n<tr>\n<th>Armazenamento<\/th>\n<td>Conservar em recipientes fechados, em local fresco e seco, ao abrigo da luz solar<\/td>\n<\/tr>\n<tr>\n<th>Certificados<\/th>\n<td>ISO22000, HACCP, KOSHER, HALAL, Org\u00e2nico Dispon\u00edvel<\/td>\n<\/tr>\n<\/tbody>\n<\/table>\n<h2>Campos de aplica\u00e7\u00e3o<\/h2>\n<ul>\n<li><strong>Suplementos alimentares:<\/strong> C\u00e1psulas, comprimidos e misturas em p\u00f3 para energia e vitalidade<\/li>\n<li><strong>Bebidas funcionais:<\/strong> Bebidas \u00e0 base de plantas e shots energ\u00e9ticos com benef\u00edcios adaptog\u00e9nicos \u00e0 base de ginseng<\/li>\n<li><strong>F\u00f3rmulas tradicionais de ervas:<\/strong> Utilizado em f\u00f3rmulas inspiradas na MTC para o equil\u00edbrio e a longevidade<\/li>\n<li><strong>Nutri\u00e7\u00e3o desportiva:<\/strong> Incorporado em produtos pr\u00e9-treino ou de resist\u00eancia para combater a fadiga<\/li>\n<\/ul>\n<h2>Perguntas mais frequentes<\/h2>\n<p><strong>O que s\u00e3o os ginsen\u00f3sidos?<\/strong><br \/>\nOs ginsen\u00f3sidos s\u00e3o os principais compostos activos do Panax ginseng, contribuindo para os seus efeitos adaptog\u00e9nicos e imunomoduladores.<\/p>\n<p><strong>Que m\u00e9todos de extra\u00e7\u00e3o utiliza?<\/strong><br \/>\nUtilizamos uma extra\u00e7\u00e3o avan\u00e7ada de \u00e1gua-etanol sob processos GMP para garantir a pureza e a consist\u00eancia do conte\u00fado de ginsen\u00f3sidos.<\/p>\n<p><strong>O seu extrato de ginseng \u00e9 obtido a partir de ra\u00edzes genu\u00ednas de Panax ginseng?<\/strong><br \/>\nSim. As nossas mat\u00e9rias-primas s\u00e3o provenientes de ra\u00edzes de Panax ginseng cuidadosamente selecionadas para garantir a autenticidade e a rastreabilidade.<\/p>\n<p><strong>Quais s\u00e3o as diferen\u00e7as entre os graus 5%, 20%, 50% e 80%?<\/strong><br \/>\nOs graus de concentra\u00e7\u00e3o mais elevados fornecem maiores quantidades de ginsen\u00f3sidos, adequados para formula\u00e7\u00f5es concentradas ou efeitos espec\u00edficos.<\/p>\n<p><strong>Fornecem documenta\u00e7\u00e3o e op\u00e7\u00f5es de fornecimento a granel?<\/strong><br \/>\nSim. Como uma empresa fi\u00e1vel <strong>Fornecedor de Extrato de Ginseng<\/strong>Oferecemos embalagens flex\u00edveis e documenta\u00e7\u00e3o t\u00e9cnica completa (COA, MSDS, TDS, relat\u00f3rios de testes de terceiros).<\/p>","protected":false},"excerpt":{"rendered":"<table>\n<tbody>\n<tr>\n<th>Nome do produto<\/th>\n<td>Extrato de Ginseng<\/td>\n<\/tr>\n<tr>\n<th>Ingrediente ativo<\/th>\n<td>Ginsen\u00f3sidos<\/td>\n<\/tr>\n<tr>\n<th>Apar\u00eancia<\/th>\n<td>P\u00f3 amarelo claro<\/td>\n<\/tr>\n<tr>\n<th>Especifica\u00e7\u00e3o<\/th>\n<td>5%, 20%, 50%, 60%, 80% Ginsen\u00f3sidos<\/td>\n<\/tr>\n<tr>\n<th>Solubilidade<\/th>\n<td>Sol\u00favel em \u00e1gua (varia consoante o grau)<\/td>\n<\/tr>\n<\/tbody>\n<\/table>","protected":false},"featured_media":1478,"comment_status":"open","ping_status":"closed","template":"","meta":{"_acf_changed":false},"product_brand":[],"product_cat":[21],"product_tag":[],"class_list":{"0":"post-1474","1":"product","2":"type-product","3":"status-publish","4":"has-post-thumbnail","6":"product_cat-plant-extracts","8":"first","9":"instock","10":"shipping-taxable","11":"product-type-simple"},"acf":[],"_links":{"self":[{"href":"https:\/\/bstextract.com\/pt\/wp-json\/wp\/v2\/product\/1474","targetHints":{"allow":["GET"]}}],"collection":[{"href":"https:\/\/bstextract.com\/pt\/wp-json\/wp\/v2\/product"}],"about":[{"href":"https:\/\/bstextract.com\/pt\/wp-json\/wp\/v2\/types\/product"}],"replies":[{"embeddable":true,"href":"https:\/\/bstextract.com\/pt\/wp-json\/wp\/v2\/comments?post=1474"}],"wp:featuredmedia":[{"embeddable":true,"href":"https:\/\/bstextract.com\/pt\/wp-json\/wp\/v2\/media\/1478"}],"wp:attachment":[{"href":"https:\/\/bstextract.com\/pt\/wp-json\/wp\/v2\/media?parent=1474"}],"wp:term":[{"taxonomy":"product_brand","embeddable":true,"href":"https:\/\/bstextract.com\/pt\/wp-json\/wp\/v2\/product_brand?post=1474"},{"taxonomy":"product_cat","embeddable":true,"href":"https:\/\/bstextract.com\/pt\/wp-json\/wp\/v2\/product_cat?post=1474"},{"taxonomy":"product_tag","embeddable":true,"href":"https:\/\/bstextract.com\/pt\/wp-json\/wp\/v2\/product_tag?post=1474"}],"curies":[{"name":"wp","href":"https:\/\/api.w.org\/{rel}","templated":true}]}}