{"id":1646,"date":"2025-06-26T08:18:48","date_gmt":"2025-06-26T08:18:48","guid":{"rendered":"https:\/\/bstextract.com\/?post_type=product&#038;p=1646"},"modified":"2025-06-26T08:23:02","modified_gmt":"2025-06-26T08:23:02","slug":"quercetina-em-po","status":"publish","type":"product","link":"https:\/\/bstextract.com\/pt\/produto\/quercetina-em-po\/","title":{"rendered":"98% Quercetina em p\u00f3"},"content":{"rendered":"<p><strong>Quercetina<\/strong> \u00e9 um metabolito secund\u00e1rio comum das plantas, quimicamente designado por <strong>3,3\u2032,4\u2032,5,7-penta-hidroxiflavona<\/strong>. Aparece normalmente como um <strong>p\u00f3 cristalino amarelo<\/strong> isto \u00e9 <strong>praticamente insol\u00favel em \u00e1gua \u00e0 temperatura ambiente<\/strong>, mas <strong>sol\u00favel em solventes org\u00e2nicos<\/strong> como o etanol e o dimetilsulf\u00f3xido (DMSO). A quercetina apresenta <strong>forte atividade antioxidante<\/strong>capaz de estabilizar os radicais livres e de proteger as c\u00e9lulas dos danos oxidativos.<\/p>\n<p>A quercetina pode ser obtida atrav\u00e9s de <strong>extra\u00e7\u00e3o a partir de fontes vegetais<\/strong> ou atrav\u00e9s de <strong>m\u00e9todos sint\u00e9ticos<\/strong>. O m\u00e9todo mais comum envolve a extra\u00e7\u00e3o de plantas utilizando <strong>etanol quente<\/strong>, <strong>extra\u00e7\u00e3o por solventes<\/strong>, ou <strong>parti\u00e7\u00e3o l\u00edquido-l\u00edquido<\/strong> t\u00e9cnicas. Entre as fontes vegetais, a <strong>casca da \u00e1rvore do guarda-sol chin\u00eas (<em>Firmiana simplex<\/em>)<\/strong> \u00e9 frequentemente utilizada, embora a quercetina tamb\u00e9m possa ser extra\u00edda de <strong>muitas frutas, legumes e ervas medicinais<\/strong>incluindo cebolas, ma\u00e7\u00e3s, folhas de ch\u00e1 e Ginkgo biloba.<\/p>\n<p><img fetchpriority=\"high\" decoding=\"async\" class=\"aligncenter size-full wp-image-1650\" src=\"https:\/\/bstextract.com\/wp-content\/uploads\/2025\/06\/3322985b-0764-436d-87c5-f8f3b8a7b9c6.webp\" alt=\"\" width=\"700\" height=\"500\" title=\"\" srcset=\"https:\/\/bstextract.com\/wp-content\/uploads\/2025\/06\/3322985b-0764-436d-87c5-f8f3b8a7b9c6.webp 700w, https:\/\/bstextract.com\/wp-content\/uploads\/2025\/06\/3322985b-0764-436d-87c5-f8f3b8a7b9c6-300x214.webp 300w, https:\/\/bstextract.com\/wp-content\/uploads\/2025\/06\/3322985b-0764-436d-87c5-f8f3b8a7b9c6-18x12.webp 18w, https:\/\/bstextract.com\/wp-content\/uploads\/2025\/06\/3322985b-0764-436d-87c5-f8f3b8a7b9c6-600x429.webp 600w\" sizes=\"(max-width: 700px) 100vw, 700px\" \/><\/p>\n<p>Para al\u00e9m da extra\u00e7\u00e3o, a quercetina pode tamb\u00e9m ser <strong>sintetizados quimicamente<\/strong> ou <strong>biossintetizado<\/strong> utilizando sistemas microbianos artificiais - abordagens que s\u00e3o cada vez mais estudadas para a produ\u00e7\u00e3o em escala.<\/p>\n<p>A quercetina \u00e9 geralmente considerada um <strong>composto seguro<\/strong> com baixa toxicidade. No entanto, <strong>ingest\u00e3o excessiva<\/strong> pode provocar efeitos secund\u00e1rios, tais como <strong>desconforto gastrointestinal<\/strong>, <strong>n\u00e1useas<\/strong>e <strong>v\u00f3mitos<\/strong>. <strong>Mulheres gr\u00e1vidas e a amamentar<\/strong> s\u00e3o aconselhados a utilizar a quercetina com precau\u00e7\u00e3o e, idealmente, sob supervis\u00e3o m\u00e9dica.<\/p>\n<p>Devido \u00e0 sua <strong>propriedades anti-inflamat\u00f3rias, antivirais, anticancer\u00edgenas e de prote\u00e7\u00e3o cardiovascular<\/strong>A quercetina \u00e9 amplamente estudada em farmacologia e ci\u00eancias da nutri\u00e7\u00e3o, sendo cada vez mais incorporada em <strong>suplementos alimentares, cosm\u00e9ticos e alimentos funcionais<\/strong>.<\/p>\n<ul>\n<li><strong>Nome do produto<\/strong>: Quercetina<\/li>\n<li><strong>Fonte<\/strong>: Extrato de Sophora Japonica<\/li>\n<li><strong>N\u00famero CAS<\/strong>: 117-39-5<\/li>\n<li><strong>Apar\u00eancia<\/strong>: P\u00f3 verde amarelo<\/li>\n<li><strong>Pureza<\/strong>: 95%, 98%<\/li>\n<li><strong>Sin\u00f3nimos<\/strong>: Sophoretin, Quercetol, Flavonol natural, Extrato de bioflavon\u00f3ides<\/li>\n<li><strong>COA: <a href=\"https:\/\/bstextract.com\/wp-content\/uploads\/2025\/06\/Quercetin-Powder-COA.pdf\">Quercetina em p\u00f3 COA<\/a><\/strong><\/li>\n<\/ul>\n<p>Altamente bioactiva e de origem vegetal, a quercetina \u00e9 conhecida por <strong>elimina\u00e7\u00e3o de radicais livres<\/strong>, <strong>regula\u00e7\u00e3o da histamina<\/strong>e <strong>apoio \u00e0 resposta imunit\u00e1ria<\/strong>o que o torna uma escolha de topo para formula\u00e7\u00f5es de sa\u00fade preventivas e terap\u00eauticas.<\/p>\n<h2>Especifica\u00e7\u00f5es t\u00e9cnicas<\/h2>\n<div>\n<div tabindex=\"-1\">\n<table>\n<thead>\n<tr>\n<th><strong>Par\u00e2metro<\/strong><\/th>\n<th><strong>Especifica\u00e7\u00e3o<\/strong><\/th>\n<\/tr>\n<\/thead>\n<tbody>\n<tr>\n<td>Nome do produto<\/td>\n<td>Quercetina<\/td>\n<\/tr>\n<tr>\n<td>Fonte<\/td>\n<td>Extrato de Sophora Japonica<\/td>\n<\/tr>\n<tr>\n<td>N\u00famero CAS<\/td>\n<td>117-39-5<\/td>\n<\/tr>\n<tr>\n<td>Apar\u00eancia<\/td>\n<td>P\u00f3 verde amarelo<\/td>\n<\/tr>\n<tr>\n<td>Especifica\u00e7\u00e3o do produto<\/td>\n<td>95%, 98% Quercetina<\/td>\n<\/tr>\n<tr>\n<td>Embalagem<\/td>\n<td>1 kg\/saco\/caixa ou 25 kg\/tambor\/caixa, personaliz\u00e1vel<\/td>\n<\/tr>\n<tr>\n<td>Amostra<\/td>\n<td>Amostras gr\u00e1tis dispon\u00edveis<\/td>\n<\/tr>\n<tr>\n<td>Prazo de validade<\/td>\n<td>24 meses (corretamente armazenado)<\/td>\n<\/tr>\n<tr>\n<td>Armazenamento<\/td>\n<td>Armazenar em recipientes resistentes \u00e0 luz e bem fechados. Evitar a humidade, a luz solar e o calor<\/td>\n<\/tr>\n<tr>\n<td>Certifica\u00e7\u00f5es<\/td>\n<td>KOSHER, HALAL, HACCP, ISO22000, USDA Organic, EU Organic<\/td>\n<\/tr>\n<\/tbody>\n<\/table>\n<div>\n<div><\/div>\n<\/div>\n<\/div>\n<\/div>\n<h2>Carater\u00edsticas principais<\/h2>\n<ul>\n<li>Derivados de plantas <strong>flavonoide quercetina<\/strong><\/li>\n<li><strong>95%-98% pureza<\/strong> garantida por ensaios de HPLC<\/li>\n<li>Natural <strong>antioxidante<\/strong>, <strong>anti-inflamat\u00f3rio<\/strong>e <strong>antiviral<\/strong> apoio<\/li>\n<li>Ideal para utiliza\u00e7\u00e3o em <strong>c\u00e1psulas, comprimidos, bebidas e cuidados com a pele<\/strong><\/li>\n<li>R\u00f3tulo limpo, n\u00e3o OGM, sem gl\u00faten e vegan<\/li>\n<li>Dispon\u00edvel a granel com qualidade constante<\/li>\n<\/ul>\n<h2>Qualidade e conformidade<\/h2>\n<p>Fabricado sob <strong>Em conformidade com as BPF<\/strong> condi\u00e7\u00f5es com uma garantia de qualidade rigorosa:<\/p>\n<ul>\n<li>Internamente e <strong>ensaios por terceiros<\/strong><\/li>\n<li>Controlo anal\u00edtico por meio de <strong>HPLC<\/strong>, <strong>UV<\/strong>e <strong>rastreio microbiol\u00f3gico<\/strong><\/li>\n<li>Fornecimento de mat\u00e9rias-primas totalmente rastre\u00e1vel a partir de <strong>Sophora japonica<\/strong><\/li>\n<li>Cumpre as normas internacionais:\n<ul>\n<li><strong>USP<\/strong>, <strong>PE<\/strong>, <strong>PC<\/strong><\/li>\n<li><strong>KOSHER<\/strong>, <strong>HALAL<\/strong>, <strong>Org\u00e2nico USDA<\/strong>, <strong>Org\u00e2nico da UE<\/strong>, <strong>ISO22000<\/strong>, <strong>HACCP<\/strong><\/li>\n<\/ul>\n<\/li>\n<li><strong>COA, MSDS e TDS<\/strong> fornecido com cada lote<\/li>\n<\/ul>\n<h2>Aplica\u00e7\u00f5es<\/h2>\n<h3>Utiliza\u00e7\u00f5es prim\u00e1rias<\/h3>\n<ul>\n<li><strong>Suplementos alimentares<\/strong> (c\u00e1psulas, c\u00e1psulas moles, p\u00f3s)<\/li>\n<li><strong>F\u00f3rmulas para a sa\u00fade imunit\u00e1ria e para as alergias<\/strong><\/li>\n<li><strong>Alimentos e bebidas funcionais<\/strong><\/li>\n<li><strong>Aditivo Antioxidante para Cosm\u00e9ticos<\/strong><\/li>\n<li><strong>Nutri\u00e7\u00e3o desportiva e misturas de recupera\u00e7\u00e3o<\/strong><\/li>\n<\/ul>\n<h3>Ideias espec\u00edficas de formula\u00e7\u00e3o<\/h3>\n<ul>\n<li>C\u00e1psulas de defesa imunit\u00e1ria (com Zinco e Vitamina C)<\/li>\n<li>Ch\u00e1 em p\u00f3 e bebidas antioxidantes<\/li>\n<li>Cremes para iluminar a pele ou s\u00e9runs anti-envelhecimento<\/li>\n<li>F\u00f3rmulas orais anti-al\u00e9rgicas e anti-histam\u00ednicas<\/li>\n<\/ul>\n<h3>Dosagem recomendada<\/h3>\n<ul>\n<li><strong>Oral<\/strong>250-1000 mg\/dia (consoante a f\u00f3rmula)<\/li>\n<li><strong>T\u00f3picos<\/strong>: 0,1%-1% em prepara\u00e7\u00f5es para cuidados da pele<\/li>\n<\/ul>\n<h3>Compatibilidade de ingredientes<\/h3>\n<ul>\n<li>Vitamina C<\/li>\n<li>Zinco<\/li>\n<li>Bromela\u00edna<\/li>\n<li><a href=\"https:\/\/bstextract.com\/pt\/produto\/resveratrol\/\">Resveratrol<\/a><\/li>\n<li><a href=\"https:\/\/bstextract.com\/pt\/produto\/curcumina-em-po\/\">Curcumina<\/a><\/li>\n<\/ul>\n<h2>Fornecimento e servi\u00e7o<\/h2>\n<ul>\n<li><strong>MOQ<\/strong>: 1kg<\/li>\n<li><strong>Embalagem<\/strong>:\n<ul>\n<li>1kg\/saco\/caixa<\/li>\n<li>25 kg\/tambor\/caixa<\/li>\n<li>Suporte OEM\/private label dispon\u00edvel<\/li>\n<\/ul>\n<\/li>\n<li><strong>Prazo de execu\u00e7\u00e3o<\/strong>: 5-7 dias \u00fateis para artigos em stock<\/li>\n<li><strong>Expedi\u00e7\u00e3o<\/strong>: Entrega global por via a\u00e9rea, mar\u00edtima ou expresso<\/li>\n<li><strong>Personaliza\u00e7\u00e3o<\/strong>: N\u00edveis de pureza, tamanho do gr\u00e2nulo e solubilidade adaptados \u00e0s necessidades do cliente<\/li>\n<li><strong>Apoio<\/strong>: Documenta\u00e7\u00e3o t\u00e9cnica e regulamentar completa fornecida<\/li>\n<\/ul>\n<h2>Credenciais da empresa<\/h2>\n<p><strong>Xi'an Best Bio-Tech Co., Ltd.<\/strong> \u00e9 especializada na investiga\u00e7\u00e3o, desenvolvimento e exporta\u00e7\u00e3o de <strong>extractos naturais de plantas<\/strong>. As nossas instala\u00e7\u00f5es de \u00faltima gera\u00e7\u00e3o em <strong>Yangling, China<\/strong>A empresa, que est\u00e1 em conformidade com as BPF, serve clientes em mais de <strong>60 pa\u00edses<\/strong>.<\/p>\n<ul>\n<li>Equipado com v\u00e1rios <strong>linhas de produ\u00e7\u00e3o automatizadas<\/strong><\/li>\n<li>Laborat\u00f3rio avan\u00e7ado de controlo de qualidade com instrumenta\u00e7\u00e3o HPLC\/UV\/GC\/MS<\/li>\n<li>Certificado: <strong>USFDA<\/strong>, <strong>ISO9001<\/strong>, <strong>HALAL<\/strong>, <strong>KOSHER<\/strong>, <strong>Org\u00e2nico UE\/USDA<\/strong><\/li>\n<li>Vasta experi\u00eancia em <strong>Solu\u00e7\u00f5es OEM\/ODM<\/strong><\/li>\n<\/ul>\n<h2>Perguntas frequentes (FAQ)<\/h2>\n<h3>1. Para que \u00e9 utilizada a quercetina?<\/h3>\n<p>A quercetina \u00e9 utilizada para <strong>apoio imunit\u00e1rio<\/strong>, <strong>al\u00edvio da alergia<\/strong>, <strong>suplementa\u00e7\u00e3o antioxidante<\/strong>e <strong>anti-envelhecimento<\/strong> cuidados com a pele.<\/p>\n<h3>2. \u00c9 seguro e natural?<\/h3>\n<p>Sim - \u00e9 um <strong>bioflavonoide de origem vegetal<\/strong> derivado de <strong>Sophora japonica<\/strong>com um longo historial de utiliza\u00e7\u00e3o segura.<\/p>\n<h3>3. Como \u00e9 que \u00e9 testado?<\/h3>\n<p>Cada lote \u00e9 <strong>Verificado por HPLC<\/strong> para controlo da pureza e testado para detetar contaminantes, metais pesados e micr\u00f3bios.<\/p>\n<h3>4. Posso obter especifica\u00e7\u00f5es personalizadas?<\/h3>\n<p>Sim - oferecemos <strong>Suporte OEM\/ODM<\/strong>embalagem personalizada e op\u00e7\u00f5es de pureza.<\/p>\n<h3>5. Fornecem documenta\u00e7\u00e3o?<\/h3>\n<p>Sim - <strong>COA, MSDS, TDS e resultados laboratoriais de terceiros<\/strong> est\u00e3o dispon\u00edveis.<\/p>","protected":false},"excerpt":{"rendered":"<ul>\n<li><strong>Nome do produto<\/strong>: Quercetina<\/li>\n<li><strong>Fonte<\/strong>: Extrato de Sophora Japonica<\/li>\n<li><strong>N\u00famero CAS<\/strong>: 117-39-5<\/li>\n<li><strong>Apar\u00eancia<\/strong>: P\u00f3 verde amarelo<\/li>\n<li><strong>Pureza<\/strong>: 95%, 98%<\/li>\n<li><strong>Sin\u00f3nimos<\/strong>: Sophoretin, Quercetol, Flavonol natural, Extrato de bioflavon\u00f3ides<\/li>\n<\/ul>","protected":false},"featured_media":1648,"comment_status":"open","ping_status":"closed","template":"","meta":{"_acf_changed":false},"product_brand":[],"product_cat":[21],"product_tag":[],"class_list":{"0":"post-1646","1":"product","2":"type-product","3":"status-publish","4":"has-post-thumbnail","6":"product_cat-plant-extracts","8":"first","9":"instock","10":"shipping-taxable","11":"product-type-simple"},"acf":[],"_links":{"self":[{"href":"https:\/\/bstextract.com\/pt\/wp-json\/wp\/v2\/product\/1646","targetHints":{"allow":["GET"]}}],"collection":[{"href":"https:\/\/bstextract.com\/pt\/wp-json\/wp\/v2\/product"}],"about":[{"href":"https:\/\/bstextract.com\/pt\/wp-json\/wp\/v2\/types\/product"}],"replies":[{"embeddable":true,"href":"https:\/\/bstextract.com\/pt\/wp-json\/wp\/v2\/comments?post=1646"}],"wp:featuredmedia":[{"embeddable":true,"href":"https:\/\/bstextract.com\/pt\/wp-json\/wp\/v2\/media\/1648"}],"wp:attachment":[{"href":"https:\/\/bstextract.com\/pt\/wp-json\/wp\/v2\/media?parent=1646"}],"wp:term":[{"taxonomy":"product_brand","embeddable":true,"href":"https:\/\/bstextract.com\/pt\/wp-json\/wp\/v2\/product_brand?post=1646"},{"taxonomy":"product_cat","embeddable":true,"href":"https:\/\/bstextract.com\/pt\/wp-json\/wp\/v2\/product_cat?post=1646"},{"taxonomy":"product_tag","embeddable":true,"href":"https:\/\/bstextract.com\/pt\/wp-json\/wp\/v2\/product_tag?post=1646"}],"curies":[{"name":"wp","href":"https:\/\/api.w.org\/{rel}","templated":true}]}}