{"id":1715,"date":"2025-06-30T02:30:05","date_gmt":"2025-06-30T02:30:05","guid":{"rendered":"https:\/\/bstextract.com\/?post_type=product&#038;p=1715"},"modified":"2025-07-01T01:17:23","modified_gmt":"2025-07-01T01:17:23","slug":"colagenio-tipo-ii-nao-desnaturado","status":"publish","type":"product","link":"https:\/\/bstextract.com\/pt\/produto\/colagenio-tipo-ii-nao-desnaturado\/","title":{"rendered":"Colag\u00e9nio tipo II n\u00e3o desnaturado"},"content":{"rendered":"<h2><strong>O que \u00e9 o colag\u00e9nio UC-II?<\/strong><\/h2>\n<p><strong>UC-II<\/strong> \u00e9 a abreviatura de \"Colag\u00e9nio tipo II n\u00e3o desnaturado\", que \u00e9 normalmente derivado da cartilagem do peito de frango e \u00e9 uma mat\u00e9ria-prima de alta qualidade para a sa\u00fade das articula\u00e7\u00f5es em suplementos diet\u00e9ticos.<\/p>\n<p>Ao contr\u00e1rio do colag\u00e9nio hidrolisado comum, o UC-II mant\u00e9m a estrutura natural de tripla h\u00e9lice, pelo que tem um efeito imunomodulador no organismo, o que pode ajudar a reduzir a inflama\u00e7\u00e3o das articula\u00e7\u00f5es e a aliviar as dores articulares.<\/p>\n<ul>\n<li><strong>Apar\u00eancia<\/strong>: P\u00f3 fino branco ou esbranqui\u00e7ado<\/li>\n<li><strong>Odor<\/strong>: Odor carater\u00edstico a prote\u00ednas<\/li>\n<li><strong>Teor de prote\u00ednas<\/strong>: \u226560%<\/li>\n<li><strong>Ensaio de mucopolissac\u00e1ridos<\/strong>: \u226526%<\/li>\n<li><strong>Tamanho das part\u00edculas<\/strong>: 100% passa atrav\u00e9s de 80 malhas<\/li>\n<li><strong>Certifica\u00e7\u00f5es<\/strong>: Conformidade com GMP \/ ISO \/ HACCP \/ HALAL \/ KOSHER \/ FDA<\/li>\n<li><strong>Formul\u00e1rio<\/strong>: P\u00f3 de fluxo livre adequado para c\u00e1psulas, comprimidos e p\u00f3s para bebidas<\/li>\n<\/ul>\n<p>O colag\u00e9nio n\u00e3o desnaturado de tipo II (UC-II) ajuda a promover <strong>regenera\u00e7\u00e3o da cartilagem<\/strong>, <strong>reduzir a inflama\u00e7\u00e3o das articula\u00e7\u00f5es<\/strong>e melhorar <strong>flexibilidade e mobilidade<\/strong>particularmente nas popula\u00e7\u00f5es envelhecidas e nos estilos de vida activos.<\/p>\n<p><img fetchpriority=\"high\" decoding=\"async\" class=\"aligncenter wp-image-1717 size-large\" src=\"https:\/\/bstextract.com\/wp-content\/uploads\/2025\/06\/Undenatured-Chicken-Collagen-Type-II-Mode-of-Action-and-Benefits-scaled-1-1024x481.webp\" alt=\"\" width=\"800\" height=\"376\" title=\"\" srcset=\"https:\/\/bstextract.com\/wp-content\/uploads\/2025\/06\/Undenatured-Chicken-Collagen-Type-II-Mode-of-Action-and-Benefits-scaled-1-1024x481.webp 1024w, https:\/\/bstextract.com\/wp-content\/uploads\/2025\/06\/Undenatured-Chicken-Collagen-Type-II-Mode-of-Action-and-Benefits-scaled-1-300x141.webp 300w, https:\/\/bstextract.com\/wp-content\/uploads\/2025\/06\/Undenatured-Chicken-Collagen-Type-II-Mode-of-Action-and-Benefits-scaled-1-768x360.webp 768w, https:\/\/bstextract.com\/wp-content\/uploads\/2025\/06\/Undenatured-Chicken-Collagen-Type-II-Mode-of-Action-and-Benefits-scaled-1-1536x721.webp 1536w, https:\/\/bstextract.com\/wp-content\/uploads\/2025\/06\/Undenatured-Chicken-Collagen-Type-II-Mode-of-Action-and-Benefits-scaled-1-18x8.webp 18w, https:\/\/bstextract.com\/wp-content\/uploads\/2025\/06\/Undenatured-Chicken-Collagen-Type-II-Mode-of-Action-and-Benefits-scaled-1-600x282.webp 600w, https:\/\/bstextract.com\/wp-content\/uploads\/2025\/06\/Undenatured-Chicken-Collagen-Type-II-Mode-of-Action-and-Benefits-scaled-1.webp 1600w\" sizes=\"(max-width: 800px) 100vw, 800px\" \/><\/p>\n<h2>Especifica\u00e7\u00f5es t\u00e9cnicas<\/h2>\n<div>\n<div tabindex=\"-1\">\n<table>\n<thead>\n<tr>\n<th><strong>Item<\/strong><\/th>\n<th><strong>Especifica\u00e7\u00e3o<\/strong><\/th>\n<\/tr>\n<\/thead>\n<tbody>\n<tr>\n<td>Apar\u00eancia<\/td>\n<td>P\u00f3 branco ou esbranqui\u00e7ado<\/td>\n<\/tr>\n<tr>\n<td>Odor<\/td>\n<td>Carater\u00edstica<\/td>\n<\/tr>\n<tr>\n<td>Tamanho das part\u00edculas<\/td>\n<td>100% at\u00e9 80 mesh<\/td>\n<\/tr>\n<tr>\n<td>Ensaio de mucopolissac\u00e1ridos<\/td>\n<td>\u226526.00%<\/td>\n<\/tr>\n<tr>\n<td>Humidade<\/td>\n<td>&lt;10,00%<\/td>\n<\/tr>\n<tr>\n<td>pH<\/td>\n<td>5.0 - 7.0<\/td>\n<\/tr>\n<tr>\n<td>Cinzas<\/td>\n<td>\u22648.0%<\/td>\n<\/tr>\n<tr>\n<td>Teor de prote\u00ednas<\/td>\n<td>\u226560%<\/td>\n<\/tr>\n<tr>\n<td>Gordura<\/td>\n<td>&lt;1,0%<\/td>\n<\/tr>\n<tr>\n<td>Metais pesados<\/td>\n<td>\u226410 ppm<\/td>\n<\/tr>\n<tr>\n<td>Chumbo (Pb)<\/td>\n<td>\u22640,50 mg\/kg<\/td>\n<\/tr>\n<tr>\n<td>Ars\u00e9nio (As)<\/td>\n<td>\u22640,10 mg\/kg<\/td>\n<\/tr>\n<tr>\n<td>Contagem total de placas<\/td>\n<td>&lt;1.000 CFU\/g<\/td>\n<\/tr>\n<tr>\n<td>Leveduras e bolores<\/td>\n<td>&lt;100 CFU\/g<\/td>\n<\/tr>\n<tr>\n<td>Coliformes<\/td>\n<td>\u22643,0 MPN\/10g<\/td>\n<\/tr>\n<tr>\n<td>Salmonela<\/td>\n<td>Negativo<\/td>\n<\/tr>\n<\/tbody>\n<\/table>\n<div>\n<div><\/div>\n<\/div>\n<\/div>\n<\/div>\n<h2>Carater\u00edsticas principais<\/h2>\n<ul>\n<li>Estrutura de colag\u00e9nio nativo (n\u00e3o desnaturado)<\/li>\n<li>Elevada biodisponibilidade e atividade funcional<\/li>\n<li>\u2705 \u226560% teor proteico para um valor nutricional melhorado<\/li>\n<li>Baixo teor de gordura e baixo teor de cinzas<\/li>\n<li>Limites microbiol\u00f3gicos e de metais pesados rigorosos<\/li>\n<li>Excelente solubilidade e f\u00e1cil formula\u00e7\u00e3o<\/li>\n<\/ul>\n<div style=\"width: 720px;\" class=\"wp-video\"><!--[if lt IE 9]><script>document.createElement('video');<\/script><![endif]-->\n<video class=\"wp-video-shortcode\" id=\"video-1715-1\" width=\"720\" height=\"720\" preload=\"metadata\" controls=\"controls\"><source type=\"video\/mp4\" src=\"https:\/\/bstextract.com\/wp-content\/uploads\/2025\/06\/20231229_2309990eb156c6ce_444004605404_mp4_264_hd_unlimit_taobao.mp4?_=1\" \/><a href=\"https:\/\/bstextract.com\/wp-content\/uploads\/2025\/06\/20231229_2309990eb156c6ce_444004605404_mp4_264_hd_unlimit_taobao.mp4\">https:\/\/bstextract.com\/wp-content\/uploads\/2025\/06\/20231229_2309990eb156c6ce_444004605404_mp4_264_hd_unlimit_taobao.mp4<\/a><\/video><\/div>\n<h2>Qualidade e conformidade<\/h2>\n<p>O nosso <strong>Colag\u00e9nio tipo II n\u00e3o desnaturado<\/strong> \u00e9 fabricado numa <strong>Instala\u00e7\u00f5es com certifica\u00e7\u00e3o GMP e ISO<\/strong>Aderindo \u00e0s normas globais de seguran\u00e7a alimentar e nutrac\u00eautica:<\/p>\n<ul>\n<li>Testes de qualidade de rotina: HPLC, UV, Microbiologia<\/li>\n<li>Em conformidade com <strong>USP<\/strong>, <strong>PE<\/strong>e <strong>PC<\/strong> monografias, se aplic\u00e1vel<\/li>\n<li>Testes de terceiros dispon\u00edveis para metais pesados, carga microbiana e atividade funcional<\/li>\n<li>Totalmente documentado com <strong>COA<\/strong>, <strong>MSDS<\/strong>, <strong>TDS<\/strong>e <strong>folha de especifica\u00e7\u00f5es<\/strong><\/li>\n<\/ul>\n<h2>Aplica\u00e7\u00f5es<\/h2>\n<h3>Nutrac\u00eauticos<\/h3>\n<ul>\n<li>Suplementos de apoio \u00e0s articula\u00e7\u00f5es (c\u00e1psulas, comprimidos, c\u00e1psulas moles)<\/li>\n<li>Misturas anti-inflamat\u00f3rias<\/li>\n<li>F\u00f3rmulas de recupera\u00e7\u00e3o de nutri\u00e7\u00e3o desportiva<\/li>\n<li>Suplementos de mobilidade para idosos<\/li>\n<\/ul>\n<h3>Alimentos funcionais<\/h3>\n<ul>\n<li>Bebidas e batidos proteicos<\/li>\n<li>Barras e snacks enriquecidos com colag\u00e9nio<\/li>\n<li>Misturas para bebidas em p\u00f3<\/li>\n<\/ul>\n<h3>Suplementos para animais de estima\u00e7\u00e3o<\/h3>\n<ul>\n<li>Formula\u00e7\u00f5es para o cuidado das articula\u00e7\u00f5es em c\u00e3es, gatos e cavalos<\/li>\n<\/ul>\n<h2>Fornecimento e servi\u00e7os<\/h2>\n<ul>\n<li><strong>Embalagem<\/strong>:\n<ul>\n<li>Saco de folha de alum\u00ednio de 1 kg<\/li>\n<li>Tambor de 25 kg de qualidade alimentar<\/li>\n<li>Embalagem personalizada a pedido<\/li>\n<\/ul>\n<\/li>\n<li><strong>Prazo de validade<\/strong>: 24 meses<\/li>\n<li><strong>Armazenamento<\/strong>: Conservar num recipiente fechado, ao abrigo do calor, da humidade e da luz direta<\/li>\n<li><strong>Prazo de execu\u00e7\u00e3o<\/strong>: 5-7 dias \u00fateis (em stock)<\/li>\n<li><strong>Suporte OEM\/ODM<\/strong>: Dispon\u00edvel para formula\u00e7\u00e3o a granel e marca pr\u00f3pria<\/li>\n<\/ul>\n<h2>Credenciais da empresa<\/h2>\n<p><strong>Xi'an Best Bio-Tech Co., Ltd.<\/strong> \u00e9 especializada na investiga\u00e7\u00e3o, desenvolvimento e fornecimento global de produtos de qualidade superior <strong>ingredientes funcionais<\/strong>, incluindo <strong>colag\u00e9nio<\/strong>, <strong>extractos de plantas<\/strong>e <strong>superalimentos em p\u00f3<\/strong>.<\/p>\n<ul>\n<li>F\u00e1brica situada em Yangling, o centro de produ\u00e7\u00e3o de nutrac\u00eauticos da China<\/li>\n<li>Servindo mais de 60 pa\u00edses com mais de 15 anos de experi\u00eancia em exporta\u00e7\u00e3o<\/li>\n<li>Totalmente certificado (ISO9001, HACCP, HALAL, KOSHER, em conformidade com a FDA)<\/li>\n<\/ul>\n<h2>Antecedentes cient\u00edficos<\/h2>\n<p>Suportes de colag\u00e9nio tipo II n\u00e3o desnaturado <strong>prote\u00e7\u00e3o imunomediada das articula\u00e7\u00f5es<\/strong> induzindo a toler\u00e2ncia oral, reduzindo a resposta inflamat\u00f3ria do organismo ao colag\u00e9nio nas articula\u00e7\u00f5es. Ao contr\u00e1rio do colag\u00e9nio hidrolisado, o UC-II actua a <strong>Doses baixas (normalmente 40mg\/dia)<\/strong> e foi clinicamente estudado para <strong>osteoartrite<\/strong>, <strong>artrite reumatoide<\/strong>e <strong>recupera\u00e7\u00e3o de les\u00f5es desportivas<\/strong>.<\/p>\n<blockquote><p><em>Refer\u00eancia<\/em>: Lugo JP et al., \"Colag\u00e9nio tipo II n\u00e3o desnaturado para apoio das articula\u00e7\u00f5es: Uma revis\u00e3o da literatura cl\u00ednica\". <em>Int J Med Sci<\/em>, 2016.<\/p><\/blockquote>\n<h2>FAQ<\/h2>\n<h3>1. Qual \u00e9 a diferen\u00e7a entre colag\u00e9nio n\u00e3o desnaturado e colag\u00e9nio hidrolisado?<\/h3>\n<p>O colag\u00e9nio n\u00e3o desnaturado mant\u00e9m a sua estrutura de tripla h\u00e9lice e actua atrav\u00e9s de <strong>modula\u00e7\u00e3o imunit\u00e1ria<\/strong>enquanto que o colag\u00e9nio hidrolisado \u00e9 dividido em p\u00e9ptidos e oferece principalmente uma nutri\u00e7\u00e3o de amino\u00e1cidos.<\/p>\n<h3>2. \u00c9 adequado para veganos?<\/h3>\n<p>N\u00e3o - o UC-II \u00e9 normalmente derivado de <strong>cartilagem do esterno da galinha<\/strong>.<\/p>\n<h3>3. Como \u00e9 que este ingrediente deve ser armazenado?<\/h3>\n<p>Guard\u00e1-lo num <strong>recipiente fresco, seco e fechado<\/strong>, ao abrigo da humidade e da luz.<\/p>\n<h3>4. Fornecem pequenas amostras?<\/h3>\n<p>Sim - <strong>amostras gr\u00e1tis<\/strong> est\u00e3o dispon\u00edveis para avalia\u00e7\u00e3o.<\/p>","protected":false},"excerpt":{"rendered":"<ul>\n<li><strong>Apar\u00eancia<\/strong>: P\u00f3 fino branco ou esbranqui\u00e7ado<\/li>\n<li><strong>Odor<\/strong>: Odor carater\u00edstico a prote\u00ednas<\/li>\n<li><strong>Teor de prote\u00ednas<\/strong>: \u226560%<\/li>\n<li><strong>Ensaio de mucopolissac\u00e1ridos<\/strong>: \u226526%<\/li>\n<li><strong>Tamanho das part\u00edculas<\/strong>: 100% passa atrav\u00e9s de 80 malhas<\/li>\n<\/ul>","protected":false},"featured_media":1719,"comment_status":"open","ping_status":"closed","template":"","meta":{"_acf_changed":false},"product_brand":[],"product_cat":[15],"product_tag":[],"class_list":{"0":"post-1715","1":"product","2":"type-product","3":"status-publish","4":"has-post-thumbnail","6":"product_cat-dietary-supplements","8":"first","9":"instock","10":"featured","11":"shipping-taxable","12":"product-type-simple"},"acf":[],"_links":{"self":[{"href":"https:\/\/bstextract.com\/pt\/wp-json\/wp\/v2\/product\/1715","targetHints":{"allow":["GET"]}}],"collection":[{"href":"https:\/\/bstextract.com\/pt\/wp-json\/wp\/v2\/product"}],"about":[{"href":"https:\/\/bstextract.com\/pt\/wp-json\/wp\/v2\/types\/product"}],"replies":[{"embeddable":true,"href":"https:\/\/bstextract.com\/pt\/wp-json\/wp\/v2\/comments?post=1715"}],"wp:featuredmedia":[{"embeddable":true,"href":"https:\/\/bstextract.com\/pt\/wp-json\/wp\/v2\/media\/1719"}],"wp:attachment":[{"href":"https:\/\/bstextract.com\/pt\/wp-json\/wp\/v2\/media?parent=1715"}],"wp:term":[{"taxonomy":"product_brand","embeddable":true,"href":"https:\/\/bstextract.com\/pt\/wp-json\/wp\/v2\/product_brand?post=1715"},{"taxonomy":"product_cat","embeddable":true,"href":"https:\/\/bstextract.com\/pt\/wp-json\/wp\/v2\/product_cat?post=1715"},{"taxonomy":"product_tag","embeddable":true,"href":"https:\/\/bstextract.com\/pt\/wp-json\/wp\/v2\/product_tag?post=1715"}],"curies":[{"name":"wp","href":"https:\/\/api.w.org\/{rel}","templated":true}]}}