{"id":1926,"date":"2025-07-07T05:51:15","date_gmt":"2025-07-07T05:51:15","guid":{"rendered":"https:\/\/bstextract.com\/?post_type=product&#038;p=1926"},"modified":"2025-07-07T05:52:28","modified_gmt":"2025-07-07T05:52:28","slug":"d-biotina-em-po-suplemento-de-vitamina-b7","status":"publish","type":"product","link":"https:\/\/bstextract.com\/pt\/produto\/d-biotina-em-po-suplemento-de-vitamina-b7\/","title":{"rendered":"D-Biotina em p\u00f3"},"content":{"rendered":"<p data-start=\"352\" data-end=\"656\"><strong data-start=\"352\" data-end=\"362\">Biotina<\/strong>, tamb\u00e9m conhecido por <strong data-start=\"378\" data-end=\"392\">Vitamina B7<\/strong>, <strong data-start=\"394\" data-end=\"407\">Vitamina H<\/strong>, ou <strong data-start=\"412\" data-end=\"424\">D-Biotina<\/strong>\u00e9 uma vitamina B hidrossol\u00favel essencial para a sa\u00fade humana. Desempenha um papel vital na <strong data-start=\"508\" data-end=\"532\">s\u00edntese de \u00e1cidos gordos<\/strong>, <strong data-start=\"534\" data-end=\"559\">metabolismo dos amino\u00e1cidos<\/strong>e <strong data-start=\"565\" data-end=\"587\">metabolismo da glucose<\/strong>O seu efeito \u00e9 ben\u00e9fico para a sa\u00fade da pele, do cabelo, das unhas e do sistema nervoso.<\/p>\n<p data-start=\"352\" data-end=\"656\"><img fetchpriority=\"high\" decoding=\"async\" class=\"aligncenter wp-image-1931 size-full\" src=\"https:\/\/bstextract.com\/wp-content\/uploads\/2025\/07\/d-biotin-cas-58-85-5-vitamin-h35127821147.webp\" alt=\"D-Biotina em p\u00f3\" width=\"600\" height=\"465\" title=\"\" srcset=\"https:\/\/bstextract.com\/wp-content\/uploads\/2025\/07\/d-biotin-cas-58-85-5-vitamin-h35127821147.webp 600w, https:\/\/bstextract.com\/wp-content\/uploads\/2025\/07\/d-biotin-cas-58-85-5-vitamin-h35127821147-300x233.webp 300w, https:\/\/bstextract.com\/wp-content\/uploads\/2025\/07\/d-biotin-cas-58-85-5-vitamin-h35127821147-15x12.webp 15w\" sizes=\"(max-width: 600px) 100vw, 600px\" \/><\/p>\n<p data-start=\"658\" data-end=\"936\">A nossa Biotina em p\u00f3 \u00e9 extra\u00edda atrav\u00e9s de fermenta\u00e7\u00e3o e processada sob um rigoroso controlo de qualidade para garantir uma elevada pureza, solubilidade e estabilidade, tornando-a ideal para utiliza\u00e7\u00e3o em <strong data-start=\"830\" data-end=\"857\">suplementos nutricionais<\/strong>, <strong data-start=\"859\" data-end=\"879\">alimentos funcionais<\/strong>, <strong data-start=\"881\" data-end=\"904\">bebidas fortificadas<\/strong>e <strong data-start=\"910\" data-end=\"935\">formula\u00e7\u00f5es cosm\u00e9ticas<\/strong>.<\/p>\n<h3 data-start=\"943\" data-end=\"965\"><strong data-start=\"947\" data-end=\"965\">Par\u00e2metros-chave<\/strong><\/h3>\n<ul data-start=\"967\" data-end=\"1284\">\n<li data-start=\"967\" data-end=\"1002\">\n<p data-start=\"969\" data-end=\"1002\"><strong data-start=\"969\" data-end=\"986\">Nome do produto:<\/strong> Biotina em p\u00f3<\/p>\n<\/li>\n<li data-start=\"1003\" data-end=\"1055\">\n<p data-start=\"1005\" data-end=\"1055\"><strong data-start=\"1005\" data-end=\"1021\">Outros nomes:<\/strong> Vitamina B7, D-Biotina, Vitamina H<\/p>\n<\/li>\n<li data-start=\"1056\" data-end=\"1083\">\n<p data-start=\"1058\" data-end=\"1083\"><strong data-start=\"1058\" data-end=\"1073\">N\u00famero CAS:<\/strong> 58-85-5<\/p>\n<\/li>\n<li data-start=\"1084\" data-end=\"1116\">\n<p data-start=\"1086\" data-end=\"1116\"><strong data-start=\"1086\" data-end=\"1101\">Apar\u00eancia:<\/strong> P\u00f3 branco<\/p>\n<\/li>\n<li data-start=\"1117\" data-end=\"1150\">\n<p data-start=\"1119\" data-end=\"1150\"><strong data-start=\"1119\" data-end=\"1140\">Pureza dispon\u00edvel:<\/strong> 1%, 98%<\/p>\n<\/li>\n<li data-start=\"1151\" data-end=\"1206\">\n<p data-start=\"1153\" data-end=\"1206\"><strong data-start=\"1153\" data-end=\"1168\">Solubilidade:<\/strong> Muito sol\u00favel em \u00e1gua e etanol<\/p>\n<\/li>\n<li data-start=\"1207\" data-end=\"1245\">\n<p data-start=\"1209\" data-end=\"1245\"><strong data-start=\"1209\" data-end=\"1231\">F\u00f3rmula molecular:<\/strong> C10H16N2O3S<\/p>\n<\/li>\n<li data-start=\"1246\" data-end=\"1284\">\n<p data-start=\"1248\" data-end=\"1284\"><strong data-start=\"1248\" data-end=\"1269\">Peso molecular:<\/strong> 244,31 g\/mol<\/p>\n<\/li>\n<li data-start=\"1246\" data-end=\"1284\"><strong>COA<\/strong>: <a href=\"https:\/\/bstextract.com\/wp-content\/uploads\/2025\/07\/D-Biotin-Powder-COA.pdf\">D-Biotina em p\u00f3 COA<\/a><\/li>\n<\/ul>\n<h2 data-start=\"1291\" data-end=\"1322\"><strong data-start=\"1294\" data-end=\"1322\">Especifica\u00e7\u00f5es t\u00e9cnicas<\/strong><\/h2>\n<div class=\"_tableContainer_80l1q_1\">\n<div class=\"_tableWrapper_80l1q_14 group flex w-fit flex-col-reverse\" tabindex=\"-1\">\n<table class=\"w-fit min-w-(--thread-content-width)\" data-start=\"1324\" data-end=\"2597\">\n<thead data-start=\"1324\" data-end=\"1399\">\n<tr data-start=\"1324\" data-end=\"1399\">\n<th data-start=\"1324\" data-end=\"1350\" data-col-size=\"sm\"><strong data-start=\"1326\" data-end=\"1339\">Par\u00e2metro<\/strong><\/th>\n<th data-start=\"1350\" data-end=\"1399\" data-col-size=\"md\"><strong data-start=\"1352\" data-end=\"1369\">Especifica\u00e7\u00e3o<\/strong><\/th>\n<\/tr>\n<\/thead>\n<tbody data-start=\"1477\" data-end=\"2597\">\n<tr data-start=\"1477\" data-end=\"1553\">\n<td data-start=\"1477\" data-end=\"1504\" data-col-size=\"sm\">Nome do produto<\/td>\n<td data-col-size=\"md\" data-start=\"1504\" data-end=\"1553\">Biotina em p\u00f3<\/td>\n<\/tr>\n<tr data-start=\"1554\" data-end=\"1631\">\n<td data-start=\"1554\" data-end=\"1581\" data-col-size=\"sm\">N\u00famero CAS<\/td>\n<td data-col-size=\"md\" data-start=\"1581\" data-end=\"1631\">58-85-5<\/td>\n<\/tr>\n<tr data-start=\"1632\" data-end=\"1708\">\n<td data-start=\"1632\" data-end=\"1659\" data-col-size=\"sm\">Apar\u00eancia<\/td>\n<td data-col-size=\"md\" data-start=\"1659\" data-end=\"1708\">P\u00f3 branco<\/td>\n<\/tr>\n<tr data-start=\"1709\" data-end=\"1785\">\n<td data-start=\"1709\" data-end=\"1736\" data-col-size=\"sm\">Ensaio<\/td>\n<td data-col-size=\"md\" data-start=\"1736\" data-end=\"1785\">1%, 98% (HPLC ou UV)<\/td>\n<\/tr>\n<tr data-start=\"1786\" data-end=\"1863\">\n<td data-start=\"1786\" data-end=\"1813\" data-col-size=\"sm\">Solubilidade<\/td>\n<td data-col-size=\"md\" data-start=\"1813\" data-end=\"1863\">Sol\u00favel em \u00e1gua<\/td>\n<\/tr>\n<tr data-start=\"1864\" data-end=\"1941\">\n<td data-start=\"1864\" data-end=\"1891\" data-col-size=\"sm\">Tamanho das part\u00edculas<\/td>\n<td data-col-size=\"md\" data-start=\"1891\" data-end=\"1941\">100% passa 80 mesh<\/td>\n<\/tr>\n<tr data-start=\"1942\" data-end=\"2019\">\n<td data-start=\"1942\" data-end=\"1969\" data-col-size=\"sm\">Teor de humidade<\/td>\n<td data-col-size=\"md\" data-start=\"1969\" data-end=\"2019\">\u22645.0%<\/td>\n<\/tr>\n<tr data-start=\"2020\" data-end=\"2096\">\n<td data-start=\"2020\" data-end=\"2047\" data-col-size=\"sm\">Metais pesados<\/td>\n<td data-col-size=\"md\" data-start=\"2047\" data-end=\"2096\">&lt;10 ppm<\/td>\n<\/tr>\n<tr data-start=\"2097\" data-end=\"2174\">\n<td data-start=\"2097\" data-end=\"2124\" data-col-size=\"sm\">Chumbo<\/td>\n<td data-col-size=\"md\" data-start=\"2124\" data-end=\"2174\">\u22641,0 mg\/kg<\/td>\n<\/tr>\n<tr data-start=\"2175\" data-end=\"2252\">\n<td data-start=\"2175\" data-end=\"2202\" data-col-size=\"sm\">Ars\u00e9nio<\/td>\n<td data-col-size=\"md\" data-start=\"2202\" data-end=\"2252\">\u22641,0 mg\/kg<\/td>\n<\/tr>\n<tr data-start=\"2253\" data-end=\"2333\">\n<td data-start=\"2253\" data-end=\"2280\" data-col-size=\"sm\">Embalagem<\/td>\n<td data-col-size=\"md\" data-start=\"2280\" data-end=\"2333\">1 kg\/saco\/caixa ou 25 kg\/tambor\/caixa (personaliz\u00e1vel)<\/td>\n<\/tr>\n<tr data-start=\"2334\" data-end=\"2411\">\n<td data-start=\"2334\" data-end=\"2361\" data-col-size=\"sm\">Prazo de validade<\/td>\n<td data-col-size=\"md\" data-start=\"2361\" data-end=\"2411\">24 meses em condi\u00e7\u00f5es de armazenamento adequadas<\/td>\n<\/tr>\n<tr data-start=\"2412\" data-end=\"2509\">\n<td data-start=\"2412\" data-end=\"2439\" data-col-size=\"sm\">Armazenamento<\/td>\n<td data-col-size=\"md\" data-start=\"2439\" data-end=\"2509\">Conservar em local seco, fresco e fechado; evitar a luz e a humidade<\/td>\n<\/tr>\n<tr data-start=\"2510\" data-end=\"2597\">\n<td data-start=\"2510\" data-end=\"2537\" data-col-size=\"sm\">Certifica\u00e7\u00f5es<\/td>\n<td data-col-size=\"md\" data-start=\"2537\" data-end=\"2597\">KOSHER, HALAL, ISO22000, HACCP, Org\u00e2nico da UE, Org\u00e2nico do USDA<\/td>\n<\/tr>\n<\/tbody>\n<\/table>\n<div class=\"sticky end-(--thread-content-margin) h-0 self-end select-none\">\n<div class=\"absolute end-0 flex items-end\"><\/div>\n<\/div>\n<\/div>\n<\/div>\n<h2 data-start=\"2604\" data-end=\"2623\"><strong data-start=\"2607\" data-end=\"2623\">Carater\u00edsticas principais<\/strong><\/h2>\n<ul data-start=\"2625\" data-end=\"3013\">\n<li data-start=\"2625\" data-end=\"2672\">\n<p data-start=\"2627\" data-end=\"2672\">Puro <strong data-start=\"2632\" data-end=\"2644\">D-Biotina<\/strong> do processo de fermenta\u00e7\u00e3o<\/p>\n<\/li>\n<li data-start=\"2673\" data-end=\"2733\">\n<p data-start=\"2675\" data-end=\"2733\">Vitamina essencial do complexo B que apoia o metabolismo energ\u00e9tico<\/p>\n<\/li>\n<li data-start=\"2734\" data-end=\"2778\">\n<p data-start=\"2736\" data-end=\"2778\">Melhora <strong data-start=\"2745\" data-end=\"2769\">cabelo, pele e unhas<\/strong> sa\u00fade<\/p>\n<\/li>\n<li data-start=\"2779\" data-end=\"2835\">\n<p data-start=\"2781\" data-end=\"2835\">Melhora <strong data-start=\"2790\" data-end=\"2821\">hidratos de carbono e amino\u00e1cidos<\/strong> utiliza\u00e7\u00e3o<\/p>\n<\/li>\n<li data-start=\"2836\" data-end=\"2894\">\n<p data-start=\"2838\" data-end=\"2894\">Sol\u00favel em \u00e1gua, altamente biodispon\u00edvel e amigo dos veganos<\/p>\n<\/li>\n<li data-start=\"2895\" data-end=\"2934\">\n<p data-start=\"2897\" data-end=\"2934\">N\u00e3o OGM, sem gl\u00faten, sem alerg\u00e9nios<\/p>\n<\/li>\n<li data-start=\"2935\" data-end=\"3013\">\n<p data-start=\"2937\" data-end=\"3013\">Adequado para <strong data-start=\"2950\" data-end=\"3013\">c\u00e1psulas, comprimidos, softgels, pr\u00e9-misturas, bebidas, cosm\u00e9ticos<\/strong><\/p>\n<\/li>\n<\/ul>\n<h2 data-start=\"3020\" data-end=\"3039\"><strong data-start=\"3023\" data-end=\"3039\">Aplica\u00e7\u00f5es<\/strong><\/h2>\n<h3 data-start=\"3041\" data-end=\"3067\"><strong data-start=\"3045\" data-end=\"3067\">Ind\u00fastrias prim\u00e1rias<\/strong><\/h3>\n<ul data-start=\"3068\" data-end=\"3304\">\n<li data-start=\"3068\" data-end=\"3124\">\n<p data-start=\"3070\" data-end=\"3124\"><strong data-start=\"3070\" data-end=\"3088\">Nutrac\u00eauticos<\/strong> (suplementos para cabelo, unhas e beleza)<\/p>\n<\/li>\n<li data-start=\"3125\" data-end=\"3160\">\n<p data-start=\"3127\" data-end=\"3160\"><strong data-start=\"3127\" data-end=\"3158\">Alimentos e bebidas funcionais<\/strong><\/p>\n<\/li>\n<li data-start=\"3161\" data-end=\"3207\">\n<p data-start=\"3163\" data-end=\"3207\"><strong data-start=\"3163\" data-end=\"3205\">F\u00f3rmulas de Apoio \u00e0 Energia e ao Metabolismo<\/strong><\/p>\n<\/li>\n<li data-start=\"3208\" data-end=\"3243\">\n<p data-start=\"3210\" data-end=\"3243\"><strong data-start=\"3210\" data-end=\"3241\">Cosm\u00e9ticos e cuidados pessoais<\/strong><\/p>\n<\/li>\n<li data-start=\"3244\" data-end=\"3304\">\n<p data-start=\"3246\" data-end=\"3304\"><strong data-start=\"3246\" data-end=\"3304\">Nutri\u00e7\u00e3o animal (grau Pet\/Feed dispon\u00edvel a pedido)<\/strong><\/p>\n<\/li>\n<\/ul>\n<h3 data-start=\"3311\" data-end=\"3339\"><strong data-start=\"3315\" data-end=\"3339\">Exemplos de formula\u00e7\u00e3o<\/strong><\/h3>\n<ul data-start=\"3340\" data-end=\"3513\">\n<li data-start=\"3340\" data-end=\"3370\">\n<p data-start=\"3342\" data-end=\"3370\">Gomas para a sa\u00fade do cabelo e das unhas<\/p>\n<\/li>\n<li data-start=\"3371\" data-end=\"3406\">\n<p data-start=\"3373\" data-end=\"3406\">Bebidas energ\u00e9ticas e shots de vitaminas<\/p>\n<\/li>\n<li data-start=\"3407\" data-end=\"3438\">\n<p data-start=\"3409\" data-end=\"3438\">S\u00e9runs faciais enriquecidos com biotina<\/p>\n<\/li>\n<li data-start=\"3439\" data-end=\"3475\">\n<p data-start=\"3441\" data-end=\"3475\">P\u00f3s de beleza com colag\u00e9nio e biotina<\/p>\n<\/li>\n<li data-start=\"3476\" data-end=\"3513\">\n<p data-start=\"3478\" data-end=\"3513\">Comprimidos multivitam\u00ednicos com complexo B<\/p>\n<\/li>\n<\/ul>\n<h2 data-start=\"3520\" data-end=\"3545\"><strong data-start=\"3523\" data-end=\"3545\">Dosagem recomendada<\/strong><\/h2>\n<div class=\"_tableContainer_80l1q_1\">\n<div class=\"_tableWrapper_80l1q_14 group flex w-fit flex-col-reverse\" tabindex=\"-1\">\n<table class=\"w-fit min-w-(--thread-content-width)\" data-start=\"3547\" data-end=\"3791\">\n<thead data-start=\"3547\" data-end=\"3602\">\n<tr data-start=\"3547\" data-end=\"3602\">\n<th data-start=\"3547\" data-end=\"3571\" data-col-size=\"sm\"><strong data-start=\"3549\" data-end=\"3564\">Aplica\u00e7\u00e3o<\/strong><\/th>\n<th data-start=\"3571\" data-end=\"3602\" data-col-size=\"md\"><strong data-start=\"3573\" data-end=\"3593\">Dosagem sugerida<\/strong><\/th>\n<\/tr>\n<\/thead>\n<tbody data-start=\"3660\" data-end=\"3791\">\n<tr data-start=\"3660\" data-end=\"3734\">\n<td data-start=\"3660\" data-end=\"3685\" data-col-size=\"sm\">Suplemento nutricional<\/td>\n<td data-col-size=\"md\" data-start=\"3685\" data-end=\"3734\">30-5000 mcg\/dia (com base na regi\u00e3o\/formula\u00e7\u00e3o)<\/td>\n<\/tr>\n<tr data-start=\"3735\" data-end=\"3791\">\n<td data-start=\"3735\" data-end=\"3760\" data-col-size=\"sm\">Utiliza\u00e7\u00e3o cosm\u00e9tica (t\u00f3pica)<\/td>\n<td data-col-size=\"md\" data-start=\"3760\" data-end=\"3791\">0,1%-1,0% em cremes, soros<\/td>\n<\/tr>\n<\/tbody>\n<\/table>\n<div class=\"sticky end-(--thread-content-margin) h-0 self-end select-none\">\n<div class=\"absolute end-0 flex items-end\"><\/div>\n<\/div>\n<\/div>\n<\/div>\n<blockquote data-start=\"3793\" data-end=\"3863\">\n<p data-start=\"3795\" data-end=\"3863\"><em data-start=\"3795\" data-end=\"3863\">Nota: Siga sempre as diretrizes regulamentares locais para os limites de dosagem.<\/em><\/p>\n<\/blockquote>\n<h2 data-start=\"3870\" data-end=\"3901\"><strong data-start=\"3873\" data-end=\"3901\">Compatibilidade de ingredientes<\/strong><\/h2>\n<ul data-start=\"3903\" data-end=\"4019\">\n<li data-start=\"3903\" data-end=\"3924\">\n<p data-start=\"3905\" data-end=\"3924\">P\u00e9ptidos de colag\u00e9nio<\/p>\n<\/li>\n<li data-start=\"3925\" data-end=\"3938\">\n<p data-start=\"3927\" data-end=\"3938\">Vitamina C<\/p>\n<\/li>\n<li data-start=\"3939\" data-end=\"3947\">\n<p data-start=\"3941\" data-end=\"3947\">Zinco<\/p>\n<\/li>\n<li data-start=\"3948\" data-end=\"3979\">\n<p data-start=\"3950\" data-end=\"3979\">MSM (Metilsulfonilmetano)<\/p>\n<\/li>\n<li data-start=\"3980\" data-end=\"3999\">\n<p data-start=\"3982\" data-end=\"3999\">\u00c1cido hialur\u00f3nico<\/p>\n<\/li>\n<li data-start=\"4000\" data-end=\"4019\">\n<p data-start=\"4002\" data-end=\"4019\">Extrato de queratina<\/p>\n<\/li>\n<\/ul>\n<h2 data-start=\"4440\" data-end=\"4479\"><strong data-start=\"4443\" data-end=\"4479\">Perguntas frequentes (FAQ)<\/strong><\/h2>\n<p data-start=\"4481\" data-end=\"4614\"><strong data-start=\"4481\" data-end=\"4512\">1. Para que \u00e9 utilizada a Biotina?<\/strong><br data-start=\"4512\" data-end=\"4515\" \/>Principalmente para <strong data-start=\"4529\" data-end=\"4561\">apoio \u00e0 pele, cabelo e unhas<\/strong>mas tamb\u00e9m desempenha um papel fundamental na sa\u00fade metab\u00f3lica.<\/p>\n<p data-start=\"4616\" data-end=\"4695\"><strong data-start=\"4616\" data-end=\"4643\">2. \u00c9 sol\u00favel em \u00e1gua?<\/strong><br data-start=\"4643\" data-end=\"4646\" \/>Sim, a Biotina \u00e9 um <strong data-start=\"4663\" data-end=\"4686\">totalmente sol\u00favel em \u00e1gua<\/strong> vitamina.<\/p>\n<p data-start=\"4697\" data-end=\"4835\"><strong data-start=\"4697\" data-end=\"4740\">3. A sua Biotina \u00e9 natural ou sint\u00e9tica?<\/strong><br data-start=\"4740\" data-end=\"4743\" \/>\u00c9 produzido atrav\u00e9s de <strong data-start=\"4762\" data-end=\"4778\">fermenta\u00e7\u00e3o<\/strong> utilizando substratos n\u00e3o OGM e purificados de acordo com normas rigorosas.<\/p>\n<p data-start=\"4837\" data-end=\"4980\"><strong data-start=\"4837\" data-end=\"4884\">4. A biotina pode ser utilizada em produtos de cuidados da pele?<\/strong><br data-start=\"4884\" data-end=\"4887\" \/>Sim, a biotina pode ser incorporada em <strong data-start=\"4924\" data-end=\"4955\">lo\u00e7\u00f5es, cremes e soros<\/strong> para aplica\u00e7\u00e3o t\u00f3pica.<\/p>\n<p data-start=\"4982\" data-end=\"5108\"><strong data-start=\"4982\" data-end=\"5015\">5. Que graus est\u00e3o dispon\u00edveis?<\/strong><br data-start=\"5015\" data-end=\"5018\" \/>Oferecemos <strong data-start=\"5027\" data-end=\"5048\">1% e 98% Biotina<\/strong>adequados a diferentes necessidades de aplica\u00e7\u00e3o e objectivos de custo.<\/p>","protected":false},"excerpt":{"rendered":"<ul data-start=\"967\" data-end=\"1284\">\n<li data-start=\"1003\" data-end=\"1055\">\n<p data-start=\"1005\" data-end=\"1055\"><strong data-start=\"1005\" data-end=\"1021\">Outros nomes:<\/strong> Vitamina B7, D-Biotina, Vitamina H<\/p>\n<\/li>\n<li data-start=\"1056\" data-end=\"1083\">\n<p data-start=\"1058\" data-end=\"1083\"><strong data-start=\"1058\" data-end=\"1073\">N\u00famero CAS:<\/strong> 58-85-5<\/p>\n<\/li>\n<li data-start=\"1084\" data-end=\"1116\">\n<p data-start=\"1086\" data-end=\"1116\"><strong data-start=\"1086\" data-end=\"1101\">Apar\u00eancia:<\/strong> P\u00f3 branco<\/p>\n<\/li>\n<li data-start=\"1117\" data-end=\"1150\">\n<p data-start=\"1119\" data-end=\"1150\"><strong data-start=\"1119\" data-end=\"1140\">Pureza dispon\u00edvel:<\/strong> 1%, 98%<\/p>\n<\/li>\n<li data-start=\"1151\" data-end=\"1206\">\n<p data-start=\"1153\" data-end=\"1206\"><strong data-start=\"1153\" data-end=\"1168\">Solubilidade:<\/strong> Muito sol\u00favel em \u00e1gua e etanol<\/p>\n<\/li>\n<li data-start=\"1207\" data-end=\"1245\">\n<p data-start=\"1209\" data-end=\"1245\"><strong data-start=\"1209\" data-end=\"1231\">F\u00f3rmula molecular:<\/strong> C10H16N2O3S<\/p>\n<\/li>\n<li data-start=\"1246\" data-end=\"1284\">\n<p data-start=\"1248\" data-end=\"1284\"><strong data-start=\"1248\" data-end=\"1269\">Peso molecular:<\/strong> 244,31 g\/mol<\/p>\n<\/li>\n<\/ul>","protected":false},"featured_media":1928,"comment_status":"open","ping_status":"closed","template":"","meta":{"_acf_changed":false},"product_brand":[],"product_cat":[23],"product_tag":[],"class_list":{"0":"post-1926","1":"product","2":"type-product","3":"status-publish","4":"has-post-thumbnail","6":"product_cat-food-additives","8":"first","9":"instock","10":"shipping-taxable","11":"product-type-simple"},"acf":[],"_links":{"self":[{"href":"https:\/\/bstextract.com\/pt\/wp-json\/wp\/v2\/product\/1926","targetHints":{"allow":["GET"]}}],"collection":[{"href":"https:\/\/bstextract.com\/pt\/wp-json\/wp\/v2\/product"}],"about":[{"href":"https:\/\/bstextract.com\/pt\/wp-json\/wp\/v2\/types\/product"}],"replies":[{"embeddable":true,"href":"https:\/\/bstextract.com\/pt\/wp-json\/wp\/v2\/comments?post=1926"}],"wp:featuredmedia":[{"embeddable":true,"href":"https:\/\/bstextract.com\/pt\/wp-json\/wp\/v2\/media\/1928"}],"wp:attachment":[{"href":"https:\/\/bstextract.com\/pt\/wp-json\/wp\/v2\/media?parent=1926"}],"wp:term":[{"taxonomy":"product_brand","embeddable":true,"href":"https:\/\/bstextract.com\/pt\/wp-json\/wp\/v2\/product_brand?post=1926"},{"taxonomy":"product_cat","embeddable":true,"href":"https:\/\/bstextract.com\/pt\/wp-json\/wp\/v2\/product_cat?post=1926"},{"taxonomy":"product_tag","embeddable":true,"href":"https:\/\/bstextract.com\/pt\/wp-json\/wp\/v2\/product_tag?post=1926"}],"curies":[{"name":"wp","href":"https:\/\/api.w.org\/{rel}","templated":true}]}}