{"id":1967,"date":"2025-07-10T01:39:19","date_gmt":"2025-07-10T01:39:19","guid":{"rendered":"https:\/\/bstextract.com\/?post_type=product&#038;p=1967"},"modified":"2025-07-10T01:39:19","modified_gmt":"2025-07-10T01:39:19","slug":"edulcorante-xilitol","status":"publish","type":"product","link":"https:\/\/bstextract.com\/pt\/produto\/edulcorante-xilitol\/","title":{"rendered":"Ado\u00e7ante Xilitol"},"content":{"rendered":"<p><strong>Xilitol<\/strong>, tamb\u00e9m conhecido por <strong>Ado\u00e7ante Xilitol<\/strong>\u00e9 uma subst\u00e2ncia de ocorr\u00eancia natural <strong>\u00e1lcool de a\u00e7\u00facar<\/strong> amplamente utilizado como <strong>ado\u00e7ante de baixas calorias<\/strong> nas ind\u00fastrias alimentar, das bebidas e dos cuidados orais. Extra\u00eddo principalmente de <strong>espigas de milho ou fontes de madeira dura<\/strong>O xilitol oferece um n\u00edvel de do\u00e7ura semelhante ao da sacarose, mas com menos 40% calorias.<\/p>\n<ul>\n<li><strong>N\u00famero CAS<\/strong>: 87-99-0<\/li>\n<li><strong>F\u00f3rmula qu\u00edmica<\/strong>: C\u2085H\u2081\u2082O\u2085<\/li>\n<li><strong>Aspeto f\u00edsico<\/strong>: P\u00f3 cristalino branco<\/li>\n<li><strong>Pureza<\/strong>99% (qualidade alimentar)<\/li>\n<li><strong>Perfil de sabor<\/strong>: Sensa\u00e7\u00e3o limpa, doce e refrescante<\/li>\n<li><strong>Sin\u00f3nimos<\/strong>: A\u00e7\u00facar de b\u00e9tula, E967, edulcorante de \u00e1lcool de a\u00e7\u00facar<\/li>\n<li><strong>COA: <a href=\"https:\/\/bstextract.com\/wp-content\/uploads\/2025\/07\/Xylitol-Sweetener-COA.pdf\">Xylitol Ado\u00e7ante COA<\/a><\/strong><\/li>\n<\/ul>\n<p>Com uma excelente estabilidade t\u00e9rmica e propriedades n\u00e3o-cariog\u00e9nicas, o Xilitol \u00e9 um substituto ideal para os a\u00e7\u00facares refinados em formula\u00e7\u00f5es preocupadas com a sa\u00fade.<\/p>\n<p><img fetchpriority=\"high\" decoding=\"async\" class=\"aligncenter wp-image-1972\" src=\"https:\/\/bstextract.com\/wp-content\/uploads\/2025\/07\/d-biotin-cas-58-85-5-vitamin-h35127821147-1.webp\" alt=\"Ado\u00e7ante Xilitol\" width=\"1024\" height=\"794\" title=\"\" srcset=\"https:\/\/bstextract.com\/wp-content\/uploads\/2025\/07\/d-biotin-cas-58-85-5-vitamin-h35127821147-1.webp 600w, https:\/\/bstextract.com\/wp-content\/uploads\/2025\/07\/d-biotin-cas-58-85-5-vitamin-h35127821147-1-300x233.webp 300w, https:\/\/bstextract.com\/wp-content\/uploads\/2025\/07\/d-biotin-cas-58-85-5-vitamin-h35127821147-1-15x12.webp 15w\" sizes=\"(max-width: 1024px) 100vw, 1024px\" \/><\/p>\n<h2><strong>Especifica\u00e7\u00f5es t\u00e9cnicas<\/strong><\/h2>\n<div>\n<div tabindex=\"-1\">\n<table>\n<thead>\n<tr>\n<th><strong>Item<\/strong><\/th>\n<th><strong>Especifica\u00e7\u00e3o<\/strong><\/th>\n<\/tr>\n<\/thead>\n<tbody>\n<tr>\n<td>Nome do produto<\/td>\n<td>Xilitol<\/td>\n<\/tr>\n<tr>\n<td>Outro nome<\/td>\n<td>Ado\u00e7ante Xilitol<\/td>\n<\/tr>\n<tr>\n<td>N.\u00ba CAS<\/td>\n<td>87-99-0<\/td>\n<\/tr>\n<tr>\n<td>Apar\u00eancia<\/td>\n<td>P\u00f3 cristalino branco<\/td>\n<\/tr>\n<tr>\n<td>Pureza (Especifica\u00e7\u00e3o)<\/td>\n<td>\u2265 99%<\/td>\n<\/tr>\n<tr>\n<td>Embalagem<\/td>\n<td>1 kg\/saco\/caixa ou 25 kg\/tambor\/caixa ou conforme necess\u00e1rio<\/td>\n<\/tr>\n<tr>\n<td>Prazo de validade<\/td>\n<td>24 meses<\/td>\n<\/tr>\n<tr>\n<td>Disponibilidade de amostras<\/td>\n<td>Amostra gr\u00e1tis fornecida<\/td>\n<\/tr>\n<tr>\n<td>Condi\u00e7\u00f5es de armazenamento<\/td>\n<td>Conservar num recipiente resistente \u00e0 luz e bem fechado. Evitar a humidade e o calor.<\/td>\n<\/tr>\n<tr>\n<td>Certificados<\/td>\n<td>KOSHER, HALAL, HACCP, ISO22000, Org\u00e2nico da UE, Org\u00e2nico do USDA<\/td>\n<\/tr>\n<\/tbody>\n<\/table>\n<div>\n<div><\/div>\n<\/div>\n<\/div>\n<\/div>\n<h3><strong>Carater\u00edsticas principais<\/strong><\/h3>\n<ul>\n<li>N\u00e3o OGM e Vegan<\/li>\n<li>Origem natural com baixo \u00edndice glic\u00e9mico<\/li>\n<li>Adequado para dietas diab\u00e9ticas e cet\u00f3nicas<\/li>\n<li>Agrad\u00e1vel efeito de arrefecimento na boca<\/li>\n<\/ul>\n<h2><strong>Qualidade e conformidade<\/strong><\/h2>\n<p>O ado\u00e7ante Xylitol \u00e9 fabricado sob <strong>normas rigorosas de controlo de qualidade<\/strong>garantindo um elevado grau de pureza e seguran\u00e7a. As nossas instala\u00e7\u00f5es de produ\u00e7\u00e3o s\u00e3o <strong>ISO22000<\/strong> e <strong>HACCP<\/strong> certificada, e mantemos uma <strong>rastreabilidade e documenta\u00e7\u00e3o<\/strong> em todos os lotes.<\/p>\n<ul>\n<li><strong>Certifica\u00e7\u00f5es<\/strong>:<br \/>\nKOSHER<br \/>\nHALAL<br \/>\n\u2705 ISO22000<br \/>\nHACCP<br \/>\nOrg\u00e2nico da UE e do USDA<\/li>\n<li><strong>Conformidade<\/strong>: Cumpre os requisitos globais de qualidade alimentar e est\u00e1 em conformidade com os principais regulamentos de seguran\u00e7a alimentar em todo o mundo <strong>Europa, Am\u00e9rica do Norte e \u00c1sia<\/strong>.<\/li>\n<li><strong>COA e testes<\/strong>: Cada lote \u00e9 acompanhado de um <strong>Certificado de an\u00e1lise (COA)<\/strong> e \u00e9 submetido a uma rigorosa <strong>ensaios por terceiros<\/strong> para:\n<ul>\n<li>Pureza (validado por HPLC)<\/li>\n<li>Metais pesados<\/li>\n<li>Limites microbianos<\/li>\n<li>Solventes residuais e alerg\u00e9nios<\/li>\n<\/ul>\n<\/li>\n<li><strong>Sem alerg\u00e9nios<\/strong> | <strong>N\u00e3o-OGM<\/strong> | <strong>Sem conservantes adicionados<\/strong><\/li>\n<\/ul>\n<h2><strong>Aplica\u00e7\u00f5es do edulcorante Xilitol<\/strong><\/h2>\n<p>O xilitol \u00e9 um <strong>ado\u00e7ante natural vers\u00e1til<\/strong> utilizado em:<\/p>\n<h3><strong>Ind\u00fastria alimentar<\/strong><\/h3>\n<ul>\n<li>Pastilhas el\u00e1sticas e pastilhas el\u00e1sticas sem a\u00e7\u00facar<\/li>\n<li>Produtos de pastelaria e snacks de baixas calorias<\/li>\n<li>Bebidas e produtos de confeitaria amigos dos diab\u00e9ticos<\/li>\n<li>Substitutos de refei\u00e7\u00e3o em p\u00f3 e alimentos funcionais<\/li>\n<\/ul>\n<h3><strong>Cuidados orais<\/strong><\/h3>\n<ul>\n<li>Pastas de dentes e elixires (efeito anti-c\u00e1rie)<\/li>\n<li>Pastilhas el\u00e1sticas dent\u00e1rias<\/li>\n<\/ul>\n<h3><strong>Produtos farmac\u00eauticos<\/strong><\/h3>\n<ul>\n<li>Xaropes e pastilhas sem a\u00e7\u00facar<\/li>\n<li>Suplementos para diab\u00e9ticos<\/li>\n<\/ul>\n<h3><strong>Cosm\u00e9ticos e cuidados pessoais<\/strong><\/h3>\n<ul>\n<li>B\u00e1lsamos labiais, hidratantes e enxaguantes bucais<\/li>\n<\/ul>\n<p><strong>Recomenda\u00e7\u00e3o de dosagem<\/strong>:<\/p>\n<ul>\n<li><strong>Utiliza\u00e7\u00e3o de alimentos<\/strong>: At\u00e9 40g\/dia (pode variar consoante o regulamento)<\/li>\n<li><strong>Produtos dent\u00e1rios<\/strong>: 10-30% taxa de inclus\u00e3o<\/li>\n<\/ul>\n<p><strong>Compatibilidade<\/strong>: Mistura-se bem com <strong>Eritritol<\/strong>, <strong>Stevia<\/strong>e <strong>Extrato de Frutos de Monge<\/strong> para sistemas de edulcorantes de mistura.<\/p>\n<h2><strong>Fornecimento e servi\u00e7o<\/strong><\/h2>\n<ul>\n<li><strong>Quantidade m\u00ednima de encomenda (MOQ)<\/strong>: 1kg<\/li>\n<li><strong>Op\u00e7\u00f5es de embalagem<\/strong>:\n<ul>\n<li>Sacos de alum\u00ednio de 1 kg<\/li>\n<li>bid\u00f5es de fibra de 25 kg<\/li>\n<li>Embalagem personalizada dispon\u00edvel<\/li>\n<\/ul>\n<\/li>\n<li><strong>Prazo de execu\u00e7\u00e3o<\/strong>: Envio em 3-7 dias \u00fateis<\/li>\n<li><strong>M\u00e9todos de envio<\/strong>: Entrega a\u00e9rea, mar\u00edtima e expresso<\/li>\n<li><strong>Capacidade de fornecimento a granel<\/strong>: 500MT\/m\u00eas<\/li>\n<\/ul>\n<h3><strong>Servi\u00e7os OEM\/ODM<\/strong><\/h3>\n<ul>\n<li>Misturas de edulcorantes personalizadas (por exemplo, xilitol + eritritol)<\/li>\n<li>Embalagem de marca pr\u00f3pria<\/li>\n<li>Apoio t\u00e9cnico \u00e0 formula\u00e7\u00e3o<\/li>\n<\/ul>\n<h2><strong>Sobre n\u00f3s: For\u00e7a de fabrico<\/strong><\/h2>\n<p>Somos uma <strong>fornecedor e fabricante de confian\u00e7a<\/strong> de ingredientes bot\u00e2nicos e edulcorantes funcionais, com:<\/p>\n<ul>\n<li>Mais de 15 anos de experi\u00eancia no sector<\/li>\n<li>Linhas de produ\u00e7\u00e3o com certifica\u00e7\u00e3o GMP<\/li>\n<li>2 instala\u00e7\u00f5es automatizadas de refina\u00e7\u00e3o de xilitol<\/li>\n<li>Mais de 60 pa\u00edses servidos em todo o mundo<\/li>\n<li>Laborat\u00f3rios internos de I&amp;D e QA\/QC<\/li>\n<\/ul>\n<p>Concentramo-nos em <strong>sustentabilidade, seguran\u00e7a alimentar e inova\u00e7\u00e3o<\/strong>garantindo uma qualidade superior para as suas formula\u00e7\u00f5es.<\/p>\n<h2>Perguntas frequentes (FAQ)<\/h2>\n<p><strong>Q1: O vosso xilitol \u00e9 derivado do milho ou da b\u00e9tula?<\/strong><br \/>\nR: O nosso xilitol \u00e9 \u00e0 base de milho e n\u00e3o \u00e9 OGM, com op\u00e7\u00f5es para derivados de b\u00e9tula, mediante pedido.<\/p>\n<p><strong>Q2: \u00c9 seguro para os diab\u00e9ticos?<\/strong><br \/>\nR: Sim, o Xylitol tem um <strong>baixo \u00edndice glic\u00e9mico (~7)<\/strong> e \u00e9 adequado para diab\u00e9ticos.<\/p>\n<p><strong>Q3: O Xylitol provoca efeitos secund\u00e1rios?<\/strong><br \/>\nR: Em doses muito elevadas, pode causar perturba\u00e7\u00f5es digestivas. Come\u00e7a sempre com pequenas doses.<\/p>\n<p><strong>Q4: Fornecem o COA e a MSDS?<\/strong><br \/>\nR: Sim, fornecemos ambos <strong>COA e ficha de dados de seguran\u00e7a do material<\/strong> em cada envio.<\/p>\n<p><strong>Q5: Podem enviar para a Europa e para os EUA?<\/strong><br \/>\nR: Sem d\u00favida. Somos exportadores experientes com documenta\u00e7\u00e3o em conformidade com a regulamenta\u00e7\u00e3o.<\/p>\n<p><strong>Q6: Oferecem misturas de edulcorantes?<\/strong><br \/>\nR: Sim, oferecemos <strong>misturas personalizadas<\/strong> com Stevia, Eritritol e Monk Fruit a pedido.<\/p>","protected":false},"excerpt":{"rendered":"<ul>\n<li><strong>N\u00famero CAS<\/strong>: 87-99-0<\/li>\n<li><strong>F\u00f3rmula qu\u00edmica<\/strong>: C\u2085H\u2081\u2082O\u2085<\/li>\n<li><strong>Aspeto f\u00edsico<\/strong>: P\u00f3 cristalino branco<\/li>\n<li><strong>Pureza<\/strong>99% (qualidade alimentar)<\/li>\n<li><strong>Perfil de sabor<\/strong>: Sensa\u00e7\u00e3o limpa, doce e refrescante<\/li>\n<\/ul>","protected":false},"featured_media":1969,"comment_status":"open","ping_status":"closed","template":"","meta":{"_acf_changed":false},"product_brand":[],"product_cat":[23],"product_tag":[],"class_list":{"0":"post-1967","1":"product","2":"type-product","3":"status-publish","4":"has-post-thumbnail","6":"product_cat-food-additives","8":"first","9":"instock","10":"shipping-taxable","11":"product-type-simple"},"acf":[],"_links":{"self":[{"href":"https:\/\/bstextract.com\/pt\/wp-json\/wp\/v2\/product\/1967","targetHints":{"allow":["GET"]}}],"collection":[{"href":"https:\/\/bstextract.com\/pt\/wp-json\/wp\/v2\/product"}],"about":[{"href":"https:\/\/bstextract.com\/pt\/wp-json\/wp\/v2\/types\/product"}],"replies":[{"embeddable":true,"href":"https:\/\/bstextract.com\/pt\/wp-json\/wp\/v2\/comments?post=1967"}],"wp:featuredmedia":[{"embeddable":true,"href":"https:\/\/bstextract.com\/pt\/wp-json\/wp\/v2\/media\/1969"}],"wp:attachment":[{"href":"https:\/\/bstextract.com\/pt\/wp-json\/wp\/v2\/media?parent=1967"}],"wp:term":[{"taxonomy":"product_brand","embeddable":true,"href":"https:\/\/bstextract.com\/pt\/wp-json\/wp\/v2\/product_brand?post=1967"},{"taxonomy":"product_cat","embeddable":true,"href":"https:\/\/bstextract.com\/pt\/wp-json\/wp\/v2\/product_cat?post=1967"},{"taxonomy":"product_tag","embeddable":true,"href":"https:\/\/bstextract.com\/pt\/wp-json\/wp\/v2\/product_tag?post=1967"}],"curies":[{"name":"wp","href":"https:\/\/api.w.org\/{rel}","templated":true}]}}