{"id":2145,"date":"2025-07-16T06:44:20","date_gmt":"2025-07-16T06:44:20","guid":{"rendered":"https:\/\/bstextract.com\/?post_type=product&#038;p=2145"},"modified":"2025-07-18T00:50:03","modified_gmt":"2025-07-18T00:50:03","slug":"extrato-de-gymnema-sylvester","status":"publish","type":"product","link":"https:\/\/bstextract.com\/pt\/produto\/extrato-de-gymnema-sylvester\/","title":{"rendered":"Extrato de Gymnema Sylvestre"},"content":{"rendered":"<p>Extrato de Gymnema Sylvestre, tamb\u00e9m conhecido como <em>\"destruidor de a\u00e7\u00facar\"<\/em>\u00e9 uma conhecida erva ayurv\u00e9dica utilizada para manter n\u00edveis saud\u00e1veis de a\u00e7\u00facar no sangue e reduzir os desejos de doces. Estudos publicados sobre <a href=\"https:\/\/pubmed.ncbi.nlm.nih.gov\/16323223\/\" target=\"_blank\" rel=\"nofollow noopener\">PubMed<\/a> demonstraram a sua <strong>efeitos antidiab\u00e9ticos e hipoglic\u00e9micos<\/strong>tornando-o um ingrediente de confian\u00e7a para <em>suporte natural do a\u00e7\u00facar no sangue<\/em>.<\/p>\n<p><img fetchpriority=\"high\" decoding=\"async\" class=\"aligncenter wp-image-2245\" src=\"https:\/\/bstextract.com\/wp-content\/uploads\/2025\/07\/gymnema-sylvestre-extract-300x169.webp\" alt=\"\" width=\"758\" height=\"427\" title=\"\" srcset=\"https:\/\/bstextract.com\/wp-content\/uploads\/2025\/07\/gymnema-sylvestre-extract-300x169.webp 300w, https:\/\/bstextract.com\/wp-content\/uploads\/2025\/07\/gymnema-sylvestre-extract-1024x576.webp 1024w, https:\/\/bstextract.com\/wp-content\/uploads\/2025\/07\/gymnema-sylvestre-extract-768x432.webp 768w, https:\/\/bstextract.com\/wp-content\/uploads\/2025\/07\/gymnema-sylvestre-extract-1536x864.webp 1536w, https:\/\/bstextract.com\/wp-content\/uploads\/2025\/07\/gymnema-sylvestre-extract-18x10.webp 18w, https:\/\/bstextract.com\/wp-content\/uploads\/2025\/07\/gymnema-sylvestre-extract-600x338.webp 600w, https:\/\/bstextract.com\/wp-content\/uploads\/2025\/07\/gymnema-sylvestre-extract.webp 1920w\" sizes=\"(max-width: 758px) 100vw, 758px\" \/><\/p>\n<p>De acordo com <a href=\"https:\/\/www.webmd.com\/vitamins\/ai\/ingredientmono-841\/gymnema\" target=\"_blank\" rel=\"nofollow noopener\">WebMD<\/a>, <strong>Extrato de Gymnema sylvestre<\/strong> pode tamb\u00e9m ajudar a reduzir a absor\u00e7\u00e3o de a\u00e7\u00facar nos intestinos, o que pode ajudar <strong>gest\u00e3o do peso<\/strong> esfor\u00e7os.<\/p>\n<p>BSTBIO \u00e9 um <strong>F\u00e1brica e exportador com certifica\u00e7\u00e3o GMP<\/strong> especializada em extractos de plantas h\u00e1 mais de 10 anos. Os nossos <strong>Extrato de Gymnema Sylvestre<\/strong> \u00e9 cuidadosamente processado para garantir <strong>elevada pureza e teor consistente de \u00e1cido gimn\u00e9mico<\/strong>, tornando-o uma mat\u00e9ria-prima ideal para <strong>marcas de suplementos, fabricantes de alimentos funcionais e formuladores de produtos \u00e0 base de plantas<\/strong>.<\/p>\n<p>Ao trabalhar diretamente com os <strong>fabricante<\/strong>, beneficia de <strong>pre\u00e7os competitivos, controlo de qualidade rigoroso e fornecimento est\u00e1vel<\/strong> para as suas necessidades de produ\u00e7\u00e3o. O nosso extrato est\u00e1 em conformidade com as normas internacionais, tais como <strong>Org\u00e2nico do USDA, Org\u00e2nico da UE, HALAL, KOSHER, ISO22000 e HACCP<\/strong>A empresa \u00e9 respons\u00e1vel por garantir a qualidade e a seguran\u00e7a nos mercados mundiais.<\/p>\n<h2>Aplica\u00e7\u00f5es do extrato de Gymnema Sylvestre<\/h2>\n<ul>\n<li><strong>Gest\u00e3o do a\u00e7\u00facar no sangue<\/strong><br \/>\nPopular em nutrac\u00eauticos e suplementos de sa\u00fade destinados a manter n\u00edveis normais de glucose.<\/li>\n<li><strong>Controlo do peso e controlo do apetite<\/strong><br \/>\nAjuda a reduzir os desejos de a\u00e7\u00facar, tornando-o ideal para <strong>suplementos para emagrecer<\/strong>.<\/li>\n<li><strong>C\u00e1psulas, comprimidos e p\u00f3s<\/strong><br \/>\nF\u00e1cil de integrar em <strong>suplementos diet\u00e9ticos ou formula\u00e7\u00f5es \u00e0 base de plantas<\/strong>.<\/li>\n<li><strong>Bebidas funcionais e alimentos amigos dos diab\u00e9ticos<\/strong><br \/>\nUtilizado como um ingrediente natural \u00e0 base de plantas em ch\u00e1s, bebidas saud\u00e1veis e substitutos de refei\u00e7\u00e3o.<\/li>\n<li><strong>Medicina ayurv\u00e9dica e tradicional<\/strong><br \/>\nConfiada h\u00e1 s\u00e9culos como uma erva natural para <strong>apoio ao equil\u00edbrio metab\u00f3lico e ao metabolismo do a\u00e7\u00facar.<\/strong><\/li>\n<\/ul>\n<p>Com o nosso <strong>fornecimento direto da f\u00e1brica<\/strong>, pode facilmente criar <strong>produtos acabados de alta qualidade<\/strong> que cumprem as normas internacionais.<\/p>","protected":false},"excerpt":{"rendered":"<p><strong>Nome Bot\u00e2nico:<\/strong> <em>Gymnema sylvestre<\/em><br \/>\n<strong>Ingrediente ativo:<\/strong> \u00c1cido Gymn\u00e9mico<br \/>\n<strong>Especifica\u00e7\u00e3o:<\/strong> 25% - 75% \u00c1cido gimn\u00e9mico<br \/>\n<strong>Apar\u00eancia:<\/strong> P\u00f3 fino amarelo-castanho<br \/>\n<strong>Pe\u00e7a utilizada:<\/strong> Folha<br \/>\n<strong>Certificados:<\/strong> KOSHER, HALAL, HACCP, ISO22000, USDA Organic, EU Organic<br \/>\n<strong>Prazo de validade:<\/strong> 24 meses quando corretamente armazenado<\/p>","protected":false},"featured_media":2235,"comment_status":"open","ping_status":"closed","template":"","meta":{"_acf_changed":false},"product_brand":[],"product_cat":[49,21],"product_tag":[],"class_list":{"0":"post-2145","1":"product","2":"type-product","3":"status-publish","4":"has-post-thumbnail","6":"product_cat-hot-product","7":"product_cat-plant-extracts","9":"first","10":"instock","11":"shipping-taxable","12":"product-type-simple"},"acf":[],"_links":{"self":[{"href":"https:\/\/bstextract.com\/pt\/wp-json\/wp\/v2\/product\/2145","targetHints":{"allow":["GET"]}}],"collection":[{"href":"https:\/\/bstextract.com\/pt\/wp-json\/wp\/v2\/product"}],"about":[{"href":"https:\/\/bstextract.com\/pt\/wp-json\/wp\/v2\/types\/product"}],"replies":[{"embeddable":true,"href":"https:\/\/bstextract.com\/pt\/wp-json\/wp\/v2\/comments?post=2145"}],"wp:featuredmedia":[{"embeddable":true,"href":"https:\/\/bstextract.com\/pt\/wp-json\/wp\/v2\/media\/2235"}],"wp:attachment":[{"href":"https:\/\/bstextract.com\/pt\/wp-json\/wp\/v2\/media?parent=2145"}],"wp:term":[{"taxonomy":"product_brand","embeddable":true,"href":"https:\/\/bstextract.com\/pt\/wp-json\/wp\/v2\/product_brand?post=2145"},{"taxonomy":"product_cat","embeddable":true,"href":"https:\/\/bstextract.com\/pt\/wp-json\/wp\/v2\/product_cat?post=2145"},{"taxonomy":"product_tag","embeddable":true,"href":"https:\/\/bstextract.com\/pt\/wp-json\/wp\/v2\/product_tag?post=2145"}],"curies":[{"name":"wp","href":"https:\/\/api.w.org\/{rel}","templated":true}]}}