{"id":2271,"date":"2025-07-18T06:16:58","date_gmt":"2025-07-18T06:16:58","guid":{"rendered":"https:\/\/bstextract.com\/?post_type=product&#038;p=2271"},"modified":"2025-07-18T06:52:15","modified_gmt":"2025-07-18T06:52:15","slug":"extrato-de-raiz-de-kudzu","status":"publish","type":"product","link":"https:\/\/bstextract.com\/pt\/produto\/extrato-de-raiz-de-kudzu\/","title":{"rendered":"Extrato de raiz de Kudzu"},"content":{"rendered":"<p><strong>Extrato de raiz de Kudzu<\/strong>, tamb\u00e9m conhecido por <strong>Extrato de Pueraria Mirifica<\/strong>\u00e9 derivado das ra\u00edzes do <strong>Pueraria mirifica<\/strong> planta. Este rem\u00e9dio tradicional \u00e0 base de plantas \u00e9 muito apreciado pelo seu rico conte\u00fado em <strong>isoflavonas<\/strong>, que s\u00e3o fitoestrog\u00e9nios naturais conhecidos por <strong>apoiam o equil\u00edbrio hormonal, promovem a sa\u00fade da pele e contribuem para a vitalidade geral<\/strong>. \u00c9 amplamente utilizado em <strong>suplementos alimentares, f\u00f3rmulas para a sa\u00fade da mulher, cosm\u00e9ticos e produtos nutrac\u00eauticos<\/strong>.<\/p>\n<p>Como <strong>fabricante de confian\u00e7a<\/strong>, <strong>XI'AN BEST BIO-TECH CO., LTD.<\/strong>, criada em 2017, \u00e9 especializada em <strong>extractos de plantas de qualidade superior, suplementos alimentares, superalimentos e corantes alimentares naturais<\/strong>. Utilizando <strong>tecnologia de extra\u00e7\u00e3o avan\u00e7ada<\/strong>, garantimos que <strong>Extrato de raiz de Kudzu<\/strong> ret\u00e9m os seus compostos bioactivos em <strong>concentra\u00e7\u00f5es elevadas<\/strong>que cumprem as normas mundiais de pureza e pot\u00eancia.<\/p>\n<h3><strong>Detalhes do produto<\/strong><\/h3>\n<ul>\n<li><strong>Nome do produto:<\/strong> Extrato de raiz de Kudzu<\/li>\n<li><strong>Outros nomes:<\/strong> Extrato de Pueraria Mirifica<\/li>\n<li><strong>Ingrediente ativo:<\/strong> Isoflavonas<\/li>\n<li><strong>Apar\u00eancia:<\/strong> P\u00f3 castanho<\/li>\n<li><strong>Especifica\u00e7\u00e3o do produto:<\/strong> 40% - 80% Isoflavonas<\/li>\n<\/ul>\n<h3><strong>Informa\u00e7\u00f5es bot\u00e2nicas<\/strong><\/h3>\n<ul>\n<li><strong>Nome Bot\u00e2nico:<\/strong> Pueraria mirifica<\/li>\n<li><strong>Nome comum:<\/strong> Raiz de Kudzu, Kudzu tailand\u00eas<\/li>\n<li><strong>Fam\u00edlia:<\/strong> Fab\u00e1ceas<\/li>\n<li><strong>Pe\u00e7as utilizadas:<\/strong> Raiz<\/li>\n<\/ul>\n<h3><strong>Antecedentes da planta e utiliza\u00e7\u00e3o tradicional<\/strong><\/h3>\n<p>A Pueraria mirifica \u00e9 origin\u00e1ria de <strong>Tail\u00e2ndia, Myanmar e outras regi\u00f5es do Sudeste Asi\u00e1tico<\/strong>. H\u00e1 muito que \u00e9 utilizado em <strong>medicina tradicional tailandesa e ayurv\u00e9dica<\/strong> para <strong>bem-estar, rejuvenescimento e melhoria da vitalidade da mulher<\/strong>. Devido \u00e0 sua <strong>propriedades fitoestrog\u00e9nicas<\/strong>\u00e9 um ingrediente fundamental para <strong>cuidados de pele anti-envelhecimento, suplementos de apoio hormonal e produtos de sa\u00fade funcionais<\/strong>.<\/p>\n<h3><strong>Princ\u00edpios activos e composi\u00e7\u00e3o<\/strong><\/h3>\n<p>O extrato de raiz de Kudzu \u00e9 padronizado para <strong>Isoflavonas<\/strong>, que s\u00e3o conhecidos por:<br \/>\n\u2705 Apoio <strong>equil\u00edbrio hormonal<\/strong> naturalmente<br \/>\nAjudar a manter <strong>elasticidade da pele e aspeto jovem<\/strong><br \/>\n\u2705 Promover <strong>sa\u00fade \u00f3ssea e cardiovascular<\/strong><br \/>\nAtuar como <strong>antioxidantes<\/strong> para reduzir o stress oxidativo<\/p>","protected":false},"excerpt":{"rendered":"<p><strong>Nome do produto:<\/strong> Extrato de raiz de Kudzu<\/p>\n<p><strong>Outros nomes:<\/strong> Extrato de Pueraria Mirifica<\/p>\n<p><strong>Ingrediente ativo:<\/strong> Isoflavonas<\/p>\n<p><strong>Apar\u00eancia:<\/strong> P\u00f3 castanho<\/p>\n<p><strong>Especifica\u00e7\u00e3o do produto:<\/strong> 40% - 80% Isoflavonas<\/p>","protected":false},"featured_media":2273,"comment_status":"open","ping_status":"closed","template":"","meta":{"_acf_changed":false},"product_brand":[],"product_cat":[49,21],"product_tag":[],"class_list":{"0":"post-2271","1":"product","2":"type-product","3":"status-publish","4":"has-post-thumbnail","6":"product_cat-hot-product","7":"product_cat-plant-extracts","9":"first","10":"instock","11":"shipping-taxable","12":"product-type-simple"},"acf":[],"_links":{"self":[{"href":"https:\/\/bstextract.com\/pt\/wp-json\/wp\/v2\/product\/2271","targetHints":{"allow":["GET"]}}],"collection":[{"href":"https:\/\/bstextract.com\/pt\/wp-json\/wp\/v2\/product"}],"about":[{"href":"https:\/\/bstextract.com\/pt\/wp-json\/wp\/v2\/types\/product"}],"replies":[{"embeddable":true,"href":"https:\/\/bstextract.com\/pt\/wp-json\/wp\/v2\/comments?post=2271"}],"wp:featuredmedia":[{"embeddable":true,"href":"https:\/\/bstextract.com\/pt\/wp-json\/wp\/v2\/media\/2273"}],"wp:attachment":[{"href":"https:\/\/bstextract.com\/pt\/wp-json\/wp\/v2\/media?parent=2271"}],"wp:term":[{"taxonomy":"product_brand","embeddable":true,"href":"https:\/\/bstextract.com\/pt\/wp-json\/wp\/v2\/product_brand?post=2271"},{"taxonomy":"product_cat","embeddable":true,"href":"https:\/\/bstextract.com\/pt\/wp-json\/wp\/v2\/product_cat?post=2271"},{"taxonomy":"product_tag","embeddable":true,"href":"https:\/\/bstextract.com\/pt\/wp-json\/wp\/v2\/product_tag?post=2271"}],"curies":[{"name":"wp","href":"https:\/\/api.w.org\/{rel}","templated":true}]}}