{"id":2612,"date":"2025-08-19T07:38:14","date_gmt":"2025-08-19T07:38:14","guid":{"rendered":"https:\/\/bstextract.com\/?post_type=product&#038;p=2612"},"modified":"2025-08-19T07:40:38","modified_gmt":"2025-08-19T07:40:38","slug":"po-de-polen-de-pinheiro-com-parede-celular-quebrada","status":"publish","type":"product","link":"https:\/\/bstextract.com\/pt\/produto\/po-de-polen-de-pinheiro-com-parede-celular-quebrada\/","title":{"rendered":"P\u00f3len de pinheiro em p\u00f3 com paredes celulares quebradas"},"content":{"rendered":"<h2><strong><span class=\"selected\">Vis\u00e3o geral do produto<\/span><\/strong><\/h2>\n<p><span class=\"selected\">O nosso Cell-Wall Broken Pine Pollen Powder \u00e9 um ingrediente de qualidade superior, rico em nutrientes, obtido a partir do p\u00f3len selvagem colhido da <\/span><em><span class=\"selected\">Pinus massoniana<\/span><\/em><span class=\"selected\"> \u00e1rvore. Para libertar todo o potencial nutricional, utilizamos um sofisticado processo de pulveriza\u00e7\u00e3o de fluxo de ar a baixa temperatura. Esta t\u00e9cnica quebra eficazmente a parede celular r\u00edgida do p\u00f3len, aumentando significativamente a biodisponibilidade e a digestibilidade das suas vitaminas, minerais, amino\u00e1cidos e antioxidantes intr\u00ednsecos. O resultado \u00e9 um p\u00f3 fino e altamente dispers\u00edvel, perfeito para as actuais formula\u00e7\u00f5es exigentes de suplementos e alimentos funcionais.<\/span><\/p>\n<p><strong><span class=\"selected\">Vantagens exclusivas:<\/span><\/strong><\/p>\n<ul>\n<li><strong><span class=\"selected\">Mais de 98% Taxa de rutura da parede celular:<\/span><\/strong><span class=\"selected\"> Garante a m\u00e1xima liberta\u00e7\u00e3o e absor\u00e7\u00e3o de nutrientes para uma efic\u00e1cia superior no seu produto final.<\/span><\/li>\n<li><strong><span class=\"selected\">P\u00f3 fino de 80 gr\u00e3os:<\/span><\/strong><span class=\"selected\"> Garante uma excelente fluidez e homogeneidade nas misturas, ideal para encapsulamento e forma\u00e7\u00e3o de comprimidos a alta velocidade.<\/span><\/li>\n<li><strong><span class=\"selected\">Diretamente do fabricante:<\/span><\/strong><span class=\"selected\"> Proveniente diretamente das nossas instala\u00e7\u00f5es para uma rastreabilidade completa, qualidade consistente e uma cadeia de fornecimento fi\u00e1vel.<\/span><\/li>\n<li><strong><span class=\"selected\">Rigorosamente testado:<\/span><\/strong><span class=\"selected\"> Cada lote \u00e9 meticulosamente analisado quanto \u00e0 pureza, aos metais pesados e aos contaminantes microbianos para cumprir normas de qualidade rigorosas.<\/span><\/li>\n<li><strong><span class=\"selected\">Pronto para o r\u00f3tulo limpo:<\/span><\/strong><span class=\"selected\"> Certificado como N\u00e3o-GMO e N\u00e3o-Irradiado, perfeito para produtos destinados a consumidores preocupados com a sa\u00fade.<\/span><\/li>\n<\/ul>\n<h2><strong><span class=\"selected\">Principais par\u00e2metros t\u00e9cnicos<\/span><\/strong><\/h2>\n<table>\n<tbody>\n<tr>\n<th><span class=\"selected\">Item<\/span><\/th>\n<th><span class=\"selected\">Padr\u00e3o<\/span><\/th>\n<th><span class=\"selected\">Resultado t\u00edpico<\/span><\/th>\n<th><span class=\"selected\">M\u00e9todo<\/span><\/th>\n<\/tr>\n<tr>\n<td><strong><span class=\"selected\">An\u00e1lises f\u00edsicas e qu\u00edmicas<\/span><\/strong><\/td>\n<td><\/td>\n<td><\/td>\n<td><\/td>\n<\/tr>\n<tr>\n<td><span class=\"selected\">Apar\u00eancia<\/span><\/td>\n<td><span class=\"selected\">P\u00f3 amarelo claro<\/span><\/td>\n<td><span class=\"selected\">Qualificado<\/span><\/td>\n<td><span class=\"selected\">Visual<\/span><\/td>\n<\/tr>\n<tr>\n<td><span class=\"selected\">Tamanho da malha<\/span><\/td>\n<td><span class=\"selected\">100% Pass 80 Mesh<\/span><\/td>\n<td><span class=\"selected\">Qualificado<\/span><\/td>\n<td><span class=\"selected\">CP2015<\/span><\/td>\n<\/tr>\n<tr>\n<td><span class=\"selected\">Conte\u00fado de cinzas<\/span><\/td>\n<td><span class=\"selected\">\u22645.0%<\/span><\/td>\n<td><span class=\"selected\">2.04%<\/span><\/td>\n<td><span class=\"selected\">CP2015<\/span><\/td>\n<\/tr>\n<tr>\n<td><span class=\"selected\">Perda na secagem<\/span><\/td>\n<td><span class=\"selected\">\u22648.0%<\/span><\/td>\n<td><span class=\"selected\">3.15%<\/span><\/td>\n<td><span class=\"selected\">CP2015<\/span><\/td>\n<\/tr>\n<tr>\n<td><strong><span class=\"selected\">An\u00e1lise de res\u00edduos<\/span><\/strong><\/td>\n<td><\/td>\n<td><\/td>\n<td><\/td>\n<\/tr>\n<tr>\n<td><span class=\"selected\">Metais pesados<\/span><\/td>\n<td><span class=\"selected\">\u226420ppm<\/span><\/td>\n<td><span class=\"selected\">Qualificado<\/span><\/td>\n<td><span class=\"selected\">CP2015<\/span><\/td>\n<\/tr>\n<tr>\n<td><span class=\"selected\">Pb<\/span><\/td>\n<td><span class=\"selected\">\u22642ppm<\/span><\/td>\n<td><span class=\"selected\">Qualificado<\/span><\/td>\n<td><span class=\"selected\">GB\/T 5009.12-2003<\/span><\/td>\n<\/tr>\n<tr>\n<td><span class=\"selected\">Como<\/span><\/td>\n<td><span class=\"selected\">\u22642ppm<\/span><\/td>\n<td><span class=\"selected\">Qualificado<\/span><\/td>\n<td><span class=\"selected\">GB\/T 5009.11-2003<\/span><\/td>\n<\/tr>\n<tr>\n<td><span class=\"selected\">Hg<\/span><\/td>\n<td><span class=\"selected\">\u22642ppm<\/span><\/td>\n<td><span class=\"selected\">Qualificado<\/span><\/td>\n<td><span class=\"selected\">GB\/T 5009.15-2003<\/span><\/td>\n<\/tr>\n<tr>\n<td><span class=\"selected\">Cd<\/span><\/td>\n<td><span class=\"selected\">\u22642ppm<\/span><\/td>\n<td><span class=\"selected\">Qualificado<\/span><\/td>\n<td><span class=\"selected\">GB\/T 5009.17-2003<\/span><\/td>\n<\/tr>\n<tr>\n<td><span class=\"selected\">Res\u00edduos de pesticidas<\/span><\/td>\n<td><span class=\"selected\">Cumpre os requisitos da USP<\/span><\/td>\n<td><span class=\"selected\">Qualificado<\/span><\/td>\n<td><span class=\"selected\">USP34<\/span><\/td>\n<\/tr>\n<tr>\n<td><strong><span class=\"selected\">Microbiol\u00f3gico<\/span><\/strong><\/td>\n<td><\/td>\n<td><\/td>\n<td><\/td>\n<\/tr>\n<tr>\n<td><span class=\"selected\">Contagem total de placas<\/span><\/td>\n<td><span class=\"selected\">\u226410,000 ufc\/g<\/span><\/td>\n<td><span class=\"selected\">100 ufc\/g<\/span><\/td>\n<td><span class=\"selected\">AOAC990.12, 16\u00aa edi\u00e7\u00e3o<\/span><\/td>\n<\/tr>\n<tr>\n<td><span class=\"selected\">Leveduras e bolores<\/span><\/td>\n<td><span class=\"selected\">\u22641,000 ufc\/g<\/span><\/td>\n<td><span class=\"selected\">&lt;10 ufc\/g<\/span><\/td>\n<td><span class=\"selected\">AOAC996.08, 991.14<\/span><\/td>\n<\/tr>\n<tr>\n<td><span class=\"selected\">E.coli<\/span><\/td>\n<td><span class=\"selected\">Negativo<\/span><\/td>\n<td><span class=\"selected\">Negativo<\/span><\/td>\n<td><span class=\"selected\">AOAC2001.05<\/span><\/td>\n<\/tr>\n<tr>\n<td><span class=\"selected\">Salmonela<\/span><\/td>\n<td><span class=\"selected\">Negativo<\/span><\/td>\n<td><span class=\"selected\">Negativo<\/span><\/td>\n<td><span class=\"selected\">AOAC990.12<\/span><\/td>\n<\/tr>\n<tr>\n<td><strong><span class=\"selected\">Estado geral<\/span><\/strong><\/td>\n<td><\/td>\n<td><\/td>\n<td><\/td>\n<\/tr>\n<tr>\n<td><span class=\"selected\">Sem OGM<\/span><\/td>\n<td><span class=\"selected\">Em conformidade<\/span><\/td>\n<td><span class=\"selected\">Em conformidade<\/span><\/td>\n<td><span class=\"selected\">&#8211;<\/span><\/td>\n<\/tr>\n<tr>\n<td><span class=\"selected\">N\u00e3o irradia\u00e7\u00e3o<\/span><\/td>\n<td><span class=\"selected\">Em conformidade<\/span><\/td>\n<td><span class=\"selected\">Em conformidade<\/span><\/td>\n<td><span class=\"selected\">&#8211;<\/span><\/td>\n<\/tr>\n<\/tbody>\n<\/table>\n<h2><strong><span class=\"selected\">Controlo de qualidade e documenta\u00e7\u00e3o<\/span><\/strong><\/h2>\n<p><span class=\"selected\">O nosso compromisso com a qualidade \u00e9 absoluto. Asseguramos que cada lote de P\u00f3len de Pinheiro em P\u00f3 cumpre as normas rigorosas definidas por farmacopeias como a Farmacopeia Chinesa (CP) e a Farmacopeia dos Estados Unidos (USP). O nosso processo \u00e9 validado para garantir a consist\u00eancia de lote para lote em termos de tamanho das part\u00edculas, pureza e seguran\u00e7a. Como principal <\/span><strong><span class=\"selected\">exportador<\/span><\/strong><span class=\"selected\"> de p\u00f3len de pinheiro em p\u00f3, fornecemos documenta\u00e7\u00e3o completa para apoiar as suas necessidades regulamentares e de transporte internacional.<\/span><\/p>\n<ul>\n<li><strong><span class=\"selected\">Documentos dispon\u00edveis:<\/span><\/strong>\n<ul>\n<li><a href=\"https:\/\/bstextract.com\/wp-content\/uploads\/2025\/08\/Cell-Wall-Broken-Pine-Pollen-Powder-COA.pdf\"><span class=\"selected\">Certificado de an\u00e1lise (COA)<\/span><\/a><\/li>\n<li><span class=\"selected\">Ficha de dados de seguran\u00e7a do material (MSDS)<\/span><\/li>\n<li><span class=\"selected\">Declara\u00e7\u00e3o de alerg\u00e9nios<\/span><\/li>\n<li><span class=\"selected\">Declara\u00e7\u00e3o de n\u00e3o OGM<\/span><\/li>\n<li><span class=\"selected\">Certifica\u00e7\u00e3o Kosher\/Halal dispon\u00edvel mediante pedido.<\/span><\/li>\n<\/ul>\n<\/li>\n<\/ul>\n<h2><strong><span class=\"selected\">Aplica\u00e7\u00f5es e Orienta\u00e7\u00e3o de Formula\u00e7\u00e3o<\/span><\/strong><\/h2>\n<p><span class=\"selected\">O nosso p\u00f3 de p\u00f3len de pinheiro com paredes celulares quebradas \u00e9 um ingrediente vers\u00e1til para v\u00e1rias aplica\u00e7\u00f5es.<\/span><\/p>\n<ul>\n<li><strong><span class=\"selected\">Suplementos alimentares:<\/span><\/strong>\n<ul>\n<li><strong><span class=\"selected\">C\u00e1psulas\/comprimidos:<\/span><\/strong><span class=\"selected\"> A sua excelente fluidez e o tamanho uniforme das part\u00edculas tornam-no ideal para compress\u00e3o direta e encapsulamento a alta velocidade. Uma dosagem t\u00edpica recomendada \u00e9 de 500mg - 1500mg por dose.<\/span><\/li>\n<li><strong><span class=\"selected\">Misturas em p\u00f3:<\/span><\/strong><span class=\"selected\"> Mistura-se na perfei\u00e7\u00e3o com prote\u00ednas em p\u00f3, superalimentos verdes e outros ingredientes nutrac\u00eauticos sem aglomerar.<\/span><\/li>\n<\/ul>\n<\/li>\n<li><strong><span class=\"selected\">Alimentos e bebidas funcionais:<\/span><\/strong>\n<ul>\n<li><span class=\"selected\">Pode ser incorporado em barras nutricionais, batidos e shots de bem-estar. Embora altamente nutritivo, o seu perfil de sabor distinto em bebidas pode exigir a formula\u00e7\u00e3o com ado\u00e7antes naturais ou agentes mascarantes como extractos de citrinos para uma palatabilidade ideal.<\/span><\/li>\n<\/ul>\n<\/li>\n<li><strong><span class=\"selected\">Cosmec\u00eauticos:<\/span><\/strong>\n<ul>\n<li><span class=\"selected\">O seu rico perfil antioxidante natural torna-o uma adi\u00e7\u00e3o adequada a formula\u00e7\u00f5es como m\u00e1scaras faciais ou cremes concebidos para proteger a pele do stress oxidativo.<\/span><\/li>\n<\/ul>\n<\/li>\n<\/ul>\n<h2><strong><span class=\"selected\">Recomenda\u00e7\u00f5es de estabilidade e armazenamento<\/span><\/strong><\/h2>\n<ul>\n<li><strong><span class=\"selected\">Prazo de validade:<\/span><\/strong><span class=\"selected\"> 24 meses a partir da data de fabrico, quando conservado corretamente.<\/span><\/li>\n<li><strong><span class=\"selected\">Condi\u00e7\u00f5es de armazenamento:<\/span><\/strong><span class=\"selected\"> O p\u00f3 \u00e9 higrosc\u00f3pico. Conservar em local fresco e seco (abaixo de 25\u00b0C), ao abrigo da luz solar direta e da humidade. Conservar na embalagem original, hermeticamente fechada, para manter a integridade.<\/span><\/li>\n<\/ul>\n<h2><strong><span class=\"selected\">Informa\u00e7\u00f5es sobre seguran\u00e7a e regulamenta\u00e7\u00e3o<\/span><\/strong><\/h2>\n<p><span class=\"selected\">O p\u00f3len de pinheiro em p\u00f3 \u00e9 geralmente reconhecido como um ingrediente alimentar em muitas regi\u00f5es. \u00c9 da responsabilidade do formulador garantir que o produto final est\u00e1 em conformidade com todos os regulamentos locais e regionais para o mercado a que se destina.<\/span><\/p>\n<h2><strong><span class=\"selected\">Perguntas frequentes (FAQ)<\/span><\/strong><\/h2>\n<p><strong><span class=\"selected\">Q: \u00c9 a f\u00e1brica direta ou uma empresa comercial?<\/span><\/strong><\/p>\n<p><span class=\"selected\">R: Somos os originais <\/span><strong><span class=\"selected\">f\u00e1brica<\/span><\/strong><span class=\"selected\"> e <\/span><strong><span class=\"selected\">fabricante<\/span><\/strong><span class=\"selected\"> de p\u00f3 de p\u00f3len de pinheiro com paredes celulares quebradas. Isto garante que os nossos clientes beneficiam de uma cadeia de fornecimento est\u00e1vel, transparente e de alta qualidade.<\/span><\/p>\n<p><strong><span class=\"selected\">P: Qual \u00e9 o m\u00e9todo de quebra da parede celular que utiliza?<\/span><\/strong><\/p>\n<p><span class=\"selected\">R: Utilizamos um m\u00e9todo de pulveriza\u00e7\u00e3o de fluxo de ar a baixa temperatura. Esta t\u00e9cnica avan\u00e7ada quebra eficazmente a parede celular sem utilizar calor excessivo, preservando os nutrientes delicados e sens\u00edveis ao calor no p\u00f3len.<\/span><\/p>\n<p><strong><span class=\"selected\">Q: Posso obter uma amostra para an\u00e1lise?<\/span><\/strong><\/p>\n<p><span class=\"selected\">R: Sim, fornecemos amostras a empresas qualificadas para efeitos de formula\u00e7\u00e3o e I&amp;D. Utilize o formul\u00e1rio de pedido abaixo para contactar a nossa equipa.<\/span><\/p>\n<p><strong><span class=\"selected\">Q: Qual \u00e9 a vossa quantidade m\u00ednima de encomenda (MOQ)?<\/span><\/strong><\/p>\n<p><span class=\"selected\">R: O nosso MOQ padr\u00e3o \u00e9 25kg. Para quest\u00f5es de quantidade \u00e0 escala piloto ou de I&amp;D, contacte-nos para discutir as suas necessidades espec\u00edficas.<\/span><\/p>","protected":false},"excerpt":{"rendered":"<ul>\n<li><strong><span class=\"selected\">Produto:<\/span><\/strong><span class=\"selected\"> P\u00f3len de pinheiro em p\u00f3 com paredes celulares quebradas<\/span><\/li>\n<li><strong><span class=\"selected\">Especifica\u00e7\u00e3o:<\/span><\/strong><span class=\"selected\"> &gt;98% Taxa de rutura da parede celular, 100% Passagem 80 Mesh<\/span><\/li>\n<li><strong><span class=\"selected\">Fonte:<\/span><\/strong><span class=\"selected\"> P\u00f3len de Pinus massoniana colhido em estado selvagem.<\/span><\/li>\n<li><strong><span class=\"selected\">Formato:<\/span><\/strong><span class=\"selected\"> P\u00f3 fino, amarelo claro, com excelente fluidez.<\/span><\/li>\n<li><strong><span class=\"selected\">Aplica\u00e7\u00f5es:<\/span><\/strong><span class=\"selected\"> Ideal para suplementos alimentares (c\u00e1psulas, comprimidos, p\u00f3s), alimentos funcionais e misturas nutrac\u00eauticas.<\/span><\/li>\n<li><strong><span class=\"selected\">Principais vantagens:<\/span><\/strong><span class=\"selected\"> Alta pureza, digestibilidade melhorada, n\u00e3o OGM e n\u00e3o irradiado. Dispon\u00edvel diretamente do fabricante para uma qualidade consistente.<\/span><\/li>\n<\/ul>","protected":false},"featured_media":2613,"comment_status":"open","ping_status":"closed","template":"","meta":{"_acf_changed":false},"product_brand":[],"product_cat":[15],"product_tag":[],"class_list":{"0":"post-2612","1":"product","2":"type-product","3":"status-publish","4":"has-post-thumbnail","6":"product_cat-dietary-supplements","8":"first","9":"instock","10":"shipping-taxable","11":"product-type-simple"},"acf":[],"_links":{"self":[{"href":"https:\/\/bstextract.com\/pt\/wp-json\/wp\/v2\/product\/2612","targetHints":{"allow":["GET"]}}],"collection":[{"href":"https:\/\/bstextract.com\/pt\/wp-json\/wp\/v2\/product"}],"about":[{"href":"https:\/\/bstextract.com\/pt\/wp-json\/wp\/v2\/types\/product"}],"replies":[{"embeddable":true,"href":"https:\/\/bstextract.com\/pt\/wp-json\/wp\/v2\/comments?post=2612"}],"wp:featuredmedia":[{"embeddable":true,"href":"https:\/\/bstextract.com\/pt\/wp-json\/wp\/v2\/media\/2613"}],"wp:attachment":[{"href":"https:\/\/bstextract.com\/pt\/wp-json\/wp\/v2\/media?parent=2612"}],"wp:term":[{"taxonomy":"product_brand","embeddable":true,"href":"https:\/\/bstextract.com\/pt\/wp-json\/wp\/v2\/product_brand?post=2612"},{"taxonomy":"product_cat","embeddable":true,"href":"https:\/\/bstextract.com\/pt\/wp-json\/wp\/v2\/product_cat?post=2612"},{"taxonomy":"product_tag","embeddable":true,"href":"https:\/\/bstextract.com\/pt\/wp-json\/wp\/v2\/product_tag?post=2612"}],"curies":[{"name":"wp","href":"https:\/\/api.w.org\/{rel}","templated":true}]}}