{"id":2740,"date":"2025-08-27T08:45:30","date_gmt":"2025-08-27T08:45:30","guid":{"rendered":"https:\/\/bstextract.com\/?post_type=product&#038;p=2740"},"modified":"2025-08-27T08:45:30","modified_gmt":"2025-08-27T08:45:30","slug":"ficocianina-e25-em-po-extrato-de-espirulina","status":"publish","type":"product","link":"https:\/\/bstextract.com\/pt\/produto\/ficocianina-e25-em-po-extrato-de-espirulina\/","title":{"rendered":"Ficocianina E25 em p\u00f3"},"content":{"rendered":"<h2><strong><span class=\"selected\">Vis\u00e3o geral do produto<\/span><\/strong><\/h2>\n<p><span class=\"selected\">A ficocianina E25 \u00e9 um corante natural azul de elevada pureza, sol\u00favel em \u00e1gua, extra\u00eddo de <\/span><em><span class=\"selected\">Arthrospira platensis<\/span><\/em><span class=\"selected\"> (Spirulina). Como uma ficobiliprote\u00edna, oferece uma tonalidade azul brilhante e vibrante, tornando-a a principal alternativa de r\u00f3tulo limpo aos corantes sint\u00e9ticos, como o FD&amp;C Blue No. 1. Este grau, padronizado para um valor de cor (E1% 618nm em \u00e1gua destilada) superior a 250, foi especificamente concebido para um desempenho robusto numa vasta gama de aplica\u00e7\u00f5es em alimentos, bebidas e nutrac\u00eauticos. O nosso processo avan\u00e7ado de extra\u00e7\u00e3o e purifica\u00e7\u00e3o aquosa assegura um produto de qualidade e consist\u00eancia excepcionais.<\/span><\/p>\n<p><strong><span class=\"selected\">Vantagens exclusivas:<\/span><\/strong><\/p>\n<ul>\n<li><strong><span class=\"selected\">Cor vibrante e est\u00e1vel:<\/span><\/strong><span class=\"selected\"> Proporciona uma tonalidade azul-celeste consistente e brilhante, perfeita para criar produtos com r\u00f3tulos limpos e visualmente apelativos.<\/span><\/li>\n<li><strong><span class=\"selected\">Pureza e clareza excepcionais:<\/span><\/strong><span class=\"selected\"> Com um r\u00e1cio de pureza A620\/A280 tipicamente superior a 2,0, a nossa ficocianina assegura um m\u00ednimo de sabores estranhos e uma excelente clareza nas formula\u00e7\u00f5es l\u00edquidas.<\/span><\/li>\n<li><strong><span class=\"selected\">Solubilidade superior:<\/span><\/strong><span class=\"selected\"> O p\u00f3 fino de 80 mesh dispersa-se r\u00e1pida e completamente em sistemas aquosos sem se aglomerar, simplificando o processo de fabrico.<\/span><\/li>\n<li><strong><span class=\"selected\">Fornecimento rastre\u00e1vel e consistente:<\/span><\/strong><span class=\"selected\"> Dispon\u00edvel diretamente do fabricante para uma qualidade fi\u00e1vel, pre\u00e7os est\u00e1veis e consist\u00eancia de lote para lote.<\/span><\/li>\n<\/ul>\n<h2><strong><span class=\"selected\">Principais par\u00e2metros t\u00e9cnicos<\/span><\/strong><\/h2>\n<p><span class=\"selected\">Esta folha de especifica\u00e7\u00f5es pormenoriza os padr\u00f5es de qualidade do nosso p\u00f3 de Ficocianina E25. Cada lote \u00e9 rigorosamente testado para garantir que cumpre ou excede estes par\u00e2metros.<\/span><\/p>\n<table>\n<tbody>\n<tr>\n<th><span class=\"selected\">Par\u00e2metro<\/span><\/th>\n<th><span class=\"selected\">Padr\u00e3o<\/span><\/th>\n<th><span class=\"selected\">Resultados t\u00edpicos<\/span><\/th>\n<th><span class=\"selected\">M\u00e9todo<\/span><\/th>\n<\/tr>\n<tr>\n<td><strong><span class=\"selected\">Apar\u00eancia<\/span><\/strong><\/td>\n<td><span class=\"selected\">P\u00f3 azul fino<\/span><\/td>\n<td><span class=\"selected\">Conformidade<\/span><\/td>\n<td><span class=\"selected\">Visual<\/span><\/td>\n<\/tr>\n<tr>\n<td><strong><span class=\"selected\">Valor da cor (E1% a 618nm)<\/span><\/strong><\/td>\n<td><span class=\"selected\">\u2265250<\/span><\/td>\n<td><span class=\"selected\">255-270<\/span><\/td>\n<td><span class=\"selected\">UV-Vis<\/span><\/td>\n<\/tr>\n<tr>\n<td><strong><span class=\"selected\">R\u00e1cio de pureza (A620nm\/A280nm)<\/span><\/strong><\/td>\n<td><span class=\"selected\">\u22652.0<\/span><\/td>\n<td><span class=\"selected\">2.0 &#8211; 3.0<\/span><\/td>\n<td><span class=\"selected\">UV-Vis<\/span><\/td>\n<\/tr>\n<tr>\n<td><strong><span class=\"selected\">Ensaio de prote\u00ednas<\/span><\/strong><\/td>\n<td><span class=\"selected\">\u226555%<\/span><\/td>\n<td><span class=\"selected\">~60%<\/span><\/td>\n<td><span class=\"selected\">Kjeldahl<\/span><\/td>\n<\/tr>\n<tr>\n<td><strong><span class=\"selected\">Tamanho da malha<\/span><\/strong><\/td>\n<td><span class=\"selected\">100% pass 80 Mesh<\/span><\/td>\n<td><span class=\"selected\">Conformidade<\/span><\/td>\n<td><span class=\"selected\">CP2015<\/span><\/td>\n<\/tr>\n<tr>\n<td><strong><span class=\"selected\">pH (1g em 100mL de \u00e1gua)<\/span><\/strong><\/td>\n<td><span class=\"selected\">5.0 &#8211; 7.0<\/span><\/td>\n<td><span class=\"selected\">Conformidade<\/span><\/td>\n<td><span class=\"selected\">Potenciom\u00e9trico<\/span><\/td>\n<\/tr>\n<tr>\n<td><strong><span class=\"selected\">Solubilidade<\/span><\/strong><\/td>\n<td><span class=\"selected\">Excelente na \u00e1gua<\/span><\/td>\n<td><span class=\"selected\">Conformidade<\/span><\/td>\n<td><span class=\"selected\">Visual<\/span><\/td>\n<\/tr>\n<tr>\n<td><strong><span class=\"selected\">Perda na secagem<\/span><\/strong><\/td>\n<td><span class=\"selected\">\u22648.0%<\/span><\/td>\n<td><span class=\"selected\">&lt;5.0%<\/span><\/td>\n<td><span class=\"selected\">CP2015<\/span><\/td>\n<\/tr>\n<tr>\n<td><strong><span class=\"selected\">Conte\u00fado de cinzas<\/span><\/strong><\/td>\n<td><span class=\"selected\">\u22645.0%<\/span><\/td>\n<td><span class=\"selected\">&lt;2,0%<\/span><\/td>\n<td><span class=\"selected\">CP2015<\/span><\/td>\n<\/tr>\n<tr>\n<td><strong><span class=\"selected\">Chumbo (Pb)<\/span><\/strong><\/td>\n<td><span class=\"selected\">\u22642,0 ppm<\/span><\/td>\n<td><span class=\"selected\">Qualificado<\/span><\/td>\n<td><span class=\"selected\">GB\/T 5009.12<\/span><\/td>\n<\/tr>\n<tr>\n<td><strong><span class=\"selected\">Ars\u00e9nio (As)<\/span><\/strong><\/td>\n<td><span class=\"selected\">\u22642,0 ppm<\/span><\/td>\n<td><span class=\"selected\">Qualificado<\/span><\/td>\n<td><span class=\"selected\">GB\/T 5009.11<\/span><\/td>\n<\/tr>\n<tr>\n<td><strong><span class=\"selected\">Contagem total de placas<\/span><\/strong><\/td>\n<td><span class=\"selected\">\u22641000 ufc\/g<\/span><\/td>\n<td><span class=\"selected\">&lt;100 ufc\/g<\/span><\/td>\n<td><span class=\"selected\">AOAC 990.12<\/span><\/td>\n<\/tr>\n<tr>\n<td><strong><span class=\"selected\">Leveduras e bolores<\/span><\/strong><\/td>\n<td><span class=\"selected\">\u2264100 ufc\/g<\/span><\/td>\n<td><span class=\"selected\">&lt;25 ufc\/g<\/span><\/td>\n<td><span class=\"selected\">AOAC 997.02<\/span><\/td>\n<\/tr>\n<tr>\n<td><strong><span class=\"selected\">E. coli<\/span><\/strong><\/td>\n<td><span class=\"selected\">Negativo<\/span><\/td>\n<td><span class=\"selected\">Negativo<\/span><\/td>\n<td><span class=\"selected\">AOAC 2001.05<\/span><\/td>\n<\/tr>\n<tr>\n<td><strong><span class=\"selected\">Salmonela<\/span><\/strong><\/td>\n<td><span class=\"selected\">Negativo<\/span><\/td>\n<td><span class=\"selected\">Negativo<\/span><\/td>\n<td><span class=\"selected\">AOAC 990.12<\/span><\/td>\n<\/tr>\n<tr>\n<td><strong><span class=\"selected\">Res\u00edduo de solvente<\/span><\/strong><\/td>\n<td><span class=\"selected\">Cumpre a USP<\/span><\/td>\n<td><span class=\"selected\">Conformidade<\/span><\/td>\n<td><span class=\"selected\">GC-HS<\/span><\/td>\n<\/tr>\n<tr>\n<td><strong><span class=\"selected\">Estado geral<\/span><\/strong><\/td>\n<td><span class=\"selected\">N\u00e3o-GMO, N\u00e3o-Irradiado, Sem Gl\u00faten<\/span><\/td>\n<td><\/td>\n<td><\/td>\n<\/tr>\n<\/tbody>\n<\/table>\n<h2><strong><span class=\"selected\">Qualidade e documenta\u00e7\u00e3o<\/span><\/strong><\/h2>\n<p><span class=\"selected\">Como fabricante dedicado de ficocianina, aderimos aos mais rigorosos sistemas de gest\u00e3o de qualidade, operando em instala\u00e7\u00f5es com certifica\u00e7\u00e3o GMP e ISO 22000. O nosso processo de controlo de qualidade come\u00e7a com a sele\u00e7\u00e3o cuidadosa da espirulina em bruto e estende-se por todas as fases de extra\u00e7\u00e3o, purifica\u00e7\u00e3o e secagem.<\/span><\/p>\n<p><strong><span class=\"selected\">Consist\u00eancia de lote para lote:<\/span><\/strong><span class=\"selected\"> Utilizamos an\u00e1lises espectrofotom\u00e9tricas avan\u00e7adas para garantir que o valor da cor e a pureza de cada lote se situam num intervalo de especifica\u00e7\u00e3o rigoroso. Isto assegura que o seu produto final mant\u00e9m um aspeto consistente, execu\u00e7\u00e3o ap\u00f3s execu\u00e7\u00e3o.<\/span><\/p>\n<p><strong><span class=\"selected\">Documenta\u00e7\u00e3o dispon\u00edvel de um fornecedor global:<\/span><\/strong><span class=\"selected\"> Para apoiar as suas necessidades de garantia de qualidade e regulamentares, fornecemos um pacote de documentos abrangente para cada remessa:<\/span><\/p>\n<ul>\n<li><span class=\"selected\">Certificado de an\u00e1lise (COA) espec\u00edfico do lote<\/span><\/li>\n<li><span class=\"selected\">Ficha de dados de seguran\u00e7a do material (MSDS)<\/span><\/li>\n<li><span class=\"selected\">Declara\u00e7\u00e3o exaustiva de alerg\u00e9nios<\/span><\/li>\n<li><span class=\"selected\">Certificado de n\u00e3o-OGM e n\u00e3o-irradia\u00e7\u00e3o<\/span><\/li>\n<li><span class=\"selected\">Certificados Kosher e Halal<\/span><\/li>\n<\/ul>\n<h2><strong><span class=\"selected\">Aplica\u00e7\u00f5es e Orienta\u00e7\u00e3o de Formula\u00e7\u00e3o<\/span><\/strong><\/h2>\n<p><span class=\"selected\">A Ficocianina E25 \u00e9 altamente vers\u00e1til. A nossa equipa t\u00e9cnica recomenda os seguintes n\u00edveis de utiliza\u00e7\u00e3o como ponto de partida para o desenvolvimento de formula\u00e7\u00f5es.<\/span><\/p>\n<ul>\n<li><strong><span class=\"selected\">Bebidas (pH 4,5-8,0):<\/span><\/strong><span class=\"selected\"> Ideal para bebidas funcionais, leites \u00e0 base de plantas e p\u00f3s de nutri\u00e7\u00e3o desportiva. Dosagem recomendada: 0,05% - 0,2%. Para bebidas \u00e1cidas com pH inferior a 4,5, recomendamos a consulta de solu\u00e7\u00f5es de estabilidade.<\/span><\/li>\n<li><strong><span class=\"selected\">Confeitaria (gomas, rebu\u00e7ados em lata):<\/span><\/strong><span class=\"selected\"> Proporciona uma cor azul brilhante est\u00e1vel \u00e0s temperaturas de processamento t\u00edpicas das gomas. Dosagem recomendada: 0.2% - 0.5%.<\/span><\/li>\n<li><strong><span class=\"selected\">Sobremesas l\u00e1cteas e congeladas:<\/span><\/strong><span class=\"selected\"> Excelente para iogurtes, gelados e alternativas sem leite. O perfil de sabor neutro n\u00e3o interfere com o sabor do produto. Dosagem recomendada: 0,1% - 0,3%.<\/span><\/li>\n<li><strong><span class=\"selected\">Suplementos alimentares:<\/span><\/strong><span class=\"selected\"> Utilizado como corante natural e ingrediente funcional em c\u00e1psulas, comprimidos (compress\u00e3o direta) e misturas em p\u00f3.<\/span><\/li>\n<\/ul>\n<h2><strong><span class=\"selected\">Estabilidade e armazenamento<\/span><\/strong><\/h2>\n<p><span class=\"selected\">Compreender o perfil de estabilidade da Ficocianina \u00e9 fundamental para uma formula\u00e7\u00e3o bem sucedida.<\/span><\/p>\n<ul>\n<li><strong><span class=\"selected\">Estabilidade do pH:<\/span><\/strong><span class=\"selected\"> A ficocianina \u00e9 mais est\u00e1vel no intervalo de pH de 4,5 a 8,0. Abaixo desta gama, pode ocorrer precipita\u00e7\u00e3o, enquanto que acima desta, a degrada\u00e7\u00e3o da cor pode acelerar.<\/span><\/li>\n<li><strong><span class=\"selected\">Estabilidade t\u00e9rmica:<\/span><\/strong><span class=\"selected\"> A cor pode suportar tratamentos t\u00e9rmicos de curta dura\u00e7\u00e3o como a pasteuriza\u00e7\u00e3o (por exemplo, 75\u00b0C durante 30 segundos) com um impacto m\u00ednimo. A exposi\u00e7\u00e3o prolongada a altas temperaturas deve ser evitada.<\/span><\/li>\n<li><strong><span class=\"selected\">Estabilidade da luz:<\/span><\/strong><span class=\"selected\"> Tal como acontece com a maioria das cores naturais, a exposi\u00e7\u00e3o \u00e0 luz UV pode causar desvanecimento ao longo do tempo. Recomendamos vivamente a utiliza\u00e7\u00e3o de embalagens opacas ou com prote\u00e7\u00e3o UV para o produto final, de modo a garantir um prazo de validade ideal.<\/span><\/li>\n<li><strong><span class=\"selected\">Armazenamento recomendado:<\/span><\/strong><span class=\"selected\"> Conservar em local fresco e seco (abaixo de 20\u00b0C), ao abrigo da luz direta e da humidade. Manter os recipientes bem fechados. O prazo de validade \u00e9 de 24 meses nestas condi\u00e7\u00f5es.<\/span><\/li>\n<\/ul>\n<h2><strong><span class=\"selected\">Seguran\u00e7a e conformidade<\/span><\/strong><\/h2>\n<ul>\n<li><strong><span class=\"selected\">Estado regulamentar:<\/span><\/strong><span class=\"selected\"> A ficocianina da Spirulina \u00e9 aprovada para utiliza\u00e7\u00e3o como aditivo corante em v\u00e1rias regi\u00f5es.<\/span>\n<ul>\n<li><strong><span class=\"selected\">EUA:<\/span><\/strong><span class=\"selected\"> Referido como \"Extrato de Spirulina\", est\u00e1 isento de certifica\u00e7\u00e3o de acordo com 21 CFR 73.530.<\/span><\/li>\n<li><strong><span class=\"selected\">UE:<\/span><\/strong><span class=\"selected\"> Aprovado como \"Concentrado de Spirulina\" ou \"Extrato de Spirulina\" e \u00e9 classificado como um alimento com corante.<\/span><\/li>\n<\/ul>\n<\/li>\n<li><strong><span class=\"selected\">Recomenda\u00e7\u00e3o de rotulagem:<\/span><\/strong><span class=\"selected\"> Recomendamos a rotulagem como \"Extrato de Spirulina (para cor)\" ou \"Cor Natural (de Spirulina)\", dependendo dos regulamentos locais.<\/span><\/li>\n<\/ul>\n<p><img fetchpriority=\"high\" decoding=\"async\" class=\"aligncenter size-full wp-image-2739\" src=\"https:\/\/bstextract.com\/wp-content\/uploads\/2025\/08\/5.webp\" alt=\"\" width=\"800\" height=\"800\" title=\"\" srcset=\"https:\/\/bstextract.com\/wp-content\/uploads\/2025\/08\/5.webp 800w, https:\/\/bstextract.com\/wp-content\/uploads\/2025\/08\/5-300x300.webp 300w, https:\/\/bstextract.com\/wp-content\/uploads\/2025\/08\/5-150x150.webp 150w, https:\/\/bstextract.com\/wp-content\/uploads\/2025\/08\/5-768x768.webp 768w, https:\/\/bstextract.com\/wp-content\/uploads\/2025\/08\/5-12x12.webp 12w, https:\/\/bstextract.com\/wp-content\/uploads\/2025\/08\/5-600x600.webp 600w, https:\/\/bstextract.com\/wp-content\/uploads\/2025\/08\/5-100x100.webp 100w\" sizes=\"(max-width: 800px) 100vw, 800px\" \/><\/p>\n<h2><strong><span class=\"selected\">Perguntas frequentes (FAQ)<\/span><\/strong><\/h2>\n<p><strong><span class=\"selected\">Q1: Qual \u00e9 a principal diferen\u00e7a entre os graus de ficocianina como E18, E25 e E40?<\/span><\/strong><\/p>\n<p><span class=\"selected\">A1: O n\u00famero \"E\" refere-se ao valor da cor, ou intensidade da cor. O E40 \u00e9 o mais concentrado e fornece a cor azul mais forte, enquanto o E18 \u00e9 menos concentrado. O E25 oferece uma cor forte com um excelente equil\u00edbrio entre desempenho e custo de utiliza\u00e7\u00e3o, tornando-o o nosso tipo mais popular para aplica\u00e7\u00f5es em alimentos e bebidas.<\/span><\/p>\n<p><strong><span class=\"selected\">Q2: Qual \u00e9 a dosagem recomendada para Phycocyanin?<\/span><\/strong><\/p>\n<p><span class=\"selected\">A2: A dosagem depende da aplica\u00e7\u00e3o e da tonalidade desejada. Um ponto de partida geral \u00e9 de 0,05% a 0,5% do peso do produto final. Recomendamos que comece com um pequeno teste de bancada para encontrar o n\u00edvel perfeito para o seu produto.<\/span><\/p>\n<p><strong><span class=\"selected\">Q3: Como devo rotular a Ficocianina na minha lista de ingredientes?<\/span><\/strong><\/p>\n<p><span class=\"selected\">A3: A rotulagem mais comum e conforme \u00e9 \"Extrato de Spirulina (para cor)\" ou simplesmente \"Extrato de Spirulina\". Verifique sempre os regulamentos espec\u00edficos de rotulagem de alimentos do seu mercado local.<\/span><\/p>\n<p><strong><span class=\"selected\">Q4: Fornecem diretamente da f\u00e1brica?<\/span><\/strong><\/p>\n<p><span class=\"selected\">A4: Sim, somos o fabricante e exportador original de Ficocianina. Isto assegura a rastreabilidade total desde a mat\u00e9ria-prima at\u00e9 ao p\u00f3 acabado e permite-nos oferecer uma cadeia de fornecimento est\u00e1vel e direta.<\/span><\/p>\n<p><strong><span class=\"selected\">Q5: Qual \u00e9 a vossa quantidade m\u00ednima de encomenda (MOQ)?<\/span><\/strong><\/p>\n<p><span class=\"selected\">A5: O nosso MOQ padr\u00e3o para este tipo \u00e9 de 25kg. No entanto, apoiamos a I&amp;D dos nossos clientes com quantidades de teste mais pequenas. Por favor, contacte-nos para saber as necessidades do seu projeto.<\/span><\/p>","protected":false},"excerpt":{"rendered":"<ul>\n<li><b>Ficocianina E25 em p\u00f3 (valor de cor &gt;250)<\/b><\/li>\n<li><b>Fonte:<\/b> Premium, extra\u00eddo com \u00e1gua <i>Arthrospira platensis<\/i> (Spirulina).<\/li>\n<li><b>Formato:<\/b> P\u00f3 fino azul vibrante, de 80 mesh, com excelente solubilidade em \u00e1gua.<\/li>\n<li><b>Utiliza\u00e7\u00e3o principal:<\/b> Corante azul natural para bebidas, produtos de confeitaria (gomas), lactic\u00ednios e suplementos.<\/li>\n<li><b>Principais vantagens:<\/b> Elevada pureza (A620\/A280 &gt; 2.0), intensidade de cor consistente e fornecimento est\u00e1vel diretamente do fabricante.<\/li>\n<\/ul>","protected":false},"featured_media":2736,"comment_status":"open","ping_status":"closed","template":"","meta":{"_acf_changed":false},"product_brand":[],"product_cat":[20],"product_tag":[],"class_list":{"0":"post-2740","1":"product","2":"type-product","3":"status-publish","4":"has-post-thumbnail","6":"product_cat-superfoods-fruit-vegetable-powder","8":"first","9":"instock","10":"shipping-taxable","11":"product-type-simple"},"acf":[],"_links":{"self":[{"href":"https:\/\/bstextract.com\/pt\/wp-json\/wp\/v2\/product\/2740","targetHints":{"allow":["GET"]}}],"collection":[{"href":"https:\/\/bstextract.com\/pt\/wp-json\/wp\/v2\/product"}],"about":[{"href":"https:\/\/bstextract.com\/pt\/wp-json\/wp\/v2\/types\/product"}],"replies":[{"embeddable":true,"href":"https:\/\/bstextract.com\/pt\/wp-json\/wp\/v2\/comments?post=2740"}],"wp:featuredmedia":[{"embeddable":true,"href":"https:\/\/bstextract.com\/pt\/wp-json\/wp\/v2\/media\/2736"}],"wp:attachment":[{"href":"https:\/\/bstextract.com\/pt\/wp-json\/wp\/v2\/media?parent=2740"}],"wp:term":[{"taxonomy":"product_brand","embeddable":true,"href":"https:\/\/bstextract.com\/pt\/wp-json\/wp\/v2\/product_brand?post=2740"},{"taxonomy":"product_cat","embeddable":true,"href":"https:\/\/bstextract.com\/pt\/wp-json\/wp\/v2\/product_cat?post=2740"},{"taxonomy":"product_tag","embeddable":true,"href":"https:\/\/bstextract.com\/pt\/wp-json\/wp\/v2\/product_tag?post=2740"}],"curies":[{"name":"wp","href":"https:\/\/api.w.org\/{rel}","templated":true}]}}