{"id":2776,"date":"2025-09-02T06:31:08","date_gmt":"2025-09-02T06:31:08","guid":{"rendered":"https:\/\/bstextract.com\/?post_type=product&#038;p=2776"},"modified":"2025-09-16T03:48:18","modified_gmt":"2025-09-16T03:48:18","slug":"extrato-de-gingerol-em-po-hplc","status":"publish","type":"product","link":"https:\/\/bstextract.com\/pt\/produto\/extrato-de-gingerol-em-po-hplc\/","title":{"rendered":"Gingerol em p\u00f3"},"content":{"rendered":"<h2><span class=\"selected\">Vis\u00e3o geral do produto<\/span><\/h2>\n<p><span class=\"selected\">O nosso Gingerol em p\u00f3 \u00e9 um extrato de qualidade superior derivado do rizoma de <\/span><em><span class=\"selected\">Zingiber officinale<\/span><\/em><span class=\"selected\">. Este p\u00f3 fino e amarelo \u00e9 meticulosamente processado para concentrar os compostos bioactivos prim\u00e1rios, os ginger\u00f3is, garantindo uma pot\u00eancia e um desempenho consistentes nas suas f\u00f3rmulas. Utilizando m\u00e9todos avan\u00e7ados de teste HPLC, fornecemos um ingrediente fi\u00e1vel e de elevada pureza normalizado para conter ginger\u00f3is 1% a 20%, tornando-o uma escolha ideal para suplementos diet\u00e9ticos, alimentos funcionais e aplica\u00e7\u00f5es cosm\u00e9ticas.<\/span><\/p>\n<p><span class=\"selected\">Enquanto empresa verticalmente integrada <\/span><strong><span class=\"selected\">fabricante<\/span><\/strong><span class=\"selected\">A nossa empresa controla todo o processo, desde o aprovisionamento at\u00e9 \u00e0 extra\u00e7\u00e3o, garantindo um produto que cumpre as mais rigorosas normas de qualidade e seguran\u00e7a.<\/span><\/p>\n<ul>\n<li><strong><span class=\"selected\">Alta pureza e pot\u00eancia:<\/span><\/strong><span class=\"selected\"> Concentra\u00e7\u00f5es normalizadas que variam entre 1% e 20% Gingerols, verificadas com precis\u00e3o por Cromatografia L\u00edquida de Alto Desempenho (HPLC) para uma quantifica\u00e7\u00e3o exacta e uma efic\u00e1cia fi\u00e1vel.<\/span><\/li>\n<li><strong><span class=\"selected\">Excelente capacidade de fabrico:<\/span><\/strong><span class=\"selected\"> Um p\u00f3 fino (100% passa a 80 mesh) com uma fluidez superior, concebido para uma integra\u00e7\u00e3o perfeita em processos de encapsulamento de alta velocidade, de forma\u00e7\u00e3o de comprimidos e de mistura de p\u00f3s.<\/span><\/li>\n<li><strong><span class=\"selected\">Perfil de seguran\u00e7a global:<\/span><\/strong><span class=\"selected\"> Rigorosamente testado para metais pesados, pesticidas e contaminantes microbianos, assegurando a total conformidade com os requisitos da USP e as normas globais de seguran\u00e7a alimentar.<\/span><\/li>\n<li><strong><span class=\"selected\">Adequado para r\u00f3tulos limpos:<\/span><\/strong><span class=\"selected\"> Certificado como N\u00e3o-GMO e N\u00e3o-Irradiado, o que o torna o ingrediente perfeito para formula\u00e7\u00f5es de produtos naturais e de r\u00f3tulo limpo.<\/span><\/li>\n<li><strong><span class=\"selected\">Fornecimento direto da f\u00e1brica:<\/span><\/strong><span class=\"selected\"> Dispon\u00edvel diretamente a partir do original <\/span><strong><span class=\"selected\">fabricante<\/span><\/strong><span class=\"selected\"> e <\/span><strong><span class=\"selected\">exportador<\/span><\/strong><span class=\"selected\">A nossa empresa \u00e9 uma empresa de servi\u00e7os, que assegura uma rastreabilidade completa, uma qualidade consistente e uma cadeia de fornecimento est\u00e1vel e fi\u00e1vel para os nossos parceiros globais.<\/span><\/li>\n<\/ul>\n<h2><span class=\"selected\">Principais especifica\u00e7\u00f5es t\u00e9cnicas<\/span><\/h2>\n<p><span class=\"selected\">Esta tabela representa as especifica\u00e7\u00f5es t\u00edpicas do nosso grau de HPLC Gingerol 5%. As especifica\u00e7\u00f5es para outras concentra\u00e7\u00f5es (1%, 10%, 15%, 20%) est\u00e3o dispon\u00edveis mediante pedido.<\/span><\/p>\n<table>\n<tbody>\n<tr>\n<th><span class=\"selected\">Par\u00e2metro<\/span><\/th>\n<th><span class=\"selected\">Especifica\u00e7\u00e3o<\/span><\/th>\n<th><span class=\"selected\">M\u00e9todo<\/span><\/th>\n<\/tr>\n<tr>\n<td><strong><span class=\"selected\">Ingrediente ativo<\/span><\/strong><\/td>\n<td><span class=\"selected\">\u22651%, 5%, 10%, 15%, 20% Gengibres<\/span><\/td>\n<td><span class=\"selected\">HPLC<\/span><\/td>\n<\/tr>\n<tr>\n<td><strong><span class=\"selected\">Apar\u00eancia<\/span><\/strong><\/td>\n<td><span class=\"selected\">P\u00f3 fino amarelo<\/span><\/td>\n<td><span class=\"selected\">Visual<\/span><\/td>\n<\/tr>\n<tr>\n<td><strong><span class=\"selected\">Tamanho da malha<\/span><\/strong><\/td>\n<td><span class=\"selected\">100% Pass 80 Mesh<\/span><\/td>\n<td><span class=\"selected\">Peneira\u00e7\u00e3o<\/span><\/td>\n<\/tr>\n<tr>\n<td><strong><span class=\"selected\">Perda na secagem<\/span><\/strong><\/td>\n<td><span class=\"selected\">\u22645.0%<\/span><\/td>\n<td><span class=\"selected\">USP<\/span><\/td>\n<\/tr>\n<tr>\n<td><strong><span class=\"selected\">Res\u00edduos na igni\u00e7\u00e3o<\/span><\/strong><\/td>\n<td><span class=\"selected\">\u22645.0%<\/span><\/td>\n<td><span class=\"selected\">USP<\/span><\/td>\n<\/tr>\n<tr>\n<td><strong><span class=\"selected\">Metais pesados<\/span><\/strong><\/td>\n<td><span class=\"selected\">\u226410ppm<\/span><\/td>\n<td><span class=\"selected\">ICP-MS<\/span><\/td>\n<\/tr>\n<tr>\n<td><span class=\"selected\">- Chumbo (Pb)<\/span><\/td>\n<td><span class=\"selected\">\u22643ppm<\/span><\/td>\n<td><span class=\"selected\">ICP-MS<\/span><\/td>\n<\/tr>\n<tr>\n<td><span class=\"selected\">- Ars\u00e9nio (As)<\/span><\/td>\n<td><span class=\"selected\">\u22642ppm<\/span><\/td>\n<td><span class=\"selected\">ICP-MS<\/span><\/td>\n<\/tr>\n<tr>\n<td><span class=\"selected\">- C\u00e1dmio (Cd)<\/span><\/td>\n<td><span class=\"selected\">\u22641ppm<\/span><\/td>\n<td><span class=\"selected\">ICP-MS<\/span><\/td>\n<\/tr>\n<tr>\n<td><span class=\"selected\">- Merc\u00fario (Hg)<\/span><\/td>\n<td><span class=\"selected\">\u22640,1ppm<\/span><\/td>\n<td><span class=\"selected\">ICP-MS<\/span><\/td>\n<\/tr>\n<tr>\n<td><strong><span class=\"selected\">Res\u00edduos de pesticidas<\/span><\/strong><\/td>\n<td><span class=\"selected\">Cumpre os requisitos da USP<\/span><\/td>\n<td><span class=\"selected\">GC-MS\/LC-MS<\/span><\/td>\n<\/tr>\n<tr>\n<td><strong><span class=\"selected\">Microbiol\u00f3gico<\/span><\/strong><\/td>\n<td><\/td>\n<td><\/td>\n<\/tr>\n<tr>\n<td><span class=\"selected\">- Contagem total de placas<\/span><\/td>\n<td><span class=\"selected\">\u22641000 ufc\/g<\/span><\/td>\n<td><span class=\"selected\">USP<\/span><\/td>\n<\/tr>\n<tr>\n<td><span class=\"selected\">- Leveduras e bolores<\/span><\/td>\n<td><span class=\"selected\">\u2264100 ufc\/g<\/span><\/td>\n<td><span class=\"selected\">USP<\/span><\/td>\n<\/tr>\n<tr>\n<td><span class=\"selected\">- E. Coli<\/span><\/td>\n<td><span class=\"selected\">Negativo<\/span><\/td>\n<td><span class=\"selected\">USP<\/span><\/td>\n<\/tr>\n<tr>\n<td><span class=\"selected\">- Salmonela<\/span><\/td>\n<td><span class=\"selected\">Negativo<\/span><\/td>\n<td><span class=\"selected\">USP<\/span><\/td>\n<\/tr>\n<tr>\n<td><strong><span class=\"selected\">Estado geral<\/span><\/strong><\/td>\n<td><\/td>\n<td><\/td>\n<\/tr>\n<tr>\n<td><span class=\"selected\">- Estatuto dos OGM<\/span><\/td>\n<td><span class=\"selected\">N\u00e3o-OGM<\/span><\/td>\n<td><\/td>\n<\/tr>\n<tr>\n<td><span class=\"selected\">- Irradia\u00e7\u00e3o<\/span><\/td>\n<td><span class=\"selected\">N\u00e3o irradiado<\/span><\/td>\n<td><\/td>\n<\/tr>\n<\/tbody>\n<\/table>\n<h2><span class=\"selected\">Testes e garantia de qualidade<\/span><\/h2>\n<p><span class=\"selected\">A qualidade n\u00e3o \u00e9 apenas um padr\u00e3o, \u00e9 o nosso compromisso. Utilizamos exclusivamente <\/span><strong><span class=\"selected\">HPLC<\/span><\/strong><span class=\"selected\"> para a an\u00e1lise de ginger\u00f3is. Ao contr\u00e1rio dos m\u00e9todos UV-Vis menos precisos, a HPLC separa e quantifica compostos espec\u00edficos de gingerol e shogaol, fornecendo-lhe uma medida precisa e fi\u00e1vel da pot\u00eancia. Isto assegura que o material que recebe tem um desempenho consistente, lote ap\u00f3s lote.<\/span><\/p>\n<p><span class=\"selected\">Mediante pedido, fornecemos um pacote de documenta\u00e7\u00e3o completo para cada encomenda, incluindo:<\/span><\/p>\n<ul>\n<li><a href=\"https:\/\/bstextract.com\/wp-content\/uploads\/2025\/09\/Gingerol-Powder-COA.pdf\">Gingerol em p\u00f3 COA<\/a><\/li>\n<li><span class=\"selected\">Ficha de dados de seguran\u00e7a do material (MSDS)<\/span><\/li>\n<li><span class=\"selected\">Declara\u00e7\u00e3o de alerg\u00e9nios<\/span><\/li>\n<li><span class=\"selected\">Certificado n\u00e3o-OGM<\/span><\/li>\n<li><span class=\"selected\">Certificados Kosher e Halal<\/span><\/li>\n<\/ul>\n<h2><span class=\"selected\">Aplica\u00e7\u00f5es e Orienta\u00e7\u00e3o de Formula\u00e7\u00e3o<\/span><\/h2>\n<p><span class=\"selected\">As excelentes propriedades f\u00edsicas do nosso p\u00f3 de Gingerol tornam-no vers\u00e1til para uma vasta gama de aplica\u00e7\u00f5es.<\/span><\/p>\n<ul>\n<li><strong><span class=\"selected\">Suplementos alimentares (c\u00e1psulas\/comprimidos):<\/span><\/strong><span class=\"selected\"> A granulometria de 80 mesh e o baixo teor de humidade asseguram uma excelente fluidez e compressibilidade, impedindo a forma\u00e7\u00e3o de tamp\u00f5es durante a forma\u00e7\u00e3o de comprimidos e assegurando uma dosagem uniforme nas c\u00e1psulas.<\/span>\n<ul>\n<li><strong><span class=\"selected\">Dosagem recomendada:<\/span><\/strong><span class=\"selected\"> 100mg - 500mg de extrato por dose, dependendo da concentra\u00e7\u00e3o de gingerol pretendida.<\/span><\/li>\n<\/ul>\n<\/li>\n<li><strong><span class=\"selected\">Alimentos e bebidas funcionais:<\/span><\/strong><span class=\"selected\"> O extrato confere um sabor pungente carater\u00edstico. Para aplica\u00e7\u00f5es l\u00edquidas, recomendamos a realiza\u00e7\u00e3o de ensaios de solubilidade e estabilidade em pequena escala, uma vez que concentra\u00e7\u00f5es mais elevadas podem exigir agentes solubilizantes. Uma vers\u00e3o sol\u00favel em \u00e1gua tamb\u00e9m est\u00e1 dispon\u00edvel na nossa <\/span><strong><span class=\"selected\">f\u00e1brica<\/span><\/strong><span class=\"selected\"> para uma maior dispersibilidade.<\/span>\n<ul>\n<li><strong><span class=\"selected\">N\u00edvel de adi\u00e7\u00e3o recomendado:<\/span><\/strong><span class=\"selected\"> 0,1% - 1,5% em misturas de bebidas em p\u00f3 e barras alimentares funcionais.<\/span><\/li>\n<\/ul>\n<\/li>\n<li><strong><span class=\"selected\">Cosm\u00e9ticos e cuidados pessoais:<\/span><\/strong><span class=\"selected\"> Ideal para criar sensa\u00e7\u00f5es de aquecimento em produtos t\u00f3picos como massagens musculares, lo\u00e7\u00f5es de massagem e tratamentos para o couro cabeludo. \u00c9 compat\u00edvel com as bases de \u00f3leos e emuls\u00f5es mais comuns.<\/span>\n<ul>\n<li><strong><span class=\"selected\">N\u00edvel de utiliza\u00e7\u00e3o recomendado:<\/span><\/strong><span class=\"selected\"> 0,05% - 0,5% em formula\u00e7\u00f5es acabadas.<\/span><\/li>\n<\/ul>\n<\/li>\n<\/ul>\n<h2><span class=\"selected\">Estabilidade e armazenamento<\/span><\/h2>\n<p><span class=\"selected\">Os ginger\u00f3is s\u00e3o sens\u00edveis ao calor elevado e \u00e0 exposi\u00e7\u00e3o prolongada \u00e0 luz. Para garantir a m\u00e1xima estabilidade e um prazo de validade de 24 meses, conservar o produto na embalagem original, fechada, num local fresco e seco, ao abrigo da luz solar direta.<\/span><\/p>\n<h2><span class=\"selected\">Embalagem e fornecimento a granel<\/span><\/h2>\n<ul>\n<li><strong><span class=\"selected\">Embalagem standard:<\/span><\/strong><span class=\"selected\"> 25 kg de peso l\u00edquido em bid\u00f5es de fibra com sacos de pl\u00e1stico interiores duplos.<\/span><\/li>\n<li><strong><span class=\"selected\">Encomendas em massa:<\/span><\/strong><span class=\"selected\"> Como principal <\/span><strong><span class=\"selected\">fornecedor<\/span><\/strong><span class=\"selected\">A nossa empresa est\u00e1 dispon\u00edvel para encomendas em grande escala e oferece solu\u00e7\u00f5es de embalagem personalizadas para satisfazer as suas necessidades de produ\u00e7\u00e3o.<\/span><\/li>\n<\/ul>\n<h2><span class=\"selected\">Perguntas frequentes (FAQ)<\/span><\/h2>\n<p><strong><span class=\"selected\">Q: Testam os gengibreis por HPLC?<\/span><\/strong><\/p>\n<p><span class=\"selected\">R: Sim, absolutamente. Todos os nossos produtos Gingerol s\u00e3o testados e padronizados usando HPLC para garantir a mais alta precis\u00e3o e pot\u00eancia. N\u00e3o utilizamos o m\u00e9todo UV, menos fi\u00e1vel.<\/span><\/p>\n<p><strong><span class=\"selected\">Q: \u00c9 o fabricante direto ou um comerciante?<\/span><\/strong><\/p>\n<p><span class=\"selected\">R: Somos os originais <\/span><strong><span class=\"selected\">fabricante<\/span><\/strong><span class=\"selected\"> e <\/span><strong><span class=\"selected\">exportador<\/span><\/strong><span class=\"selected\"> de Gingerol em p\u00f3. Isto permite-nos oferecer pre\u00e7os competitivos, fornecimento est\u00e1vel e rastreabilidade total desde a mat\u00e9ria-prima at\u00e9 ao produto final.<\/span><\/p>\n<p><strong><span class=\"selected\">P: Qual \u00e9 o prazo de entrega para uma encomenda em massa?<\/span><\/strong><\/p>\n<p><span class=\"selected\">R: O prazo de entrega normal para encomendas em massa \u00e9 normalmente de 2-3 semanas, dependendo da quantidade necess\u00e1ria e do calend\u00e1rio de produ\u00e7\u00e3o. Contacte-nos para obter um prazo preciso.<\/span><\/p>\n<p><strong><span class=\"selected\">Q: Este Gingerol em p\u00f3 \u00e9 adequado para bebidas prontas a beber?<\/span><\/strong><\/p>\n<p><span class=\"selected\">R: O nosso extrato padr\u00e3o tem uma solubilidade limitada em \u00e1gua. Para aplica\u00e7\u00f5es em bebidas, recomendamos vivamente o nosso extrato de Gingerol sol\u00favel em \u00e1gua especialmente formulado. Para mais informa\u00e7\u00f5es, contacte-nos.<\/span><\/p>\n<p><strong><span class=\"selected\">Q: Qual \u00e9 a vossa quantidade m\u00ednima de encomenda (MOQ)?<\/span><\/strong><\/p>\n<p><span class=\"selected\">R: O nosso MOQ padr\u00e3o \u00e9 de 25 kg (um tambor). Estamos abertos a discutir quantidades de teste mais pequenas para novos projectos.<\/span><\/p>\n<h2><span class=\"selected\">Pe\u00e7a hoje a sua amostra ou or\u00e7amento<\/span><\/h2>\n<p><span class=\"selected\">Pronto para experimentar a qualidade e a consist\u00eancia do nosso p\u00f3 de Gingerol na sua formula\u00e7\u00e3o? Contacte a nossa equipa t\u00e9cnica de vendas para solicitar uma amostra, obter um or\u00e7amento sem compromisso ou descarregar a nossa folha de dados t\u00e9cnicos abrangente.<\/span><\/p>","protected":false},"excerpt":{"rendered":"<ul>\n<li><b>Gingerol em p\u00f3, normalizado para 1%-20% Gingerols (HPLC).<\/b><\/li>\n<li>Extra\u00eddo do pr\u00e9mio <i>Zingiber officinale<\/i> raiz; p\u00f3 fino, amarelo e fluido.<\/li>\n<li>Ideal para suplementos diet\u00e9ticos, alimentos e bebidas funcionais e formula\u00e7\u00f5es cosm\u00e9ticas de aquecimento.<\/li>\n<li>Alta pureza, excelente fluidez (80 mesh) e pot\u00eancia consistente diretamente do fabricante.<\/li>\n<\/ul>","protected":false},"featured_media":2777,"comment_status":"open","ping_status":"closed","template":"","meta":{"_acf_changed":false},"product_brand":[],"product_cat":[15],"product_tag":[],"class_list":{"0":"post-2776","1":"product","2":"type-product","3":"status-publish","4":"has-post-thumbnail","6":"product_cat-dietary-supplements","8":"first","9":"instock","10":"shipping-taxable","11":"product-type-simple"},"acf":[],"_links":{"self":[{"href":"https:\/\/bstextract.com\/pt\/wp-json\/wp\/v2\/product\/2776","targetHints":{"allow":["GET"]}}],"collection":[{"href":"https:\/\/bstextract.com\/pt\/wp-json\/wp\/v2\/product"}],"about":[{"href":"https:\/\/bstextract.com\/pt\/wp-json\/wp\/v2\/types\/product"}],"replies":[{"embeddable":true,"href":"https:\/\/bstextract.com\/pt\/wp-json\/wp\/v2\/comments?post=2776"}],"wp:featuredmedia":[{"embeddable":true,"href":"https:\/\/bstextract.com\/pt\/wp-json\/wp\/v2\/media\/2777"}],"wp:attachment":[{"href":"https:\/\/bstextract.com\/pt\/wp-json\/wp\/v2\/media?parent=2776"}],"wp:term":[{"taxonomy":"product_brand","embeddable":true,"href":"https:\/\/bstextract.com\/pt\/wp-json\/wp\/v2\/product_brand?post=2776"},{"taxonomy":"product_cat","embeddable":true,"href":"https:\/\/bstextract.com\/pt\/wp-json\/wp\/v2\/product_cat?post=2776"},{"taxonomy":"product_tag","embeddable":true,"href":"https:\/\/bstextract.com\/pt\/wp-json\/wp\/v2\/product_tag?post=2776"}],"curies":[{"name":"wp","href":"https:\/\/api.w.org\/{rel}","templated":true}]}}