{"id":2834,"date":"2025-09-09T07:50:59","date_gmt":"2025-09-09T07:50:59","guid":{"rendered":"https:\/\/bstextract.com\/?post_type=product&#038;p=2834"},"modified":"2025-09-09T07:50:59","modified_gmt":"2025-09-09T07:50:59","slug":"nattokinase-em-po-20000-fu","status":"publish","type":"product","link":"https:\/\/bstextract.com\/pt\/produto\/nattokinase-em-po-20000-fu\/","title":{"rendered":"Nattokinase em p\u00f3"},"content":{"rendered":"<h2><span class=\"selected\">Vis\u00e3o geral do produto<\/span><\/h2>\n<p><span class=\"selected\">Uma enzima fibrinol\u00edtica de alta pot\u00eancia derivada do alimento tradicional japon\u00eas, natto. A nossa Nattokinase em p\u00f3 \u00e9 produzida atrav\u00e9s de uma fermenta\u00e7\u00e3o controlada de soja n\u00e3o-OGM com <\/span><em><span class=\"selected\">Bacillus subtilis natto<\/span><\/em><span class=\"selected\"> e \u00e9 meticulosamente purificado para fornecer uma atividade padronizada de 20.000 Unidades Fibrinol\u00edticas (UF) por grama. Foi especificamente concebido para os formuladores das ind\u00fastrias de suplementos alimentares e de alimentos funcionais que procuram um ingrediente fi\u00e1vel e de elevada pureza com um desempenho superior no fabrico.<\/span><\/p>\n<ul>\n<li><strong><span class=\"selected\">Alta pot\u00eancia e efic\u00e1cia:<\/span><\/strong><span class=\"selected\"> A atividade normalizada de 20.000 FU\/g permite que uma dose eficaz e clinicamente relevante seja administrada numa c\u00e1psula mais pequena e de f\u00e1cil utiliza\u00e7\u00e3o, melhorando a experi\u00eancia do utilizador e a sua conformidade.<\/span><\/li>\n<li><strong><span class=\"selected\">Verificado baixo teor de vitamina K2:<\/span><\/strong><span class=\"selected\"> Cada lote \u00e9 testado por HPLC para garantir que o teor de vitamina K2 \u00e9 m\u00ednimo (\u2264 10 mcg\/g). Este \u00e9 um par\u00e2metro cr\u00edtico de seguran\u00e7a e qualidade para f\u00f3rmulas destinadas a apoiar o bem-estar cardiovascular.<\/span><\/li>\n<li><strong><span class=\"selected\">Propriedades de fabrico superiores:<\/span><\/strong><span class=\"selected\"> O tamanho optimizado das part\u00edculas e a densidade aparente proporcionam uma excelente fluidez e uma mistura uniforme, assegurando pesos de enchimento consistentes e processos de encapsulamento eficientes a alta velocidade.<\/span><\/li>\n<li><strong><span class=\"selected\">Fornecimento rastre\u00e1vel e est\u00e1vel:<\/span><\/strong><span class=\"selected\"> Como principal <\/span><strong><span class=\"selected\">fabricante<\/span><\/strong><span class=\"selected\">A nossa empresa oferece um produto totalmente rastre\u00e1vel, desde a fermenta\u00e7\u00e3o at\u00e9 ao p\u00f3 acabado. Este produto direto da<\/span><strong><span class=\"selected\">f\u00e1brica<\/span><\/strong><span class=\"selected\"> garante a consist\u00eancia de lote para lote e uma cadeia de abastecimento fi\u00e1vel e de longo prazo para a sua marca.<\/span><\/li>\n<\/ul>\n<h2><span class=\"selected\">Principais par\u00e2metros t\u00e9cnicos<\/span><\/h2>\n<table>\n<tbody>\n<tr>\n<th><span class=\"selected\">Par\u00e2metro<\/span><\/th>\n<th><span class=\"selected\">Especifica\u00e7\u00e3o<\/span><\/th>\n<th><span class=\"selected\">Valor t\u00edpico<\/span><\/th>\n<th><span class=\"selected\">M\u00e9todo de ensaio<\/span><\/th>\n<\/tr>\n<tr>\n<td><strong><span class=\"selected\">Atividade fibrinol\u00edtica<\/span><\/strong><\/td>\n<td><strong><span class=\"selected\">\u2265 20.000 FU\/g<\/span><\/strong><\/td>\n<td><span class=\"selected\">21,500 FU\/g<\/span><\/td>\n<td><span class=\"selected\">JHNFA \/ Espectrofotometria<\/span><\/td>\n<\/tr>\n<tr>\n<td><span class=\"selected\">Apar\u00eancia<\/span><\/td>\n<td><span class=\"selected\">P\u00f3 fino amarelo claro<\/span><\/td>\n<td><span class=\"selected\">Conformidade<\/span><\/td>\n<td><span class=\"selected\">Visual<\/span><\/td>\n<\/tr>\n<tr>\n<td><span class=\"selected\">Odor e sabor<\/span><\/td>\n<td><span class=\"selected\">Carater\u00edstica<\/span><\/td>\n<td><span class=\"selected\">Conformidade<\/span><\/td>\n<td><span class=\"selected\">Organol\u00e9tico<\/span><\/td>\n<\/tr>\n<tr>\n<td><strong><span class=\"selected\">Teor de vitamina K2<\/span><\/strong><\/td>\n<td><strong><span class=\"selected\">\u2264 10 mcg\/g<\/span><\/strong><\/td>\n<td><span class=\"selected\">&lt; 5 mcg\/g<\/span><\/td>\n<td><span class=\"selected\">HPLC<\/span><\/td>\n<\/tr>\n<tr>\n<td><span class=\"selected\">Transportadora<\/span><\/td>\n<td><span class=\"selected\">Maltodextrina n\u00e3o-GMO<\/span><\/td>\n<td><span class=\"selected\">Conformidade<\/span><\/td>\n<td><span class=\"selected\">&#8211;<\/span><\/td>\n<\/tr>\n<tr>\n<td><span class=\"selected\">Tamanho das part\u00edculas<\/span><\/td>\n<td><span class=\"selected\">95% passe 80 mesh<\/span><\/td>\n<td><span class=\"selected\">Conformidade<\/span><\/td>\n<td><span class=\"selected\">Peneira\u00e7\u00e3o<\/span><\/td>\n<\/tr>\n<tr>\n<td><span class=\"selected\">Densidade a granel<\/span><\/td>\n<td><span class=\"selected\">0,40 - 0,70 g\/mL<\/span><\/td>\n<td><span class=\"selected\">0,55 g\/mL<\/span><\/td>\n<td><span class=\"selected\">USP<\/span><\/td>\n<\/tr>\n<tr>\n<td><span class=\"selected\">Perda na secagem<\/span><\/td>\n<td><span class=\"selected\">\u2264 5.0%<\/span><\/td>\n<td><span class=\"selected\">3.5%<\/span><\/td>\n<td><span class=\"selected\">USP<\/span><\/td>\n<\/tr>\n<tr>\n<td><strong><span class=\"selected\">Metais pesados<\/span><\/strong><\/td>\n<td><\/td>\n<td><\/td>\n<td><span class=\"selected\">ICP-MS<\/span><\/td>\n<\/tr>\n<tr>\n<td><span class=\"selected\">- Chumbo (Pb)<\/span><\/td>\n<td><span class=\"selected\">\u2264 1,0 ppm<\/span><\/td>\n<td><span class=\"selected\">&lt; 0,5 ppm<\/span><\/td>\n<td><\/td>\n<\/tr>\n<tr>\n<td><span class=\"selected\">- Ars\u00e9nio (As)<\/span><\/td>\n<td><span class=\"selected\">\u2264 1,0 ppm<\/span><\/td>\n<td><span class=\"selected\">&lt; 0,2 ppm<\/span><\/td>\n<td><\/td>\n<\/tr>\n<tr>\n<td><span class=\"selected\">- Merc\u00fario (Hg)<\/span><\/td>\n<td><span class=\"selected\">\u2264 0,1 ppm<\/span><\/td>\n<td><span class=\"selected\">N\u00e3o detectado<\/span><\/td>\n<td><\/td>\n<\/tr>\n<tr>\n<td><strong><span class=\"selected\">Microbiologia<\/span><\/strong><\/td>\n<td><\/td>\n<td><\/td>\n<td><span class=\"selected\">USP<\/span><\/td>\n<\/tr>\n<tr>\n<td><span class=\"selected\">- Contagem total de placas<\/span><\/td>\n<td><span class=\"selected\">\u2264 1,000 ufc\/g<\/span><\/td>\n<td><span class=\"selected\">&lt; 100 ufc\/g<\/span><\/td>\n<td><\/td>\n<\/tr>\n<tr>\n<td><span class=\"selected\">- Leveduras e bolores<\/span><\/td>\n<td><span class=\"selected\">\u2264 100 ufc\/g<\/span><\/td>\n<td><span class=\"selected\">&lt; 10 ufc\/g<\/span><\/td>\n<td><\/td>\n<\/tr>\n<tr>\n<td><span class=\"selected\">- E. Coli<\/span><\/td>\n<td><span class=\"selected\">Negativo<\/span><\/td>\n<td><span class=\"selected\">Negativo<\/span><\/td>\n<td><\/td>\n<\/tr>\n<tr>\n<td><span class=\"selected\">- Salmonela<\/span><\/td>\n<td><span class=\"selected\">Negativo<\/span><\/td>\n<td><span class=\"selected\">Negativo<\/span><\/td>\n<td><\/td>\n<\/tr>\n<tr>\n<td><strong><span class=\"selected\">Solventes residuais<\/span><\/strong><\/td>\n<td><span class=\"selected\">Em conformidade com a USP<\/span><\/td>\n<td><span class=\"selected\">Conformidade<\/span><\/td>\n<td><span class=\"selected\">GC-HS<\/span><\/td>\n<\/tr>\n<\/tbody>\n<\/table>\n<p><em><span class=\"selected\">Nota: Est\u00e3o dispon\u00edveis quantidades a granel na nossa f\u00e1brica com op\u00e7\u00f5es de embalagem personaliz\u00e1veis mediante pedido.<\/span><\/em><\/p>\n<h2><span class=\"selected\">Testes e garantia de qualidade<\/span><\/h2>\n<p><span class=\"selected\">O nosso compromisso com a qualidade \u00e9 absoluto. Como l\u00edder <\/span><strong><span class=\"selected\">exportador<\/span><\/strong><span class=\"selected\"> de ingredientes especiais, a nossa Nattokinase \u00e9 produzida numa instala\u00e7\u00e3o com certifica\u00e7\u00e3o GMP e ISO 22000. Cada lote \u00e9 submetido a rigorosos testes internos e de terceiros para verificar a sua atividade, pureza e seguran\u00e7a, garantindo que cumpre e excede os padr\u00f5es globais da ind\u00fastria.<\/span><\/p>\n<p><strong><span class=\"selected\">Documenta\u00e7\u00e3o dispon\u00edvel:<\/span><\/strong><\/p>\n<ul>\n<li><span class=\"selected\">Certificado de an\u00e1lise (COA)<\/span><\/li>\n<li><span class=\"selected\">Ficha de dados de seguran\u00e7a do material (MSDS)<\/span><\/li>\n<li><span class=\"selected\">Declara\u00e7\u00e3o de alerg\u00e9nios<\/span><\/li>\n<li><span class=\"selected\">Declara\u00e7\u00e3o de n\u00e3o-OGM e n\u00e3o-irradia\u00e7\u00e3o<\/span><\/li>\n<li><span class=\"selected\">Informa\u00e7\u00e3o nutricional<\/span><\/li>\n<\/ul>\n<h2><span class=\"selected\">Aplica\u00e7\u00f5es e orienta\u00e7\u00e3o de formula\u00e7\u00e3o<\/span><\/h2>\n<ul>\n<li><strong><span class=\"selected\">Aplica\u00e7\u00e3o principal:<\/span><\/strong><span class=\"selected\"> Suplementos alimentares (c\u00e1psulas, comprimidos).<\/span><\/li>\n<li><strong><span class=\"selected\">Recomenda\u00e7\u00e3o da forma de dosagem:<\/span><\/strong><span class=\"selected\"> Devido \u00e0 sensibilidade da enzima ao pH, <\/span><strong><span class=\"selected\">c\u00e1psulas com revestimento ent\u00e9rico<\/span><\/strong><span class=\"selected\"> s\u00e3o o sistema de distribui\u00e7\u00e3o ideal. Este protege a Nattokinase da degrada\u00e7\u00e3o pelo \u00e1cido g\u00e1strico e assegura a sua entrega ao intestino delgado para uma absor\u00e7\u00e3o e biodisponibilidade \u00f3ptimas.<\/span><\/li>\n<li><strong><span class=\"selected\">Nota de Formula\u00e7\u00e3o:<\/span><\/strong><span class=\"selected\"> Uma dose di\u00e1ria t\u00edpica em estudos cl\u00ednicos \u00e9 de 2.000 FU. Utilizando o nosso p\u00f3 de 20.000 FU\/g, isto pode ser conseguido com uma <\/span><strong><span class=\"selected\">Dosagem de 100 mg<\/span><\/strong><span class=\"selected\">. Evitar a exposi\u00e7\u00e3o do p\u00f3 a temperaturas elevadas (&gt;50\u00b0C), cisalhamento elevado ou condi\u00e7\u00f5es de pH extremas durante a mistura e o fabrico.<\/span><\/li>\n<\/ul>\n<h2><span class=\"selected\">Compatibilidade e Co-formula\u00e7\u00e3o<\/span><\/h2>\n<p><span class=\"selected\">O nosso p\u00f3 de Nattokinase apresenta uma excelente compatibilidade com a maioria dos excipientes secos comuns, incluindo celulose microcristalina (MCC), di\u00f3xido de sil\u00edcio e estearato de magn\u00e9sio. Pode ser eficazmente co-formulado com outros ingredientes que visam a sa\u00fade cardiovascular, como a coenzima Q10, arroz com fermento vermelho e certos minerais.<\/span><\/p>\n<h2><span class=\"selected\">Estabilidade e armazenamento<\/span><\/h2>\n<ul>\n<li><strong><span class=\"selected\">Prazo de validade:<\/span><\/strong><span class=\"selected\"> 24 meses a partir da data de fabrico.<\/span><\/li>\n<li><strong><span class=\"selected\">Condi\u00e7\u00f5es de armazenamento:<\/span><\/strong><span class=\"selected\"> Armazenar em local fresco e seco (abaixo de 20\u00b0C, &lt;60% RH), longe da luz solar direta, na sua embalagem original selada para evitar a absor\u00e7\u00e3o de humidade e a degrada\u00e7\u00e3o da atividade enzim\u00e1tica.<\/span><\/li>\n<li><strong><span class=\"selected\">Perfil de estabilidade:<\/span><\/strong><span class=\"selected\"> A enzima \u00e9 mais est\u00e1vel num intervalo de pH neutro de 6,0-8,0.<\/span><\/li>\n<\/ul>\n<h2><span class=\"selected\">Seguran\u00e7a e conformidade<\/span><\/h2>\n<ul>\n<li><strong><span class=\"selected\">Estado regulamentar:<\/span><\/strong><span class=\"selected\"> Generally Recognized as Safe (GRAS) para a sua utiliza\u00e7\u00e3o prevista em alimentos e suplementos diet\u00e9ticos nos Estados Unidos.<\/span><\/li>\n<li><strong><span class=\"selected\">Informa\u00e7\u00f5es sobre alerg\u00e9nios:<\/span><\/strong><span class=\"selected\"> Cont\u00e9m <\/span><strong><span class=\"selected\">Soja<\/span><\/strong><span class=\"selected\">.<\/span><\/li>\n<li><strong><span class=\"selected\">Certifica\u00e7\u00f5es:<\/span><\/strong><span class=\"selected\"> N\u00e3o-GMO, N\u00e3o-Irradiado, Sem BSE\/TSE. Os graus de certifica\u00e7\u00e3o Kosher e Halal est\u00e3o dispon\u00edveis mediante pedido.<\/span><\/li>\n<\/ul>\n<h2><span class=\"selected\">Perguntas frequentes (FAQ)<\/span><\/h2>\n<p><strong><span class=\"selected\">P: Como \u00e9 que garantem a atividade de 20 000 FU\/g?<\/span><\/strong><\/p>\n<p><strong><span class=\"selected\">A:<\/span><\/strong><span class=\"selected\"> Utilizamos o m\u00e9todo de ensaio normalizado JHNFA (Japan Health and Nutrition Food Association), que \u00e9 o padr\u00e3o de ouro da ind\u00fastria para a Nattokinase. Este m\u00e9todo \u00e9 aplicado a cada lote, e o resultado \u00e9 relatado no Certificado de An\u00e1lise (COA) fornecido com cada remessa.<\/span><\/p>\n<p><strong><span class=\"selected\">P: Porque \u00e9 que um baixo n\u00edvel de vitamina K2 \u00e9 importante?<\/span><\/strong><\/p>\n<p><strong><span class=\"selected\">A:<\/span><\/strong><span class=\"selected\"> A principal fun\u00e7\u00e3o da vitamina K \u00e9 promover a coagula\u00e7\u00e3o do sangue. Para um ingrediente destinado a apoiar a circula\u00e7\u00e3o saud\u00e1vel e o fluxo sangu\u00edneo, a presen\u00e7a de Vitamina K2 poderia ser contra-ativa. O nosso processo de purifica\u00e7\u00e3o remove especificamente a Vitamina K2, tornando-a um ingrediente mais seguro e eficaz para a sua aplica\u00e7\u00e3o alvo.<\/span><\/p>\n<p><strong><span class=\"selected\">P: Fornecem diretamente da f\u00e1brica?<\/span><\/strong><\/p>\n<p><strong><span class=\"selected\">A:<\/span><\/strong><span class=\"selected\"> Sim, somos os originais <\/span><strong><span class=\"selected\">fabricante<\/span><\/strong><span class=\"selected\"> e um <\/span><strong><span class=\"selected\">exportador<\/span><\/strong><span class=\"selected\"> deste p\u00f3 de Nattokinase. O fornecimento direto por n\u00f3s garante que recebe um produto com total rastreabilidade, qualidade est\u00e1vel, uma cadeia de fornecimento fi\u00e1vel e o melhor valor poss\u00edvel.<\/span><\/p>\n<p><strong><span class=\"selected\">Q: Qual \u00e9 a vossa quantidade m\u00ednima de encomenda (MOQ)?<\/span><\/strong><\/p>\n<p><strong><span class=\"selected\">A:<\/span><\/strong><span class=\"selected\"> O nosso MOQ padr\u00e3o para este produto \u00e9 de 25 kg, normalmente embalado num tambor de fibra. No entanto, compreendemos a necessidade de I&amp;D e de lotes-piloto, por isso, contacte a nossa equipa de vendas para discutir os requisitos espec\u00edficos do seu projeto.<\/span><\/p>\n<h2><span class=\"selected\">Pedir uma amostra ou or\u00e7amento<\/span><\/h2>\n<p><span class=\"selected\">Pronto para avaliar o nosso p\u00f3 de Nattokinase de alto desempenho para o seu pr\u00f3ximo projeto? Contacte a nossa equipa t\u00e9cnica de vendas para receber uma amostra sem compromisso, uma cota\u00e7\u00e3o competitiva para volume a granel ou para discutir as suas necessidades espec\u00edficas de formula\u00e7\u00e3o.<\/span><\/p>","protected":false},"excerpt":{"rendered":"<ul>\n<li><strong>Produto:<\/strong> Nattokinase em p\u00f3<\/li>\n<li><strong>Atividade:<\/strong> Normalizado para \u2265 20.000 FU\/g (Ensaio de atividade JHNFA)<\/li>\n<li><strong>Origem e Forma:<\/strong> P\u00f3 amarelo claro de elevada pureza obtido a partir de soja fermentada (Bacillus subtilis natto).<\/li>\n<li><strong>Aplica\u00e7\u00f5es:<\/strong> Ideal para suplementos alimentares (c\u00e1psulas com revestimento ent\u00e9rico) e alimentos funcionais.<\/li>\n<li><strong>Destaques:<\/strong> Verificado baixo teor de vitamina K2, excelente fluidez e proveniente diretamente de um fabricante com certifica\u00e7\u00e3o GMP.<\/li>\n<\/ul>","protected":false},"featured_media":2835,"comment_status":"open","ping_status":"closed","template":"","meta":{"_acf_changed":false},"product_brand":[],"product_cat":[15],"product_tag":[],"class_list":{"0":"post-2834","1":"product","2":"type-product","3":"status-publish","4":"has-post-thumbnail","6":"product_cat-dietary-supplements","8":"first","9":"instock","10":"shipping-taxable","11":"product-type-simple"},"acf":[],"_links":{"self":[{"href":"https:\/\/bstextract.com\/pt\/wp-json\/wp\/v2\/product\/2834","targetHints":{"allow":["GET"]}}],"collection":[{"href":"https:\/\/bstextract.com\/pt\/wp-json\/wp\/v2\/product"}],"about":[{"href":"https:\/\/bstextract.com\/pt\/wp-json\/wp\/v2\/types\/product"}],"replies":[{"embeddable":true,"href":"https:\/\/bstextract.com\/pt\/wp-json\/wp\/v2\/comments?post=2834"}],"wp:featuredmedia":[{"embeddable":true,"href":"https:\/\/bstextract.com\/pt\/wp-json\/wp\/v2\/media\/2835"}],"wp:attachment":[{"href":"https:\/\/bstextract.com\/pt\/wp-json\/wp\/v2\/media?parent=2834"}],"wp:term":[{"taxonomy":"product_brand","embeddable":true,"href":"https:\/\/bstextract.com\/pt\/wp-json\/wp\/v2\/product_brand?post=2834"},{"taxonomy":"product_cat","embeddable":true,"href":"https:\/\/bstextract.com\/pt\/wp-json\/wp\/v2\/product_cat?post=2834"},{"taxonomy":"product_tag","embeddable":true,"href":"https:\/\/bstextract.com\/pt\/wp-json\/wp\/v2\/product_tag?post=2834"}],"curies":[{"name":"wp","href":"https:\/\/api.w.org\/{rel}","templated":true}]}}