{"id":2844,"date":"2025-09-11T06:59:59","date_gmt":"2025-09-11T06:59:59","guid":{"rendered":"https:\/\/bstextract.com\/?post_type=product&#038;p=2844"},"modified":"2025-09-11T07:00:48","modified_gmt":"2025-09-11T07:00:48","slug":"acido-elagico-90-hplc-po","status":"publish","type":"product","link":"https:\/\/bstextract.com\/pt\/produto\/acido-elagico-90-hplc-po\/","title":{"rendered":"\u00c1cido el\u00e1gico"},"content":{"rendered":"<h2><strong><span class=\"selected\">Vis\u00e3o geral do produto<\/span><\/strong><\/h2>\n<p><span class=\"selected\">O \u00e1cido el\u00e1gico \u00e9 um polifenol potente e natural, conhecido pelas suas importantes propriedades antioxidantes. Extra\u00eddo das cascas das rom\u00e3s, ricas em nutrientes (<\/span><em><span class=\"selected\">Punica granatum<\/span><\/em><span class=\"selected\">), o nosso \u00c1cido El\u00e1gico \u00e9 um p\u00f3 de elevada pureza, cientificamente normalizado, concebido para marcas que procuram ingredientes de qualidade superior derivados de plantas. O seu desempenho robusto e o excelente perfil de estabilidade fazem dele uma escolha de primeira linha para os criadores de produtos nas ind\u00fastrias de suplementos alimentares, cosm\u00e9ticos e alimentos funcionais que est\u00e3o empenhados em criar produtos de elevada efic\u00e1cia apoiados pela ci\u00eancia.<\/span><\/p>\n<p><span class=\"selected\">Este ingrediente n\u00e3o \u00e9 meramente uma mercadoria; foi concebido para formuladores que exigem precis\u00e3o, fiabilidade e pureza sem paralelo para obter resultados consistentes e previs\u00edveis nos seus produtos acabados. Compreendemos que num mercado competitivo, a qualidade das suas mat\u00e9rias-primas traduz-se diretamente no sucesso da sua marca.<\/span><\/p>\n<ul>\n<li><strong><span class=\"selected\">Pot\u00eancia garantida:<\/span><\/strong><span class=\"selected\"> Normalizamos o nosso \u00c1cido El\u00e1gico para um <\/span><strong><span class=\"selected\">pureza m\u00ednima de 90%<\/span><\/strong><span class=\"selected\">confirmada pelo m\u00e9todo de teste HPLC padr\u00e3o de ouro da ind\u00fastria. Isto garante que recebe um ingrediente ativo potente e fi\u00e1vel em cada encomenda.<\/span><\/li>\n<li><strong><span class=\"selected\">Qualidade consistente:<\/span><\/strong><span class=\"selected\"> Produzido num local de \u00faltima gera\u00e7\u00e3o, <\/span><strong><span class=\"selected\">Instala\u00e7\u00f5es com certifica\u00e7\u00e3o GMP<\/span><\/strong><span class=\"selected\">O nosso processo assegura uma consist\u00eancia excecional de lote para lote em termos de pureza, tamanho das part\u00edculas e cor, minimizando as vari\u00e1veis de produ\u00e7\u00e3o para si.<\/span><\/li>\n<li><strong><span class=\"selected\">Formatabilidade melhorada:<\/span><\/strong><span class=\"selected\"> Com um perfil de tamanho de part\u00edculas finamente controlado, o nosso \u00c1cido El\u00e1gico oferece carater\u00edsticas superiores de manuseamento, mistura e dispers\u00e3o em v\u00e1rios sistemas de aplica\u00e7\u00e3o, desde comprimidos de compress\u00e3o direta a emuls\u00f5es complexas.<\/span><\/li>\n<li><strong><span class=\"selected\">Cadeia de fornecimento fi\u00e1vel:<\/span><\/strong><span class=\"selected\"> Como o <\/span><strong><span class=\"selected\">fabricante direto<\/span><\/strong><span class=\"selected\">A nossa empresa fornece uma cadeia de fornecimento totalmente rastre\u00e1vel e est\u00e1vel, oferecendo-lhe a confian\u00e7a e a fiabilidade necess\u00e1rias para o planeamento da produ\u00e7\u00e3o a longo prazo e o crescimento do mercado.<\/span><\/li>\n<\/ul>\n<h2><strong><span class=\"selected\">Embalagem, armazenamento e prazo de validade<\/span><\/strong><\/h2>\n<ul>\n<li><strong><span class=\"selected\">Embalagem standard:<\/span><\/strong><span class=\"selected\"> 25 kg de peso l\u00edquido num tambor de fibra robusto, com qualidade de exporta\u00e7\u00e3o, selado com revestimentos interiores duplos de polietileno (PE) de qualidade alimentar para proteger a integridade do produto. A embalagem personalizada est\u00e1 dispon\u00edvel mediante pedido para encomendas a granel.<\/span><\/li>\n<li><strong><span class=\"selected\">Condi\u00e7\u00f5es de armazenamento:<\/span><\/strong><span class=\"selected\"> Para manter uma qualidade \u00f3ptima, conservar num ambiente fresco (&lt;25\u00b0C), seco e escuro, afastado da luz solar direta, da humidade e de odores fortes. Manter o recipiente hermeticamente fechado quando n\u00e3o estiver a ser utilizado.<\/span><\/li>\n<li><strong><span class=\"selected\">Prazo de validade:<\/span><\/strong><span class=\"selected\"> 24 meses a partir da data de fabrico, quando armazenado nas condi\u00e7\u00f5es recomendadas.<\/span><\/li>\n<\/ul>\n<h2><strong><span class=\"selected\">Testes e garantia de qualidade<\/span><\/strong><\/h2>\n<p><span class=\"selected\">O nosso compromisso com a qualidade \u00e9 validado por um rigoroso protocolo de testes centrado em <\/span><strong><span class=\"selected\">Cromatografia l\u00edquida de alto desempenho (HPLC)<\/span><\/strong><span class=\"selected\">. Esta t\u00e9cnica anal\u00edtica avan\u00e7ada \u00e9 a norma de ouro definitiva para identificar e quantificar com exatid\u00e3o o teor de \u00e1cido el\u00e1gico. Ao contr\u00e1rio dos m\u00e9todos de espetrofotometria UV-Vis menos precisos, que podem ser distorcidos por outros polifen\u00f3is, a HPLC separa cada composto, garantindo que a pureza do 90% no nosso COA \u00e9 um reflexo exato da mol\u00e9cula ativa.<\/span><\/p>\n<p><span class=\"selected\">As nossas instala\u00e7\u00f5es de produ\u00e7\u00e3o s\u00e3o certificadas pelas BPF e mantemos uma documenta\u00e7\u00e3o abrangente para apoiar as suas necessidades de qualidade e regulamentares. Como a <\/span><strong><span class=\"selected\">fabricante e exportador original<\/span><\/strong><span class=\"selected\">A nossa empresa oferece total transpar\u00eancia e pode fornecer um ficheiro completo de documentos para simplificar o seu processo de qualifica\u00e7\u00e3o de fornecedores.<\/span><\/p>\n<p><strong><span class=\"selected\">Documenta\u00e7\u00e3o dispon\u00edvel:<\/span><\/strong><\/p>\n<ul>\n<li><span class=\"selected\">Certificado de an\u00e1lise (COA) espec\u00edfico para cada lote<\/span><\/li>\n<li><span class=\"selected\">Ficha de dados de seguran\u00e7a do material (MSDS)<\/span><\/li>\n<li><span class=\"selected\">Declara\u00e7\u00e3o de alerg\u00e9nios<\/span><\/li>\n<li><span class=\"selected\">Declara\u00e7\u00e3o de n\u00e3o-OGM e n\u00e3o-irradia\u00e7\u00e3o<\/span><\/li>\n<li><span class=\"selected\">O estatuto de certifica\u00e7\u00e3o Halal e Kosher est\u00e1 dispon\u00edvel mediante pedido.<\/span><\/li>\n<\/ul>\n<h2><strong><span class=\"selected\">Aplica\u00e7\u00f5es e Orienta\u00e7\u00e3o de Formula\u00e7\u00e3o<\/span><\/strong><\/h2>\n<p><span class=\"selected\">O nosso \u00e1cido el\u00e1gico de elevada pureza foi concebido para proporcionar versatilidade e desempenho numa s\u00e9rie de aplica\u00e7\u00f5es exigentes.<\/span><\/p>\n<h3><strong><span class=\"selected\">Para suplementos alimentares:<\/span><\/strong><\/h3>\n<p><span class=\"selected\">Uma excelente escolha para c\u00e1psulas, comprimidos e misturas em p\u00f3 que visam o apoio antioxidante, a sa\u00fade celular e o bem-estar da pele a partir do interior. A sua elevada concentra\u00e7\u00e3o permite formula\u00e7\u00f5es potentes e de baixa dosagem que s\u00e3o mais econ\u00f3micas e f\u00e1ceis de utilizar.<\/span><\/p>\n<ul>\n<li><strong><span class=\"selected\">N\u00edvel de utiliza\u00e7\u00e3o recomendado:<\/span><\/strong><span class=\"selected\"> 50 mg - 250 mg por dose.<\/span><\/li>\n<li><strong><span class=\"selected\">Nota de Formula\u00e7\u00e3o:<\/span><\/strong><span class=\"selected\"> O tamanho controlado das part\u00edculas e a boa fluidez tornam-no adequado para processos de compress\u00e3o direta e de encapsulamento automatizado, reduzindo a necessidade de excipientes adicionais.<\/span><\/li>\n<\/ul>\n<h3><strong><span class=\"selected\">Para formula\u00e7\u00f5es de cuidados da pele:<\/span><\/strong><\/h3>\n<p><span class=\"selected\">Um ingrediente ativo essencial para produtos avan\u00e7ados de cuidados da pele - incluindo s\u00e9runs, cremes, lo\u00e7\u00f5es e m\u00e1scaras - que visam um tom de pele mais luminoso e uniforme e proporcionam uma prote\u00e7\u00e3o antioxidante robusta contra os factores de stress ambiental.<\/span><\/p>\n<ul>\n<li><strong><span class=\"selected\">N\u00edvel de utiliza\u00e7\u00e3o recomendado:<\/span><\/strong><span class=\"selected\"> 0,2% - 1,0%.<\/span><\/li>\n<li><strong><span class=\"selected\">Nota de Formula\u00e7\u00e3o:<\/span><\/strong><span class=\"selected\"> O \u00c1cido El\u00e1gico tem baixa solubilidade em \u00e1gua. Para uma incorpora\u00e7\u00e3o \u00f3ptima, recomendamos dispers\u00e1-lo na fase de \u00f3leo aquecida de uma emuls\u00e3o ou criar uma pr\u00e9-lama num solvente adequado como propanodiol, propilenoglicol ou pentilenoglicol antes de o adicionar \u00e0 formula\u00e7\u00e3o final a uma temperatura inferior a 45\u00b0C (113\u00b0F). O seu desempenho \u00e9 melhor em formula\u00e7\u00f5es com um pH final entre 4,5 e 6,0.<\/span><\/li>\n<\/ul>\n<h2><strong><span class=\"selected\">Sinergias e Compatibilidade de Formula\u00e7\u00e3o<\/span><\/strong><\/h2>\n<p><span class=\"selected\">Nas f\u00f3rmulas de cuidados da pele, o \u00c1cido El\u00e1gico exibe poderosos efeitos antioxidantes sin\u00e9rgicos quando cuidadosamente combinado com outros activos, ajudando a criar um sistema de defesa multi-pathway para a pele.<\/span><\/p>\n<ul>\n<li><strong><span class=\"selected\">Com Vitaminas:<\/span><\/strong><span class=\"selected\"> Funciona excecionalmente bem com o \u00e1cido asc\u00f3rbico (vitamina C) e os seus derivados est\u00e1veis, bem como com o tocoferol (vitamina E), para proporcionar uma prote\u00e7\u00e3o antioxidante de largo espetro.<\/span><\/li>\n<li><strong><span class=\"selected\">Com outros Antioxidantes:<\/span><\/strong><span class=\"selected\"> Pode ser associado ao \u00c1cido Fer\u00falico para aumentar a sua estabilidade e efic\u00e1cia.<\/span><\/li>\n<li><strong><span class=\"selected\">Com agentes hidratantes:<\/span><\/strong><span class=\"selected\"> \u00c9 totalmente compat\u00edvel com humectantes e agentes hidratantes comuns, como o \u00e1cido hialur\u00f3nico, a glicerina e v\u00e1rios glic\u00f3is.<\/span><\/li>\n<\/ul>\n<h2><strong><span class=\"selected\">Informa\u00e7\u00f5es sobre seguran\u00e7a e conformidade<\/span><\/strong><\/h2>\n<p><span class=\"selected\">Este produto destina-se a ser utilizado como ingrediente em suplementos alimentares e formula\u00e7\u00f5es cosm\u00e9ticas. \u00c9 derivado de uma fonte alimentar natural (<\/span><em><span class=\"selected\">Punica granatum<\/span><\/em><span class=\"selected\">). As informa\u00e7\u00f5es fornecidas neste documento destinam-se apenas a fins informativos e de formula\u00e7\u00e3o e n\u00e3o constituem uma alega\u00e7\u00e3o m\u00e9dica ou um endosso de qualquer produto acabado. Aconselhamos vivamente os formuladores a consultar os seus regulamentos regionais (por exemplo, FDA, EFSA, NMPA) para garantir a total conformidade com a sua aplica\u00e7\u00e3o e mercado espec\u00edficos.<\/span><\/p>\n<h2><strong><span class=\"selected\">Perguntas frequentes (FAQ)<\/span><\/strong><\/h2>\n<p><strong><span class=\"selected\">Q1: Qual \u00e9 a principal diferen\u00e7a entre o vosso grau 90% HPLC e outros extractos menos definidos?<\/span><\/strong><\/p>\n<p><span class=\"selected\">R: O nosso grau 90% HPLC garante um n\u00edvel muito elevado de pureza e pot\u00eancia da mol\u00e9cula ativa de \u00e1cido el\u00e1gico. O m\u00e9todo HPLC garante esta precis\u00e3o, que \u00e9 fundamental para produtos de elevado desempenho e rotulagem transparente, ao contr\u00e1rio dos m\u00e9todos de teste UV menos fi\u00e1veis que podem sobrestimar o teor ativo.<\/span><\/p>\n<p><strong><span class=\"selected\">Q2: Fornecem diretamente da f\u00e1brica?<\/span><\/strong><\/p>\n<p><span class=\"selected\">R: Sim, somos a <\/span><strong><span class=\"selected\">fabricante original e fornecedor mundial<\/span><\/strong><span class=\"selected\"> deste \u00e1cido el\u00e1gico. Isto assegura uma rastreabilidade total desde a mat\u00e9ria-prima at\u00e9 ao p\u00f3 acabado, uma qualidade consistente, pre\u00e7os competitivos e uma cadeia de fornecimento est\u00e1vel para os nossos clientes.<\/span><\/p>\n<p><strong><span class=\"selected\">Q3: Qual \u00e9 a melhor pr\u00e1tica para incorporar isto num s\u00e9rum cosm\u00e9tico \u00e0 base de \u00e1gua?<\/span><\/strong><\/p>\n<p><span class=\"selected\">R: Para um sistema essencialmente aquoso, o m\u00e9todo mais eficaz \u00e9 utilizar um solubilizante ou criar uma pr\u00e9-dispers\u00e3o num glicol como o propanodiol. Dissolva primeiro o p\u00f3 de \u00e1cido el\u00e1gico no glicol com um aquecimento suave e, em seguida, adicione esta solu\u00e7\u00e3o \u00e0 fase aquosa. Isto evita a aglomera\u00e7\u00e3o e garante a homogeneidade.<\/span><\/p>\n<p><strong><span class=\"selected\">Q4: Qual \u00e9 a vossa quantidade m\u00ednima de encomenda (MOQ) e o prazo de entrega?<\/span><\/strong><\/p>\n<p><span class=\"selected\">R: O nosso MOQ padr\u00e3o \u00e9 25kg. No entanto, estamos empenhados em apoiar a I&amp;D dos nossos clientes e oferecemos quantidades de amostras mais pequenas (100g - 1kg) para avalia\u00e7\u00e3o. Os prazos de entrega normais s\u00e3o de 2-3 semanas, mas contacte-nos para obter os n\u00edveis de stock actuais e um or\u00e7amento preciso.<\/span><\/p>","protected":false},"excerpt":{"rendered":"<ul>\n<li>\n<p class=\"\"><strong><span class=\"selected\">Ativo de alta pureza:<\/span><\/strong><span class=\"selected\"> \u00c1cido el\u00e1gico em p\u00f3 normalizado com um grau de pureza \u2265 90%, meticulosamente verificado por an\u00e1lise HPLC.<\/span><\/p>\n<\/li>\n<li><strong><span class=\"selected\">Fonte natural:<\/span><\/strong><span class=\"selected\"> Extra\u00eddo de rom\u00e3 de primeira qualidade (<\/span><em><span class=\"selected\">Punica granatum<\/span><\/em><span class=\"selected\">), alinhando-se com as tend\u00eancias do r\u00f3tulo limpo.<\/span><\/li>\n<li><strong><span class=\"selected\">Apar\u00eancia:<\/span><\/strong><span class=\"selected\"> Um p\u00f3 fino, cinzento claro, com um odor carater\u00edstico, que assegura a consist\u00eancia do perfil sensorial da sua formula\u00e7\u00e3o.<\/span><\/li>\n<li><strong><span class=\"selected\">Principais aplica\u00e7\u00f5es:<\/span><\/strong><span class=\"selected\"> Concebido para suplementos alimentares de elevado desempenho, formula\u00e7\u00f5es avan\u00e7adas de cuidados da pele (s\u00e9runs, cremes) e alimentos funcionais.<\/span><\/li>\n<li><strong><span class=\"selected\">Vantagem da formula\u00e7\u00e3o:<\/span><\/strong><span class=\"selected\"> Apresenta um tamanho de part\u00edcula controlado para uma dispers\u00e3o melhorada e uma consist\u00eancia superior de lote para lote, essencial para uma produ\u00e7\u00e3o escal\u00e1vel.<\/span><\/li>\n<\/ul>","protected":false},"featured_media":2845,"comment_status":"open","ping_status":"closed","template":"","meta":{"_acf_changed":false},"product_brand":[],"product_cat":[21],"product_tag":[],"class_list":{"0":"post-2844","1":"product","2":"type-product","3":"status-publish","4":"has-post-thumbnail","6":"product_cat-plant-extracts","8":"first","9":"instock","10":"shipping-taxable","11":"product-type-simple"},"acf":[],"_links":{"self":[{"href":"https:\/\/bstextract.com\/pt\/wp-json\/wp\/v2\/product\/2844","targetHints":{"allow":["GET"]}}],"collection":[{"href":"https:\/\/bstextract.com\/pt\/wp-json\/wp\/v2\/product"}],"about":[{"href":"https:\/\/bstextract.com\/pt\/wp-json\/wp\/v2\/types\/product"}],"replies":[{"embeddable":true,"href":"https:\/\/bstextract.com\/pt\/wp-json\/wp\/v2\/comments?post=2844"}],"wp:featuredmedia":[{"embeddable":true,"href":"https:\/\/bstextract.com\/pt\/wp-json\/wp\/v2\/media\/2845"}],"wp:attachment":[{"href":"https:\/\/bstextract.com\/pt\/wp-json\/wp\/v2\/media?parent=2844"}],"wp:term":[{"taxonomy":"product_brand","embeddable":true,"href":"https:\/\/bstextract.com\/pt\/wp-json\/wp\/v2\/product_brand?post=2844"},{"taxonomy":"product_cat","embeddable":true,"href":"https:\/\/bstextract.com\/pt\/wp-json\/wp\/v2\/product_cat?post=2844"},{"taxonomy":"product_tag","embeddable":true,"href":"https:\/\/bstextract.com\/pt\/wp-json\/wp\/v2\/product_tag?post=2844"}],"curies":[{"name":"wp","href":"https:\/\/api.w.org\/{rel}","templated":true}]}}