{"id":3103,"date":"2025-09-28T02:58:42","date_gmt":"2025-09-28T02:58:42","guid":{"rendered":"https:\/\/bstextract.com\/?post_type=product&#038;p=3103"},"modified":"2025-09-28T02:58:42","modified_gmt":"2025-09-28T02:58:42","slug":"inositol-em-po-myo-99","status":"publish","type":"product","link":"https:\/\/bstextract.com\/pt\/produto\/inositol-em-po-myo-99\/","title":{"rendered":"Inositol em p\u00f3 (Myo-Inositol) 99%"},"content":{"rendered":"<h2><span class=\"selected\">Vis\u00e3o geral do produto<\/span><\/h2>\n<p><span class=\"selected\">O Myo-Inositol \u00e9 um poliol carboc\u00edclico vital, que desempenha um papel crucial nas vias de sinaliza\u00e7\u00e3o celular. Embora historicamente conhecido como Vitamina B8, \u00e9 um ingrediente chave em produtos modernos de nutri\u00e7\u00e3o e bem-estar. O nosso Myo-Inositol \u00e9 um p\u00f3 cristalino fino e branco com um sabor ligeiramente doce, o que o torna um componente excecionalmente vers\u00e1til para uma vasta gama de ind\u00fastrias. Serve como ingrediente fundamental em formula\u00e7\u00f5es sofisticadas destinadas a apoiar a sa\u00fade metab\u00f3lica, a fun\u00e7\u00e3o cognitiva e o bem-estar geral.<\/span><\/p>\n<h3><span class=\"selected\">Vantagens exclusivas<\/span><\/h3>\n<ul>\n<li><strong><span class=\"selected\">Pureza excecional:<\/span><\/strong><span class=\"selected\"> Ensaio garantido de \u226597%, com lotes t\u00edpicos testados a uma impressionante <\/span><strong><span class=\"selected\">99.2% por HPLC<\/span><\/strong><span class=\"selected\">. Isto assegura uma pot\u00eancia m\u00e1xima e uma dosagem fi\u00e1vel e precisa para as suas formula\u00e7\u00f5es.<\/span><\/li>\n<li><strong><span class=\"selected\">Seguran\u00e7a l\u00edder de mercado:<\/span><\/strong><span class=\"selected\"> Os n\u00edveis de metais pesados (Pb, As) s\u00e3o testados em <\/span><strong><span class=\"selected\">0,001 ppm<\/span><\/strong><span class=\"selected\">um n\u00edvel 1000 vezes mais baixo do que o limite regulamentar padr\u00e3o de 1 ppm. Isto faz do nosso Inositol a primeira escolha para aplica\u00e7\u00f5es sens\u00edveis como f\u00f3rmulas para beb\u00e9s e suplementos de r\u00f3tulo limpo.<\/span><\/li>\n<li><strong><span class=\"selected\">Estabilidade e processabilidade superiores:<\/span><\/strong><span class=\"selected\"> Com uma perda extremamente baixa na secagem (tipicamente <\/span><strong><span class=\"selected\">&lt;0,1%<\/span><\/strong><span class=\"selected\">), este p\u00f3 resiste \u00e0 humidade, garantindo uma melhor fluidez durante o fabrico e um prazo de validade prolongado em misturas secas, comprimidos e c\u00e1psulas.<\/span><\/li>\n<li><strong><span class=\"selected\">Limpeza microbiol\u00f3gica:<\/span><\/strong><span class=\"selected\"> O nosso processo controlado por GMP produz um produto com contagens microbianas excecionalmente baixas (contagem total de placas tipicamente <\/span><strong><span class=\"selected\">&lt;20 ufc\/g<\/span><\/strong><span class=\"selected\">), excedendo em muito as normas da ind\u00fastria e garantindo a seguran\u00e7a e a integridade do seu produto final.<\/span><\/li>\n<li><strong><span class=\"selected\">Cadeia de fornecimento fi\u00e1vel:<\/span><\/strong><span class=\"selected\"> Fornecemos uma produ\u00e7\u00e3o consistente e escal\u00e1vel <\/span><strong><span class=\"selected\">diretamente do fabricante<\/span><\/strong><span class=\"selected\">oferecendo-lhe um fornecimento est\u00e1vel e a longo prazo e uma cadeia de cust\u00f3dia completa.<\/span><\/li>\n<\/ul>\n<h2><span class=\"selected\">Especifica\u00e7\u00f5es t\u00e9cnicas fundamentais para o Inositol em p\u00f3 (ensaio 99%)<\/span><\/h2>\n<p><span class=\"selected\">Esta tabela fornece os par\u00e2metros de qualidade garantidos para cada lote, assegurando um desempenho e uma conformidade consistentes.<\/span><\/p>\n<table>\n<tbody>\n<tr>\n<th><span class=\"selected\">Par\u00e2metro<\/span><\/th>\n<th><span class=\"selected\">Padr\u00e3o<\/span><\/th>\n<th><span class=\"selected\">M\u00e9todo de ensaio t\u00edpico<\/span><\/th>\n<\/tr>\n<tr>\n<td><strong><span class=\"selected\">An\u00e1lises f\u00edsicas e qu\u00edmicas<\/span><\/strong><\/td>\n<td><\/td>\n<td><\/td>\n<\/tr>\n<tr>\n<td><span class=\"selected\">Descri\u00e7\u00e3o<\/span><\/td>\n<td><span class=\"selected\">P\u00f3 cristalino branco ou esbranqui\u00e7ado<\/span><\/td>\n<td><span class=\"selected\">Visual<\/span><\/td>\n<\/tr>\n<tr>\n<td><span class=\"selected\">Identifica\u00e7\u00e3o<\/span><\/td>\n<td><span class=\"selected\">Positivo<\/span><\/td>\n<td><span class=\"selected\">USP\/NF<\/span><\/td>\n<\/tr>\n<tr>\n<td><span class=\"selected\">Composi\u00e7\u00e3o (em base seca)<\/span><\/td>\n<td><span class=\"selected\">\u226597,0% (tipicamente ~99,2%)<\/span><\/td>\n<td><span class=\"selected\">HPLC<\/span><\/td>\n<\/tr>\n<tr>\n<td><span class=\"selected\">Conte\u00fado de cinzas<\/span><\/td>\n<td><span class=\"selected\">\u22640.1%<\/span><\/td>\n<td><span class=\"selected\">USP\/NF<\/span><\/td>\n<\/tr>\n<tr>\n<td><span class=\"selected\">Perda na secagem<\/span><\/td>\n<td><span class=\"selected\">\u22640,5% (normalmente &lt;0,1%)<\/span><\/td>\n<td><span class=\"selected\">USP\/NF<\/span><\/td>\n<\/tr>\n<tr>\n<td><span class=\"selected\">Ponto de fus\u00e3o<\/span><\/td>\n<td><span class=\"selected\">224\u00b0C - 227\u00b0C<\/span><\/td>\n<td><span class=\"selected\">USP\/NF<\/span><\/td>\n<\/tr>\n<tr>\n<td><strong><span class=\"selected\">An\u00e1lise de res\u00edduos e impurezas<\/span><\/strong><\/td>\n<td><\/td>\n<td><\/td>\n<\/tr>\n<tr>\n<td><span class=\"selected\">Chumbo (Pb)<\/span><\/td>\n<td><span class=\"selected\">\u22641 ppm (normalmente 0,001 ppm)<\/span><\/td>\n<td><span class=\"selected\">ICP-MS<\/span><\/td>\n<\/tr>\n<tr>\n<td><span class=\"selected\">Ars\u00e9nio (As)<\/span><\/td>\n<td><span class=\"selected\">\u22641 ppm (normalmente 0,001 ppm)<\/span><\/td>\n<td><span class=\"selected\">ICP-MS<\/span><\/td>\n<\/tr>\n<tr>\n<td><span class=\"selected\">Solventes residuais<\/span><\/td>\n<td><span class=\"selected\">Cumpre os requisitos da USP<\/span><\/td>\n<td><span class=\"selected\">GC-HS<\/span><\/td>\n<\/tr>\n<tr>\n<td><strong><span class=\"selected\">An\u00e1lise microbiol\u00f3gica<\/span><\/strong><\/td>\n<td><\/td>\n<td><\/td>\n<\/tr>\n<tr>\n<td><span class=\"selected\">Contagem total de placas<\/span><\/td>\n<td><span class=\"selected\">\u22641000 ufc\/g<\/span><\/td>\n<td><span class=\"selected\">USP\/NF<\/span><\/td>\n<\/tr>\n<tr>\n<td><span class=\"selected\">Leveduras e bolores<\/span><\/td>\n<td><span class=\"selected\">\u2264100 ufc\/g<\/span><\/td>\n<td><span class=\"selected\">USP\/NF<\/span><\/td>\n<\/tr>\n<tr>\n<td><span class=\"selected\">E. Coli<\/span><\/td>\n<td><span class=\"selected\">Negativo \/ 10g<\/span><\/td>\n<td><span class=\"selected\">USP\/NF<\/span><\/td>\n<\/tr>\n<tr>\n<td><span class=\"selected\">Salmonela<\/span><\/td>\n<td><span class=\"selected\">Negativo \/ 25g<\/span><\/td>\n<td><span class=\"selected\">USP\/NF<\/span><\/td>\n<\/tr>\n<tr>\n<td><span class=\"selected\">Staphylococcus<\/span><\/td>\n<td><span class=\"selected\">Negativo \/ 10g<\/span><\/td>\n<td><span class=\"selected\">USP\/NF<\/span><\/td>\n<\/tr>\n<\/tbody>\n<\/table>\n<p><em><span class=\"selected\">Nota: Est\u00e3o dispon\u00edveis quantidades a granel <\/span><strong><span class=\"selected\">da nossa f\u00e1brica<\/span><\/strong><span class=\"selected\"> com op\u00e7\u00f5es de embalagem personaliz\u00e1veis para satisfazer as suas necessidades de produ\u00e7\u00e3o.<\/span><\/em><\/p>\n<h2><span class=\"selected\">Dete\u00e7\u00e3o e garantia de qualidade<\/span><\/h2>\n<h3><span class=\"selected\">Metodologia de teste avan\u00e7ada<\/span><\/h3>\n<p><span class=\"selected\">Utilizamos a Cromatografia L\u00edquida de Alto Desempenho (HPLC) para os testes de ensaio. Este m\u00e9todo avan\u00e7ado assegura a quantifica\u00e7\u00e3o exacta do Myo-Inositol, garantindo a sua pureza e a aus\u00eancia de impurezas relacionadas com muito mais precis\u00e3o do que os m\u00e9todos de titula\u00e7\u00e3o mais antigos. Por raz\u00f5es de seguran\u00e7a, os metais pesados s\u00e3o analisados atrav\u00e9s da espetrometria de massa com plasma indutivamente acoplado (ICP-MS), proporcionando uma sensibilidade l\u00edder de mercado e fornecendo a pureza verific\u00e1vel necess\u00e1ria para a conformidade regulamentar global.<\/span><\/p>\n<h3><span class=\"selected\">Consist\u00eancia de lote para lote<\/span><\/h3>\n<p><span class=\"selected\">Como o <\/span><strong><span class=\"selected\">fabricante original<\/span><\/strong><span class=\"selected\">A nossa empresa, a GMP, opera segundo diretrizes rigorosas de BPF (Boas Pr\u00e1ticas de Fabrico). Os nossos controlos de processo robustos garantem que cada lote, desde o primeiro quilograma at\u00e9 \u00e0s encomendas de v\u00e1rias toneladas, cumpre os mesmos padr\u00f5es elevados de pureza, tamanho de part\u00edcula e densidade descritos no nosso Certificado de An\u00e1lise. Este compromisso com a consist\u00eancia minimiza a variabilidade no seu processo de produ\u00e7\u00e3o.<\/span><\/p>\n<h3><span class=\"selected\">Documenta\u00e7\u00e3o dispon\u00edvel<\/span><\/h3>\n<p><span class=\"selected\">Fornecemos um pacote de documenta\u00e7\u00e3o abrangente para apoiar as suas equipas de qualidade e regulamenta\u00e7\u00e3o, incluindo<\/span><\/p>\n<ul>\n<li><span class=\"selected\">Certificado de an\u00e1lise (COA) para cada lote espec\u00edfico<\/span><\/li>\n<li><span class=\"selected\">Ficha de dados de seguran\u00e7a do material (MSDS)<\/span><\/li>\n<li><span class=\"selected\">Declara\u00e7\u00e3o de alerg\u00e9nios<\/span><\/li>\n<li><span class=\"selected\">Declara\u00e7\u00e3o de n\u00e3o OGM<\/span><\/li>\n<li><span class=\"selected\">Certificados Kosher e Halal<\/span><\/li>\n<\/ul>\n<h2><span class=\"selected\">Aplica\u00e7\u00f5es e sugest\u00f5es de formula\u00e7\u00e3o<\/span><\/h2>\n<h3><span class=\"selected\">Suplementos alimentares<\/span><\/h3>\n<p><span class=\"selected\">O nosso Myo-Inositol \u00e9 ideal para c\u00e1psulas, comprimidos (adequados para compress\u00e3o direta ou granula\u00e7\u00e3o h\u00famida) e misturas de p\u00f3s. O seu teor de humidade extremamente baixo (<\/span><strong><span class=\"selected\">&lt;0,1% Perda por secagem<\/span><\/strong><span class=\"selected\">) evita a aglomera\u00e7\u00e3o e melhora a estabilidade em formula\u00e7\u00f5es higrosc\u00f3picas. O seu perfil de sabor neutro torna-o perfeito para f\u00f3rmulas que visam a sa\u00fade metab\u00f3lica, o apoio ao humor e o bem-estar das mulheres.<\/span><\/p>\n<ul>\n<li><em><span class=\"selected\">Sugest\u00e3o de inclus\u00e3o:<\/span><\/em><span class=\"selected\"> 500mg - 2000mg por dose.<\/span><\/li>\n<\/ul>\n<h3><span class=\"selected\">Alimentos e bebidas funcionais<\/span><\/h3>\n<p><span class=\"selected\">A excelente solubilidade em \u00e1gua e a estabilidade t\u00e9rmica do nosso Inositol facilitam a sua incorpora\u00e7\u00e3o em bebidas prontas a beber (RTD), \u00e1guas fortificadas, sumos, iogurtes e barras nutricionais. Dissolve-se para formar uma solu\u00e7\u00e3o clara e est\u00e1vel que resiste \u00e0 pasteuriza\u00e7\u00e3o sem afetar a clareza, o sabor ou a textura.<\/span><\/p>\n<h3><span class=\"selected\">Cosm\u00e9ticos e cuidados pessoais<\/span><\/h3>\n<p><span class=\"selected\">Nos cuidados da pele, o Myo-Inositol \u00e9 utilizado em f\u00f3rmulas como s\u00e9runs, cremes e lo\u00e7\u00f5es pelas suas propriedades hidratantes e condicionadoras da pele, ajudando a manter a hidrata\u00e7\u00e3o e o equil\u00edbrio da pele.<\/span><\/p>\n<h2><span class=\"selected\">Compatibilidade e Co-Formula\u00e7\u00e3o<\/span><\/h2>\n<p><span class=\"selected\">O Myo-Inositol apresenta uma elevada compatibilidade com uma vasta gama de ingredientes comuns. Pode ser facilmente co-formulado com vitaminas (complexo B, C, D), minerais (magn\u00e9sio, zinco), amino\u00e1cidos, prebi\u00f3ticos e outros extractos bot\u00e2nicos sem problemas de intera\u00e7\u00e3o, tornando-o um componente flex\u00edvel e fi\u00e1vel em formula\u00e7\u00f5es complexas.<\/span><\/p>\n<h2><span class=\"selected\">Embalagem, estabilidade e armazenamento<\/span><\/h2>\n<ul>\n<li><strong><span class=\"selected\">Embalagem:<\/span><\/strong><span class=\"selected\"> A embalagem padr\u00e3o \u00e9 de 25 kg de peso l\u00edquido em tambores de fibra com revestimentos duplos de polietileno (PE) de qualidade alimentar para garantir a integridade, a limpeza e a prote\u00e7\u00e3o do produto durante o transporte e o armazenamento.<\/span><\/li>\n<li><strong><span class=\"selected\">Estabilidade:<\/span><\/strong><span class=\"selected\"> O Myo-Inositol \u00e9 uma mol\u00e9cula altamente est\u00e1vel, resistente \u00e0 degrada\u00e7\u00e3o pela luz e pelo calor em condi\u00e7\u00f5es normais de fabrico. \u00c9 est\u00e1vel numa vasta gama de pH comum nos sistemas alimentares e de bebidas.<\/span><\/li>\n<li><strong><span class=\"selected\">Armazenamento e prazo de validade:<\/span><\/strong><span class=\"selected\"> Conservar em local fresco e seco, ao abrigo da luz solar direta, na sua embalagem original fechada. O prazo de validade recomendado \u00e9 de 36 meses a partir da data de fabrico.<\/span><\/li>\n<\/ul>\n<h2><span class=\"selected\">Seguran\u00e7a e conformidade regulamentar<\/span><\/h2>\n<p><span class=\"selected\">O Myo-Inositol \u00e9 geralmente reconhecido como seguro (GRAS) para as suas utiliza\u00e7\u00f5es previstas em alimentos e suplementos nos Estados Unidos (FDA). Este produto \u00e9 fabricado numa instala\u00e7\u00e3o com certifica\u00e7\u00e3o GMP e est\u00e1 dispon\u00edvel com certifica\u00e7\u00f5es Kosher e Halal para satisfazer os requisitos do mercado global.<\/span><\/p>\n<h2><span class=\"selected\">Perguntas frequentes (FAQ)<\/span><\/h2>\n<p><strong><span class=\"selected\">P: \u00c9 uma f\u00e1brica direta ou uma empresa comercial?<\/span><\/strong><\/p>\n<p><span class=\"selected\">R: Somos a <\/span><strong><span class=\"selected\">fabricante e exportador original<\/span><\/strong><span class=\"selected\"> de Myo-Inositol. O nosso aprovisionamento garante uma rastreabilidade total, um controlo de qualidade rigoroso e uma cadeia de abastecimento est\u00e1vel diretamente a partir da linha de produ\u00e7\u00e3o.<\/span><\/p>\n<p><strong><span class=\"selected\">Q: Qual \u00e9 o MOQ padr\u00e3o e o prazo de entrega?<\/span><\/strong><\/p>\n<p><span class=\"selected\">R: A nossa quantidade m\u00ednima de encomenda (MOQ) padr\u00e3o \u00e9 de 25 kg. Os prazos de entrega variam consoante o destino e o volume da encomenda, mas as encomendas normais s\u00e3o normalmente enviadas no prazo de 7 a 10 dias \u00fateis. Contacte-nos para obter um or\u00e7amento espec\u00edfico.<\/span><\/p>\n<p><strong><span class=\"selected\">P: Oferecem Inositol com certifica\u00e7\u00e3o Kosher e Halal?<\/span><\/strong><\/p>\n<p><span class=\"selected\">R: Sim, este produto est\u00e1 dispon\u00edvel com as certifica\u00e7\u00f5es Kosher e Halal. Por favor, especifique este requisito quando efetuar a sua encomenda.<\/span><\/p>\n<p><strong><span class=\"selected\">Q: Posso obter uma pequena amostra para testar a formula\u00e7\u00e3o?<\/span><\/strong><\/p>\n<p><span class=\"selected\">R: Sem d\u00favida. Incentivamos o teste de formula\u00e7\u00f5es e fornecemos amostras de avalia\u00e7\u00e3o a clientes qualificados. Utilize o formul\u00e1rio de contacto abaixo para fazer o seu pedido.<\/span><\/p>\n<h2><span class=\"selected\">Obtenha a sua amostra e or\u00e7amento hoje mesmo<\/span><\/h2>\n<p><span class=\"selected\">Pronto para incorporar o Myo-Inositol de alta pureza no seu pr\u00f3ximo produto l\u00edder de mercado? <\/span><strong><span class=\"selected\">Pedir uma amostra diretamente ao fabricante<\/span><\/strong><span class=\"selected\"> para avalia\u00e7\u00e3o ou contacte a nossa equipa t\u00e9cnica de vendas para obter um or\u00e7amento competitivo para quantidades a granel.<\/span><\/p>","protected":false},"excerpt":{"rendered":"<ul>\n<li>P\u00f3 cristalino branco de elevada pureza, obtido a partir de milho n\u00e3o geneticamente modificado.<\/li>\n<li>Ideal para suplementos alimentares, bebidas funcionais, f\u00f3rmulas para beb\u00e9s e aplica\u00e7\u00f5es cosm\u00e9ticas.<\/li>\n<li>Apresenta uma excelente solubilidade em \u00e1gua, um sabor neutro e um tamanho de part\u00edcula consistente para um desempenho superior da formula\u00e7\u00e3o.<\/li>\n<li>Dispon\u00edvel em quantidades a granel diretamente de um fabricante com certifica\u00e7\u00e3o GMP.<\/li>\n<\/ul>","protected":false},"featured_media":3104,"comment_status":"open","ping_status":"closed","template":"","meta":{"_acf_changed":false},"product_brand":[],"product_cat":[15],"product_tag":[],"class_list":{"0":"post-3103","1":"product","2":"type-product","3":"status-publish","4":"has-post-thumbnail","6":"product_cat-dietary-supplements","8":"first","9":"instock","10":"shipping-taxable","11":"product-type-simple"},"acf":[],"_links":{"self":[{"href":"https:\/\/bstextract.com\/pt\/wp-json\/wp\/v2\/product\/3103","targetHints":{"allow":["GET"]}}],"collection":[{"href":"https:\/\/bstextract.com\/pt\/wp-json\/wp\/v2\/product"}],"about":[{"href":"https:\/\/bstextract.com\/pt\/wp-json\/wp\/v2\/types\/product"}],"replies":[{"embeddable":true,"href":"https:\/\/bstextract.com\/pt\/wp-json\/wp\/v2\/comments?post=3103"}],"wp:featuredmedia":[{"embeddable":true,"href":"https:\/\/bstextract.com\/pt\/wp-json\/wp\/v2\/media\/3104"}],"wp:attachment":[{"href":"https:\/\/bstextract.com\/pt\/wp-json\/wp\/v2\/media?parent=3103"}],"wp:term":[{"taxonomy":"product_brand","embeddable":true,"href":"https:\/\/bstextract.com\/pt\/wp-json\/wp\/v2\/product_brand?post=3103"},{"taxonomy":"product_cat","embeddable":true,"href":"https:\/\/bstextract.com\/pt\/wp-json\/wp\/v2\/product_cat?post=3103"},{"taxonomy":"product_tag","embeddable":true,"href":"https:\/\/bstextract.com\/pt\/wp-json\/wp\/v2\/product_tag?post=3103"}],"curies":[{"name":"wp","href":"https:\/\/api.w.org\/{rel}","templated":true}]}}