{"id":3108,"date":"2025-10-20T07:25:14","date_gmt":"2025-10-20T07:25:14","guid":{"rendered":"https:\/\/bstextract.com\/?post_type=product&#038;p=3108"},"modified":"2025-10-20T07:25:14","modified_gmt":"2025-10-20T07:25:14","slug":"glicinato-de-magnesio-12-por-cento-po-nao-tamponado","status":"publish","type":"product","link":"https:\/\/bstextract.com\/pt\/produto\/glicinato-de-magnesio-12-por-cento-po-nao-tamponado\/","title":{"rendered":"Glicinato de magn\u00e9sio 12% P\u00f3"},"content":{"rendered":"<h2 data-pm-slice=\"1 1 []\">Vis\u00e3o geral do produto<\/h2>\n<p>Este Glicinato de Magn\u00e9sio 12% \u00e9 um quelato de magn\u00e9sio de elevada pureza, totalmente reativo e n\u00e3o tamponado. \u00c9 formado pela liga\u00e7\u00e3o de um \u00e1tomo de magn\u00e9sio a duas mol\u00e9culas do amino\u00e1cido glicina (bisglicinato de magn\u00e9sio). Esta estrutura quelatada (CAS 14783-68-7) \u00e9 altamente valorizada em suplementos diet\u00e9ticos e alimentos funcionais, uma vez que utiliza a via de transporte de amino\u00e1cidos para absor\u00e7\u00e3o, oferecendo biodisponibilidade superior e toler\u00e2ncia gastrointestinal em compara\u00e7\u00e3o com sais inorg\u00e2nicos como o \u00f3xido de magn\u00e9sio.<\/p>\n<p>O nosso grau de magn\u00e9sio elementar 12% \u00e9 um p\u00f3 cristalino fino e branco, optimizado para consist\u00eancia e pureza. O seu pH alcalino carater\u00edstico (tipicamente 9-12) serve como um indicador chave do seu estado n\u00e3o tamponado e totalmente reagido, distinguindo-o de produtos de pureza inferior ou \"tamponados\" que s\u00e3o misturados com \u00f3xido de magn\u00e9sio.<\/p>\n<p><strong>Principais vantagens para a formula\u00e7\u00e3o e o fornecimento:<\/strong><\/p>\n<ul>\n<li><strong>Elevada biodisponibilidade:<\/strong> Estrutura quelatada concebida para uma melhor absor\u00e7\u00e3o.<\/li>\n<li><strong>Excelente toler\u00e2ncia ao IG:<\/strong> Minimiza o efeito laxante frequentemente associado a outras formas de magn\u00e9sio.<\/li>\n<li><strong>Pureza garantida:<\/strong> \u2265 12% Mg elementar. N\u00e3o tamponado e totalmente reagido.<\/li>\n<li><strong>Transpar\u00eancia t\u00e9cnica:<\/strong> Fornecemos dados claros sobre o seu pH alcalino e oferecemos orienta\u00e7\u00f5es de formula\u00e7\u00e3o para a sua utiliza\u00e7\u00e3o.<\/li>\n<li><strong>Fornecimento consistente:<\/strong> Dispon\u00edvel em grandes quantidades diretamente do <strong>fabricante<\/strong>garantindo uma cadeia de abastecimento fi\u00e1vel e a consist\u00eancia de lote para lote.<\/li>\n<\/ul>\n<h2>Principais especifica\u00e7\u00f5es t\u00e9cnicas<\/h2>\n<p>Esta ficha de especifica\u00e7\u00f5es baseia-se num Certificado de An\u00e1lise (COA) t\u00edpico. A documenta\u00e7\u00e3o completa, incluindo COAs espec\u00edficos do lote, est\u00e1 dispon\u00edvel mediante pedido.<\/p>\n<table>\n<tbody>\n<tr>\n<th>Par\u00e2metro<\/th>\n<th>Especifica\u00e7\u00e3o (padr\u00e3o)<\/th>\n<th>Resultado t\u00edpico (do COA)<\/th>\n<th>M\u00e9todo<\/th>\n<\/tr>\n<tr>\n<td><strong>An\u00e1lises f\u00edsicas e qu\u00edmicas<\/strong><\/td>\n<td>&nbsp;<\/td>\n<td>&nbsp;<\/td>\n<td>&nbsp;<\/td>\n<\/tr>\n<tr>\n<td>Descri\u00e7\u00e3o<\/td>\n<td>P\u00f3 cristalino branco<\/td>\n<td>Qualificado<\/td>\n<td>Visual<\/td>\n<\/tr>\n<tr>\n<td>Magn\u00e9sio (Mg, em base seca)<\/td>\n<td><strong>\u2265 12.0%<\/strong><\/td>\n<td><strong>12.3%<\/strong><\/td>\n<td>Norma da empresa (Titula\u00e7\u00e3o\/ICP)<\/td>\n<\/tr>\n<tr>\n<td>Perda na secagem<\/td>\n<td>\u2264 1.0%<\/td>\n<td>0.35%<\/td>\n<td>Norma Empresarial<\/td>\n<\/tr>\n<tr>\n<td><strong>pH (solu\u00e7\u00e3o 10g\/L)<\/strong><\/td>\n<td><strong>9.0 &#8211; 12.0<\/strong><\/td>\n<td><strong>10.2<\/strong><\/td>\n<td>Norma da empresa (potenciom\u00e9trica)<\/td>\n<\/tr>\n<tr>\n<td><strong>Propriedades f\u00edsicas (t\u00edpicas)<\/strong><\/td>\n<td>&nbsp;<\/td>\n<td>&nbsp;<\/td>\n<td>&nbsp;<\/td>\n<\/tr>\n<tr>\n<td>Tamanho das part\u00edculas<\/td>\n<td>95% pass 80 Mesh<\/td>\n<td>Conformidade<\/td>\n<td>Peneira\u00e7\u00e3o<\/td>\n<\/tr>\n<tr>\n<td>Densidade a granel<\/td>\n<td>0,6 - 0,8 g\/mL<\/td>\n<td>0,7 g\/mL<\/td>\n<td>Norma Empresarial<\/td>\n<\/tr>\n<tr>\n<td><strong>An\u00e1lise de res\u00edduos (seguran\u00e7a)<\/strong><\/td>\n<td>&nbsp;<\/td>\n<td>&nbsp;<\/td>\n<td>&nbsp;<\/td>\n<\/tr>\n<tr>\n<td>Metal pesado (como Pb)<\/td>\n<td>\u2264 15ppm<\/td>\n<td>&lt;15ppm<\/td>\n<td>Norma Empresarial (AAS\/ICP-MS)<\/td>\n<\/tr>\n<tr>\n<td>Ars\u00e9nio (As)<\/td>\n<td>\u2264 1ppm<\/td>\n<td>&lt;1ppm<\/td>\n<td>Norma Empresarial (AAS\/ICP-MS)<\/td>\n<\/tr>\n<tr>\n<td>Chumbo (Pb) (t\u00edpico)<\/td>\n<td>\u2264 1ppm<\/td>\n<td>Conformidade<\/td>\n<td>Norma Empresarial<\/td>\n<\/tr>\n<tr>\n<td>C\u00e1dmio (Cd) (t\u00edpico)<\/td>\n<td>\u2264 0,5ppm<\/td>\n<td>Conformidade<\/td>\n<td>Norma Empresarial<\/td>\n<\/tr>\n<tr>\n<td>Merc\u00fario (Hg) (t\u00edpico)<\/td>\n<td>\u2264 0,1ppm<\/td>\n<td>Conformidade<\/td>\n<td>Norma Empresarial<\/td>\n<\/tr>\n<tr>\n<td><strong>Controlo microbiol\u00f3gico (t\u00edpico)<\/strong><\/td>\n<td>&nbsp;<\/td>\n<td>&nbsp;<\/td>\n<td>&nbsp;<\/td>\n<\/tr>\n<tr>\n<td>Contagem total de placas<\/td>\n<td>\u2264 1000 ufc\/g<\/td>\n<td>Conformidade<\/td>\n<td>Norma Empresarial<\/td>\n<\/tr>\n<tr>\n<td>Leveduras e bolores<\/td>\n<td>\u2264 100 ufc\/g<\/td>\n<td>Conformidade<\/td>\n<td>Norma Empresarial<\/td>\n<\/tr>\n<tr>\n<td>E. Coli<\/td>\n<td>Negativo \/ 10g<\/td>\n<td>Conformidade<\/td>\n<td>Norma Empresarial<\/td>\n<\/tr>\n<tr>\n<td>Salmonela<\/td>\n<td>Negativo \/ 25g<\/td>\n<td>Conformidade<\/td>\n<td>Norma Empresarial<\/td>\n<\/tr>\n<\/tbody>\n<\/table>\n<h2>Documenta\u00e7\u00e3o de qualidade e conformidade<\/h2>\n<p>Somos uma empresa de <strong>exportador<\/strong> e <strong>fabricante<\/strong> comprometidos com os padr\u00f5es globais de qualidade. Embora o nosso m\u00e9todo de teste padr\u00e3o seja o \"Enterprise Standard\", as nossas especifica\u00e7\u00f5es s\u00e3o concebidas para cumprir ou exceder os principais requisitos farmacopeicos (por exemplo, USP, FCC).<\/p>\n<p>Est\u00e1 dispon\u00edvel um pacote completo de documenta\u00e7\u00e3o para as suas equipas de garantia da qualidade e de regulamenta\u00e7\u00e3o:<\/p>\n<ul>\n<li><a href=\"https:\/\/bstextract.com\/wp-content\/uploads\/2025\/10\/Magnesium-Glycinate-COA.pdf\">Certificado de an\u00e1lise (COA)<\/a><\/li>\n<li>Ficha de dados de seguran\u00e7a do material (MSDS)<\/li>\n<li>Declara\u00e7\u00e3o de alerg\u00e9nios (isento dos principais alerg\u00e9nios)<\/li>\n<li>Declara\u00e7\u00e3o de n\u00e3o-OGM (n\u00e3o derivado de organismos geneticamente modificados)<\/li>\n<li>Certifica\u00e7\u00e3o Kosher<\/li>\n<li>Certifica\u00e7\u00e3o Halal<\/li>\n<li>Declara\u00e7\u00e3o de res\u00edduos de solventes<\/li>\n<li>Certificado de fabrico ISO \/ GMP<\/li>\n<\/ul>\n<h2>Aplica\u00e7\u00f5es e Orienta\u00e7\u00e3o de Formula\u00e7\u00e3o<\/h2>\n<p>O Magnesium Glycinate 12% \u00e9 a escolha ideal para fortificar suplementos e alimentos funcionais com uma fonte de magn\u00e9sio altamente biodispon\u00edvel e amiga do est\u00f4mago.<\/p>\n<h3>Dosagem s\u00f3lida (C\u00e1psulas e Comprimidos)<\/h3>\n<p>As propriedades f\u00edsicas do p\u00f3 (densidade aparente e tamanho das part\u00edculas) s\u00e3o optimizadas para utiliza\u00e7\u00e3o em..:<\/p>\n<ul>\n<li><strong>C\u00e1psulas duras de duas pe\u00e7as:<\/strong> Proporciona uma excelente fluidez para encapsulamento a alta velocidade.<\/li>\n<li><strong>Comprimidos (Granula\u00e7\u00e3o h\u00famida):<\/strong> Serve como ativo prim\u00e1rio. (Para a compress\u00e3o direta, informe-se sobre o nosso grau DC).<\/li>\n<li><strong>Misturas em p\u00f3 e saquetas:<\/strong> Mistura-se facilmente com outros ingredientes n\u00e3o \u00e1cidos.<\/li>\n<\/ul>\n<h3>Guia de Formula\u00e7\u00e3o: Bebidas e misturas sens\u00edveis ao pH<\/h3>\n<p>Uma considera\u00e7\u00e3o cr\u00edtica na formula\u00e7\u00e3o do glicinato de magn\u00e9sio n\u00e3o tamponado \u00e9 a sua <strong>pH alcalino carater\u00edstico (9,0-12,0)<\/strong>.<\/p>\n<ul>\n<li><strong>O desafio:<\/strong> Quando adicionado \u00e0 \u00e1gua, este produto aumenta significativamente o pH da solu\u00e7\u00e3o. Isto pode ser incompat\u00edvel com formula\u00e7\u00f5es \u00e1cidas (como bebidas com sabor a citrinos) ou ingredientes sens\u00edveis a um pH elevado (por exemplo, certas vitaminas, sabores ou conservantes como o benzoato de s\u00f3dio).<\/li>\n<li><strong>A indica\u00e7\u00e3o:<\/strong> Este perfil alcalino \u00e9 a prova qu\u00edmica de que o produto \u00e9 um bisglicinato de alta pureza, totalmente reagido, e n\u00e3o uma mistura tamponada contendo \u00f3xido de magn\u00e9sio.<\/li>\n<li><strong>A solu\u00e7\u00e3o:<\/strong> Para sistemas l\u00edquidos e em p\u00f3 \u00e1cidos ou com pH neutro, um acidulante de qualidade alimentar (como \u00e1cido c\u00edtrico, \u00e1cido m\u00e1lico ou \u00e1cido tart\u00e1rico) <strong>deve ser utilizado como agente tamp\u00e3o<\/strong> para ajustar o pH final ao intervalo desejado (por exemplo, pH 3,5-4,5 para uma bebida).<\/li>\n<\/ul>\n<p>A nossa equipa t\u00e9cnica est\u00e1 dispon\u00edvel para discutir a sua aplica\u00e7\u00e3o espec\u00edfica e fornecer recomenda\u00e7\u00f5es de ponto de partida para o ajuste do pH.<\/p>\n<h2>Estabilidade, armazenamento e embalagem<\/h2>\n<ul>\n<li><strong>Estabilidade:<\/strong> Este produto \u00e9 quimicamente est\u00e1vel. No entanto, \u00e9 higrosc\u00f3pico (absorve a humidade do ar).<\/li>\n<li><strong>Armazenamento:<\/strong> Conservar num local fresco e seco, na embalagem original e bem fechada. Evitar a exposi\u00e7\u00e3o a humidade elevada e \u00e0 luz solar direta.<\/li>\n<li><strong>Embalagem:<\/strong> A embalagem padr\u00e3o \u00e9 um tambor de fibra de 25 kg de peso l\u00edquido com um revestimento interno de PE de qualidade alimentar.<\/li>\n<li><strong>Fornecimento:<\/strong> Como uma empresa global <strong>fornecedor<\/strong> e <strong>f\u00e1brica<\/strong> oferecemos quantidades de paletes a granel e podemos discutir requisitos de embalagem personalizados.<\/li>\n<\/ul>\n<h2>Perguntas frequentes (FAQ)<\/h2>\n<p><strong>Q: Qual \u00e9 o pH do glicinato de magn\u00e9sio 12% em \u00e1gua?<\/strong><\/p>\n<p>R: O pH de uma solu\u00e7\u00e3o de 1% (10g\/L) \u00e9 altamente alcalino, tipicamente entre 9,0 e 12,0. O nosso COA apresenta um resultado t\u00edpico de 10,2. Esta \u00e9 uma carater\u00edstica normal e esperada do bisglicinato de magn\u00e9sio n\u00e3o tamponado de elevada pureza.<\/p>\n<p><strong>P: Qual \u00e9 a diferen\u00e7a entre este produto \"n\u00e3o tamponado\" e o glicinato de magn\u00e9sio \"tamponado\"?<\/strong><\/p>\n<p>R: \"N\u00e3o tamponado\" (como este produto) \u00e9 glicinato de magn\u00e9sio puro, totalmente reagido, fornecendo \u2265 12% de Mg elementar. Os produtos \"tamponados\" s\u00e3o misturas de glicinato de magn\u00e9sio com \u00f3xido de magn\u00e9sio. Embora o tamponamento possa aumentar a percentagem total de magn\u00e9sio, dilui os benef\u00edcios do quelato de glicinato e reintroduz a fraca solubilidade e os problemas de toler\u00e2ncia GI do \u00f3xido de magn\u00e9sio.<\/p>\n<p><strong>P: O conte\u00fado do 12% \u00e9 o magn\u00e9sio \"elementar\"?<\/strong><\/p>\n<p>R: Sim. A especifica\u00e7\u00e3o \u2265 12% refere-se ao teor de magn\u00e9sio elementar (Mg), que \u00e9 o valor cr\u00edtico que utiliza para calcular o painel \"Factos do suplemento\" do seu produto ou a alega\u00e7\u00e3o no r\u00f3tulo.<\/p>\n<p><strong>P: Como posso gerir o pH elevado na formula\u00e7\u00e3o da minha bebida?<\/strong><\/p>\n<p>R: Deve utilizar um sistema tamp\u00e3o de qualidade alimentar, normalmente adicionando um acidulante como o \u00e1cido c\u00edtrico. A quantidade de \u00e1cido necess\u00e1ria depende do seu pH alvo e de outros ingredientes. Contacte a nossa equipa t\u00e9cnica para uma consulta de formula\u00e7\u00e3o.<\/p>\n<p><strong>P: \u00c9 o fabricante direto?<\/strong><\/p>\n<p>R: Sim, somos a <strong>fabricante original<\/strong> e a granel <strong>exportador<\/strong> deste material. Fornecemos total rastreabilidade e fornecemos diretamente da nossa <strong>f\u00e1brica<\/strong>garantindo um controlo de qualidade e pre\u00e7os est\u00e1veis.<\/p>\n<p><strong>Q: Qual \u00e9 o c\u00f3digo HS para o glicinato de magn\u00e9sio?<\/strong><\/p>\n<p>R: O c\u00f3digo SH t\u00edpico \u00e9 2922 49 (ou uma subposi\u00e7\u00e3o relacionada, por exemplo, 2922 49 85). Confirme com o seu despachante aduaneiro para a sua regi\u00e3o espec\u00edfica.<\/p>\n<h2>Pedir uma amostra ou or\u00e7amento<\/h2>\n<p>Pronto para avaliar o nosso Glicinato de Magn\u00e9sio 12%? Contacte a nossa equipa para solicitar uma amostra para testes laboratoriais, receber um pacote completo de dados t\u00e9cnicos ou obter uma cota\u00e7\u00e3o para pre\u00e7os a granel.<\/p>","protected":false},"excerpt":{"rendered":"<ul data-pm-slice=\"3 3 []\">\n<li><strong>Produto:<\/strong> Glicinato de magn\u00e9sio 12% P\u00f3 (Bisglicinato de magn\u00e9sio)<\/li>\n<li><strong>Especifica\u00e7\u00e3o:<\/strong> \u2265 12% Mg elementar (em base seca)<\/li>\n<li><strong>Carater\u00edstica principal:<\/strong> Quelato de alta pureza, n\u00e3o tamponado (CAS 14783-68-7).<\/li>\n<li><strong>Perfil:<\/strong> P\u00f3 cristalino branco com um pH alcalino carater\u00edstico (9-12).<\/li>\n<li><strong>Aplica\u00e7\u00e3o:<\/strong> Ideal para c\u00e1psulas, comprimidos e misturas de p\u00f3s funcionais com elevada biodisponibilidade.<\/li>\n<li><strong>Vantagem:<\/strong> Concebido para uma absor\u00e7\u00e3o superior e problemas m\u00ednimos de toler\u00e2ncia gastrointestinal (GI).<\/li>\n<\/ul>","protected":false},"featured_media":3128,"comment_status":"open","ping_status":"closed","template":"","meta":{"_acf_changed":false},"product_brand":[],"product_cat":[15],"product_tag":[],"class_list":{"0":"post-3108","1":"product","2":"type-product","3":"status-publish","4":"has-post-thumbnail","6":"product_cat-dietary-supplements","8":"first","9":"instock","10":"shipping-taxable","11":"product-type-simple"},"acf":[],"_links":{"self":[{"href":"https:\/\/bstextract.com\/pt\/wp-json\/wp\/v2\/product\/3108","targetHints":{"allow":["GET"]}}],"collection":[{"href":"https:\/\/bstextract.com\/pt\/wp-json\/wp\/v2\/product"}],"about":[{"href":"https:\/\/bstextract.com\/pt\/wp-json\/wp\/v2\/types\/product"}],"replies":[{"embeddable":true,"href":"https:\/\/bstextract.com\/pt\/wp-json\/wp\/v2\/comments?post=3108"}],"wp:featuredmedia":[{"embeddable":true,"href":"https:\/\/bstextract.com\/pt\/wp-json\/wp\/v2\/media\/3128"}],"wp:attachment":[{"href":"https:\/\/bstextract.com\/pt\/wp-json\/wp\/v2\/media?parent=3108"}],"wp:term":[{"taxonomy":"product_brand","embeddable":true,"href":"https:\/\/bstextract.com\/pt\/wp-json\/wp\/v2\/product_brand?post=3108"},{"taxonomy":"product_cat","embeddable":true,"href":"https:\/\/bstextract.com\/pt\/wp-json\/wp\/v2\/product_cat?post=3108"},{"taxonomy":"product_tag","embeddable":true,"href":"https:\/\/bstextract.com\/pt\/wp-json\/wp\/v2\/product_tag?post=3108"}],"curies":[{"name":"wp","href":"https:\/\/api.w.org\/{rel}","templated":true}]}}