{"id":3137,"date":"2025-10-29T07:33:05","date_gmt":"2025-10-29T07:33:05","guid":{"rendered":"https:\/\/bstextract.com\/?post_type=product&#038;p=3137"},"modified":"2025-10-29T07:34:54","modified_gmt":"2025-10-29T07:34:54","slug":"r-acido-alfa-lipoico-99-em-po-de-elevado-isomero","status":"publish","type":"product","link":"https:\/\/bstextract.com\/pt\/produto\/r-acido-alfa-lipoico-99-em-po-de-elevado-isomero\/","title":{"rendered":"\u00c1cido alfa-lip\u00f3ico"},"content":{"rendered":"<h2 data-pm-slice=\"1 1 []\">Vis\u00e3o geral do produto<\/h2>\n<p>Este \u00e9 um \u00e1cido alfa-lip\u00f3ico R (R-ALA) de qualidade superior, meticulosamente sintetizado para obter uma pureza isom\u00e9rica excecional e um ensaio global. Ao contr\u00e1rio do \u00e1cido alfa-lip\u00f3ico rac\u00e9mico (50\/50) padr\u00e3o e orientado para os custos, este material \u00e9 composto por 98,27% <strong>\u00c1cido R-Lip\u00f3ico<\/strong>. Este \u00e9 o enanti\u00f3mero biologicamente ativo, a forma que se encontra naturalmente no organismo e \u00e9 reconhecido como um cofator cr\u00edtico no metabolismo energ\u00e9tico mitocondrial.<\/p>\n<p>Com um ensaio total verificado a 99,91% <strong>por HPLC<\/strong>Este p\u00f3 cristalino amarelo \u00e9 a escolha definitiva para os formuladores que desenvolvem suplementos alimentares de alta pot\u00eancia e aplica\u00e7\u00f5es cosm\u00e9ticas avan\u00e7adas. Proporciona a biodisponibilidade e a pot\u00eancia superiores do is\u00f3mero R, mantendo uma excelente processabilidade e um custo competitivo por unidade ativa.<\/p>\n<p>O nosso processo avan\u00e7ado de s\u00edntese e purifica\u00e7\u00e3o foi concebido para minimizar as impurezas e os solventes residuais. A especifica\u00e7\u00e3o resultante, conforme evidenciado pelo nosso COA t\u00edpico, mostra um Tolueno residual ultra-baixo (0,00047%) e um teor insignificante de metais pesados, proporcionando uma qualidade sem paralelo e confian\u00e7a regulamentar diretamente da fonte.<\/p>\n<p><strong>Principais vantagens:<\/strong><\/p>\n<ul>\n<li><strong>Forma altamente bioactiva:<\/strong> Apresenta uma pureza de 98,27% do is\u00f3mero R (enantiom\u00e9rico) para uma relev\u00e2ncia biol\u00f3gica m\u00e1xima.<\/li>\n<li><strong>Pureza total excecional:<\/strong> 99,91% de ALA total verificado por HPLC, com impurezas totais de apenas 0,09%.<\/li>\n<li><strong>Perfil de seguran\u00e7a superior:<\/strong> Verificou solventes residuais ultra-baixos, com n\u00edveis de Tolueno 189 vezes inferiores ao limite ICH.<\/li>\n<li><strong>Verifica\u00e7\u00e3o isom\u00e9rica:<\/strong> Forma R confirmada fisicamente atrav\u00e9s da rota\u00e7\u00e3o espec\u00edfica (resultado t\u00edpico: +117\u00b0).<\/li>\n<li><strong>Pot\u00eancia econ\u00f3mica:<\/strong> Fornece um ingrediente mais potente e biologicamente ativo do que o ALA rac\u00e9mico, optimizando a rela\u00e7\u00e3o custo-efic\u00e1cia da formula\u00e7\u00e3o.<\/li>\n<li><strong>Fornecimento direto do fabricante:<\/strong> Garante a rastreabilidade total, a consist\u00eancia de lote para lote e uma cadeia de fornecimento fi\u00e1vel diretamente da nossa <strong>f\u00e1brica<\/strong>.<\/li>\n<\/ul>\n<h2>Principais par\u00e2metros t\u00e9cnicos (com base num COA t\u00edpico)<\/h2>\n<p>Esta tabela de especifica\u00e7\u00f5es detalha os rigorosos padr\u00f5es de qualidade que o nosso \u00e1cido R-alfa-lip\u00f3ico cumpre de forma consistente. A coluna \"Resultados\" reflecte os dados t\u00edpicos do lote a partir do COA fornecido, demonstrando uma conformidade consistente que excede em muito os padr\u00f5es exigidos.<\/p>\n<table>\n<tbody>\n<tr>\n<th>Artigos<\/th>\n<th>Normas (Especifica\u00e7\u00e3o)<\/th>\n<th>Resultados (an\u00e1lise de lotes t\u00edpicos)<\/th>\n<th>M\u00e9todo<\/th>\n<\/tr>\n<tr>\n<td><strong>An\u00e1lises f\u00edsicas e qu\u00edmicas<\/strong><\/td>\n<td><\/td>\n<td><\/td>\n<td><\/td>\n<\/tr>\n<tr>\n<td>Apar\u00eancia<\/td>\n<td>P\u00f3 cristalino amarelo<\/td>\n<td>Em conformidade<\/td>\n<td>Visual<\/td>\n<\/tr>\n<tr>\n<td>Identifica\u00e7\u00e3o<\/td>\n<td>Positivo<\/td>\n<td>Em conformidade<\/td>\n<td>IR\/HPLC<\/td>\n<\/tr>\n<tr>\n<td>Odor e sabor<\/td>\n<td>Carater\u00edstica<\/td>\n<td>Em conformidade<\/td>\n<td>Organol\u00e9tico<\/td>\n<\/tr>\n<tr>\n<td>Ensaio<\/td>\n<td>\u226599.0%<\/td>\n<td>99.91%<\/td>\n<td>HPLC<\/td>\n<\/tr>\n<tr>\n<td><strong>Subst\u00e2ncia relacionada (perfil de impureza)<\/strong><\/td>\n<td><\/td>\n<td><\/td>\n<td><\/td>\n<\/tr>\n<tr>\n<td>\u00c1cido 6,8-epitr\u00edtico-octan\u00f3ico<\/td>\n<td><\/td>\n<td>N.D<\/td>\n<td>HPLC<\/td>\n<\/tr>\n<tr>\n<td>Impureza individual m\u00e1xima<\/td>\n<td>NMT 0.1%<\/td>\n<td>0.09%<\/td>\n<td>HPLC<\/td>\n<\/tr>\n<tr>\n<td>Impureza total<\/td>\n<td>NMT 1%<\/td>\n<td>0.09%<\/td>\n<td>HPLC<\/td>\n<\/tr>\n<tr>\n<td><strong>Solventes residuais<\/strong><\/td>\n<td><\/td>\n<td><\/td>\n<td>GC-HS<\/td>\n<\/tr>\n<tr>\n<td>Ciclo-hexano<\/td>\n<td>NMT 0,388%<\/td>\n<td>0.10%<\/td>\n<td>GC-HS<\/td>\n<\/tr>\n<tr>\n<td>Acetato de etilo<\/td>\n<td>NMT 0.5%<\/td>\n<td>0.0068%<\/td>\n<td>GC-HS<\/td>\n<\/tr>\n<tr>\n<td>Tolueno<\/td>\n<td>NMT 0,089%<\/td>\n<td>0.00047%<\/td>\n<td>GC-HS<\/td>\n<\/tr>\n<tr>\n<td><strong>Is\u00f3mero (pureza quiral)<\/strong><\/td>\n<td><\/td>\n<td><\/td>\n<td>HPLC quiral<\/td>\n<\/tr>\n<tr>\n<td>\u00c1cido R-Lip\u00f3ico<\/td>\n<td>Relat\u00f3rio<\/td>\n<td>98.27%<\/td>\n<td>HPLC quiral<\/td>\n<\/tr>\n<tr>\n<td>\u00c1cido L-lip\u00f3ico<\/td>\n<td>Relat\u00f3rio<\/td>\n<td>1.72%<\/td>\n<td>HPLC quiral<\/td>\n<\/tr>\n<tr>\n<td><strong>Carater\u00edsticas f\u00edsicas<\/strong><\/td>\n<td><\/td>\n<td><\/td>\n<td><\/td>\n<\/tr>\n<tr>\n<td>Rota\u00e7\u00e3o espec\u00edfica<\/td>\n<td>&#8211;<\/td>\n<td>+117\u00b0<\/td>\n<td>USP<\/td>\n<\/tr>\n<tr>\n<td><strong>An\u00e1lise de res\u00edduos<\/strong><\/td>\n<td><\/td>\n<td><\/td>\n<td><\/td>\n<\/tr>\n<tr>\n<td>Metal pesado<\/td>\n<td>\u2264 10ppm<\/td>\n<td>Em conformidade<\/td>\n<td>ICP-MS<\/td>\n<\/tr>\n<tr>\n<td>Pb<\/td>\n<td>\u2264 3ppm<\/td>\n<td>Em conformidade<\/td>\n<td>ICP-MS<\/td>\n<\/tr>\n<tr>\n<td>Como<\/td>\n<td>\u2264 2ppm<\/td>\n<td>Em conformidade<\/td>\n<td>ICP-MS<\/td>\n<\/tr>\n<tr>\n<td>Hg<\/td>\n<td>\u2264 0,1ppm<\/td>\n<td>Em conformidade<\/td>\n<td>ICP-MS<\/td>\n<\/tr>\n<tr>\n<td>Cd<\/td>\n<td>\u2264 1ppm<\/td>\n<td>Em conformidade<\/td>\n<td>ICP-MS<\/td>\n<\/tr>\n<tr>\n<td><strong>Microbiol\u00f3gico<\/strong><\/td>\n<td><\/td>\n<td><\/td>\n<td><\/td>\n<\/tr>\n<tr>\n<td>Contagem total de placas<\/td>\n<td>\u2264 1000cfu\/g<\/td>\n<td>Em conformidade<\/td>\n<td>USP<\/td>\n<\/tr>\n<tr>\n<td>Levedura e bolor<\/td>\n<td>\u2264 1000cfu\/g<\/td>\n<td>Em conformidade<\/td>\n<td>USP<\/td>\n<\/tr>\n<tr>\n<td>E.coli<\/td>\n<td>Negativo<\/td>\n<td>Negativo<\/td>\n<td>USP<\/td>\n<\/tr>\n<tr>\n<td>Salmonela<\/td>\n<td>Negativo<\/td>\n<td>Negativo<\/td>\n<td>USP<\/td>\n<\/tr>\n<\/tbody>\n<\/table>\n<h2>Dete\u00e7\u00e3o, Qualidade e Excel\u00eancia de Fabrico<\/h2>\n<p>A qualidade n\u00e3o \u00e9 apenas uma especifica\u00e7\u00e3o; \u00e9 validada por uma metodologia transparente e um controlo robusto do processo. Fornecemos estes dados para capacitar as suas equipas t\u00e9cnicas e regulamentares.<\/p>\n<h3>Ensaios avan\u00e7ados de isom\u00e9ricos e solventes<\/h3>\n<p>O principal fator de diferencia\u00e7\u00e3o do R-ALA reside na sua pureza isom\u00e9rica, que n\u00e3o pode ser determinada por HPLC normal.<\/p>\n<ul>\n<li><strong>An\u00e1lise de is\u00f3meros (HPLC quiral):<\/strong> Utilizamos m\u00e9todos de HPLC quiral de alta resolu\u00e7\u00e3o (cromatografia em coluna quiral) para separar e quantificar com precis\u00e3o o \u00e1cido R-lip\u00f3ico (98,27%) do \u00e1cido L-lip\u00f3ico inativo (1,72%).<\/li>\n<li><strong>Rota\u00e7\u00e3o espec\u00edfica:<\/strong> A rota\u00e7\u00e3o espec\u00edfica positiva (dextrorotat\u00f3ria) de +117\u00b0 serve como uma confirma\u00e7\u00e3o f\u00edsica crucial da predomin\u00e2ncia do enanti\u00f3mero R, validando o ensaio quiral.<\/li>\n<li><strong>Solventes residuais (GC-HS):<\/strong> Utilizamos a cromatografia gasosa de espa\u00e7o livre (GC-HS) para detetar solventes vol\u00e1teis at\u00e9 ao n\u00edvel de parte por milh\u00e3o (ppm). O nosso resultado demonstrado para o Tolueno (um solvente ICH Classe 2) \u00e9 0,00047% <strong>(ou 4,7 ppm)<\/strong>. Isto \u00e9 <strong>189 vezes inferior<\/strong> do que o limite ICH Q3C aceite de 0,089% (890 ppm), validando a seguran\u00e7a excecional e o aperfei\u00e7oamento do nosso processo de fabrico.<\/li>\n<\/ul>\n<h3>Fabrico e rastreabilidade GMP<\/h3>\n<p>Como o principal <strong>fabricante<\/strong> e <strong>exportador<\/strong> Para garantir a qualidade deste ingrediente de elevada pureza, oferecemos total transpar\u00eancia na cadeia de fornecimento. As nossas instala\u00e7\u00f5es operam sob rigorosas diretrizes GMP e ISO, garantindo um controlo de qualidade robusto, uma consist\u00eancia superior de lote para lote e uma rastreabilidade total para a sua documenta\u00e7\u00e3o.<\/p>\n<p><strong>Documentos dispon\u00edveis para as suas necessidades de conformidade:<\/strong><\/p>\n<ul>\n<li><a href=\"https:\/\/bstextract.com\/wp-content\/uploads\/2025\/10\/Alpha-Lipoic-Acid-coa.pdf\">Certificado de an\u00e1lise (COA)<\/a><\/li>\n<li>Ficha de dados de seguran\u00e7a do material (MSDS)<\/li>\n<li>Declara\u00e7\u00e3o de alerg\u00e9nios<\/li>\n<li>Declara\u00e7\u00e3o de n\u00e3o OGM<\/li>\n<li>Certificados Kosher e Halal<\/li>\n<li>Fluxograma de fabrico<\/li>\n<\/ul>\n<h2>Aplica\u00e7\u00f5es e Orienta\u00e7\u00e3o de Formula\u00e7\u00e3o<\/h2>\n<p>O elevado teor de is\u00f3meros R deste produto torna-o um ingrediente potente e eficaz para os formuladores que procuram tirar partido das propriedades \"antioxidantes universais\" do \u00e1cido alfa-lip\u00f3ico.<\/p>\n<h3>Suplementos alimentares<\/h3>\n<p>O R-ALA \u00e9 um antioxidante vers\u00e1til, que funciona tanto em ambientes hidrossol\u00faveis como lipossol\u00faveis. A sua forma R de elevada biodisponibilidade \u00e9 um componente de primeira qualidade para:<\/p>\n<ul>\n<li><strong>Formula\u00e7\u00f5es \"Envelhecimento saud\u00e1vel\":<\/strong> Como um antioxidante fundamental para a sa\u00fade celular.<\/li>\n<li><strong>Apoio ao metabolismo da glucose:<\/strong> Para suplementos destinados a apoiar n\u00edveis saud\u00e1veis de a\u00e7\u00facar no sangue.<\/li>\n<li><strong>Apoio \u00e0 sa\u00fade dos nervos:<\/strong> Um ingrediente comum em formula\u00e7\u00f5es para o conforto e a fun\u00e7\u00e3o dos nervos.<\/li>\n<li><strong>Formas de dosagem:<\/strong> O p\u00f3 cristalino amarelo proporciona uma boa fluidez para encapsulamento (inv\u00f3lucros duros de duas pe\u00e7as) e pode ser utilizado em compress\u00e3o direta (comprimidos), embora as carater\u00edsticas f\u00edsicas do R-ALA possam exigir excipientes espec\u00edficos para um desempenho de compress\u00e3o ideal.<\/li>\n<li><strong>Inclus\u00e3o t\u00edpica:<\/strong> 50 mg - 200 mg por dose.<\/li>\n<\/ul>\n<h3>Cuidados com a pele e cosm\u00e9ticos avan\u00e7ados<\/h3>\n<p>Topicamente, o R-ALA \u00e9 um poderoso antioxidante utilizado para proteger a barreira cut\u00e2nea do stress oxidativo e melhorar a apar\u00eancia do tom e da textura da pele.<\/p>\n<ul>\n<li><strong>Aplica\u00e7\u00f5es:<\/strong> S\u00e9runs de alta pot\u00eancia, cremes de dia protectores e lo\u00e7\u00f5es \"anti-envelhecimento\".<\/li>\n<li><strong>Nota de Formula\u00e7\u00e3o:<\/strong> O \u00c1cido R-Alfa Lip\u00f3ico \u00e9 sens\u00edvel ao calor e \u00e0 luz. Nas emuls\u00f5es, recomendamos a sua incorpora\u00e7\u00e3o durante o <strong>fase de arrefecimento<\/strong> (&lt; 40\u2103). Ele tem melhor desempenho em emuls\u00e3o est\u00e1vel ou bases anidras (sem \u00e1gua). Certifique-se de que a embalagem \u00e9 opaca para proteger da luz.<\/li>\n<li><strong>Inclus\u00e3o t\u00edpica:<\/strong> 0,1% - 1,0%.<\/li>\n<\/ul>\n<h2>Estabilidade, armazenamento e manuseamento<\/h2>\n<p>O \u00e1cido R-alfa-lip\u00f3ico (CAS 1200-22-2) \u00e9 sens\u00edvel a temperaturas elevadas, \u00e0 luz e \u00e0 polimeriza\u00e7\u00e3o. Esta \u00e9 uma carater\u00edstica conhecida do is\u00f3mero R ativo. Para garantir o prazo de validade de 24 meses, \u00e9 essencial o cumprimento rigoroso dos protocolos de armazenamento.<\/p>\n<ul>\n<li><strong>Armazenamento:<\/strong> Armazene em recipientes originais, n\u00e3o abertos e herm\u00e9ticos em local fresco, seco e escuro. A refrigera\u00e7\u00e3o (recomendada 2-8\u2103) \u00e9 necess\u00e1ria para uma estabilidade \u00f3ptima a longo prazo.<\/li>\n<li><strong>Manuseamento:<\/strong> Uma vez abertos, minimizar a exposi\u00e7\u00e3o ao ar e \u00e0 humidade. Recomenda-se vivamente a cobertura do espa\u00e7o livre dos recipientes parcialmente utilizados com um g\u00e1s inerte (por exemplo, azoto ou \u00e1rgon) para evitar a oxida\u00e7\u00e3o e a polimeriza\u00e7\u00e3o.<\/li>\n<li><strong>Prazo de validade:<\/strong> 24 meses a partir da data de fabrico, quando conservado corretamente.<\/li>\n<\/ul>\n<h2>Seguran\u00e7a e conformidade<\/h2>\n<p>Este ingrediente \u00e9 fabricado para cumprir ou exceder as principais normas regulamentares internacionais para suplementos alimentares e cosm\u00e9ticos.<\/p>\n<ul>\n<li><strong>Metais pesados:<\/strong> Respeita os limites rigorosos de Pb, As, Hg e Cd, verificados por ICP-MS.<\/li>\n<li><strong>Microbiol\u00f3gico:<\/strong> Isento de bact\u00e9rias patog\u00e9nicas (E.coli, Salmonella) e mant\u00e9m baixas contagens microbianas totais, garantindo a seguran\u00e7a para utiliza\u00e7\u00e3o nutricional.<\/li>\n<li><strong>Solventes:<\/strong> Em conformidade com as diretrizes USP  e ICH Q3C para solventes residuais.<\/li>\n<\/ul>\n<h2>Perguntas frequentes (FAQ)<\/h2>\n<p><strong>P: Qual \u00e9 a principal diferen\u00e7a entre o vosso R-ALA (98,27% R-Is\u00f3mero) e o ALA rac\u00e9mico 50\/50 padr\u00e3o?<\/strong><\/p>\n<p>R: O ALA rac\u00e9mico padr\u00e3o \u00e9 uma mistura 50\/50 de \u00e1cido R-lip\u00f3ico e \u00e1cido L-lip\u00f3ico. O nosso produto cont\u00e9m 98,27% do is\u00f3mero R, que \u00e9 a \u00fanica forma que o corpo humano produz endogenamente e reconhece como cofator. Isto proporciona uma atividade biol\u00f3gica e uma pot\u00eancia significativamente mais elevadas por miligrama, tornando-o um ingrediente mais eficiente e eficaz para a sua formula\u00e7\u00e3o.<\/p>\n<p><strong>P: O seu COA indica<\/strong> 99.91% <strong>Ensaio mas<\/strong> 98.27% <strong>\u00c1cido R-Lip\u00f3ico. Pode explicar isto?<\/strong><\/p>\n<p>R: Esta \u00e9 uma excelente quest\u00e3o t\u00e9cnica. O \"Ensaio (99.91%)\" mede o <em>total<\/em> \u00c1cido alfa-lip\u00f3ico (is\u00f3meros R e L) por um m\u00e9todo HPLC normalizado. O teste \"Is\u00f3mero (98.27%)\" utiliza um m\u00e9todo especializado de <em>HPLC quiral<\/em> para determinar o m\u00e9todo <em>r\u00e1cio<\/em> desses is\u00f3meros. Este COA demonstra que do total de 99,91% de ALA, 98,27% \u00e9 a forma R desejada e apenas 1,72% \u00e9 a forma L.<\/p>\n<p><strong>P: O COA lista o Tolueno. Isto est\u00e1 em conformidade com a USP  ou com os regulamentos da UE?<\/strong> R: Sim, est\u00e1 totalmente em conformidade. O tolueno \u00e9 um solvente da Classe 2 da CIH. A especifica\u00e7\u00e3o (NMT 0,089% ou 890 ppm) \u00e9 o limite internacional aceite. O nosso resultado t\u00edpico de lote de 0,00047% <strong>(ou 4,7 ppm)<\/strong> \u00e9 <strong>189 vezes inferior<\/strong> do que este limite, demonstrando um produto excecionalmente limpo e seguro que cumpre facilmente todas as normas globais, incluindo as da USP .<\/p>\n<p><strong>P: Qu\u00e3o est\u00e1vel \u00e9 este p\u00f3 de R-ALA em compara\u00e7\u00e3o com o Na-R-ALA?<\/strong><\/p>\n<p>R: Trata-se do \u00c1cido R-Alfa Lip\u00f3ico <em>\u00e1cido livre<\/em>que \u00e9 intrinsecamente menos est\u00e1vel do que o seu sal de s\u00f3dio (Na-R-ALA), particularmente ao calor e \u00e0 humidade. No entanto, esta forma \u00e9 frequentemente preferida para formula\u00e7\u00f5es espec\u00edficas (por exemplo, n\u00e3o higrosc\u00f3pica, sem \u00e1gua ou com pH espec\u00edfico) e rotulagem (\"sem s\u00f3dio\"). A estabilidade \u00e9 excelente quando os nossos protocolos de armazenamento (refrigerado, escuro, g\u00e1s inerte) s\u00e3o seguidos.<\/p>\n<p><strong>P: S\u00e3o o fabricante direto deste R-ALA?<\/strong><\/p>\n<p>R: Sim, somos os originais <strong>fabricante<\/strong> e <strong>exportador mundial<\/strong> deste \u00e1cido R-alfa-lip\u00f3ico de elevada pureza. Gerimos todo o processo de s\u00edntese e purifica\u00e7\u00e3o, garantindo total rastreabilidade e consist\u00eancia dos lotes diretamente a partir do nosso <strong>f\u00e1brica<\/strong> para as suas instala\u00e7\u00f5es.<\/p>\n<p><strong>Q: Qual \u00e9 o MOQ t\u00edpico e o c\u00f3digo HS para encomendas internacionais em massa?<\/strong><\/p>\n<p>R: O nosso MOQ normal para este produto \u00e9 de 25 kg, embalado em bid\u00f5es para exporta\u00e7\u00e3o. O c\u00f3digo HS para o \u00e1cido alfa-lip\u00f3ico \u00e9 normalmente 2934.99. Contacte a nossa equipa de vendas para obter uma cota\u00e7\u00e3o formal com base no seu volume e destino.<\/p>","protected":false},"excerpt":{"rendered":"<ul>\n<li><b>Produto:<\/b> \u00c1cido R-alfa-lip\u00f3ico (is\u00f3mero R elevado)<\/li>\n<li><b>Ensaio:<\/b> <span class=\"math-inline\" data-math=\"99.91\\%\">99.91%<\/span>\u00a0(ALA total por HPLC)<\/li>\n<li><b>Pureza do is\u00f3mero:<\/b> <span class=\"math-inline\" data-math=\"98.27\\%\">98.27%<\/span>\u00a0\u00c1cido R-lip\u00f3ico (por HPLC quiral)<\/li>\n<li><b>Apar\u00eancia:<\/b> P\u00f3 cristalino amarelo<\/li>\n<li><b>Especifica\u00e7\u00f5es principais:<\/b> Tolueno ultra-baixo (<span class=\"math-inline\" data-math=\"0.00047\\%\">0.00047%<\/span>), Rota\u00e7\u00e3o espec\u00edfica <span class=\"math-inline\" data-math=\"+117^\\circ\">+117\u00b0<\/span><\/li>\n<li><b>Aplica\u00e7\u00f5es:<\/b> Ideal para suplementos de elevada pot\u00eancia (metabolismo da glicose, envelhecimento saud\u00e1vel) e cuidados antioxidantes da pele.<\/li>\n<li><b>Vantagem:<\/b> Uma alternativa rent\u00e1vel e de elevada biodisponibilidade ao ALA rac\u00e9mico padr\u00e3o e ao R-ALA puro inst\u00e1vel.<\/li>\n<\/ul>","protected":false},"featured_media":3134,"comment_status":"open","ping_status":"closed","template":"","meta":{"_acf_changed":false},"product_brand":[],"product_cat":[15],"product_tag":[],"class_list":{"0":"post-3137","1":"product","2":"type-product","3":"status-publish","4":"has-post-thumbnail","6":"product_cat-dietary-supplements","8":"first","9":"instock","10":"shipping-taxable","11":"product-type-simple"},"acf":[],"_links":{"self":[{"href":"https:\/\/bstextract.com\/pt\/wp-json\/wp\/v2\/product\/3137","targetHints":{"allow":["GET"]}}],"collection":[{"href":"https:\/\/bstextract.com\/pt\/wp-json\/wp\/v2\/product"}],"about":[{"href":"https:\/\/bstextract.com\/pt\/wp-json\/wp\/v2\/types\/product"}],"replies":[{"embeddable":true,"href":"https:\/\/bstextract.com\/pt\/wp-json\/wp\/v2\/comments?post=3137"}],"wp:featuredmedia":[{"embeddable":true,"href":"https:\/\/bstextract.com\/pt\/wp-json\/wp\/v2\/media\/3134"}],"wp:attachment":[{"href":"https:\/\/bstextract.com\/pt\/wp-json\/wp\/v2\/media?parent=3137"}],"wp:term":[{"taxonomy":"product_brand","embeddable":true,"href":"https:\/\/bstextract.com\/pt\/wp-json\/wp\/v2\/product_brand?post=3137"},{"taxonomy":"product_cat","embeddable":true,"href":"https:\/\/bstextract.com\/pt\/wp-json\/wp\/v2\/product_cat?post=3137"},{"taxonomy":"product_tag","embeddable":true,"href":"https:\/\/bstextract.com\/pt\/wp-json\/wp\/v2\/product_tag?post=3137"}],"curies":[{"name":"wp","href":"https:\/\/api.w.org\/{rel}","templated":true}]}}