{"id":3170,"date":"2025-11-05T01:41:02","date_gmt":"2025-11-05T01:41:02","guid":{"rendered":"https:\/\/bstextract.com\/?post_type=product&#038;p=3170"},"modified":"2025-11-05T01:43:22","modified_gmt":"2025-11-05T01:43:22","slug":"casca-de-psilio-em-po-99-por-cento-80-mesh","status":"publish","type":"product","link":"https:\/\/bstextract.com\/pt\/produto\/casca-de-psilio-em-po-99-por-cento-80-mesh\/","title":{"rendered":"Psyllium Husk em p\u00f3"},"content":{"rendered":"<h2 data-pm-slice=\"1 1 []\">Vis\u00e3o geral do produto: Fibra de Psyllium de Alto Desempenho (Plantago Ovata)<\/h2>\n<p>O Psyllium Husk Powder \u00e9 um ingrediente funcional de elevada pureza, derivado das cascas da <em>Plantago Ovata<\/em> semente. Concebido para aplica\u00e7\u00f5es B2B exigentes, este produto \u00e9 caracterizado pela sua elevada pureza (99,5%), tamanho de part\u00edcula fino (99% passa 80 mesh) e propriedades funcionais excepcionais.<\/p>\n<p>Como um p\u00f3 fino carater\u00edstico, esbranqui\u00e7ado, \u00e9 um ingrediente chave para os formuladores que procuram uma liga\u00e7\u00e3o superior \u00e0 \u00e1gua, viscosidade e melhoria da textura. O seu valor funcional prim\u00e1rio deriva de um extremamente elevado <strong>Teor de fibra alimentar de 85,1%<\/strong> e um l\u00edder de mercado <strong>Volume de dilata\u00e7\u00e3o de 68 ml\/gm<\/strong>. Esta especifica\u00e7\u00e3o excede significativamente a norma USP t\u00edpica de \u2265 45 ml\/gm, permitindo um maior impacto funcional em n\u00edveis de utiliza\u00e7\u00e3o mais baixos.<\/p>\n<p>Este ingrediente \u00e9 uma ferramenta inestim\u00e1vel para criar estrutura em sistemas sem gl\u00faten, fornecendo fortifica\u00e7\u00e3o rica em fibras para suplementos diet\u00e9ticos e optimizando a sensa\u00e7\u00e3o na boca em bebidas funcionais.<\/p>\n<p><strong>Vantagens exclusivas:<\/strong><\/p>\n<ul>\n<li><strong>Volume de ondula\u00e7\u00e3o excecional:<\/strong> Atinge <strong>68 ml\/gm<\/strong> (USP 36), proporcionando um poder superior de espessamento, gelifica\u00e7\u00e3o e aglutina\u00e7\u00e3o.<\/li>\n<li><strong>Alta pureza e fibra:<\/strong> Normalizado para <strong>99,5% Pureza<\/strong> e <strong>85.1% Fibra alimentar<\/strong> para formula\u00e7\u00f5es de r\u00f3tulo limpo.<\/li>\n<li><strong>Tamanho de part\u00edcula optimizado:<\/strong> <strong>99% passa a malha 80<\/strong> para uma textura suave, uma excelente sensa\u00e7\u00e3o na boca e uma dispers\u00e3o optimizada.<\/li>\n<li><strong>Perfil de seguran\u00e7a superior:<\/strong> Rigorosamente testado para microbiologia e metais pesados, com resultados muito superiores aos limites de conformidade padr\u00e3o.<\/li>\n<li><strong>Fornecimento est\u00e1vel e direto:<\/strong> Dispon\u00edvel em grandes quantidades diretamente do <strong>fabricante<\/strong>garantindo a consist\u00eancia de lote para lote e uma cadeia de abastecimento fi\u00e1vel.<\/li>\n<\/ul>\n<h2>Principais especifica\u00e7\u00f5es t\u00e9cnicas (<a href=\"https:\/\/bstextract.com\/wp-content\/uploads\/2025\/11\/Psyllium-Husk-Powder-COA.pdf\">Dados t\u00edpicos de COA<\/a>)<\/h2>\n<p>As especifica\u00e7\u00f5es que se seguem foram retiradas de um certificado de an\u00e1lise t\u00edpico (lote n.\u00ba BH240509CH) para o nosso p\u00f3 de casca de ps\u00edlio 99% (80 Mesh). Fornecemos COAs transparentes e espec\u00edficos de cada lote com cada encomenda para garantir que o nosso produto cumpre os seus requisitos precisos de formula\u00e7\u00e3o e qualidade.<\/p>\n<table>\n<tbody>\n<tr>\n<th>Item<\/th>\n<th>Normas<\/th>\n<th>Resultados (lote t\u00edpico)<\/th>\n<th>M\u00e9todo<\/th>\n<\/tr>\n<tr>\n<td><strong>An\u00e1lises f\u00edsicas e qu\u00edmicas<\/strong><\/td>\n<td><\/td>\n<td><\/td>\n<td><\/td>\n<\/tr>\n<tr>\n<td>Descri\u00e7\u00e3o<\/td>\n<td>P\u00f3 fino esbranqui\u00e7ado<\/td>\n<td>Qualificado<\/td>\n<td>Visual\/GB\/T 5492-2008<\/td>\n<\/tr>\n<tr>\n<td>Odor e sabor<\/td>\n<td>Carater\u00edstica<\/td>\n<td>Qualificado<\/td>\n<td>GB\/T 5492-2008<\/td>\n<\/tr>\n<tr>\n<td>Identifica\u00e7\u00e3o<\/td>\n<td>Resposta positiva<\/td>\n<td>\uff08+\uff09<\/td>\n<td>TLC<\/td>\n<\/tr>\n<tr>\n<td>Tamanho da malha<\/td>\n<td>99\uff05 malha 80<\/td>\n<td>Qualificado<\/td>\n<td>GB\/T 5507-2008<\/td>\n<\/tr>\n<tr>\n<td>Pureza<\/td>\n<td>99%<\/td>\n<td><strong>99.5%<\/strong><\/td>\n<td>\/<\/td>\n<\/tr>\n<tr>\n<td>Fibra alimentar<\/td>\n<td>80%<\/td>\n<td><strong>85.1%<\/strong><\/td>\n<td>GB5009.88-2014<\/td>\n<\/tr>\n<tr>\n<td><strong>Volume da ondula\u00e7\u00e3o<\/strong><\/td>\n<td><strong>\u2265 45ml\/gm<\/strong><\/td>\n<td><strong>68ml\/gm<\/strong><\/td>\n<td><strong>USP 36<\/strong><\/td>\n<\/tr>\n<tr>\n<td>Cinzas insol\u00faveis em \u00e1cido<\/td>\n<td>\u22644\uff05<\/td>\n<td><strong>0.15\uff05<\/strong><\/td>\n<td>GB 5009.3<\/td>\n<\/tr>\n<tr>\n<td>Perda na secagem<\/td>\n<td>\u226412\uff05<\/td>\n<td><strong>4.41\uff05<\/strong><\/td>\n<td>GB 5009.3<\/td>\n<\/tr>\n<tr>\n<td><strong>An\u00e1lise de res\u00edduos (metais pesados)<\/strong><\/td>\n<td><\/td>\n<td><\/td>\n<td><\/td>\n<\/tr>\n<tr>\n<td>Metal pesado<\/td>\n<td>\u226420ppm<\/td>\n<td>Qualificado<\/td>\n<td>GB 5009.74 -2014<\/td>\n<\/tr>\n<tr>\n<td>Pb<\/td>\n<td>\u22642ppm<\/td>\n<td><strong>0,0682ppm<\/strong><\/td>\n<td>GB 5009.12-2017<\/td>\n<\/tr>\n<tr>\n<td>Como<\/td>\n<td>\u22642ppm<\/td>\n<td><strong>0,00624ppm<\/strong><\/td>\n<td>GB 5009.11-2014<\/td>\n<\/tr>\n<tr>\n<td>Hg<\/td>\n<td>\u22640,5ppm<\/td>\n<td>Qualificado<\/td>\n<td>GB 5009.17-2014<\/td>\n<\/tr>\n<tr>\n<td>Cd<\/td>\n<td>\u22640,5ppm<\/td>\n<td>Qualificado<\/td>\n<td>GB 5009.15-2014<\/td>\n<\/tr>\n<tr>\n<td><strong>Controlo microbiol\u00f3gico<\/strong><\/td>\n<td><\/td>\n<td><\/td>\n<td><\/td>\n<\/tr>\n<tr>\n<td>Contagem total de placas<\/td>\n<td>\u226410000cfu\/g<\/td>\n<td><strong>1200cfu\/g<\/strong><\/td>\n<td>GB 4789.2-2016<\/td>\n<\/tr>\n<tr>\n<td>Leveduras e bolores<\/td>\n<td>\u22641000cfu\/g<\/td>\n<td><strong>100cfu\/g<\/strong><\/td>\n<td>GB 4789.15-2016<\/td>\n<\/tr>\n<tr>\n<td>E.coli<\/td>\n<td>Negativo<\/td>\n<td>Negativo<\/td>\n<td>GB 4789.38-2016<\/td>\n<\/tr>\n<tr>\n<td>Salmonela<\/td>\n<td>Negativo<\/td>\n<td>Negativo<\/td>\n<td>GB 4789.4-2016<\/td>\n<\/tr>\n<\/tbody>\n<\/table>\n<h2>An\u00e1lise e garantia de qualidade<\/h2>\n<p>Fornecemos este p\u00f3 de casca de ps\u00edlio de alto desempenho com um programa de qualidade transparente e robusto. As nossas especifica\u00e7\u00f5es n\u00e3o se referem apenas ao cumprimento de limites, mas sim \u00e0 demonstra\u00e7\u00e3o de uma qualidade superior muito para al\u00e9m do padr\u00e3o.<\/p>\n<h3>Perfil de seguran\u00e7a superior (microbiano e metais pesados)<\/h3>\n<p>Este produto foi concebido para utiliza\u00e7\u00e3o direta em suplementos e alimentos, onde a seguran\u00e7a \u00e9 fundamental.<\/p>\n<ul>\n<li><strong>Controlo de metais pesados:<\/strong> Embora o limite normalizado para o chumbo (Pb) e o ars\u00e9nio (As) seja \u2264 2 ppm, a nossa an\u00e1lise de lote t\u00edpica apresenta resultados a <strong>0,0682 ppm (Pb)<\/strong> e <strong>0,00624 ppm (As)<\/strong>. Estes n\u00edveis s\u00e3o mais de 96% e 99% inferiores ao limite, respetivamente, garantindo a conformidade com os regulamentos globais mais rigorosos, incluindo os relativos a aplica\u00e7\u00f5es sens\u00edveis.<\/li>\n<li><strong>Pureza microbiana:<\/strong> O produto \u00e9 confirmado <strong>Negativo<\/strong> para os agentes patog\u00e9nicos E.coli e Salmonella. Al\u00e9m disso, as contagens de indicadores s\u00e3o excecionalmente baixas: A contagem total de placas \u00e9 de apenas 1200 ufc\/g (contra um limite \u226410000) e a de leveduras e bolores \u00e9 de 100 ufc\/g (contra um limite \u22641000). Esta baixa carga microbiana garante a seguran\u00e7a e estabilidade do produto na sua formula\u00e7\u00e3o final.<\/li>\n<\/ul>\n<h3>Pureza, identidade e estabilidade<\/h3>\n<ul>\n<li><strong>Identidade e pureza:<\/strong> A identidade \u00e9 confirmada atrav\u00e9s de <strong>TLC (Resposta positiva)<\/strong>, garantindo a autenticidade bot\u00e2nica de 100% <em>Plantago Ovata<\/em>. O <strong>Cinzas insol\u00faveis em \u00e1cido<\/strong> valor de apenas <strong>0.15%<\/strong> (vs. um limite \u22644%) \u00e9 um indicador cr\u00edtico de pureza, demonstrando a presen\u00e7a m\u00ednima de mat\u00e9ria inorg\u00e2nica estranha (como areia ou lodo) proveniente da colheita.<\/li>\n<li><strong>Estabilidade:<\/strong> Um baixo <strong>Perda na secagem<\/strong> (LOD) de <strong>4.41%<\/strong> (vs. um limite \u226412%) indica que o produto \u00e9 seco eficazmente. Esta baixa atividade da \u00e1gua \u00e9 essencial para evitar o crescimento microbiano e preservar a plenitude da <strong>Prazo de validade de 36 meses<\/strong>.<\/li>\n<\/ul>\n<h3>Documenta\u00e7\u00e3o<\/h3>\n<p>Para apoiar as suas equipas de garantia de qualidade, regulamenta\u00e7\u00e3o e I&amp;D, fornecemos um pacote de documenta\u00e7\u00e3o abrangente mediante pedido, incluindo:<\/p>\n<ul>\n<li>Certificado de an\u00e1lise espec\u00edfico do lote (COA)<\/li>\n<li>Ficha de dados de seguran\u00e7a do material (MSDS)<\/li>\n<li>Declara\u00e7\u00e3o de alerg\u00e9nios<\/li>\n<li>Declara\u00e7\u00e3o de n\u00e3o OGM<\/li>\n<li>(Dispon\u00edvel a pedido: certifica\u00e7\u00e3o Kosher\/Halal, certificados ISO\/GMP)<\/li>\n<\/ul>\n<h2>Aplica\u00e7\u00f5es e Orienta\u00e7\u00e3o de Formula\u00e7\u00e3o<\/h2>\n<p>O elevado volume de inchamento (68 ml\/gm) e o tamanho de part\u00edcula de 80 mesh do nosso P\u00f3 de Casca de Ps\u00edlio fazem dele um ingrediente funcional vers\u00e1til para melhorar a textura, a estabilidade e o teor de fibra em v\u00e1rias aplica\u00e7\u00f5es.<\/p>\n<h3>Pastelaria sem gl\u00faten e Keto<\/h3>\n<p>Em aplica\u00e7\u00f5es de panifica\u00e7\u00e3o, particularmente em formula\u00e7\u00f5es sem gl\u00faten e cet\u00f3nicas, o p\u00f3 de casca de ps\u00edlio actua como um hidrocol\u00f3ide e aglutinante superior.<\/p>\n<ul>\n<li><strong>Fun\u00e7\u00e3o:<\/strong> Imita eficazmente as propriedades viscoel\u00e1sticas do gl\u00faten. A sua elevada capacidade de liga\u00e7\u00e3o \u00e0 \u00e1gua (68 ml\/gm) proporciona estrutura, melhora a elasticidade do miolo, ret\u00e9m a humidade para um prazo de validade mais longo e evita o esfarelamento.<\/li>\n<li><strong>N\u00edvel de utiliza\u00e7\u00e3o:<\/strong> A utiliza\u00e7\u00e3o t\u00edpica varia entre <strong>1,0% a 3,5%<\/strong> (percentagem de padeiro), dependendo da mistura de farinha e da textura final desejada. O tamanho de malha 80 garante um miolo macio sem uma sensa\u00e7\u00e3o de boca granulosa.<\/li>\n<\/ul>\n<h3>Suplementos alimentares (c\u00e1psulas e p\u00f3s)<\/h3>\n<p>Este ingrediente \u00e9 a primeira escolha para os suplementos alimentares ricos em fibras.<\/p>\n<ul>\n<li><strong>Fun\u00e7\u00e3o:<\/strong> Serve como uma fonte concentrada e de r\u00f3tulo limpo de fibra sol\u00favel e insol\u00favel (85,1%). A sua elevada pureza (99,5%) e o impacto m\u00ednimo de sabor\/odor tornam-na ideal para encapsular ou misturar em misturas de fibras e p\u00f3s de substitui\u00e7\u00e3o de refei\u00e7\u00f5es.<\/li>\n<li><strong>N\u00edvel de utiliza\u00e7\u00e3o:<\/strong> O tamanho de part\u00edcula de 80 mesh proporciona uma boa fluidez para encapsulamento e dispersibilidade em misturas de p\u00f3.<\/li>\n<\/ul>\n<h3>Bebidas funcionais e substitutos de refei\u00e7\u00e3o<\/h3>\n<p>Para bebidas, batidos e batidos substitutos de refei\u00e7\u00e3o, este p\u00f3 de ps\u00edlio proporciona uma viscosidade significativa e um aumento da sensa\u00e7\u00e3o na boca.<\/p>\n<ul>\n<li><strong>Fun\u00e7\u00e3o:<\/strong> O elevado volume de inchamento cria uma textura espessa e rica a baixos n\u00edveis de utiliza\u00e7\u00e3o (normalmente 0,2% - 1,0%), melhorando a saciedade e a suspens\u00e3o de outros ingredientes.<\/li>\n<li><strong>Nota:<\/strong> Recomendamos que o p\u00f3 seja incorporado com uma quantidade suficiente de cisalhamento (por exemplo, numa misturadora de alta velocidade) para garantir uma hidrata\u00e7\u00e3o completa e evitar a forma\u00e7\u00e3o de gel ou de grumos.<\/li>\n<\/ul>\n<h2>Estabilidade, armazenamento e embalagem<\/h2>\n<ul>\n<li><strong>Prazo de validade:<\/strong> <strong>36 meses<\/strong> (3 anos) a partir da data de fabrico, quando armazenado na embalagem original fechada.<\/li>\n<li><strong>Armazenamento:<\/strong> O produto \u00e9 altamente higrosc\u00f3pico (absorve humidade). Armazenar num local fresco e seco (\u2264 25\u00b0C, \u2264 60% RH). Manter os recipientes bem fechados. Manter afastado de luz forte, calor e materiais odor\u00edferos.<\/li>\n<li><strong>Embalagem:<\/strong> A embalagem padr\u00e3o \u00e9 de sacos compostos de papel-pl\u00e1stico de 25 kg de peso l\u00edquido ou tambores de fibra com forros duplos de PE. Como somos os <strong>f\u00e1brica<\/strong>A nossa equipa de vendas est\u00e1 dispon\u00edvel para responder \u00e0s suas necessidades espec\u00edficas de produ\u00e7\u00e3o.<\/li>\n<\/ul>\n<h2>Psyllium Husk Powder FAQ (T\u00e9cnica &amp; Sourcing)<\/h2>\n<p><strong>Q1: Qual \u00e9 a diferen\u00e7a de formula\u00e7\u00e3o entre o psyllium de malha 80 e o de malha 100?<\/strong><\/p>\n<p>A: <strong>80 malhas<\/strong> (o nosso padr\u00e3o) proporciona um excelente equil\u00edbrio entre dispersibilidade e velocidade de hidrata\u00e7\u00e3o. \u00c9 ideal para misturas de panifica\u00e7\u00e3o e p\u00f3s, onde hidrata uniformemente sem aglomera\u00e7\u00e3o excessiva. As malhas mais finas (como a malha 100) hidratam mais rapidamente, o que pode ser \u00fatil para bebidas instant\u00e2neas, mas pode exigir uma mistura mais agressiva para evitar os \"olhos de peixe\" (aglomerados).<\/p>\n<p><strong>Q2: Como \u00e9 que este p\u00f3 de ps\u00edlio funciona como aglutinante na cozedura sem gl\u00faten?<\/strong><\/p>\n<p>R: Funciona como um hidrocol\u00f3ide. Quando hidratada, a fibra sol\u00favel forma uma rede semelhante a um gel que ret\u00e9m a \u00e1gua. Esta rede imita a estrutura e a elasticidade normalmente proporcionadas pelo gl\u00faten, dando \u00e0 massa for\u00e7a para crescer e mantendo o produto final unido, resultando num miolo mais macio e flex\u00edvel.<\/p>\n<p><strong>Q3: Este p\u00f3 de casca de ps\u00edlio \u00e9 adequado para formula\u00e7\u00f5es cet\u00f3nicas?<\/strong><\/p>\n<p>R: Sim, \u00e9 ideal para formula\u00e7\u00f5es cet\u00f3nicas. A casca de psyllium \u00e9 quase inteiramente fibra alimentar (85.1%), que n\u00e3o \u00e9 diger\u00edvel e n\u00e3o conta para os carboidratos l\u00edquidos. \u00c9 comummente utilizada em receitas de p\u00e3o cet\u00f3nico e crosta de pizza para fornecer a estrutura que falta \u00e0s farinhas com baixo teor de hidratos de carbono.<\/p>\n<p><strong>Q4: Qual \u00e9 a melhor forma de dispersar este p\u00f3 para evitar a forma\u00e7\u00e3o de grumos?<\/strong><\/p>\n<p>R: Para evitar a forma\u00e7\u00e3o de grumos, recomendamos que misture previamente o p\u00f3 de casca de ps\u00edlio com outros ingredientes secos (como farinha, a\u00e7\u00facar ou outros p\u00f3s) na sua f\u00f3rmula antes de adicionar l\u00edquidos. Se adicionar diretamente a um l\u00edquido, deve ser adicionado lentamente sob agita\u00e7\u00e3o cont\u00ednua a alta velocidade (alto cisalhamento).<\/p>\n<p><strong>Q5: Voc\u00ea \u00e9 um fabricante ou fornecedor de p\u00f3 de casca de psyllium?<\/strong><\/p>\n<p>R: Somos os originais <strong>fabricante<\/strong> e a granel <strong>exportador<\/strong> deste <em>Plantago Ovata<\/em> p\u00f3. Fornecido diretamente por n\u00f3s, o <strong>f\u00e1brica<\/strong>O nosso sistema de gest\u00e3o de compras diretas, o qual garante que recebe um produto consistente e de alta qualidade, com total transpar\u00eancia na cadeia de abastecimento. Como fornecedor direto <strong>fornecedor<\/strong>A nossa empresa oferece pre\u00e7os competitivos, apoio t\u00e9cnico e fornecimento est\u00e1vel a longo prazo.<\/p>\n<h2>Pedir uma amostra ou or\u00e7amento<\/h2>\n<p>Avalie o desempenho superior e a pureza do nosso P\u00f3 de Casca de Ps\u00edlio 99% (80 Mesh) na sua formula\u00e7\u00e3o. Contacte a nossa equipa t\u00e9cnica hoje mesmo para solicitar uma amostra, receber um Certificado de An\u00e1lise espec\u00edfico do lote ou discutir os seus requisitos de volume a granel.<\/p>\n<p>Como um dedicado <strong>fornecedor<\/strong> e <strong>fabricante<\/strong>Estamos prontos para apoiar o seu pr\u00f3ximo projeto com ingredientes limpos, funcionais e fi\u00e1veis.<\/p>","protected":false},"excerpt":{"rendered":"<ul data-pm-slice=\"3 3 []\">\n<li><strong>Fonte:<\/strong> <em>Plantago Ovata<\/em> Cascas<\/li>\n<li><strong>Especifica\u00e7\u00f5es principais:<\/strong> 99.5% Pureza, 85.1% Fibra diet\u00e9tica<\/li>\n<li><strong>Alto desempenho:<\/strong> Volume excecional de ondula\u00e7\u00e3o em <strong>68 ml\/gm<\/strong> (Padr\u00e3o \u2265 45ml\/gm)<\/li>\n<li><strong>Aplica\u00e7\u00f5es:<\/strong> Ideal para suplementos, alimentos funcionais e como aglutinante\/espessante em pastelaria sem gl\u00faten ou cet\u00f3nica.<\/li>\n<li><strong>Qualidade:<\/strong> P\u00f3 fino esbranqui\u00e7ado, totalmente testado para micr\u00f3bios e metais pesados.<\/li>\n<\/ul>","protected":false},"featured_media":3172,"comment_status":"open","ping_status":"closed","template":"","meta":{"_acf_changed":false},"product_brand":[],"product_cat":[21],"product_tag":[],"class_list":{"0":"post-3170","1":"product","2":"type-product","3":"status-publish","4":"has-post-thumbnail","6":"product_cat-plant-extracts","8":"first","9":"instock","10":"shipping-taxable","11":"product-type-simple"},"acf":[],"_links":{"self":[{"href":"https:\/\/bstextract.com\/pt\/wp-json\/wp\/v2\/product\/3170","targetHints":{"allow":["GET"]}}],"collection":[{"href":"https:\/\/bstextract.com\/pt\/wp-json\/wp\/v2\/product"}],"about":[{"href":"https:\/\/bstextract.com\/pt\/wp-json\/wp\/v2\/types\/product"}],"replies":[{"embeddable":true,"href":"https:\/\/bstextract.com\/pt\/wp-json\/wp\/v2\/comments?post=3170"}],"wp:featuredmedia":[{"embeddable":true,"href":"https:\/\/bstextract.com\/pt\/wp-json\/wp\/v2\/media\/3172"}],"wp:attachment":[{"href":"https:\/\/bstextract.com\/pt\/wp-json\/wp\/v2\/media?parent=3170"}],"wp:term":[{"taxonomy":"product_brand","embeddable":true,"href":"https:\/\/bstextract.com\/pt\/wp-json\/wp\/v2\/product_brand?post=3170"},{"taxonomy":"product_cat","embeddable":true,"href":"https:\/\/bstextract.com\/pt\/wp-json\/wp\/v2\/product_cat?post=3170"},{"taxonomy":"product_tag","embeddable":true,"href":"https:\/\/bstextract.com\/pt\/wp-json\/wp\/v2\/product_tag?post=3170"}],"curies":[{"name":"wp","href":"https:\/\/api.w.org\/{rel}","templated":true}]}}