{"id":822,"date":"2025-05-12T07:12:41","date_gmt":"2025-05-12T07:12:41","guid":{"rendered":"https:\/\/bstextract.com\/?post_type=product&#038;p=822"},"modified":"2025-06-09T03:19:09","modified_gmt":"2025-06-09T03:19:09","slug":"capsulas-nad","status":"publish","type":"product","link":"https:\/\/bstextract.com\/pt\/produto\/capsulas-nad\/","title":{"rendered":"C\u00e1psulas de NAD OEM (C\u00e1psulas de Dinucle\u00f3tido de Nicotinamida Adenina)"},"content":{"rendered":"<h2><strong>O que \u00e9 a NAD?<\/strong><\/h2>\n<p><a href=\"https:\/\/bstextract.com\/pt\/produto\/po-de-nad\/\">NAD<\/a> \u00e9 uma mol\u00e9cula vital que desempenha um papel fundamental no metabolismo celular, na repara\u00e7\u00e3o do ADN e na manuten\u00e7\u00e3o da fun\u00e7\u00e3o mitocondrial. \u00c0 medida que envelhecemos, os n\u00edveis de NAD diminuem, levando a uma redu\u00e7\u00e3o da energia, a um desempenho cognitivo deficiente e a uma maior suscetibilidade a doen\u00e7as relacionadas com a idade.<\/p>\n<p><img fetchpriority=\"high\" decoding=\"async\" class=\"NAD Capsules aligncenter wp-image-837 size-full\" src=\"https:\/\/bstextract.com\/wp-content\/uploads\/2025\/05\/NAD-Capsules.webp\" alt=\"C\u00e1psulas de NAD\" width=\"750\" height=\"500\" title=\"\" srcset=\"https:\/\/bstextract.com\/wp-content\/uploads\/2025\/05\/NAD-Capsules.webp 750w, https:\/\/bstextract.com\/wp-content\/uploads\/2025\/05\/NAD-Capsules-300x200.webp 300w, https:\/\/bstextract.com\/wp-content\/uploads\/2025\/05\/NAD-Capsules-600x400.webp 600w\" sizes=\"(max-width: 750px) 100vw, 750px\" \/><\/p>\n<p>As c\u00e1psulas de NAD actuam atrav\u00e9s da suplementa\u00e7\u00e3o deste composto essencial, ajudando teoricamente a restaurar a efic\u00e1cia celular e a melhorar a vitalidade geral. Alguns dos benef\u00edcios mais citados incluem:<\/p>\n<ul>\n<li><strong>Aumento da produ\u00e7\u00e3o de energia<\/strong> atrav\u00e9s da melhoria da fun\u00e7\u00e3o mitocondrial<\/li>\n<li><strong>Maior clareza cognitiva<\/strong> e concentra\u00e7\u00e3o mental<\/li>\n<li><strong>Apoio aos mecanismos de repara\u00e7\u00e3o do ADN<\/strong>promover a longevidade<\/li>\n<li><strong>Melhoria do sono, do humor e da resist\u00eancia ao stress<\/strong><\/li>\n<\/ul>\n<h2><strong>Par\u00e2metro<\/strong><\/h2>\n<table>\n<tbody>\n<tr>\n<td><b>Nome do produto<\/b><\/td>\n<td>C\u00e1psulas de NAD<\/td>\n<\/tr>\n<tr>\n<td><b>Outro nome<\/b><\/td>\n<td>Nicotinamida Adenina Dinucle\u00f3tido C\u00e1psulas<\/td>\n<\/tr>\n<tr>\n<td><b>Ingrediente ativo<\/b><\/td>\n<td><a href=\"https:\/\/bstextract.com\/pt\/produto\/resveratrol\/\">Resveratrol<\/a><br \/>\nNAD<\/td>\n<\/tr>\n<tr>\n<td><b>Apar\u00eancia<\/b><\/td>\n<td>C\u00e1psulas brancas<\/td>\n<\/tr>\n<tr>\n<td><b>Especifica\u00e7\u00e3o do produto<\/b><\/td>\n<td>500mg\/800mg\/1000mg\/capa ou \u00e0 medida<\/td>\n<\/tr>\n<tr>\n<td><b>Embalagem<\/b><\/td>\n<td>60caps\/90caps\/120caps\/garrafa ou por encomenda ou a pedido do cliente<\/td>\n<\/tr>\n<tr>\n<td><b>Amostra<\/b><\/td>\n<td>Fornecido gratuitamente<\/td>\n<\/tr>\n<tr>\n<td><b>Prazo de validade<\/b><\/td>\n<td>24 meses quando corretamente armazenado<\/td>\n<\/tr>\n<tr>\n<td><b>Armazenamento<\/b><\/td>\n<td>Armazenar em recipientes estanques e resistentes \u00e0 luz, evitar a exposi\u00e7\u00e3o \u00e0 luz solar direta, humidade e calor excessivo.<\/td>\n<\/tr>\n<tr>\n<td><b>Certificado<\/b><\/td>\n<td>KOSHER\/HACCP\/ISO22000\/HALAL\/EU\/USDA\/Org\u00e2nico<\/td>\n<\/tr>\n<\/tbody>\n<\/table>\n<h2><strong>FAQ sobre NAD Capsules<\/strong><\/h2>\n<p><strong>Para que servem as c\u00e1psulas de NAD?<\/strong><\/p>\n<p>As c\u00e1psulas de NAD s\u00e3o utilizadas principalmente para apoiar a produ\u00e7\u00e3o de energia celular, a repara\u00e7\u00e3o do ADN, o envelhecimento saud\u00e1vel e a fun\u00e7\u00e3o metab\u00f3lica geral. Podem contribuir para aumentar os n\u00edveis de energia, melhorar a fun\u00e7\u00e3o cognitiva e uma sensa\u00e7\u00e3o geral de bem-estar.<\/p>\n<p><strong>Como \u00e9 que as c\u00e1psulas de NAD funcionam?<\/strong><\/p>\n<p>As c\u00e1psulas de NAD cont\u00eam normalmente precursores como o Ribos\u00eddeo de Nicotinamida (NR) ou o Mononucle\u00f3tido de Nicotinamida (NMN), que o organismo pode converter rapidamente em NAD+. Ao aumentar os n\u00edveis de NAD+ nas c\u00e9lulas, estes suplementos ajudam a otimizar v\u00e1rios processos biol\u00f3gicos essenciais.<\/p>\n<p><strong>Existem efeitos secund\u00e1rios associados \u00e0 toma de c\u00e1psulas de NAD?<\/strong><\/p>\n<p>Em geral, os precursores da NAD, como a NR e a NMN, s\u00e3o bem tolerados. No entanto, alguns indiv\u00edduos podem <span class=\"citation-0\">sentir um ligeiro desconforto gastrointestinal. \u00c9 <\/span><span class=\"citation-0 citation-1 citation-end-0\">recomenda-se sempre a consulta de um profissional de sa\u00fade antes de iniciar qualquer novo suplemento.<\/span><span class=\"button-container hide-from-message-actions ng-star-inserted\">\u00a0 \u00a0<\/span><\/p>\n<p><strong><span class=\"citation-1 citation-end-1\">Quanto tempo \u00e9 que demora a ver<\/span> os benef\u00edcios da toma de um suplemento de NAD?<\/strong><\/p>\n<p>O per\u00edodo de tempo para sentir os benef\u00edcios da suplementa\u00e7\u00e3o com NAD pode variar em fun\u00e7\u00e3o de factores individuais e do produto espec\u00edfico. Alguns utilizadores podem notar melhorias nos n\u00edveis de energia em poucas semanas, enquanto outros benef\u00edcios relacionados com o envelhecimento e a sa\u00fade em geral podem demorar mais tempo a tornar-se aparentes com uma utiliza\u00e7\u00e3o consistente.<span class=\"button-container hide-from-message-actions ng-star-inserted\"> \u00a0<\/span><\/p>\n<p>Estamos confiantes de que o nosso pr\u00e9mio <a href=\"https:\/\/bstextract.com\/pt\/produto\/po-de-nad\/\">NAD<\/a> oferecem uma adi\u00e7\u00e3o valiosa \u00e0 sua linha de produtos. Contacte-nos hoje para saber mais sobre as nossas capacidades de fabrico e como podemos estabelecer uma parceria para levar este suplemento excecional aos seus clientes.<\/p>","protected":false},"excerpt":{"rendered":"<table style=\"font-family: Verdana;\">\n<tbody>\n<tr>\n<td><b>Nome do produto<\/b><\/td>\n<td>C\u00e1psulas de NAD<\/td>\n<\/tr>\n<tr>\n<td><b>Outro nome<\/b><\/td>\n<td>Nicotinamida Adenina Dinucle\u00f3tido C\u00e1psulas<\/td>\n<\/tr>\n<tr>\n<td><b>Ingrediente ativo<\/b><\/td>\n<td><a href=\"https:\/\/bstextract.com\/pt\/produto\/resveratrol\/\">Resveratrol<\/a><br \/>\nNAD<\/td>\n<\/tr>\n<tr>\n<td><b>Apar\u00eancia<\/b><\/td>\n<td>C\u00e1psulas brancas<\/td>\n<\/tr>\n<tr>\n<td><b>Especifica\u00e7\u00e3o do produto<\/b><\/td>\n<td>500mg\/800mg\/1000mg\/capa ou \u00e0 medida<\/td>\n<\/tr>\n<\/tbody>\n<\/table>","protected":false},"featured_media":823,"comment_status":"open","ping_status":"closed","template":"","meta":{"_acf_changed":false},"product_brand":[],"product_cat":[44],"product_tag":[],"class_list":{"0":"post-822","1":"product","2":"type-product","3":"status-publish","4":"has-post-thumbnail","6":"product_cat-oem-odm","8":"first","9":"instock","10":"shipping-taxable","11":"product-type-simple"},"acf":[],"_links":{"self":[{"href":"https:\/\/bstextract.com\/pt\/wp-json\/wp\/v2\/product\/822","targetHints":{"allow":["GET"]}}],"collection":[{"href":"https:\/\/bstextract.com\/pt\/wp-json\/wp\/v2\/product"}],"about":[{"href":"https:\/\/bstextract.com\/pt\/wp-json\/wp\/v2\/types\/product"}],"replies":[{"embeddable":true,"href":"https:\/\/bstextract.com\/pt\/wp-json\/wp\/v2\/comments?post=822"}],"wp:featuredmedia":[{"embeddable":true,"href":"https:\/\/bstextract.com\/pt\/wp-json\/wp\/v2\/media\/823"}],"wp:attachment":[{"href":"https:\/\/bstextract.com\/pt\/wp-json\/wp\/v2\/media?parent=822"}],"wp:term":[{"taxonomy":"product_brand","embeddable":true,"href":"https:\/\/bstextract.com\/pt\/wp-json\/wp\/v2\/product_brand?post=822"},{"taxonomy":"product_cat","embeddable":true,"href":"https:\/\/bstextract.com\/pt\/wp-json\/wp\/v2\/product_cat?post=822"},{"taxonomy":"product_tag","embeddable":true,"href":"https:\/\/bstextract.com\/pt\/wp-json\/wp\/v2\/product_tag?post=822"}],"curies":[{"name":"wp","href":"https:\/\/api.w.org\/{rel}","templated":true}]}}